{"id":261713,"date":"2026-04-01T02:00:15","date_gmt":"2026-04-01T00:00:15","guid":{"rendered":"https:\/\/schweizversand.ch\/produkt\/champ-mikrofasertuecher-50er-set-2\/"},"modified":"2026-04-08T02:09:27","modified_gmt":"2026-04-08T00:09:27","slug":"champ-mikrofasertuecher-50er-set-2","status":"publish","type":"product","link":"https:\/\/schweizversand.ch\/it\/produkt\/champ-mikrofasertuecher-50er-set-2\/","title":{"rendered":"Set di panni in microfibra CHAMP da 50 pezzi"},"content":{"rendered":"<p>50x Pulizia \u2013 Colorati e Versatili<\/p>\n<p>Questo set da 50 panni in microfibra \u00e8 la soluzione perfetta per una pulizia senza aloni in cucina, bagno, auto e in tutta la casa. Altamente assorbenti, resistenti e disponibili in quattro colori vivaci, comodamente confezionati in un sacchetto di plastica richiudibile.<\/p>\n<p>50 panni in microfibra 100% poliestere: delicati sulle superfici, efficaci sullo sporco<\/p>\n<p>Dimensioni per panno: 30 x 30 cm \u2013 ideali per qualsiasi applicazione<\/p>\n<p>200 g\/m\u00b2 \u2013 elevate prestazioni di pulizia e durata<\/p>\n<p>4 colori per set: blu, verde, giallo e rosa \u2013 codificati per diversi usi<\/p>\n<p>Che si tratti di vetri, specchi, superfici della cucina o auto, questi panni sono versatili aiutanti quotidiani per una pulizia senza aloni.<\/p>\n","protected":false},"excerpt":{"rendered":"<p>CHAMP Mikrofasert\u00fccher 50er-Set: Saugstark, langlebig und farblich sortiert f\u00fcr streifenfreie Reinigung in K\u00fcche, Bad, Auto und Haushalt \u2013 vielseitig und praktisch im Polybeutel.<\/p>\n","protected":false},"featured_media":261877,"comment_status":"open","ping_status":"closed","template":"","meta":[],"product_brand":[],"product_cat":[38391],"product_tag":[],"class_list":{"0":"post-261713","1":"product","2":"type-product","3":"status-publish","4":"has-post-thumbnail","6":"product_cat-reinigungsutensilien","7":"product_shipping_class-global_methods","9":"first","10":"instock","11":"taxable","12":"shipping-taxable","13":"purchasable","14":"product-type-simple"},"yoast_head":"<!-- This site is optimized with the Yoast SEO plugin v27.3 - https:\/\/yoast.com\/product\/yoast-seo-wordpress\/ -->\n<title>CHAMP Mikrofasert\u00fccher 50er-Set<\/title>\n<meta name=\"description\" content=\"50x Sauberkeit \u2013 farbenfroh &amp; vielseitig Das 50er-Set Mikrofasert\u00fccher ist die perfekte L\u00f6sung f\u00fcr streifenfreie Reinigung in K\u00fcche, Bad, Auto und Haushalt. Sa\" \/>\n<meta name=\"robots\" content=\"index, follow, max-snippet:-1, max-image-preview:large, max-video-preview:-1\" \/>\n<link rel=\"canonical\" href=\"https:\/\/schweizversand.ch\/it\/produkt\/champ-mikrofasertuecher-50er-set-2\/\" \/>\n<meta property=\"og:locale\" content=\"it_IT\" \/>\n<meta property=\"og:type\" content=\"article\" \/>\n<meta property=\"og:title\" content=\"CHAMP Mikrofasert\u00fccher 50er-Set\" \/>\n<meta property=\"og:description\" content=\"50x Sauberkeit \u2013 farbenfroh &amp; vielseitig Das 50er-Set Mikrofasert\u00fccher ist die perfekte L\u00f6sung f\u00fcr streifenfreie Reinigung in K\u00fcche, Bad, Auto und Haushalt. Sa\" \/>\n<meta property=\"og:url\" content=\"https:\/\/schweizversand.ch\/it\/produkt\/champ-mikrofasertuecher-50er-set-2\/\" \/>\n<meta property=\"og:site_name\" content=\"Schweizer Shop f\u00fcr Sport, Spiel und Freizeit\" \/>\n<meta property=\"article:publisher\" content=\"https:\/\/www.facebook.com\/Schweizversand\" \/>\n<meta property=\"article:modified_time\" content=\"2026-04-08T00:09:27+00:00\" \/>\n<meta name=\"twitter:card\" content=\"summary_large_image\" \/>\n<meta name=\"twitter:label1\" content=\"Tempo di lettura stimato\" \/>\n\t<meta name=\"twitter:data1\" content=\"1 minuto\" \/>\n<script type=\"application\/ld+json\" class=\"yoast-schema-graph\">{\"@context\":\"https:\\\/\\\/schema.org\",\"@graph\":[{\"@type\":\"WebPage\",\"@id\":\"https:\\\/\\\/schweizversand.ch\\\/it\\\/produkt\\\/champ-mikrofasertuecher-50er-set-2\\\/\",\"url\":\"https:\\\/\\\/schweizversand.ch\\\/it\\\/produkt\\\/champ-mikrofasertuecher-50er-set-2\\\/\",\"name\":\"CHAMP Mikrofasert\u00fccher 50er-Set\",\"isPartOf\":{\"@id\":\"https:\\\/\\\/schweizversand.ch\\\/it\\\/#website\"},\"primaryImageOfPage\":{\"@id\":\"https:\\\/\\\/schweizversand.ch\\\/it\\\/produkt\\\/champ-mikrofasertuecher-50er-set-2\\\/#primaryimage\"},\"image\":{\"@id\":\"https:\\\/\\\/schweizversand.ch\\\/it\\\/produkt\\\/champ-mikrofasertuecher-50er-set-2\\\/#primaryimage\"},\"thumbnailUrl\":\"https:\\\/\\\/schweizversand.ch\\\/wp-content\\\/uploads\\\/2026\\\/04\\\/5471884356-1.jpg\",\"datePublished\":\"2026-04-01T00:00:15+00:00\",\"dateModified\":\"2026-04-08T00:09:27+00:00\",\"description\":\"50x Sauberkeit \u2013 farbenfroh & vielseitig Das 50er-Set Mikrofasert\u00fccher ist die perfekte L\u00f6sung f\u00fcr streifenfreie Reinigung in K\u00fcche, Bad, Auto und Haushalt. Sa\",\"breadcrumb\":{\"@id\":\"https:\\\/\\\/schweizversand.ch\\\/it\\\/produkt\\\/champ-mikrofasertuecher-50er-set-2\\\/#breadcrumb\"},\"inLanguage\":\"it-IT\",\"potentialAction\":[{\"@type\":\"ReadAction\",\"target\":[\"https:\\\/\\\/schweizversand.ch\\\/it\\\/produkt\\\/champ-mikrofasertuecher-50er-set-2\\\/\"]}]},{\"@type\":\"ImageObject\",\"inLanguage\":\"it-IT\",\"@id\":\"https:\\\/\\\/schweizversand.ch\\\/it\\\/produkt\\\/champ-mikrofasertuecher-50er-set-2\\\/#primaryimage\",\"url\":\"https:\\\/\\\/schweizversand.ch\\\/wp-content\\\/uploads\\\/2026\\\/04\\\/5471884356-1.jpg\",\"contentUrl\":\"https:\\\/\\\/schweizversand.ch\\\/wp-content\\\/uploads\\\/2026\\\/04\\\/5471884356-1.jpg\",\"width\":989,\"height\":1024},{\"@type\":\"BreadcrumbList\",\"@id\":\"https:\\\/\\\/schweizversand.ch\\\/it\\\/produkt\\\/champ-mikrofasertuecher-50er-set-2\\\/#breadcrumb\",\"itemListElement\":[{\"@type\":\"ListItem\",\"position\":1,\"name\":\"Startseite\",\"item\":\"https:\\\/\\\/schweizversand.ch\\\/it\\\/\"},{\"@type\":\"ListItem\",\"position\":2,\"name\":\"Shop\",\"item\":\"https:\\\/\\\/schweizversand.ch\\\/it\\\/shop\\\/\"},{\"@type\":\"ListItem\",\"position\":3,\"name\":\"Set di panni in microfibra CHAMP da 50 pezzi\"}]},{\"@type\":\"WebSite\",\"@id\":\"https:\\\/\\\/schweizversand.ch\\\/it\\\/#website\",\"url\":\"https:\\\/\\\/schweizversand.ch\\\/it\\\/\",\"name\":\"Schweizer Shop f\u00fcr Sport, Spiel und Freizeit\",\"description\":\"Gratisversand ab 50.- (netto), ab eigenem schweizer Lager, Lieferung innert 48h\",\"publisher\":{\"@id\":\"https:\\\/\\\/schweizversand.ch\\\/it\\\/#organization\"},\"alternateName\":\"Schweizversand.ch\",\"potentialAction\":[{\"@type\":\"SearchAction\",\"target\":{\"@type\":\"EntryPoint\",\"urlTemplate\":\"https:\\\/\\\/schweizversand.ch\\\/it\\\/?s={search_term_string}\"},\"query-input\":{\"@type\":\"PropertyValueSpecification\",\"valueRequired\":true,\"valueName\":\"search_term_string\"}}],\"inLanguage\":\"it-IT\"},{\"@type\":\"Organization\",\"@id\":\"https:\\\/\\\/schweizversand.ch\\\/it\\\/#organization\",\"name\":\"Schweizversand.ch\",\"url\":\"https:\\\/\\\/schweizversand.ch\\\/it\\\/\",\"logo\":{\"@type\":\"ImageObject\",\"inLanguage\":\"it-IT\",\"@id\":\"https:\\\/\\\/schweizversand.ch\\\/it\\\/#\\\/schema\\\/logo\\\/image\\\/\",\"url\":\"https:\\\/\\\/schweizversand.ch\\\/wp-content\\\/uploads\\\/2026\\\/03\\\/Logo_Rund_Final-1.png\",\"contentUrl\":\"https:\\\/\\\/schweizversand.ch\\\/wp-content\\\/uploads\\\/2026\\\/03\\\/Logo_Rund_Final-1.png\",\"width\":404,\"height\":404,\"caption\":\"Schweizversand.ch\"},\"image\":{\"@id\":\"https:\\\/\\\/schweizversand.ch\\\/it\\\/#\\\/schema\\\/logo\\\/image\\\/\"},\"sameAs\":[\"https:\\\/\\\/www.facebook.com\\\/Schweizversand\",\"https:\\\/\\\/www.instagram.com\\\/schweizversand.ch\\\/\"]}]}<\/script>\n<!-- \/ Yoast SEO plugin. -->","yoast_head_json":{"title":"CHAMP Mikrofasert\u00fccher 50er-Set","description":"50x Sauberkeit \u2013 farbenfroh & vielseitig Das 50er-Set Mikrofasert\u00fccher ist die perfekte L\u00f6sung f\u00fcr streifenfreie Reinigung in K\u00fcche, Bad, Auto und Haushalt. Sa","robots":{"index":"index","follow":"follow","max-snippet":"max-snippet:-1","max-image-preview":"max-image-preview:large","max-video-preview":"max-video-preview:-1"},"canonical":"https:\/\/schweizversand.ch\/it\/produkt\/champ-mikrofasertuecher-50er-set-2\/","og_locale":"it_IT","og_type":"article","og_title":"CHAMP Mikrofasert\u00fccher 50er-Set","og_description":"50x Sauberkeit \u2013 farbenfroh & vielseitig Das 50er-Set Mikrofasert\u00fccher ist die perfekte L\u00f6sung f\u00fcr streifenfreie Reinigung in K\u00fcche, Bad, Auto und Haushalt. Sa","og_url":"https:\/\/schweizversand.ch\/it\/produkt\/champ-mikrofasertuecher-50er-set-2\/","og_site_name":"Schweizer Shop f\u00fcr Sport, Spiel und Freizeit","article_publisher":"https:\/\/www.facebook.com\/Schweizversand","article_modified_time":"2026-04-08T00:09:27+00:00","twitter_card":"summary_large_image","twitter_misc":{"Tempo di lettura stimato":"1 minuto"},"schema":{"@context":"https:\/\/schema.org","@graph":[{"@type":"WebPage","@id":"https:\/\/schweizversand.ch\/it\/produkt\/champ-mikrofasertuecher-50er-set-2\/","url":"https:\/\/schweizversand.ch\/it\/produkt\/champ-mikrofasertuecher-50er-set-2\/","name":"CHAMP Mikrofasert\u00fccher 50er-Set","isPartOf":{"@id":"https:\/\/schweizversand.ch\/it\/#website"},"primaryImageOfPage":{"@id":"https:\/\/schweizversand.ch\/it\/produkt\/champ-mikrofasertuecher-50er-set-2\/#primaryimage"},"image":{"@id":"https:\/\/schweizversand.ch\/it\/produkt\/champ-mikrofasertuecher-50er-set-2\/#primaryimage"},"thumbnailUrl":"https:\/\/schweizversand.ch\/wp-content\/uploads\/2026\/04\/5471884356-1.jpg","datePublished":"2026-04-01T00:00:15+00:00","dateModified":"2026-04-08T00:09:27+00:00","description":"50x Sauberkeit \u2013 farbenfroh & vielseitig Das 50er-Set Mikrofasert\u00fccher ist die perfekte L\u00f6sung f\u00fcr streifenfreie Reinigung in K\u00fcche, Bad, Auto und Haushalt. Sa","breadcrumb":{"@id":"https:\/\/schweizversand.ch\/it\/produkt\/champ-mikrofasertuecher-50er-set-2\/#breadcrumb"},"inLanguage":"it-IT","potentialAction":[{"@type":"ReadAction","target":["https:\/\/schweizversand.ch\/it\/produkt\/champ-mikrofasertuecher-50er-set-2\/"]}]},{"@type":"ImageObject","inLanguage":"it-IT","@id":"https:\/\/schweizversand.ch\/it\/produkt\/champ-mikrofasertuecher-50er-set-2\/#primaryimage","url":"https:\/\/schweizversand.ch\/wp-content\/uploads\/2026\/04\/5471884356-1.jpg","contentUrl":"https:\/\/schweizversand.ch\/wp-content\/uploads\/2026\/04\/5471884356-1.jpg","width":989,"height":1024},{"@type":"BreadcrumbList","@id":"https:\/\/schweizversand.ch\/it\/produkt\/champ-mikrofasertuecher-50er-set-2\/#breadcrumb","itemListElement":[{"@type":"ListItem","position":1,"name":"Startseite","item":"https:\/\/schweizversand.ch\/it\/"},{"@type":"ListItem","position":2,"name":"Shop","item":"https:\/\/schweizversand.ch\/it\/shop\/"},{"@type":"ListItem","position":3,"name":"Set di panni in microfibra CHAMP da 50 pezzi"}]},{"@type":"WebSite","@id":"https:\/\/schweizversand.ch\/it\/#website","url":"https:\/\/schweizversand.ch\/it\/","name":"Schweizer Shop f\u00fcr Sport, Spiel und Freizeit","description":"Gratisversand ab 50.- (netto), ab eigenem schweizer Lager, Lieferung innert 48h","publisher":{"@id":"https:\/\/schweizversand.ch\/it\/#organization"},"alternateName":"Schweizversand.ch","potentialAction":[{"@type":"SearchAction","target":{"@type":"EntryPoint","urlTemplate":"https:\/\/schweizversand.ch\/it\/?s={search_term_string}"},"query-input":{"@type":"PropertyValueSpecification","valueRequired":true,"valueName":"search_term_string"}}],"inLanguage":"it-IT"},{"@type":"Organization","@id":"https:\/\/schweizversand.ch\/it\/#organization","name":"Schweizversand.ch","url":"https:\/\/schweizversand.ch\/it\/","logo":{"@type":"ImageObject","inLanguage":"it-IT","@id":"https:\/\/schweizversand.ch\/it\/#\/schema\/logo\/image\/","url":"https:\/\/schweizversand.ch\/wp-content\/uploads\/2026\/03\/Logo_Rund_Final-1.png","contentUrl":"https:\/\/schweizversand.ch\/wp-content\/uploads\/2026\/03\/Logo_Rund_Final-1.png","width":404,"height":404,"caption":"Schweizversand.ch"},"image":{"@id":"https:\/\/schweizversand.ch\/it\/#\/schema\/logo\/image\/"},"sameAs":["https:\/\/www.facebook.com\/Schweizversand","https:\/\/www.instagram.com\/schweizversand.ch\/"]}]}},"jetpack_sharing_enabled":true,"_links":{"self":[{"href":"https:\/\/schweizversand.ch\/it\/wp-json\/wp\/v2\/product\/261713","targetHints":{"allow":["GET"]}}],"collection":[{"href":"https:\/\/schweizversand.ch\/it\/wp-json\/wp\/v2\/product"}],"about":[{"href":"https:\/\/schweizversand.ch\/it\/wp-json\/wp\/v2\/types\/product"}],"replies":[{"embeddable":true,"href":"https:\/\/schweizversand.ch\/it\/wp-json\/wp\/v2\/comments?post=261713"}],"wp:featuredmedia":[{"embeddable":true,"href":"https:\/\/schweizversand.ch\/it\/wp-json\/wp\/v2\/media\/261877"}],"wp:attachment":[{"href":"https:\/\/schweizversand.ch\/it\/wp-json\/wp\/v2\/media?parent=261713"}],"wp:term":[{"taxonomy":"product_brand","embeddable":true,"href":"https:\/\/schweizversand.ch\/it\/wp-json\/wp\/v2\/product_brand?post=261713"},{"taxonomy":"product_cat","embeddable":true,"href":"https:\/\/schweizversand.ch\/it\/wp-json\/wp\/v2\/product_cat?post=261713"},{"taxonomy":"product_tag","embeddable":true,"href":"https:\/\/schweizversand.ch\/it\/wp-json\/wp\/v2\/product_tag?post=261713"}],"curies":[{"name":"wp","href":"https:\/\/api.w.org\/{rel}","templated":true}]}}