{"id":261717,"date":"2026-04-01T02:00:15","date_gmt":"2026-04-01T00:00:15","guid":{"rendered":"https:\/\/schweizversand.ch\/produkt\/champ-herren-sport-handtuch\/"},"modified":"2026-04-15T02:04:31","modified_gmt":"2026-04-15T00:04:31","slug":"champ-herren-sport-handtuch","status":"publish","type":"product","link":"https:\/\/schweizversand.ch\/it\/produkt\/champ-herren-sport-handtuch\/","title":{"rendered":"Asciugamano sportivo da uomo CHAMP"},"content":{"rendered":"<h1><strong>Asciugamano sportivo 120&#215;60 cm &#8211; Asciugatura rapida e assorbente<\/strong><\/h1>\n<div>Preparati per prestazioni ottimali con il nostro <strong>asciugamano sportivo<\/strong> di alta qualit\u00e0. Questo <strong>asciugamano da fitness<\/strong> unisce funzionalit\u00e0 e comfort per mantenerti asciutto e fresco durante l&#8217;allenamento.<\/p>\n<\/div>\n<div><strong>Dimensioni perfette per il tuo allenamento<\/strong><br \/>Con le sue generose dimensioni di <strong>120&#215;60 cm<\/strong>, questo asciugamano da allenamento offre ampio spazio per coprire gli attrezzi ginnici e assorbire efficacemente il sudore. \u00c8 il compagno ideale per qualsiasi allenamento.<\/p>\n<\/div>\n<div><strong>Materiale e prestazioni<\/strong><br \/>L&#8217;<strong>asciugamano ad asciugatura rapida<\/strong> \u00e8 realizzato con un&#8217;intelligente miscela di 80% <strong>cotone<\/strong> e 20% <strong>poliestere PET<\/strong>. Questa composizione non solo garantisce un&#8217;eccellente assorbenza, ma anche un&#8217;asciugatura rapida e una morbidezza duratura, anche dopo numerosi lavaggi.<\/p>\n<\/div>\n<div><strong>Dettagli del prodotto e contenuto della confezione<\/strong><br \/>&#8211; Dimensioni: 120 x 60 cm<br \/>&#8211; Materiale: 80% cotone, 20% poliestere PET<br \/>&#8211; Include un pratico anello per appenderlo<br \/>&#8211; Etichetta di manutenzione inclusa<br \/>&#8211; I colori sono forniti assortiti (non \u00e8 possibile selezionare il colore)<br \/>&#8211; Colori assortiti: nero\/tortora o blu\/tortora<\/p>\n<\/div>\n<div><strong>Informazioni per l&#8217;ordine<\/strong><br \/>Il prezzo indicato \u00e8 per pezzo. Poich\u00e9 i colori sono forniti assortiti, riceverai una delle combinazioni di colori disponibili. Assicurati questo essenziale asciugamano sportivo <strong>120&#215;60<\/strong> e ottimizza la tua esperienza di allenamento.<\/p>\n<\/div>\n<div><\/div>\n","protected":false},"excerpt":{"rendered":"<p>CHAMP Herren Sport-Handtuch \u00fcberzeugt mit 120&#215;60 cm Gr\u00f6\u00dfe, schnelltrocknendem, saugf\u00e4higem Material und langlebiger Weichheit f\u00fcr dein perfektes Workout.<\/p>\n","protected":false},"featured_media":261887,"comment_status":"open","ping_status":"closed","template":"","meta":[],"product_brand":[],"product_cat":[38542],"product_tag":[],"class_list":{"0":"post-261717","1":"product","2":"type-product","3":"status-publish","4":"has-post-thumbnail","6":"product_cat-fitness-textilien","7":"product_shipping_class-global_methods","9":"first","10":"instock","11":"taxable","12":"shipping-taxable","13":"purchasable","14":"product-type-simple"},"yoast_head":"<!-- This site is optimized with the Yoast SEO plugin v27.4 - https:\/\/yoast.com\/product\/yoast-seo-wordpress\/ -->\n<title>CHAMP Herren Sport-Handtuch<\/title>\n<meta name=\"description\" content=\"Sporthandtuch 120x60 cm \u2013 Schnelltrocknend und Saugstark Bereiten Sie sich mit unserem hochwertigen Sporthandtuch auf optimale Leistung vor. Dieses Fitness Hand\" \/>\n<meta name=\"robots\" content=\"index, follow, max-snippet:-1, max-image-preview:large, max-video-preview:-1\" \/>\n<link rel=\"canonical\" href=\"https:\/\/schweizversand.ch\/it\/produkt\/champ-herren-sport-handtuch\/\" \/>\n<meta property=\"og:locale\" content=\"it_IT\" \/>\n<meta property=\"og:type\" content=\"article\" \/>\n<meta property=\"og:title\" content=\"CHAMP Herren Sport-Handtuch\" \/>\n<meta property=\"og:description\" content=\"Sporthandtuch 120x60 cm \u2013 Schnelltrocknend und Saugstark Bereiten Sie sich mit unserem hochwertigen Sporthandtuch auf optimale Leistung vor. Dieses Fitness Hand\" \/>\n<meta property=\"og:url\" content=\"https:\/\/schweizversand.ch\/it\/produkt\/champ-herren-sport-handtuch\/\" \/>\n<meta property=\"og:site_name\" content=\"Schweizer Shop f\u00fcr Sport, Spiel und Freizeit\" \/>\n<meta property=\"article:publisher\" content=\"https:\/\/www.facebook.com\/Schweizversand\" \/>\n<meta property=\"article:modified_time\" content=\"2026-04-15T00:04:31+00:00\" \/>\n<meta property=\"og:image\" content=\"https:\/\/schweizversand.ch\/wp-content\/uploads\/2026\/04\/5471740996.jpg\" \/>\n\t<meta property=\"og:image:width\" content=\"1024\" \/>\n\t<meta property=\"og:image:height\" content=\"911\" \/>\n\t<meta property=\"og:image:type\" content=\"image\/jpeg\" \/>\n<meta name=\"twitter:card\" content=\"summary_large_image\" \/>\n<meta name=\"twitter:label1\" content=\"Tempo di lettura stimato\" \/>\n\t<meta name=\"twitter:data1\" content=\"1 minuto\" \/>\n<script type=\"application\/ld+json\" class=\"yoast-schema-graph\">{\"@context\":\"https:\\\/\\\/schema.org\",\"@graph\":[{\"@type\":\"WebPage\",\"@id\":\"https:\\\/\\\/schweizversand.ch\\\/it\\\/produkt\\\/champ-herren-sport-handtuch\\\/\",\"url\":\"https:\\\/\\\/schweizversand.ch\\\/it\\\/produkt\\\/champ-herren-sport-handtuch\\\/\",\"name\":\"CHAMP Herren Sport-Handtuch\",\"isPartOf\":{\"@id\":\"https:\\\/\\\/schweizversand.ch\\\/it\\\/#website\"},\"primaryImageOfPage\":{\"@id\":\"https:\\\/\\\/schweizversand.ch\\\/it\\\/produkt\\\/champ-herren-sport-handtuch\\\/#primaryimage\"},\"image\":{\"@id\":\"https:\\\/\\\/schweizversand.ch\\\/it\\\/produkt\\\/champ-herren-sport-handtuch\\\/#primaryimage\"},\"thumbnailUrl\":\"https:\\\/\\\/schweizversand.ch\\\/wp-content\\\/uploads\\\/2026\\\/04\\\/5471740996.jpg\",\"datePublished\":\"2026-04-01T00:00:15+00:00\",\"dateModified\":\"2026-04-15T00:04:31+00:00\",\"description\":\"Sporthandtuch 120x60 cm \u2013 Schnelltrocknend und Saugstark Bereiten Sie sich mit unserem hochwertigen Sporthandtuch auf optimale Leistung vor. Dieses Fitness Hand\",\"breadcrumb\":{\"@id\":\"https:\\\/\\\/schweizversand.ch\\\/it\\\/produkt\\\/champ-herren-sport-handtuch\\\/#breadcrumb\"},\"inLanguage\":\"it-IT\",\"potentialAction\":[{\"@type\":\"ReadAction\",\"target\":[\"https:\\\/\\\/schweizversand.ch\\\/it\\\/produkt\\\/champ-herren-sport-handtuch\\\/\"]}]},{\"@type\":\"ImageObject\",\"inLanguage\":\"it-IT\",\"@id\":\"https:\\\/\\\/schweizversand.ch\\\/it\\\/produkt\\\/champ-herren-sport-handtuch\\\/#primaryimage\",\"url\":\"https:\\\/\\\/schweizversand.ch\\\/wp-content\\\/uploads\\\/2026\\\/04\\\/5471740996.jpg\",\"contentUrl\":\"https:\\\/\\\/schweizversand.ch\\\/wp-content\\\/uploads\\\/2026\\\/04\\\/5471740996.jpg\",\"width\":1024,\"height\":911},{\"@type\":\"BreadcrumbList\",\"@id\":\"https:\\\/\\\/schweizversand.ch\\\/it\\\/produkt\\\/champ-herren-sport-handtuch\\\/#breadcrumb\",\"itemListElement\":[{\"@type\":\"ListItem\",\"position\":1,\"name\":\"Startseite\",\"item\":\"https:\\\/\\\/schweizversand.ch\\\/it\\\/\"},{\"@type\":\"ListItem\",\"position\":2,\"name\":\"Shop\",\"item\":\"https:\\\/\\\/schweizversand.ch\\\/it\\\/shop\\\/\"},{\"@type\":\"ListItem\",\"position\":3,\"name\":\"Sport\",\"item\":\"https:\\\/\\\/schweizversand.ch\\\/it\\\/produkt-kategorie\\\/sport-it\\\/\"},{\"@type\":\"ListItem\",\"position\":4,\"name\":\"Fitness\",\"item\":\"https:\\\/\\\/schweizversand.ch\\\/it\\\/produkt-kategorie\\\/sport-it\\\/fitness\\\/\"},{\"@type\":\"ListItem\",\"position\":5,\"name\":\"Tessili per il fitness\",\"item\":\"https:\\\/\\\/schweizversand.ch\\\/it\\\/produkt-kategorie\\\/sport-it\\\/fitness\\\/fitness-textilien\\\/\"},{\"@type\":\"ListItem\",\"position\":6,\"name\":\"Asciugamano sportivo da uomo CHAMP\"}]},{\"@type\":\"WebSite\",\"@id\":\"https:\\\/\\\/schweizversand.ch\\\/it\\\/#website\",\"url\":\"https:\\\/\\\/schweizversand.ch\\\/it\\\/\",\"name\":\"Schweizer Shop f\u00fcr Sport, Spiel und Freizeit\",\"description\":\"Gratisversand ab 50.- (netto), ab eigenem schweizer Lager, Lieferung innert 48h\",\"publisher\":{\"@id\":\"https:\\\/\\\/schweizversand.ch\\\/it\\\/#organization\"},\"alternateName\":\"Schweizversand.ch\",\"potentialAction\":[{\"@type\":\"SearchAction\",\"target\":{\"@type\":\"EntryPoint\",\"urlTemplate\":\"https:\\\/\\\/schweizversand.ch\\\/it\\\/?s={search_term_string}\"},\"query-input\":{\"@type\":\"PropertyValueSpecification\",\"valueRequired\":true,\"valueName\":\"search_term_string\"}}],\"inLanguage\":\"it-IT\"},{\"@type\":\"Organization\",\"@id\":\"https:\\\/\\\/schweizversand.ch\\\/it\\\/#organization\",\"name\":\"Schweizversand.ch\",\"url\":\"https:\\\/\\\/schweizversand.ch\\\/it\\\/\",\"logo\":{\"@type\":\"ImageObject\",\"inLanguage\":\"it-IT\",\"@id\":\"https:\\\/\\\/schweizversand.ch\\\/it\\\/#\\\/schema\\\/logo\\\/image\\\/\",\"url\":\"https:\\\/\\\/schweizversand.ch\\\/wp-content\\\/uploads\\\/2026\\\/03\\\/Logo_Rund_Final-1.png\",\"contentUrl\":\"https:\\\/\\\/schweizversand.ch\\\/wp-content\\\/uploads\\\/2026\\\/03\\\/Logo_Rund_Final-1.png\",\"width\":404,\"height\":404,\"caption\":\"Schweizversand.ch\"},\"image\":{\"@id\":\"https:\\\/\\\/schweizversand.ch\\\/it\\\/#\\\/schema\\\/logo\\\/image\\\/\"},\"sameAs\":[\"https:\\\/\\\/www.facebook.com\\\/Schweizversand\",\"https:\\\/\\\/www.instagram.com\\\/schweizversand.ch\\\/\"]}]}<\/script>\n<!-- \/ Yoast SEO plugin. -->","yoast_head_json":{"title":"CHAMP Herren Sport-Handtuch","description":"Sporthandtuch 120x60 cm \u2013 Schnelltrocknend und Saugstark Bereiten Sie sich mit unserem hochwertigen Sporthandtuch auf optimale Leistung vor. Dieses Fitness Hand","robots":{"index":"index","follow":"follow","max-snippet":"max-snippet:-1","max-image-preview":"max-image-preview:large","max-video-preview":"max-video-preview:-1"},"canonical":"https:\/\/schweizversand.ch\/it\/produkt\/champ-herren-sport-handtuch\/","og_locale":"it_IT","og_type":"article","og_title":"CHAMP Herren Sport-Handtuch","og_description":"Sporthandtuch 120x60 cm \u2013 Schnelltrocknend und Saugstark Bereiten Sie sich mit unserem hochwertigen Sporthandtuch auf optimale Leistung vor. Dieses Fitness Hand","og_url":"https:\/\/schweizversand.ch\/it\/produkt\/champ-herren-sport-handtuch\/","og_site_name":"Schweizer Shop f\u00fcr Sport, Spiel und Freizeit","article_publisher":"https:\/\/www.facebook.com\/Schweizversand","article_modified_time":"2026-04-15T00:04:31+00:00","og_image":[{"width":1024,"height":911,"url":"https:\/\/schweizversand.ch\/wp-content\/uploads\/2026\/04\/5471740996.jpg","type":"image\/jpeg"}],"twitter_card":"summary_large_image","twitter_misc":{"Tempo di lettura stimato":"1 minuto"},"schema":{"@context":"https:\/\/schema.org","@graph":[{"@type":"WebPage","@id":"https:\/\/schweizversand.ch\/it\/produkt\/champ-herren-sport-handtuch\/","url":"https:\/\/schweizversand.ch\/it\/produkt\/champ-herren-sport-handtuch\/","name":"CHAMP Herren Sport-Handtuch","isPartOf":{"@id":"https:\/\/schweizversand.ch\/it\/#website"},"primaryImageOfPage":{"@id":"https:\/\/schweizversand.ch\/it\/produkt\/champ-herren-sport-handtuch\/#primaryimage"},"image":{"@id":"https:\/\/schweizversand.ch\/it\/produkt\/champ-herren-sport-handtuch\/#primaryimage"},"thumbnailUrl":"https:\/\/schweizversand.ch\/wp-content\/uploads\/2026\/04\/5471740996.jpg","datePublished":"2026-04-01T00:00:15+00:00","dateModified":"2026-04-15T00:04:31+00:00","description":"Sporthandtuch 120x60 cm \u2013 Schnelltrocknend und Saugstark Bereiten Sie sich mit unserem hochwertigen Sporthandtuch auf optimale Leistung vor. Dieses Fitness Hand","breadcrumb":{"@id":"https:\/\/schweizversand.ch\/it\/produkt\/champ-herren-sport-handtuch\/#breadcrumb"},"inLanguage":"it-IT","potentialAction":[{"@type":"ReadAction","target":["https:\/\/schweizversand.ch\/it\/produkt\/champ-herren-sport-handtuch\/"]}]},{"@type":"ImageObject","inLanguage":"it-IT","@id":"https:\/\/schweizversand.ch\/it\/produkt\/champ-herren-sport-handtuch\/#primaryimage","url":"https:\/\/schweizversand.ch\/wp-content\/uploads\/2026\/04\/5471740996.jpg","contentUrl":"https:\/\/schweizversand.ch\/wp-content\/uploads\/2026\/04\/5471740996.jpg","width":1024,"height":911},{"@type":"BreadcrumbList","@id":"https:\/\/schweizversand.ch\/it\/produkt\/champ-herren-sport-handtuch\/#breadcrumb","itemListElement":[{"@type":"ListItem","position":1,"name":"Startseite","item":"https:\/\/schweizversand.ch\/it\/"},{"@type":"ListItem","position":2,"name":"Shop","item":"https:\/\/schweizversand.ch\/it\/shop\/"},{"@type":"ListItem","position":3,"name":"Sport","item":"https:\/\/schweizversand.ch\/it\/produkt-kategorie\/sport-it\/"},{"@type":"ListItem","position":4,"name":"Fitness","item":"https:\/\/schweizversand.ch\/it\/produkt-kategorie\/sport-it\/fitness\/"},{"@type":"ListItem","position":5,"name":"Tessili per il fitness","item":"https:\/\/schweizversand.ch\/it\/produkt-kategorie\/sport-it\/fitness\/fitness-textilien\/"},{"@type":"ListItem","position":6,"name":"Asciugamano sportivo da uomo CHAMP"}]},{"@type":"WebSite","@id":"https:\/\/schweizversand.ch\/it\/#website","url":"https:\/\/schweizversand.ch\/it\/","name":"Schweizer Shop f\u00fcr Sport, Spiel und Freizeit","description":"Gratisversand ab 50.- (netto), ab eigenem schweizer Lager, Lieferung innert 48h","publisher":{"@id":"https:\/\/schweizversand.ch\/it\/#organization"},"alternateName":"Schweizversand.ch","potentialAction":[{"@type":"SearchAction","target":{"@type":"EntryPoint","urlTemplate":"https:\/\/schweizversand.ch\/it\/?s={search_term_string}"},"query-input":{"@type":"PropertyValueSpecification","valueRequired":true,"valueName":"search_term_string"}}],"inLanguage":"it-IT"},{"@type":"Organization","@id":"https:\/\/schweizversand.ch\/it\/#organization","name":"Schweizversand.ch","url":"https:\/\/schweizversand.ch\/it\/","logo":{"@type":"ImageObject","inLanguage":"it-IT","@id":"https:\/\/schweizversand.ch\/it\/#\/schema\/logo\/image\/","url":"https:\/\/schweizversand.ch\/wp-content\/uploads\/2026\/03\/Logo_Rund_Final-1.png","contentUrl":"https:\/\/schweizversand.ch\/wp-content\/uploads\/2026\/03\/Logo_Rund_Final-1.png","width":404,"height":404,"caption":"Schweizversand.ch"},"image":{"@id":"https:\/\/schweizversand.ch\/it\/#\/schema\/logo\/image\/"},"sameAs":["https:\/\/www.facebook.com\/Schweizversand","https:\/\/www.instagram.com\/schweizversand.ch\/"]}]}},"jetpack_sharing_enabled":true,"_links":{"self":[{"href":"https:\/\/schweizversand.ch\/it\/wp-json\/wp\/v2\/product\/261717","targetHints":{"allow":["GET"]}}],"collection":[{"href":"https:\/\/schweizversand.ch\/it\/wp-json\/wp\/v2\/product"}],"about":[{"href":"https:\/\/schweizversand.ch\/it\/wp-json\/wp\/v2\/types\/product"}],"replies":[{"embeddable":true,"href":"https:\/\/schweizversand.ch\/it\/wp-json\/wp\/v2\/comments?post=261717"}],"wp:featuredmedia":[{"embeddable":true,"href":"https:\/\/schweizversand.ch\/it\/wp-json\/wp\/v2\/media\/261887"}],"wp:attachment":[{"href":"https:\/\/schweizversand.ch\/it\/wp-json\/wp\/v2\/media?parent=261717"}],"wp:term":[{"taxonomy":"product_brand","embeddable":true,"href":"https:\/\/schweizversand.ch\/it\/wp-json\/wp\/v2\/product_brand?post=261717"},{"taxonomy":"product_cat","embeddable":true,"href":"https:\/\/schweizversand.ch\/it\/wp-json\/wp\/v2\/product_cat?post=261717"},{"taxonomy":"product_tag","embeddable":true,"href":"https:\/\/schweizversand.ch\/it\/wp-json\/wp\/v2\/product_tag?post=261717"}],"curies":[{"name":"wp","href":"https:\/\/api.w.org\/{rel}","templated":true}]}}