{"id":261726,"date":"2026-04-01T02:00:16","date_gmt":"2026-04-01T00:00:16","guid":{"rendered":"https:\/\/schweizversand.ch\/produkt\/redcliffs-isolierflasche-2\/"},"modified":"2026-04-07T15:35:20","modified_gmt":"2026-04-07T13:35:20","slug":"redcliffs-isolierflasche-2","status":"publish","type":"product","link":"https:\/\/schweizversand.ch\/it\/produkt\/redcliffs-isolierflasche-2\/","title":{"rendered":"Bottiglia termica Redcliffs"},"content":{"rendered":"<p>Questa borraccia termica non \u00e8 solo funzionale, ma anche elegante e versatile. \u00c8 perfetta per le avventure all&#8217;aria aperta, l&#8217;uso quotidiano in ufficio o in viaggio. La struttura a doppia parete mantiene le bevande alla temperatura desiderata pi\u00f9 a lungo, mentre l&#8217;acciaio inossidabile garantisce resistenza e un look moderno.<\/p>\n<p>Con diverse opzioni di colore e un biglietto da appendere personalizzabile, questa borraccia \u00e8 anche un ottimo regalo per familiari, amici o colleghi. Gusta le tue bevande sempre alla temperatura perfetta.<\/p>\n<p>Dettagli del prodotto:<\/p>\n<p>\u2022 Materiale: La borraccia presenta una struttura a doppia parete con un contenitore interno in acciaio inossidabile 304 e un rivestimento esterno in acciaio inossidabile 201. Anche il coperchio \u00e8 in acciaio inossidabile ed \u00e8 rivestito in PP bianco e silicone.<\/p>\n<p>\u2022 Dimensioni: La borraccia misura 90 mm di diametro e 255 mm di altezza.<\/p>\n<p>\u2022 Capacit\u00e0: Offre una generosa capacit\u00e0 di 1000 ml (33,82 once).<\/p>\n<p>\u2022 Peso: la bottiglia pesa 405 grammi, il che la rende leggera ma robusta.<\/p>\n<p>\u2022 Colori: la bottiglia \u00e8 disponibile in tre diversi colori: ocra, blu e sabbia.<\/p>\n<p>\u2022 Il colore non \u00e8 selezionabile. La spedizione \u00e8 assortita ove possibile, fino a esaurimento scorte.<\/p>\n<p>Prezzo al pezzo<\/p>\n","protected":false},"excerpt":{"rendered":"<p>Redcliffs Isolierflasche h\u00e4lt Getr\u00e4nke dank doppelwandiger Edelstahlkonstruktion lange hei\u00df oder kalt \u2013 ideal f\u00fcr Outdoor, B\u00fcro und Reisen in stilvollem Design.<\/p>\n","protected":false},"featured_media":48426,"comment_status":"open","ping_status":"closed","template":"","meta":[],"product_brand":[],"product_cat":[38378],"product_tag":[],"class_list":{"0":"post-261726","1":"product","2":"type-product","3":"status-publish","4":"has-post-thumbnail","6":"product_cat-outdoorausruestung","7":"product_shipping_class-global_methods","9":"first","10":"instock","11":"taxable","12":"shipping-taxable","13":"purchasable","14":"product-type-simple"},"yoast_head":"<!-- This site is optimized with the Yoast SEO plugin v27.3 - https:\/\/yoast.com\/product\/yoast-seo-wordpress\/ -->\n<title>Redcliffs Isolierflasche<\/title>\n<meta name=\"description\" content=\"Diese Vakuumflasche ist nicht nur funktional, sondern auch stilvoll und vielseitig einsetzbar. Sie eignet sich perfekt f\u00fcr Outdoor-Abenteuer, den t\u00e4glichen Gebr\" \/>\n<meta name=\"robots\" content=\"index, follow, max-snippet:-1, max-image-preview:large, max-video-preview:-1\" \/>\n<link rel=\"canonical\" href=\"https:\/\/schweizversand.ch\/it\/produkt\/redcliffs-isolierflasche-2\/\" \/>\n<meta property=\"og:locale\" content=\"it_IT\" \/>\n<meta property=\"og:type\" content=\"article\" \/>\n<meta property=\"og:title\" content=\"Redcliffs Isolierflasche\" \/>\n<meta property=\"og:description\" content=\"Diese Vakuumflasche ist nicht nur funktional, sondern auch stilvoll und vielseitig einsetzbar. Sie eignet sich perfekt f\u00fcr Outdoor-Abenteuer, den t\u00e4glichen Gebr\" \/>\n<meta property=\"og:url\" content=\"https:\/\/schweizversand.ch\/it\/produkt\/redcliffs-isolierflasche-2\/\" \/>\n<meta property=\"og:site_name\" content=\"Schweizer Shop f\u00fcr Sport, Spiel und Freizeit\" \/>\n<meta property=\"article:publisher\" content=\"https:\/\/www.facebook.com\/Schweizversand\" \/>\n<meta property=\"article:modified_time\" content=\"2026-04-07T13:35:20+00:00\" \/>\n<meta property=\"og:image\" content=\"https:\/\/schweizversand.ch\/wp-content\/uploads\/2026\/04\/5471707701-1.jpg\" \/>\n\t<meta property=\"og:image:width\" content=\"315\" \/>\n\t<meta property=\"og:image:height\" content=\"1024\" \/>\n\t<meta property=\"og:image:type\" content=\"image\/jpeg\" \/>\n<meta name=\"twitter:card\" content=\"summary_large_image\" \/>\n<meta name=\"twitter:label1\" content=\"Tempo di lettura stimato\" \/>\n\t<meta name=\"twitter:data1\" content=\"1 minuto\" \/>\n<script type=\"application\/ld+json\" class=\"yoast-schema-graph\">{\"@context\":\"https:\\\/\\\/schema.org\",\"@graph\":[{\"@type\":\"WebPage\",\"@id\":\"https:\\\/\\\/schweizversand.ch\\\/it\\\/produkt\\\/redcliffs-isolierflasche-2\\\/\",\"url\":\"https:\\\/\\\/schweizversand.ch\\\/it\\\/produkt\\\/redcliffs-isolierflasche-2\\\/\",\"name\":\"Redcliffs Isolierflasche\",\"isPartOf\":{\"@id\":\"https:\\\/\\\/schweizversand.ch\\\/it\\\/#website\"},\"primaryImageOfPage\":{\"@id\":\"https:\\\/\\\/schweizversand.ch\\\/it\\\/produkt\\\/redcliffs-isolierflasche-2\\\/#primaryimage\"},\"image\":{\"@id\":\"https:\\\/\\\/schweizversand.ch\\\/it\\\/produkt\\\/redcliffs-isolierflasche-2\\\/#primaryimage\"},\"thumbnailUrl\":\"https:\\\/\\\/schweizversand.ch\\\/wp-content\\\/uploads\\\/2025\\\/12\\\/5471707715.jpg\",\"datePublished\":\"2026-04-01T00:00:16+00:00\",\"dateModified\":\"2026-04-07T13:35:20+00:00\",\"description\":\"Diese Vakuumflasche ist nicht nur funktional, sondern auch stilvoll und vielseitig einsetzbar. Sie eignet sich perfekt f\u00fcr Outdoor-Abenteuer, den t\u00e4glichen Gebr\",\"breadcrumb\":{\"@id\":\"https:\\\/\\\/schweizversand.ch\\\/it\\\/produkt\\\/redcliffs-isolierflasche-2\\\/#breadcrumb\"},\"inLanguage\":\"it-IT\",\"potentialAction\":[{\"@type\":\"ReadAction\",\"target\":[\"https:\\\/\\\/schweizversand.ch\\\/it\\\/produkt\\\/redcliffs-isolierflasche-2\\\/\"]}]},{\"@type\":\"ImageObject\",\"inLanguage\":\"it-IT\",\"@id\":\"https:\\\/\\\/schweizversand.ch\\\/it\\\/produkt\\\/redcliffs-isolierflasche-2\\\/#primaryimage\",\"url\":\"https:\\\/\\\/schweizversand.ch\\\/wp-content\\\/uploads\\\/2025\\\/12\\\/5471707715.jpg\",\"contentUrl\":\"https:\\\/\\\/schweizversand.ch\\\/wp-content\\\/uploads\\\/2025\\\/12\\\/5471707715.jpg\",\"width\":492,\"height\":1024},{\"@type\":\"BreadcrumbList\",\"@id\":\"https:\\\/\\\/schweizversand.ch\\\/it\\\/produkt\\\/redcliffs-isolierflasche-2\\\/#breadcrumb\",\"itemListElement\":[{\"@type\":\"ListItem\",\"position\":1,\"name\":\"Startseite\",\"item\":\"https:\\\/\\\/schweizversand.ch\\\/it\\\/\"},{\"@type\":\"ListItem\",\"position\":2,\"name\":\"Shop\",\"item\":\"https:\\\/\\\/schweizversand.ch\\\/it\\\/shop\\\/\"},{\"@type\":\"ListItem\",\"position\":3,\"name\":\"Redcliffs Isolierflasche\"}]},{\"@type\":\"WebSite\",\"@id\":\"https:\\\/\\\/schweizversand.ch\\\/it\\\/#website\",\"url\":\"https:\\\/\\\/schweizversand.ch\\\/it\\\/\",\"name\":\"Schweizer Shop f\u00fcr Sport, Spiel und Freizeit\",\"description\":\"Gratisversand ab 50.- (netto), ab eigenem schweizer Lager, Lieferung innert 48h\",\"publisher\":{\"@id\":\"https:\\\/\\\/schweizversand.ch\\\/it\\\/#organization\"},\"alternateName\":\"Schweizversand.ch\",\"potentialAction\":[{\"@type\":\"SearchAction\",\"target\":{\"@type\":\"EntryPoint\",\"urlTemplate\":\"https:\\\/\\\/schweizversand.ch\\\/it\\\/?s={search_term_string}\"},\"query-input\":{\"@type\":\"PropertyValueSpecification\",\"valueRequired\":true,\"valueName\":\"search_term_string\"}}],\"inLanguage\":\"it-IT\"},{\"@type\":\"Organization\",\"@id\":\"https:\\\/\\\/schweizversand.ch\\\/it\\\/#organization\",\"name\":\"Schweizversand.ch\",\"url\":\"https:\\\/\\\/schweizversand.ch\\\/it\\\/\",\"logo\":{\"@type\":\"ImageObject\",\"inLanguage\":\"it-IT\",\"@id\":\"https:\\\/\\\/schweizversand.ch\\\/it\\\/#\\\/schema\\\/logo\\\/image\\\/\",\"url\":\"https:\\\/\\\/schweizversand.ch\\\/wp-content\\\/uploads\\\/2026\\\/03\\\/Logo_Rund_Final-1.png\",\"contentUrl\":\"https:\\\/\\\/schweizversand.ch\\\/wp-content\\\/uploads\\\/2026\\\/03\\\/Logo_Rund_Final-1.png\",\"width\":404,\"height\":404,\"caption\":\"Schweizversand.ch\"},\"image\":{\"@id\":\"https:\\\/\\\/schweizversand.ch\\\/it\\\/#\\\/schema\\\/logo\\\/image\\\/\"},\"sameAs\":[\"https:\\\/\\\/www.facebook.com\\\/Schweizversand\",\"https:\\\/\\\/www.instagram.com\\\/schweizversand.ch\\\/\"]}]}<\/script>\n<!-- \/ Yoast SEO plugin. -->","yoast_head_json":{"title":"Redcliffs Isolierflasche","description":"Diese Vakuumflasche ist nicht nur funktional, sondern auch stilvoll und vielseitig einsetzbar. Sie eignet sich perfekt f\u00fcr Outdoor-Abenteuer, den t\u00e4glichen Gebr","robots":{"index":"index","follow":"follow","max-snippet":"max-snippet:-1","max-image-preview":"max-image-preview:large","max-video-preview":"max-video-preview:-1"},"canonical":"https:\/\/schweizversand.ch\/it\/produkt\/redcliffs-isolierflasche-2\/","og_locale":"it_IT","og_type":"article","og_title":"Redcliffs Isolierflasche","og_description":"Diese Vakuumflasche ist nicht nur funktional, sondern auch stilvoll und vielseitig einsetzbar. Sie eignet sich perfekt f\u00fcr Outdoor-Abenteuer, den t\u00e4glichen Gebr","og_url":"https:\/\/schweizversand.ch\/it\/produkt\/redcliffs-isolierflasche-2\/","og_site_name":"Schweizer Shop f\u00fcr Sport, Spiel und Freizeit","article_publisher":"https:\/\/www.facebook.com\/Schweizversand","article_modified_time":"2026-04-07T13:35:20+00:00","og_image":[{"width":315,"height":1024,"url":"https:\/\/schweizversand.ch\/wp-content\/uploads\/2026\/04\/5471707701-1.jpg","type":"image\/jpeg"}],"twitter_card":"summary_large_image","twitter_misc":{"Tempo di lettura stimato":"1 minuto"},"schema":{"@context":"https:\/\/schema.org","@graph":[{"@type":"WebPage","@id":"https:\/\/schweizversand.ch\/it\/produkt\/redcliffs-isolierflasche-2\/","url":"https:\/\/schweizversand.ch\/it\/produkt\/redcliffs-isolierflasche-2\/","name":"Redcliffs Isolierflasche","isPartOf":{"@id":"https:\/\/schweizversand.ch\/it\/#website"},"primaryImageOfPage":{"@id":"https:\/\/schweizversand.ch\/it\/produkt\/redcliffs-isolierflasche-2\/#primaryimage"},"image":{"@id":"https:\/\/schweizversand.ch\/it\/produkt\/redcliffs-isolierflasche-2\/#primaryimage"},"thumbnailUrl":"https:\/\/schweizversand.ch\/wp-content\/uploads\/2025\/12\/5471707715.jpg","datePublished":"2026-04-01T00:00:16+00:00","dateModified":"2026-04-07T13:35:20+00:00","description":"Diese Vakuumflasche ist nicht nur funktional, sondern auch stilvoll und vielseitig einsetzbar. Sie eignet sich perfekt f\u00fcr Outdoor-Abenteuer, den t\u00e4glichen Gebr","breadcrumb":{"@id":"https:\/\/schweizversand.ch\/it\/produkt\/redcliffs-isolierflasche-2\/#breadcrumb"},"inLanguage":"it-IT","potentialAction":[{"@type":"ReadAction","target":["https:\/\/schweizversand.ch\/it\/produkt\/redcliffs-isolierflasche-2\/"]}]},{"@type":"ImageObject","inLanguage":"it-IT","@id":"https:\/\/schweizversand.ch\/it\/produkt\/redcliffs-isolierflasche-2\/#primaryimage","url":"https:\/\/schweizversand.ch\/wp-content\/uploads\/2025\/12\/5471707715.jpg","contentUrl":"https:\/\/schweizversand.ch\/wp-content\/uploads\/2025\/12\/5471707715.jpg","width":492,"height":1024},{"@type":"BreadcrumbList","@id":"https:\/\/schweizversand.ch\/it\/produkt\/redcliffs-isolierflasche-2\/#breadcrumb","itemListElement":[{"@type":"ListItem","position":1,"name":"Startseite","item":"https:\/\/schweizversand.ch\/it\/"},{"@type":"ListItem","position":2,"name":"Shop","item":"https:\/\/schweizversand.ch\/it\/shop\/"},{"@type":"ListItem","position":3,"name":"Redcliffs Isolierflasche"}]},{"@type":"WebSite","@id":"https:\/\/schweizversand.ch\/it\/#website","url":"https:\/\/schweizversand.ch\/it\/","name":"Schweizer Shop f\u00fcr Sport, Spiel und Freizeit","description":"Gratisversand ab 50.- (netto), ab eigenem schweizer Lager, Lieferung innert 48h","publisher":{"@id":"https:\/\/schweizversand.ch\/it\/#organization"},"alternateName":"Schweizversand.ch","potentialAction":[{"@type":"SearchAction","target":{"@type":"EntryPoint","urlTemplate":"https:\/\/schweizversand.ch\/it\/?s={search_term_string}"},"query-input":{"@type":"PropertyValueSpecification","valueRequired":true,"valueName":"search_term_string"}}],"inLanguage":"it-IT"},{"@type":"Organization","@id":"https:\/\/schweizversand.ch\/it\/#organization","name":"Schweizversand.ch","url":"https:\/\/schweizversand.ch\/it\/","logo":{"@type":"ImageObject","inLanguage":"it-IT","@id":"https:\/\/schweizversand.ch\/it\/#\/schema\/logo\/image\/","url":"https:\/\/schweizversand.ch\/wp-content\/uploads\/2026\/03\/Logo_Rund_Final-1.png","contentUrl":"https:\/\/schweizversand.ch\/wp-content\/uploads\/2026\/03\/Logo_Rund_Final-1.png","width":404,"height":404,"caption":"Schweizversand.ch"},"image":{"@id":"https:\/\/schweizversand.ch\/it\/#\/schema\/logo\/image\/"},"sameAs":["https:\/\/www.facebook.com\/Schweizversand","https:\/\/www.instagram.com\/schweizversand.ch\/"]}]}},"jetpack_sharing_enabled":true,"_links":{"self":[{"href":"https:\/\/schweizversand.ch\/it\/wp-json\/wp\/v2\/product\/261726","targetHints":{"allow":["GET"]}}],"collection":[{"href":"https:\/\/schweizversand.ch\/it\/wp-json\/wp\/v2\/product"}],"about":[{"href":"https:\/\/schweizversand.ch\/it\/wp-json\/wp\/v2\/types\/product"}],"replies":[{"embeddable":true,"href":"https:\/\/schweizversand.ch\/it\/wp-json\/wp\/v2\/comments?post=261726"}],"wp:featuredmedia":[{"embeddable":true,"href":"https:\/\/schweizversand.ch\/it\/wp-json\/wp\/v2\/media\/48426"}],"wp:attachment":[{"href":"https:\/\/schweizversand.ch\/it\/wp-json\/wp\/v2\/media?parent=261726"}],"wp:term":[{"taxonomy":"product_brand","embeddable":true,"href":"https:\/\/schweizversand.ch\/it\/wp-json\/wp\/v2\/product_brand?post=261726"},{"taxonomy":"product_cat","embeddable":true,"href":"https:\/\/schweizversand.ch\/it\/wp-json\/wp\/v2\/product_cat?post=261726"},{"taxonomy":"product_tag","embeddable":true,"href":"https:\/\/schweizversand.ch\/it\/wp-json\/wp\/v2\/product_tag?post=261726"}],"curies":[{"name":"wp","href":"https:\/\/api.w.org\/{rel}","templated":true}]}}