{"id":261747,"date":"2026-04-01T02:00:19","date_gmt":"2026-04-01T00:00:19","guid":{"rendered":"https:\/\/schweizversand.ch\/?post_type=product&#038;p=261747"},"modified":"2026-04-28T15:35:46","modified_gmt":"2026-04-28T13:35:46","slug":"set-di-freccette-da-torneo-xq-max","status":"publish","type":"product","link":"https:\/\/schweizversand.ch\/it\/produkt\/set-di-freccette-da-torneo-xq-max\/","title":{"rendered":"Set di freccette da torneo XQ Max"},"content":{"rendered":"<h1><strong>Set di bersagli in sisal &#8211; Bersaglio professionale con 6 freccette in acciaio e accessori<\/strong><\/h1>\n<div>Immergiti nel mondo delle freccette professionali. Questo <strong>set completo di freccette<\/strong> offre tutto il necessario per partite emozionanti: un <strong>bersaglio in sisal<\/strong> di alta qualit\u00e0, un <strong>set di freccette in acciaio<\/strong> di precisione e un pratico tabellone segnapunti. Perfetto per giocatori ambiziosi e per le occasioni sociali.<\/p>\n<\/div>\n<div><strong>Il pezzo forte: un bersaglio di qualit\u00e0 professionale<\/strong><br \/>Questo <strong>bersaglio professionale<\/strong> costituisce la base per lanci precisi. \u00c8 realizzato al 100% in <strong>sisal brasiliano<\/strong>, un materiale noto per la sua eccezionale durata e le propriet\u00e0 autorigeneranti. Le setole in sisal sono allineate per garantire una penetrazione ottimale e una tenuta sicura delle punte delle freccette in acciaio. Con un diametro ideale di 45 cm, questo bersaglio soddisfa gli standard ufficiali dei tornei e garantisce un divertimento duraturo. Visibilit\u00e0 e protezione ottimali: per proteggere la parete e garantire una migliore separazione visiva, il bersaglio \u00e8 dotato di un bordo composto da 4 pezzi in elegante nero. Questo bordo cattura le freccette vaganti e garantisce un aspetto pulito. Il montaggio \u00e8 incredibilmente semplice grazie alla ferramenta inclusa; il gancio pu\u00f2 essere facilmente fissato al retro del bersaglio. Set di freccette in acciaio di alta qualit\u00e0 per lanci precisi: il set include sei freccette in acciaio progettate specificamente per bersagli in sisal. Le freccette sono dotate di punte in acciaio temprato e un corpo in ottone che offre un&#8217;eccellente presa e prestazioni eccezionali. Grazie all&#8217;attento bilanciamento, queste freccette garantiscono un volo controllato e stabile. Le freccette sono disponibili in tre diversi set da 6 alette con splendidi design, che consentono di esprimere il proprio stile personale.<\/p>\n<\/div>\n<div><strong>Dettagli tecnici del set di freccette<\/strong><br \/>&#8211; Materiale del bersaglio: 100% sisal brasiliano<\/strong><br \/>&#8211; Diametro: circa 45 cm<br \/>&#8211; Spessore: circa 4 cm<br \/>&#8211; Peso: circa 4 kg<br \/>&#8211; Cornice: 4 pezzi, nera<br \/>&#8211; Numero di freccette in acciaio: 6<br \/>&#8211; Lunghezza delle freccette in acciaio: circa 14,5 cm<br \/>&#8211; Materiale del corpo: ottone<br \/>&#8211; Materiale della punta: acciaio<br \/>&#8211; Peso delle singole freccette: circa 18 g &#8211; 21 g (regolabile con due aste diverse)<\/p>\n<\/div>\n<div><strong>Accessori aggiuntivi per il gioco<\/strong><br \/>Per aiutarti a tenere traccia delle tue emozionanti partite, il set di freccette include un set completo con tabellone segnapunti. Questo tabellone ti consente di registrare con precisione l&#8217;avanzamento del gioco e i punteggi. Un pennarello \u00e8 ovviamente incluso. &#8211; Dimensioni del tabellone segnapunti: circa 40 x 30 cm (A\/L) &#8211; Include pennarello per la registrazione del punteggio &#8211; Include hardware di montaggio per il bersaglio. Assicurati questo set completo di freccette e vivi l&#8217;emozione delle freccette ai massimi livelli. La combinazione di un bersaglio professionale in sisal e di freccette in acciaio di precisione garantisce a te e ai tuoi compagni di gioco ore di leale competizione.<\/p>\n","protected":false},"excerpt":{"rendered":"<p>XQ Max Tournament Dartset bietet Profi-Sisal-Dartscheibe, 6 pr\u00e4zise Steeldarts und Zubeh\u00f6r f\u00fcr perfekte W\u00fcrfe und spannende Matches \u2013 ideal f\u00fcr ambitionierte Spieler.<\/p>\n","protected":false},"featured_media":268490,"comment_status":"open","ping_status":"closed","template":"","meta":[],"product_brand":[],"product_cat":[39175,39192],"product_tag":[],"class_list":{"0":"post-261747","1":"product","2":"type-product","3":"status-publish","4":"has-post-thumbnail","6":"product_cat-dart","8":"product_shipping_class-global_methods","11":"first","12":"instock","13":"taxable","14":"shipping-taxable","15":"purchasable","16":"product-type-simple"},"yoast_head":"<!-- This site is optimized with the Yoast SEO plugin v27.4 - https:\/\/yoast.com\/product\/yoast-seo-wordpress\/ -->\n<title>XQ Max Tournament Dartset<\/title>\n<meta name=\"description\" content=\"Sisal Dartscheibe Set \u2013 Profi Dartboard mit 6 Steeldarts und Zubeh\u00f6r Tauchen Sie ein in die Welt des professionellen Dartsports. Dieses Dart Set komplett bietet\" \/>\n<meta name=\"robots\" content=\"index, follow, max-snippet:-1, max-image-preview:large, max-video-preview:-1\" \/>\n<link rel=\"canonical\" href=\"https:\/\/schweizversand.ch\/it\/produkt\/set-di-freccette-da-torneo-xq-max\/\" \/>\n<meta property=\"og:locale\" content=\"it_IT\" \/>\n<meta property=\"og:type\" content=\"article\" \/>\n<meta property=\"og:title\" content=\"XQ Max Tournament Dartset\" \/>\n<meta property=\"og:description\" content=\"Sisal Dartscheibe Set \u2013 Profi Dartboard mit 6 Steeldarts und Zubeh\u00f6r Tauchen Sie ein in die Welt des professionellen Dartsports. Dieses Dart Set komplett bietet\" \/>\n<meta property=\"og:url\" content=\"https:\/\/schweizversand.ch\/it\/produkt\/set-di-freccette-da-torneo-xq-max\/\" \/>\n<meta property=\"og:site_name\" content=\"Schweizer Shop f\u00fcr Sport, Spiel und Freizeit\" \/>\n<meta property=\"article:publisher\" content=\"https:\/\/www.facebook.com\/Schweizversand\" \/>\n<meta property=\"article:modified_time\" content=\"2026-04-28T13:35:46+00:00\" \/>\n<meta property=\"og:image\" content=\"https:\/\/schweizversand.ch\/wp-content\/uploads\/2025\/12\/5476875078.jpg\" \/>\n\t<meta property=\"og:image:width\" content=\"1024\" \/>\n\t<meta property=\"og:image:height\" content=\"541\" \/>\n\t<meta property=\"og:image:type\" content=\"image\/jpeg\" \/>\n<meta name=\"twitter:card\" content=\"summary_large_image\" \/>\n<meta name=\"twitter:label1\" content=\"Tempo di lettura stimato\" \/>\n\t<meta name=\"twitter:data1\" content=\"2 minuto\" \/>\n<script type=\"application\/ld+json\" class=\"yoast-schema-graph\">{\"@context\":\"https:\\\/\\\/schema.org\",\"@graph\":[{\"@type\":\"WebPage\",\"@id\":\"https:\\\/\\\/schweizversand.ch\\\/it\\\/produkt\\\/set-di-freccette-da-torneo-xq-max\\\/\",\"url\":\"https:\\\/\\\/schweizversand.ch\\\/it\\\/produkt\\\/set-di-freccette-da-torneo-xq-max\\\/\",\"name\":\"XQ Max Tournament Dartset\",\"isPartOf\":{\"@id\":\"https:\\\/\\\/schweizversand.ch\\\/it\\\/#website\"},\"primaryImageOfPage\":{\"@id\":\"https:\\\/\\\/schweizversand.ch\\\/it\\\/produkt\\\/set-di-freccette-da-torneo-xq-max\\\/#primaryimage\"},\"image\":{\"@id\":\"https:\\\/\\\/schweizversand.ch\\\/it\\\/produkt\\\/set-di-freccette-da-torneo-xq-max\\\/#primaryimage\"},\"thumbnailUrl\":\"https:\\\/\\\/schweizversand.ch\\\/wp-content\\\/uploads\\\/2026\\\/04\\\/5476875078.jpg\",\"datePublished\":\"2026-04-01T00:00:19+00:00\",\"dateModified\":\"2026-04-28T13:35:46+00:00\",\"description\":\"Sisal Dartscheibe Set \u2013 Profi Dartboard mit 6 Steeldarts und Zubeh\u00f6r Tauchen Sie ein in die Welt des professionellen Dartsports. Dieses Dart Set komplett bietet\",\"breadcrumb\":{\"@id\":\"https:\\\/\\\/schweizversand.ch\\\/it\\\/produkt\\\/set-di-freccette-da-torneo-xq-max\\\/#breadcrumb\"},\"inLanguage\":\"it-IT\",\"potentialAction\":[{\"@type\":\"ReadAction\",\"target\":[\"https:\\\/\\\/schweizversand.ch\\\/it\\\/produkt\\\/set-di-freccette-da-torneo-xq-max\\\/\"]}]},{\"@type\":\"ImageObject\",\"inLanguage\":\"it-IT\",\"@id\":\"https:\\\/\\\/schweizversand.ch\\\/it\\\/produkt\\\/set-di-freccette-da-torneo-xq-max\\\/#primaryimage\",\"url\":\"https:\\\/\\\/schweizversand.ch\\\/wp-content\\\/uploads\\\/2026\\\/04\\\/5476875078.jpg\",\"contentUrl\":\"https:\\\/\\\/schweizversand.ch\\\/wp-content\\\/uploads\\\/2026\\\/04\\\/5476875078.jpg\",\"width\":1024,\"height\":541},{\"@type\":\"BreadcrumbList\",\"@id\":\"https:\\\/\\\/schweizversand.ch\\\/it\\\/produkt\\\/set-di-freccette-da-torneo-xq-max\\\/#breadcrumb\",\"itemListElement\":[{\"@type\":\"ListItem\",\"position\":1,\"name\":\"Startseite\",\"item\":\"https:\\\/\\\/schweizversand.ch\\\/it\\\/home\\\/\"},{\"@type\":\"ListItem\",\"position\":2,\"name\":\"Shop\",\"item\":\"https:\\\/\\\/schweizversand.ch\\\/it\\\/shop\\\/\"},{\"@type\":\"ListItem\",\"position\":3,\"name\":\"Sport\",\"item\":\"https:\\\/\\\/schweizversand.ch\\\/it\\\/produkt-kategorie\\\/sport-it\\\/\"},{\"@type\":\"ListItem\",\"position\":4,\"name\":\"sport con la palla e freccette\",\"item\":\"https:\\\/\\\/schweizversand.ch\\\/it\\\/produkt-kategorie\\\/sport-it\\\/sport-con-la-palla-e-freccette\\\/\"},{\"@type\":\"ListItem\",\"position\":5,\"name\":\"Dart\",\"item\":\"https:\\\/\\\/schweizversand.ch\\\/it\\\/produkt-kategorie\\\/sport-it\\\/sport-con-la-palla-e-freccette\\\/dart\\\/\"},{\"@type\":\"ListItem\",\"position\":6,\"name\":\"Set di freccette da torneo XQ Max\"}]},{\"@type\":\"WebSite\",\"@id\":\"https:\\\/\\\/schweizversand.ch\\\/it\\\/#website\",\"url\":\"https:\\\/\\\/schweizversand.ch\\\/it\\\/\",\"name\":\"Schweizer Shop f\u00fcr Sport, Spiel und Freizeit\",\"description\":\"Gratisversand ab 50.- (netto), ab eigenem schweizer Lager, Lieferung innert 48h\",\"publisher\":{\"@id\":\"https:\\\/\\\/schweizversand.ch\\\/it\\\/#organization\"},\"alternateName\":\"Schweizversand.ch\",\"potentialAction\":[{\"@type\":\"SearchAction\",\"target\":{\"@type\":\"EntryPoint\",\"urlTemplate\":\"https:\\\/\\\/schweizversand.ch\\\/it\\\/?s={search_term_string}\"},\"query-input\":{\"@type\":\"PropertyValueSpecification\",\"valueRequired\":true,\"valueName\":\"search_term_string\"}}],\"inLanguage\":\"it-IT\"},{\"@type\":\"Organization\",\"@id\":\"https:\\\/\\\/schweizversand.ch\\\/it\\\/#organization\",\"name\":\"Schweizversand.ch\",\"url\":\"https:\\\/\\\/schweizversand.ch\\\/it\\\/\",\"logo\":{\"@type\":\"ImageObject\",\"inLanguage\":\"it-IT\",\"@id\":\"https:\\\/\\\/schweizversand.ch\\\/it\\\/#\\\/schema\\\/logo\\\/image\\\/\",\"url\":\"https:\\\/\\\/schweizversand.ch\\\/wp-content\\\/uploads\\\/2026\\\/03\\\/Logo_Rund_Final-1.png\",\"contentUrl\":\"https:\\\/\\\/schweizversand.ch\\\/wp-content\\\/uploads\\\/2026\\\/03\\\/Logo_Rund_Final-1.png\",\"width\":404,\"height\":404,\"caption\":\"Schweizversand.ch\"},\"image\":{\"@id\":\"https:\\\/\\\/schweizversand.ch\\\/it\\\/#\\\/schema\\\/logo\\\/image\\\/\"},\"sameAs\":[\"https:\\\/\\\/www.facebook.com\\\/Schweizversand\",\"https:\\\/\\\/www.instagram.com\\\/schweizversand.ch\\\/\"]}]}<\/script>\n<!-- \/ Yoast SEO plugin. -->","yoast_head_json":{"title":"XQ Max Tournament Dartset","description":"Sisal Dartscheibe Set \u2013 Profi Dartboard mit 6 Steeldarts und Zubeh\u00f6r Tauchen Sie ein in die Welt des professionellen Dartsports. Dieses Dart Set komplett bietet","robots":{"index":"index","follow":"follow","max-snippet":"max-snippet:-1","max-image-preview":"max-image-preview:large","max-video-preview":"max-video-preview:-1"},"canonical":"https:\/\/schweizversand.ch\/it\/produkt\/set-di-freccette-da-torneo-xq-max\/","og_locale":"it_IT","og_type":"article","og_title":"XQ Max Tournament Dartset","og_description":"Sisal Dartscheibe Set \u2013 Profi Dartboard mit 6 Steeldarts und Zubeh\u00f6r Tauchen Sie ein in die Welt des professionellen Dartsports. Dieses Dart Set komplett bietet","og_url":"https:\/\/schweizversand.ch\/it\/produkt\/set-di-freccette-da-torneo-xq-max\/","og_site_name":"Schweizer Shop f\u00fcr Sport, Spiel und Freizeit","article_publisher":"https:\/\/www.facebook.com\/Schweizversand","article_modified_time":"2026-04-28T13:35:46+00:00","og_image":[{"width":1024,"height":541,"url":"https:\/\/schweizversand.ch\/wp-content\/uploads\/2025\/12\/5476875078.jpg","type":"image\/jpeg"}],"twitter_card":"summary_large_image","twitter_misc":{"Tempo di lettura stimato":"2 minuto"},"schema":{"@context":"https:\/\/schema.org","@graph":[{"@type":"WebPage","@id":"https:\/\/schweizversand.ch\/it\/produkt\/set-di-freccette-da-torneo-xq-max\/","url":"https:\/\/schweizversand.ch\/it\/produkt\/set-di-freccette-da-torneo-xq-max\/","name":"XQ Max Tournament Dartset","isPartOf":{"@id":"https:\/\/schweizversand.ch\/it\/#website"},"primaryImageOfPage":{"@id":"https:\/\/schweizversand.ch\/it\/produkt\/set-di-freccette-da-torneo-xq-max\/#primaryimage"},"image":{"@id":"https:\/\/schweizversand.ch\/it\/produkt\/set-di-freccette-da-torneo-xq-max\/#primaryimage"},"thumbnailUrl":"https:\/\/schweizversand.ch\/wp-content\/uploads\/2026\/04\/5476875078.jpg","datePublished":"2026-04-01T00:00:19+00:00","dateModified":"2026-04-28T13:35:46+00:00","description":"Sisal Dartscheibe Set \u2013 Profi Dartboard mit 6 Steeldarts und Zubeh\u00f6r Tauchen Sie ein in die Welt des professionellen Dartsports. Dieses Dart Set komplett bietet","breadcrumb":{"@id":"https:\/\/schweizversand.ch\/it\/produkt\/set-di-freccette-da-torneo-xq-max\/#breadcrumb"},"inLanguage":"it-IT","potentialAction":[{"@type":"ReadAction","target":["https:\/\/schweizversand.ch\/it\/produkt\/set-di-freccette-da-torneo-xq-max\/"]}]},{"@type":"ImageObject","inLanguage":"it-IT","@id":"https:\/\/schweizversand.ch\/it\/produkt\/set-di-freccette-da-torneo-xq-max\/#primaryimage","url":"https:\/\/schweizversand.ch\/wp-content\/uploads\/2026\/04\/5476875078.jpg","contentUrl":"https:\/\/schweizversand.ch\/wp-content\/uploads\/2026\/04\/5476875078.jpg","width":1024,"height":541},{"@type":"BreadcrumbList","@id":"https:\/\/schweizversand.ch\/it\/produkt\/set-di-freccette-da-torneo-xq-max\/#breadcrumb","itemListElement":[{"@type":"ListItem","position":1,"name":"Startseite","item":"https:\/\/schweizversand.ch\/it\/home\/"},{"@type":"ListItem","position":2,"name":"Shop","item":"https:\/\/schweizversand.ch\/it\/shop\/"},{"@type":"ListItem","position":3,"name":"Sport","item":"https:\/\/schweizversand.ch\/it\/produkt-kategorie\/sport-it\/"},{"@type":"ListItem","position":4,"name":"sport con la palla e freccette","item":"https:\/\/schweizversand.ch\/it\/produkt-kategorie\/sport-it\/sport-con-la-palla-e-freccette\/"},{"@type":"ListItem","position":5,"name":"Dart","item":"https:\/\/schweizversand.ch\/it\/produkt-kategorie\/sport-it\/sport-con-la-palla-e-freccette\/dart\/"},{"@type":"ListItem","position":6,"name":"Set di freccette da torneo XQ Max"}]},{"@type":"WebSite","@id":"https:\/\/schweizversand.ch\/it\/#website","url":"https:\/\/schweizversand.ch\/it\/","name":"Schweizer Shop f\u00fcr Sport, Spiel und Freizeit","description":"Gratisversand ab 50.- (netto), ab eigenem schweizer Lager, Lieferung innert 48h","publisher":{"@id":"https:\/\/schweizversand.ch\/it\/#organization"},"alternateName":"Schweizversand.ch","potentialAction":[{"@type":"SearchAction","target":{"@type":"EntryPoint","urlTemplate":"https:\/\/schweizversand.ch\/it\/?s={search_term_string}"},"query-input":{"@type":"PropertyValueSpecification","valueRequired":true,"valueName":"search_term_string"}}],"inLanguage":"it-IT"},{"@type":"Organization","@id":"https:\/\/schweizversand.ch\/it\/#organization","name":"Schweizversand.ch","url":"https:\/\/schweizversand.ch\/it\/","logo":{"@type":"ImageObject","inLanguage":"it-IT","@id":"https:\/\/schweizversand.ch\/it\/#\/schema\/logo\/image\/","url":"https:\/\/schweizversand.ch\/wp-content\/uploads\/2026\/03\/Logo_Rund_Final-1.png","contentUrl":"https:\/\/schweizversand.ch\/wp-content\/uploads\/2026\/03\/Logo_Rund_Final-1.png","width":404,"height":404,"caption":"Schweizversand.ch"},"image":{"@id":"https:\/\/schweizversand.ch\/it\/#\/schema\/logo\/image\/"},"sameAs":["https:\/\/www.facebook.com\/Schweizversand","https:\/\/www.instagram.com\/schweizversand.ch\/"]}]}},"jetpack_sharing_enabled":true,"_links":{"self":[{"href":"https:\/\/schweizversand.ch\/it\/wp-json\/wp\/v2\/product\/261747","targetHints":{"allow":["GET"]}}],"collection":[{"href":"https:\/\/schweizversand.ch\/it\/wp-json\/wp\/v2\/product"}],"about":[{"href":"https:\/\/schweizversand.ch\/it\/wp-json\/wp\/v2\/types\/product"}],"replies":[{"embeddable":true,"href":"https:\/\/schweizversand.ch\/it\/wp-json\/wp\/v2\/comments?post=261747"}],"wp:featuredmedia":[{"embeddable":true,"href":"https:\/\/schweizversand.ch\/it\/wp-json\/wp\/v2\/media\/268490"}],"wp:attachment":[{"href":"https:\/\/schweizversand.ch\/it\/wp-json\/wp\/v2\/media?parent=261747"}],"wp:term":[{"taxonomy":"product_brand","embeddable":true,"href":"https:\/\/schweizversand.ch\/it\/wp-json\/wp\/v2\/product_brand?post=261747"},{"taxonomy":"product_cat","embeddable":true,"href":"https:\/\/schweizversand.ch\/it\/wp-json\/wp\/v2\/product_cat?post=261747"},{"taxonomy":"product_tag","embeddable":true,"href":"https:\/\/schweizversand.ch\/it\/wp-json\/wp\/v2\/product_tag?post=261747"}],"curies":[{"name":"wp","href":"https:\/\/api.w.org\/{rel}","templated":true}]}}