{"id":261783,"date":"2026-04-01T02:00:21","date_gmt":"2026-04-01T00:00:21","guid":{"rendered":"https:\/\/schweizversand.ch\/produkt\/xq-max-dartscheibe-razor-pro-aus-african-sisal-2\/"},"modified":"2026-04-30T02:05:06","modified_gmt":"2026-04-30T00:05:06","slug":"xq-max-dartscheibe-razor-pro-aus-african-sisal","status":"publish","type":"product","link":"https:\/\/schweizversand.ch\/it\/produkt\/xq-max-dartscheibe-razor-pro-aus-african-sisal\/","title":{"rendered":"Bersaglio per freccette XQ Max Razor Pro, realizzato in sisal africano"},"content":{"rendered":"<h1><strong>XQ Max Razor Pro Dartboard<\/strong><\/h1>\n<div>Sei pronto a portare il tuo gioco di freccette a un livello superiore? Con il <strong>XQ Max Razor Pro Dartboard<\/strong>, potrai giocare a freccette di qualit\u00e0 da torneo direttamente a casa tua. Questo bersaglio professionale combina i pi\u00f9 alti standard di materiali con una funzionalit\u00e0 perfetta.<\/p>\n<\/div>\n<div><strong>Esperienza di gioco autentica da torneo<\/strong><br \/>Il <strong>Razor Pro Dartboard<\/strong> \u00e8 stato sviluppato per soddisfare le esigenze dei professionisti. Con un diametro di 45 cm, questo bersaglio ha le dimensioni di un torneo, garantendo un&#8217;esperienza di gioco autentica e standardizzata, ideale per sessioni di allenamento e competizioni impegnative. Materiali di alta qualit\u00e0 e durata: realizzato in sisal africano di prima qualit\u00e0, il bersaglio offre una superficie di gioco estremamente robusta e durevole. Le setole di sisal fitte creano una superficie autorigenerante, garantendo che le freccette aderiscano saldamente e che i fori si chiudano praticamente da soli dopo la rimozione: un must per qualsiasi uso intensivo. Design e montaggio: il design moderno, accentuato da una cintura in metallo nero e fili argentati incassati, conferisce al bersaglio un aspetto professionale. L&#8217;installazione \u00e8 incredibilmente semplice grazie alle istruzioni incluse, cos\u00ec puoi iniziare subito a giocare a freccette.<\/p>\n<\/div>\n<div><strong>I tuoi vantaggi in sintesi<\/strong><br \/>&#8211; Dimensioni ufficiali da torneo (diametro 45 cm)<br \/>&#8211; Realizzato in sisal africano di alta qualit\u00e0<br \/>&#8211; Superficie autorigenerante per la massima durata<br \/>&#8211; Aspetto elegante grazie ai fili argentati incassati<br \/>&#8211; Montaggio rapido e semplice<\/p>\n<\/div>\n<div>Che tu sia un professionista delle freccette o che tu stia appena iniziando, l&#8217;<strong>XQ Max Razor Pro<\/strong> ti offre l&#8217;esperienza di gioco definitiva. Regalati questo <strong>bersaglio da torneo<\/strong> di alta qualit\u00e0 e migliora le tue abilit\u00e0 oggi stesso!<\/p>\n<\/div>\n<div><\/div>\n","protected":false},"excerpt":{"rendered":"<p>XQ Max Dartscheibe Razor Pro aus African Sisal bietet Turnierqualit\u00e4t, maximale Langlebigkeit und ein authentisches Spielgef\u00fchl f\u00fcr Profi-Dartspieler zu Hause.<\/p>\n","protected":false},"featured_media":37341,"comment_status":"open","ping_status":"closed","template":"","meta":[],"product_brand":[],"product_cat":[39192],"product_tag":[],"class_list":{"0":"post-261783","1":"product","2":"type-product","3":"status-publish","4":"has-post-thumbnail","6":"product_cat-dart","7":"product_shipping_class-global_methods","9":"first","10":"instock","11":"taxable","12":"shipping-taxable","13":"purchasable","14":"product-type-simple"},"yoast_head":"<!-- This site is optimized with the Yoast SEO plugin v27.5 - https:\/\/yoast.com\/product\/yoast-seo-wordpress\/ -->\n<title>XQ Max Dartscheibe Razor Pro, aus African Sisal<\/title>\n<meta name=\"description\" content=\"XQ Max Razor Pro Dartscheibe Sind Sie bereit, Ihr Dartspiel auf das n\u00e4chste Level zu heben? Mit der XQ Max Razor Pro Dartscheibe erleben Sie Dart in Turnierqual\" \/>\n<meta name=\"robots\" content=\"index, follow, max-snippet:-1, max-image-preview:large, max-video-preview:-1\" \/>\n<link rel=\"canonical\" href=\"https:\/\/schweizversand.ch\/it\/produkt\/xq-max-dartscheibe-razor-pro-aus-african-sisal\/\" \/>\n<meta property=\"og:locale\" content=\"it_IT\" \/>\n<meta property=\"og:type\" content=\"article\" \/>\n<meta property=\"og:title\" content=\"XQ Max Dartscheibe Razor Pro, aus African Sisal\" \/>\n<meta property=\"og:description\" content=\"XQ Max Razor Pro Dartscheibe Sind Sie bereit, Ihr Dartspiel auf das n\u00e4chste Level zu heben? Mit der XQ Max Razor Pro Dartscheibe erleben Sie Dart in Turnierqual\" \/>\n<meta property=\"og:url\" content=\"https:\/\/schweizversand.ch\/it\/produkt\/xq-max-dartscheibe-razor-pro-aus-african-sisal\/\" \/>\n<meta property=\"og:site_name\" content=\"Schweizer Shop f\u00fcr Sport, Spiel und Freizeit\" \/>\n<meta property=\"article:publisher\" content=\"https:\/\/www.facebook.com\/Schweizversand\" \/>\n<meta property=\"article:modified_time\" content=\"2026-04-30T00:05:06+00:00\" \/>\n<meta property=\"og:image\" content=\"https:\/\/schweizversand.ch\/wp-content\/uploads\/2025\/12\/5471616600.png\" \/>\n\t<meta property=\"og:image:width\" content=\"1024\" \/>\n\t<meta property=\"og:image:height\" content=\"1024\" \/>\n\t<meta property=\"og:image:type\" content=\"image\/png\" \/>\n<meta name=\"twitter:card\" content=\"summary_large_image\" \/>\n<meta name=\"twitter:label1\" content=\"Tempo di lettura stimato\" \/>\n\t<meta name=\"twitter:data1\" content=\"1 minuto\" \/>\n<script type=\"application\/ld+json\" class=\"yoast-schema-graph\">{\"@context\":\"https:\\\/\\\/schema.org\",\"@graph\":[{\"@type\":\"WebPage\",\"@id\":\"https:\\\/\\\/schweizversand.ch\\\/it\\\/produkt\\\/xq-max-dartscheibe-razor-pro-aus-african-sisal\\\/\",\"url\":\"https:\\\/\\\/schweizversand.ch\\\/it\\\/produkt\\\/xq-max-dartscheibe-razor-pro-aus-african-sisal\\\/\",\"name\":\"XQ Max Dartscheibe Razor Pro, aus African Sisal\",\"isPartOf\":{\"@id\":\"https:\\\/\\\/schweizversand.ch\\\/it\\\/#website\"},\"primaryImageOfPage\":{\"@id\":\"https:\\\/\\\/schweizversand.ch\\\/it\\\/produkt\\\/xq-max-dartscheibe-razor-pro-aus-african-sisal\\\/#primaryimage\"},\"image\":{\"@id\":\"https:\\\/\\\/schweizversand.ch\\\/it\\\/produkt\\\/xq-max-dartscheibe-razor-pro-aus-african-sisal\\\/#primaryimage\"},\"thumbnailUrl\":\"https:\\\/\\\/schweizversand.ch\\\/wp-content\\\/uploads\\\/2025\\\/12\\\/5471616600.png\",\"datePublished\":\"2026-04-01T00:00:21+00:00\",\"dateModified\":\"2026-04-30T00:05:06+00:00\",\"description\":\"XQ Max Razor Pro Dartscheibe Sind Sie bereit, Ihr Dartspiel auf das n\u00e4chste Level zu heben? Mit der XQ Max Razor Pro Dartscheibe erleben Sie Dart in Turnierqual\",\"breadcrumb\":{\"@id\":\"https:\\\/\\\/schweizversand.ch\\\/it\\\/produkt\\\/xq-max-dartscheibe-razor-pro-aus-african-sisal\\\/#breadcrumb\"},\"inLanguage\":\"it-IT\",\"potentialAction\":[{\"@type\":\"ReadAction\",\"target\":[\"https:\\\/\\\/schweizversand.ch\\\/it\\\/produkt\\\/xq-max-dartscheibe-razor-pro-aus-african-sisal\\\/\"]}]},{\"@type\":\"ImageObject\",\"inLanguage\":\"it-IT\",\"@id\":\"https:\\\/\\\/schweizversand.ch\\\/it\\\/produkt\\\/xq-max-dartscheibe-razor-pro-aus-african-sisal\\\/#primaryimage\",\"url\":\"https:\\\/\\\/schweizversand.ch\\\/wp-content\\\/uploads\\\/2025\\\/12\\\/5471616600.png\",\"contentUrl\":\"https:\\\/\\\/schweizversand.ch\\\/wp-content\\\/uploads\\\/2025\\\/12\\\/5471616600.png\",\"width\":1024,\"height\":1024},{\"@type\":\"BreadcrumbList\",\"@id\":\"https:\\\/\\\/schweizversand.ch\\\/it\\\/produkt\\\/xq-max-dartscheibe-razor-pro-aus-african-sisal\\\/#breadcrumb\",\"itemListElement\":[{\"@type\":\"ListItem\",\"position\":1,\"name\":\"Startseite\",\"item\":\"https:\\\/\\\/schweizversand.ch\\\/it\\\/home\\\/\"},{\"@type\":\"ListItem\",\"position\":2,\"name\":\"Shop\",\"item\":\"https:\\\/\\\/schweizversand.ch\\\/it\\\/shop\\\/\"},{\"@type\":\"ListItem\",\"position\":3,\"name\":\"Sport\",\"item\":\"https:\\\/\\\/schweizversand.ch\\\/it\\\/produkt-kategorie\\\/sport-it\\\/\"},{\"@type\":\"ListItem\",\"position\":4,\"name\":\"sport con la palla e freccette\",\"item\":\"https:\\\/\\\/schweizversand.ch\\\/it\\\/produkt-kategorie\\\/sport-it\\\/sport-con-la-palla-e-freccette\\\/\"},{\"@type\":\"ListItem\",\"position\":5,\"name\":\"Dart\",\"item\":\"https:\\\/\\\/schweizversand.ch\\\/it\\\/produkt-kategorie\\\/sport-it\\\/sport-con-la-palla-e-freccette\\\/dart\\\/\"},{\"@type\":\"ListItem\",\"position\":6,\"name\":\"Bersaglio per freccette XQ Max Razor Pro, realizzato in sisal africano\"}]},{\"@type\":\"WebSite\",\"@id\":\"https:\\\/\\\/schweizversand.ch\\\/it\\\/#website\",\"url\":\"https:\\\/\\\/schweizversand.ch\\\/it\\\/\",\"name\":\"Schweizer Shop f\u00fcr Sport, Spiel und Freizeit\",\"description\":\"Gratisversand ab 50.- (netto), ab eigenem schweizer Lager, Lieferung innert 48h\",\"publisher\":{\"@id\":\"https:\\\/\\\/schweizversand.ch\\\/it\\\/#organization\"},\"alternateName\":\"Schweizversand.ch\",\"potentialAction\":[{\"@type\":\"SearchAction\",\"target\":{\"@type\":\"EntryPoint\",\"urlTemplate\":\"https:\\\/\\\/schweizversand.ch\\\/it\\\/?s={search_term_string}\"},\"query-input\":{\"@type\":\"PropertyValueSpecification\",\"valueRequired\":true,\"valueName\":\"search_term_string\"}}],\"inLanguage\":\"it-IT\"},{\"@type\":\"Organization\",\"@id\":\"https:\\\/\\\/schweizversand.ch\\\/it\\\/#organization\",\"name\":\"Schweizversand.ch\",\"url\":\"https:\\\/\\\/schweizversand.ch\\\/it\\\/\",\"logo\":{\"@type\":\"ImageObject\",\"inLanguage\":\"it-IT\",\"@id\":\"https:\\\/\\\/schweizversand.ch\\\/it\\\/#\\\/schema\\\/logo\\\/image\\\/\",\"url\":\"https:\\\/\\\/schweizversand.ch\\\/wp-content\\\/uploads\\\/2026\\\/03\\\/Logo_Rund_Final-1.png\",\"contentUrl\":\"https:\\\/\\\/schweizversand.ch\\\/wp-content\\\/uploads\\\/2026\\\/03\\\/Logo_Rund_Final-1.png\",\"width\":404,\"height\":404,\"caption\":\"Schweizversand.ch\"},\"image\":{\"@id\":\"https:\\\/\\\/schweizversand.ch\\\/it\\\/#\\\/schema\\\/logo\\\/image\\\/\"},\"sameAs\":[\"https:\\\/\\\/www.facebook.com\\\/Schweizversand\",\"https:\\\/\\\/www.instagram.com\\\/schweizversand.ch\\\/\"]}]}<\/script>\n<!-- \/ Yoast SEO plugin. -->","yoast_head_json":{"title":"XQ Max Dartscheibe Razor Pro, aus African Sisal","description":"XQ Max Razor Pro Dartscheibe Sind Sie bereit, Ihr Dartspiel auf das n\u00e4chste Level zu heben? Mit der XQ Max Razor Pro Dartscheibe erleben Sie Dart in Turnierqual","robots":{"index":"index","follow":"follow","max-snippet":"max-snippet:-1","max-image-preview":"max-image-preview:large","max-video-preview":"max-video-preview:-1"},"canonical":"https:\/\/schweizversand.ch\/it\/produkt\/xq-max-dartscheibe-razor-pro-aus-african-sisal\/","og_locale":"it_IT","og_type":"article","og_title":"XQ Max Dartscheibe Razor Pro, aus African Sisal","og_description":"XQ Max Razor Pro Dartscheibe Sind Sie bereit, Ihr Dartspiel auf das n\u00e4chste Level zu heben? Mit der XQ Max Razor Pro Dartscheibe erleben Sie Dart in Turnierqual","og_url":"https:\/\/schweizversand.ch\/it\/produkt\/xq-max-dartscheibe-razor-pro-aus-african-sisal\/","og_site_name":"Schweizer Shop f\u00fcr Sport, Spiel und Freizeit","article_publisher":"https:\/\/www.facebook.com\/Schweizversand","article_modified_time":"2026-04-30T00:05:06+00:00","og_image":[{"width":1024,"height":1024,"url":"https:\/\/schweizversand.ch\/wp-content\/uploads\/2025\/12\/5471616600.png","type":"image\/png"}],"twitter_card":"summary_large_image","twitter_misc":{"Tempo di lettura stimato":"1 minuto"},"schema":{"@context":"https:\/\/schema.org","@graph":[{"@type":"WebPage","@id":"https:\/\/schweizversand.ch\/it\/produkt\/xq-max-dartscheibe-razor-pro-aus-african-sisal\/","url":"https:\/\/schweizversand.ch\/it\/produkt\/xq-max-dartscheibe-razor-pro-aus-african-sisal\/","name":"XQ Max Dartscheibe Razor Pro, aus African Sisal","isPartOf":{"@id":"https:\/\/schweizversand.ch\/it\/#website"},"primaryImageOfPage":{"@id":"https:\/\/schweizversand.ch\/it\/produkt\/xq-max-dartscheibe-razor-pro-aus-african-sisal\/#primaryimage"},"image":{"@id":"https:\/\/schweizversand.ch\/it\/produkt\/xq-max-dartscheibe-razor-pro-aus-african-sisal\/#primaryimage"},"thumbnailUrl":"https:\/\/schweizversand.ch\/wp-content\/uploads\/2025\/12\/5471616600.png","datePublished":"2026-04-01T00:00:21+00:00","dateModified":"2026-04-30T00:05:06+00:00","description":"XQ Max Razor Pro Dartscheibe Sind Sie bereit, Ihr Dartspiel auf das n\u00e4chste Level zu heben? Mit der XQ Max Razor Pro Dartscheibe erleben Sie Dart in Turnierqual","breadcrumb":{"@id":"https:\/\/schweizversand.ch\/it\/produkt\/xq-max-dartscheibe-razor-pro-aus-african-sisal\/#breadcrumb"},"inLanguage":"it-IT","potentialAction":[{"@type":"ReadAction","target":["https:\/\/schweizversand.ch\/it\/produkt\/xq-max-dartscheibe-razor-pro-aus-african-sisal\/"]}]},{"@type":"ImageObject","inLanguage":"it-IT","@id":"https:\/\/schweizversand.ch\/it\/produkt\/xq-max-dartscheibe-razor-pro-aus-african-sisal\/#primaryimage","url":"https:\/\/schweizversand.ch\/wp-content\/uploads\/2025\/12\/5471616600.png","contentUrl":"https:\/\/schweizversand.ch\/wp-content\/uploads\/2025\/12\/5471616600.png","width":1024,"height":1024},{"@type":"BreadcrumbList","@id":"https:\/\/schweizversand.ch\/it\/produkt\/xq-max-dartscheibe-razor-pro-aus-african-sisal\/#breadcrumb","itemListElement":[{"@type":"ListItem","position":1,"name":"Startseite","item":"https:\/\/schweizversand.ch\/it\/home\/"},{"@type":"ListItem","position":2,"name":"Shop","item":"https:\/\/schweizversand.ch\/it\/shop\/"},{"@type":"ListItem","position":3,"name":"Sport","item":"https:\/\/schweizversand.ch\/it\/produkt-kategorie\/sport-it\/"},{"@type":"ListItem","position":4,"name":"sport con la palla e freccette","item":"https:\/\/schweizversand.ch\/it\/produkt-kategorie\/sport-it\/sport-con-la-palla-e-freccette\/"},{"@type":"ListItem","position":5,"name":"Dart","item":"https:\/\/schweizversand.ch\/it\/produkt-kategorie\/sport-it\/sport-con-la-palla-e-freccette\/dart\/"},{"@type":"ListItem","position":6,"name":"Bersaglio per freccette XQ Max Razor Pro, realizzato in sisal africano"}]},{"@type":"WebSite","@id":"https:\/\/schweizversand.ch\/it\/#website","url":"https:\/\/schweizversand.ch\/it\/","name":"Schweizer Shop f\u00fcr Sport, Spiel und Freizeit","description":"Gratisversand ab 50.- (netto), ab eigenem schweizer Lager, Lieferung innert 48h","publisher":{"@id":"https:\/\/schweizversand.ch\/it\/#organization"},"alternateName":"Schweizversand.ch","potentialAction":[{"@type":"SearchAction","target":{"@type":"EntryPoint","urlTemplate":"https:\/\/schweizversand.ch\/it\/?s={search_term_string}"},"query-input":{"@type":"PropertyValueSpecification","valueRequired":true,"valueName":"search_term_string"}}],"inLanguage":"it-IT"},{"@type":"Organization","@id":"https:\/\/schweizversand.ch\/it\/#organization","name":"Schweizversand.ch","url":"https:\/\/schweizversand.ch\/it\/","logo":{"@type":"ImageObject","inLanguage":"it-IT","@id":"https:\/\/schweizversand.ch\/it\/#\/schema\/logo\/image\/","url":"https:\/\/schweizversand.ch\/wp-content\/uploads\/2026\/03\/Logo_Rund_Final-1.png","contentUrl":"https:\/\/schweizversand.ch\/wp-content\/uploads\/2026\/03\/Logo_Rund_Final-1.png","width":404,"height":404,"caption":"Schweizversand.ch"},"image":{"@id":"https:\/\/schweizversand.ch\/it\/#\/schema\/logo\/image\/"},"sameAs":["https:\/\/www.facebook.com\/Schweizversand","https:\/\/www.instagram.com\/schweizversand.ch\/"]}]}},"jetpack_sharing_enabled":true,"_links":{"self":[{"href":"https:\/\/schweizversand.ch\/it\/wp-json\/wp\/v2\/product\/261783","targetHints":{"allow":["GET"]}}],"collection":[{"href":"https:\/\/schweizversand.ch\/it\/wp-json\/wp\/v2\/product"}],"about":[{"href":"https:\/\/schweizversand.ch\/it\/wp-json\/wp\/v2\/types\/product"}],"replies":[{"embeddable":true,"href":"https:\/\/schweizversand.ch\/it\/wp-json\/wp\/v2\/comments?post=261783"}],"wp:featuredmedia":[{"embeddable":true,"href":"https:\/\/schweizversand.ch\/it\/wp-json\/wp\/v2\/media\/37341"}],"wp:attachment":[{"href":"https:\/\/schweizversand.ch\/it\/wp-json\/wp\/v2\/media?parent=261783"}],"wp:term":[{"taxonomy":"product_brand","embeddable":true,"href":"https:\/\/schweizversand.ch\/it\/wp-json\/wp\/v2\/product_brand?post=261783"},{"taxonomy":"product_cat","embeddable":true,"href":"https:\/\/schweizversand.ch\/it\/wp-json\/wp\/v2\/product_cat?post=261783"},{"taxonomy":"product_tag","embeddable":true,"href":"https:\/\/schweizversand.ch\/it\/wp-json\/wp\/v2\/product_tag?post=261783"}],"curies":[{"name":"wp","href":"https:\/\/api.w.org\/{rel}","templated":true}]}}