{"id":261788,"date":"2026-04-01T02:00:22","date_gmt":"2026-04-01T00:00:22","guid":{"rendered":"https:\/\/schweizversand.ch\/produkt\/pure2improve-neopren-kurzhantel-5kg\/"},"modified":"2026-04-10T02:08:09","modified_gmt":"2026-04-10T00:08:09","slug":"pure2improve-neopren-kurzhantel-5kg","status":"publish","type":"product","link":"https:\/\/schweizversand.ch\/it\/produkt\/pure2improve-neopren-kurzhantel-5kg\/","title":{"rendered":"Manubrio in neoprene Pure2improve 5 kg"},"content":{"rendered":"<h1><strong>Manubrio in neoprene &#8211; Accessorio perfetto per l&#8217;allenamento di tutto il corpo<\/strong><\/h1>\n<div>Aumenta l&#8217;efficacia del tuo allenamento con questo manubrio in neoprene di alta qualit\u00e0 di Pure2Improve. Questo accessorio fitness essenziale \u00e8 ideale per rafforzare diversi gruppi muscolari e rappresenta un&#8217;eccellente aggiunta al tuo allenamento per tutto il corpo.<\/p>\n<\/div>\n<div><strong>Utilizzo versatile<\/strong><br \/>Il manubrio in neoprene \u00e8 estremamente versatile e perfetto per l&#8217;allenamento a casa. Che tu voglia fare esercizi aerobici, ginnastica intensa o allenamenti di fitness in generale, questo manubrio ti supporter\u00e0 in modo ottimale nel raggiungimento dei tuoi obiettivi.<\/p>\n<\/div>\n<div><strong>Comfort e sicurezza<\/strong><br \/>Questo manubrio \u00e8 stato progettato per il massimo comfort e una presa sicura. \u00c8 dotato di uno strato superiore antiscivolo in morbida gomma (neoprene) che garantisce una presa salda e confortevole. Questo \u00e8 particolarmente importante durante gli allenamenti pi\u00f9 intensi per mantenere il controllo e ridurre al minimo il rischio di infortuni. Il manubrio si adatta comodamente alla mano, permettendoti di concentrarti completamente sulla tua tecnica. Dettagli del prodotto &#8211; Materiale: Neoprene di alta qualit\u00e0 &#8211; Superficie: Antiscivolo e morbida &#8211; Ideale per: Aerobica, ginnastica, fitness e allenamenti per tutto il corpo. Investi nel tuo fitness e rendi questo manubrio in neoprene una parte essenziale della tua routine di allenamento. Ordina ora e inizia il tuo allenamento efficace!<\/p>\n","protected":false},"excerpt":{"rendered":"<p>Pure2improve Neopren Kurzhantel 5kg bietet rutschfesten Halt und vielseitiges Training f\u00fcr Zuhause \u2013 ideal f\u00fcr effektives Ganzk\u00f6rper-Workout und gezielten Muskelaufbau.<\/p>\n","protected":false},"featured_media":262071,"comment_status":"open","ping_status":"closed","template":"","meta":[],"product_brand":[],"product_cat":[38738],"product_tag":[],"class_list":{"0":"post-261788","1":"product","2":"type-product","3":"status-publish","4":"has-post-thumbnail","6":"product_cat-hanteln-gewichte","7":"product_shipping_class-global_methods","9":"first","10":"instock","11":"taxable","12":"shipping-taxable","13":"purchasable","14":"product-type-simple"},"yoast_head":"<!-- This site is optimized with the Yoast SEO plugin v27.3 - https:\/\/yoast.com\/product\/yoast-seo-wordpress\/ -->\n<title>Pure2improve Neopren Kurzhantel 5kg<\/title>\n<meta name=\"description\" content=\"Neopren Kurzhantel \u2013 Perfektes Ganzk\u00f6rpertraining Zubeh\u00f6r Steigern Sie die Effektivit\u00e4t Ihres Trainings mit dieser hochwertigen Neopren Kurzhantel von Pure2Impr\" \/>\n<meta name=\"robots\" content=\"index, follow, max-snippet:-1, max-image-preview:large, max-video-preview:-1\" \/>\n<link rel=\"canonical\" href=\"https:\/\/schweizversand.ch\/it\/produkt\/pure2improve-neopren-kurzhantel-5kg\/\" \/>\n<meta property=\"og:locale\" content=\"it_IT\" \/>\n<meta property=\"og:type\" content=\"article\" \/>\n<meta property=\"og:title\" content=\"Pure2improve Neopren Kurzhantel 5kg\" \/>\n<meta property=\"og:description\" content=\"Neopren Kurzhantel \u2013 Perfektes Ganzk\u00f6rpertraining Zubeh\u00f6r Steigern Sie die Effektivit\u00e4t Ihres Trainings mit dieser hochwertigen Neopren Kurzhantel von Pure2Impr\" \/>\n<meta property=\"og:url\" content=\"https:\/\/schweizversand.ch\/it\/produkt\/pure2improve-neopren-kurzhantel-5kg\/\" \/>\n<meta property=\"og:site_name\" content=\"Schweizer Shop f\u00fcr Sport, Spiel und Freizeit\" \/>\n<meta property=\"article:publisher\" content=\"https:\/\/www.facebook.com\/Schweizversand\" \/>\n<meta property=\"article:modified_time\" content=\"2026-04-10T00:08:09+00:00\" \/>\n<meta property=\"og:image\" content=\"https:\/\/schweizversand.ch\/wp-content\/uploads\/2026\/04\/5471550471.jpg\" \/>\n\t<meta property=\"og:image:width\" content=\"1024\" \/>\n\t<meta property=\"og:image:height\" content=\"1024\" \/>\n\t<meta property=\"og:image:type\" content=\"image\/jpeg\" \/>\n<meta name=\"twitter:card\" content=\"summary_large_image\" \/>\n<meta name=\"twitter:label1\" content=\"Tempo di lettura stimato\" \/>\n\t<meta name=\"twitter:data1\" content=\"1 minuto\" \/>\n<script type=\"application\/ld+json\" class=\"yoast-schema-graph\">{\"@context\":\"https:\\\/\\\/schema.org\",\"@graph\":[{\"@type\":\"WebPage\",\"@id\":\"https:\\\/\\\/schweizversand.ch\\\/it\\\/produkt\\\/pure2improve-neopren-kurzhantel-5kg\\\/\",\"url\":\"https:\\\/\\\/schweizversand.ch\\\/it\\\/produkt\\\/pure2improve-neopren-kurzhantel-5kg\\\/\",\"name\":\"Pure2improve Neopren Kurzhantel 5kg\",\"isPartOf\":{\"@id\":\"https:\\\/\\\/schweizversand.ch\\\/it\\\/#website\"},\"primaryImageOfPage\":{\"@id\":\"https:\\\/\\\/schweizversand.ch\\\/it\\\/produkt\\\/pure2improve-neopren-kurzhantel-5kg\\\/#primaryimage\"},\"image\":{\"@id\":\"https:\\\/\\\/schweizversand.ch\\\/it\\\/produkt\\\/pure2improve-neopren-kurzhantel-5kg\\\/#primaryimage\"},\"thumbnailUrl\":\"https:\\\/\\\/schweizversand.ch\\\/wp-content\\\/uploads\\\/2026\\\/04\\\/5471550471-1.jpg\",\"datePublished\":\"2026-04-01T00:00:22+00:00\",\"dateModified\":\"2026-04-10T00:08:09+00:00\",\"description\":\"Neopren Kurzhantel \u2013 Perfektes Ganzk\u00f6rpertraining Zubeh\u00f6r Steigern Sie die Effektivit\u00e4t Ihres Trainings mit dieser hochwertigen Neopren Kurzhantel von Pure2Impr\",\"breadcrumb\":{\"@id\":\"https:\\\/\\\/schweizversand.ch\\\/it\\\/produkt\\\/pure2improve-neopren-kurzhantel-5kg\\\/#breadcrumb\"},\"inLanguage\":\"it-IT\",\"potentialAction\":[{\"@type\":\"ReadAction\",\"target\":[\"https:\\\/\\\/schweizversand.ch\\\/it\\\/produkt\\\/pure2improve-neopren-kurzhantel-5kg\\\/\"]}]},{\"@type\":\"ImageObject\",\"inLanguage\":\"it-IT\",\"@id\":\"https:\\\/\\\/schweizversand.ch\\\/it\\\/produkt\\\/pure2improve-neopren-kurzhantel-5kg\\\/#primaryimage\",\"url\":\"https:\\\/\\\/schweizversand.ch\\\/wp-content\\\/uploads\\\/2026\\\/04\\\/5471550471-1.jpg\",\"contentUrl\":\"https:\\\/\\\/schweizversand.ch\\\/wp-content\\\/uploads\\\/2026\\\/04\\\/5471550471-1.jpg\",\"width\":1024,\"height\":1024},{\"@type\":\"BreadcrumbList\",\"@id\":\"https:\\\/\\\/schweizversand.ch\\\/it\\\/produkt\\\/pure2improve-neopren-kurzhantel-5kg\\\/#breadcrumb\",\"itemListElement\":[{\"@type\":\"ListItem\",\"position\":1,\"name\":\"Startseite\",\"item\":\"https:\\\/\\\/schweizversand.ch\\\/it\\\/\"},{\"@type\":\"ListItem\",\"position\":2,\"name\":\"Shop\",\"item\":\"https:\\\/\\\/schweizversand.ch\\\/it\\\/shop\\\/\"},{\"@type\":\"ListItem\",\"position\":3,\"name\":\"Manubrio in neoprene Pure2improve 5 kg\"}]},{\"@type\":\"WebSite\",\"@id\":\"https:\\\/\\\/schweizversand.ch\\\/it\\\/#website\",\"url\":\"https:\\\/\\\/schweizversand.ch\\\/it\\\/\",\"name\":\"Schweizer Shop f\u00fcr Sport, Spiel und Freizeit\",\"description\":\"Gratisversand ab 50.- (netto), ab eigenem schweizer Lager, Lieferung innert 48h\",\"publisher\":{\"@id\":\"https:\\\/\\\/schweizversand.ch\\\/it\\\/#organization\"},\"alternateName\":\"Schweizversand.ch\",\"potentialAction\":[{\"@type\":\"SearchAction\",\"target\":{\"@type\":\"EntryPoint\",\"urlTemplate\":\"https:\\\/\\\/schweizversand.ch\\\/it\\\/?s={search_term_string}\"},\"query-input\":{\"@type\":\"PropertyValueSpecification\",\"valueRequired\":true,\"valueName\":\"search_term_string\"}}],\"inLanguage\":\"it-IT\"},{\"@type\":\"Organization\",\"@id\":\"https:\\\/\\\/schweizversand.ch\\\/it\\\/#organization\",\"name\":\"Schweizversand.ch\",\"url\":\"https:\\\/\\\/schweizversand.ch\\\/it\\\/\",\"logo\":{\"@type\":\"ImageObject\",\"inLanguage\":\"it-IT\",\"@id\":\"https:\\\/\\\/schweizversand.ch\\\/it\\\/#\\\/schema\\\/logo\\\/image\\\/\",\"url\":\"https:\\\/\\\/schweizversand.ch\\\/wp-content\\\/uploads\\\/2026\\\/03\\\/Logo_Rund_Final-1.png\",\"contentUrl\":\"https:\\\/\\\/schweizversand.ch\\\/wp-content\\\/uploads\\\/2026\\\/03\\\/Logo_Rund_Final-1.png\",\"width\":404,\"height\":404,\"caption\":\"Schweizversand.ch\"},\"image\":{\"@id\":\"https:\\\/\\\/schweizversand.ch\\\/it\\\/#\\\/schema\\\/logo\\\/image\\\/\"},\"sameAs\":[\"https:\\\/\\\/www.facebook.com\\\/Schweizversand\",\"https:\\\/\\\/www.instagram.com\\\/schweizversand.ch\\\/\"]}]}<\/script>\n<!-- \/ Yoast SEO plugin. -->","yoast_head_json":{"title":"Pure2improve Neopren Kurzhantel 5kg","description":"Neopren Kurzhantel \u2013 Perfektes Ganzk\u00f6rpertraining Zubeh\u00f6r Steigern Sie die Effektivit\u00e4t Ihres Trainings mit dieser hochwertigen Neopren Kurzhantel von Pure2Impr","robots":{"index":"index","follow":"follow","max-snippet":"max-snippet:-1","max-image-preview":"max-image-preview:large","max-video-preview":"max-video-preview:-1"},"canonical":"https:\/\/schweizversand.ch\/it\/produkt\/pure2improve-neopren-kurzhantel-5kg\/","og_locale":"it_IT","og_type":"article","og_title":"Pure2improve Neopren Kurzhantel 5kg","og_description":"Neopren Kurzhantel \u2013 Perfektes Ganzk\u00f6rpertraining Zubeh\u00f6r Steigern Sie die Effektivit\u00e4t Ihres Trainings mit dieser hochwertigen Neopren Kurzhantel von Pure2Impr","og_url":"https:\/\/schweizversand.ch\/it\/produkt\/pure2improve-neopren-kurzhantel-5kg\/","og_site_name":"Schweizer Shop f\u00fcr Sport, Spiel und Freizeit","article_publisher":"https:\/\/www.facebook.com\/Schweizversand","article_modified_time":"2026-04-10T00:08:09+00:00","og_image":[{"width":1024,"height":1024,"url":"https:\/\/schweizversand.ch\/wp-content\/uploads\/2026\/04\/5471550471.jpg","type":"image\/jpeg"}],"twitter_card":"summary_large_image","twitter_misc":{"Tempo di lettura stimato":"1 minuto"},"schema":{"@context":"https:\/\/schema.org","@graph":[{"@type":"WebPage","@id":"https:\/\/schweizversand.ch\/it\/produkt\/pure2improve-neopren-kurzhantel-5kg\/","url":"https:\/\/schweizversand.ch\/it\/produkt\/pure2improve-neopren-kurzhantel-5kg\/","name":"Pure2improve Neopren Kurzhantel 5kg","isPartOf":{"@id":"https:\/\/schweizversand.ch\/it\/#website"},"primaryImageOfPage":{"@id":"https:\/\/schweizversand.ch\/it\/produkt\/pure2improve-neopren-kurzhantel-5kg\/#primaryimage"},"image":{"@id":"https:\/\/schweizversand.ch\/it\/produkt\/pure2improve-neopren-kurzhantel-5kg\/#primaryimage"},"thumbnailUrl":"https:\/\/schweizversand.ch\/wp-content\/uploads\/2026\/04\/5471550471-1.jpg","datePublished":"2026-04-01T00:00:22+00:00","dateModified":"2026-04-10T00:08:09+00:00","description":"Neopren Kurzhantel \u2013 Perfektes Ganzk\u00f6rpertraining Zubeh\u00f6r Steigern Sie die Effektivit\u00e4t Ihres Trainings mit dieser hochwertigen Neopren Kurzhantel von Pure2Impr","breadcrumb":{"@id":"https:\/\/schweizversand.ch\/it\/produkt\/pure2improve-neopren-kurzhantel-5kg\/#breadcrumb"},"inLanguage":"it-IT","potentialAction":[{"@type":"ReadAction","target":["https:\/\/schweizversand.ch\/it\/produkt\/pure2improve-neopren-kurzhantel-5kg\/"]}]},{"@type":"ImageObject","inLanguage":"it-IT","@id":"https:\/\/schweizversand.ch\/it\/produkt\/pure2improve-neopren-kurzhantel-5kg\/#primaryimage","url":"https:\/\/schweizversand.ch\/wp-content\/uploads\/2026\/04\/5471550471-1.jpg","contentUrl":"https:\/\/schweizversand.ch\/wp-content\/uploads\/2026\/04\/5471550471-1.jpg","width":1024,"height":1024},{"@type":"BreadcrumbList","@id":"https:\/\/schweizversand.ch\/it\/produkt\/pure2improve-neopren-kurzhantel-5kg\/#breadcrumb","itemListElement":[{"@type":"ListItem","position":1,"name":"Startseite","item":"https:\/\/schweizversand.ch\/it\/"},{"@type":"ListItem","position":2,"name":"Shop","item":"https:\/\/schweizversand.ch\/it\/shop\/"},{"@type":"ListItem","position":3,"name":"Manubrio in neoprene Pure2improve 5 kg"}]},{"@type":"WebSite","@id":"https:\/\/schweizversand.ch\/it\/#website","url":"https:\/\/schweizversand.ch\/it\/","name":"Schweizer Shop f\u00fcr Sport, Spiel und Freizeit","description":"Gratisversand ab 50.- (netto), ab eigenem schweizer Lager, Lieferung innert 48h","publisher":{"@id":"https:\/\/schweizversand.ch\/it\/#organization"},"alternateName":"Schweizversand.ch","potentialAction":[{"@type":"SearchAction","target":{"@type":"EntryPoint","urlTemplate":"https:\/\/schweizversand.ch\/it\/?s={search_term_string}"},"query-input":{"@type":"PropertyValueSpecification","valueRequired":true,"valueName":"search_term_string"}}],"inLanguage":"it-IT"},{"@type":"Organization","@id":"https:\/\/schweizversand.ch\/it\/#organization","name":"Schweizversand.ch","url":"https:\/\/schweizversand.ch\/it\/","logo":{"@type":"ImageObject","inLanguage":"it-IT","@id":"https:\/\/schweizversand.ch\/it\/#\/schema\/logo\/image\/","url":"https:\/\/schweizversand.ch\/wp-content\/uploads\/2026\/03\/Logo_Rund_Final-1.png","contentUrl":"https:\/\/schweizversand.ch\/wp-content\/uploads\/2026\/03\/Logo_Rund_Final-1.png","width":404,"height":404,"caption":"Schweizversand.ch"},"image":{"@id":"https:\/\/schweizversand.ch\/it\/#\/schema\/logo\/image\/"},"sameAs":["https:\/\/www.facebook.com\/Schweizversand","https:\/\/www.instagram.com\/schweizversand.ch\/"]}]}},"jetpack_sharing_enabled":true,"_links":{"self":[{"href":"https:\/\/schweizversand.ch\/it\/wp-json\/wp\/v2\/product\/261788","targetHints":{"allow":["GET"]}}],"collection":[{"href":"https:\/\/schweizversand.ch\/it\/wp-json\/wp\/v2\/product"}],"about":[{"href":"https:\/\/schweizversand.ch\/it\/wp-json\/wp\/v2\/types\/product"}],"replies":[{"embeddable":true,"href":"https:\/\/schweizversand.ch\/it\/wp-json\/wp\/v2\/comments?post=261788"}],"wp:featuredmedia":[{"embeddable":true,"href":"https:\/\/schweizversand.ch\/it\/wp-json\/wp\/v2\/media\/262071"}],"wp:attachment":[{"href":"https:\/\/schweizversand.ch\/it\/wp-json\/wp\/v2\/media?parent=261788"}],"wp:term":[{"taxonomy":"product_brand","embeddable":true,"href":"https:\/\/schweizversand.ch\/it\/wp-json\/wp\/v2\/product_brand?post=261788"},{"taxonomy":"product_cat","embeddable":true,"href":"https:\/\/schweizversand.ch\/it\/wp-json\/wp\/v2\/product_cat?post=261788"},{"taxonomy":"product_tag","embeddable":true,"href":"https:\/\/schweizversand.ch\/it\/wp-json\/wp\/v2\/product_tag?post=261788"}],"curies":[{"name":"wp","href":"https:\/\/api.w.org\/{rel}","templated":true}]}}