{"id":263063,"date":"2026-04-08T02:00:43","date_gmt":"2026-04-08T00:00:43","guid":{"rendered":"https:\/\/schweizversand.ch\/produkt\/hudora-first-trampolin-250v\/"},"modified":"2026-04-19T02:07:05","modified_gmt":"2026-04-19T00:07:05","slug":"hudora-first-trampolin-250v","status":"publish","type":"product","link":"https:\/\/schweizversand.ch\/it\/produkt\/hudora-first-trampolin-250v\/","title":{"rendered":"Hudora First Trampoline 250V"},"content":{"rendered":"<div>Immergiti nel divertimento dei salti: trampolino con rete di sicurezza, diametro 250 cm. Pronti, partenza, via!<br \/>Il trampolino First 250 \u00e8 la scelta giusta per un divertimento sicuro. La rete di sicurezza interna pu\u00f2 essere fissata facilmente e saldamente all&#8217;anello in acciaio nella parte superiore. Questo permette anche agli acrobati pi\u00f9 spericolati di saltare, scatenarsi e fare capriole senza farsi male. La struttura a 6 gambe estremamente stabile e l&#8217;ampio bordo protettivo, che copre completamente le molle, sono tra i dettagli di alta qualit\u00e0. Le 48 molle stesse forniscono una potenza di rimbalzo eccezionale. Questo modello ottiene un&#8217;impressionante stabilit\u00e0 dalla struttura in metallo zincato a caldo, inclusi i tre pali principali imbottiti. E la parte migliore: il trampolino First non offre solo ai bambini la meravigliosa sensazione di essere senza peso per un breve momento. Anche gli adulti possono facilmente eseguire alcuni salti con un peso utente fino a 100 kg. Non c&#8217;\u00e8 da stupirsi che un trampolino sia in cima alla lista delle cose da acquistare per molte persone. Non \u00e8 solo ottimo per l&#8217;esercizio fisico, ma \u00e8 perfetto anche per rilassarsi e strizzare gli occhi al sole. Caratteristiche: &nbsp; &nbsp; &nbsp; &nbsp; &nbsp; &nbsp; &nbsp; &nbsp; &nbsp; &nbsp;<br \/>Dimensioni di montaggio (L x P x A in cm): 250 x 250 x 240&nbsp; &nbsp; &nbsp; &nbsp; &nbsp; &nbsp; &nbsp; &nbsp; &nbsp; &nbsp; &nbsp;<br \/>Per chi: adulti, adolescenti, bambini&nbsp; &nbsp; &nbsp; &nbsp; &nbsp; &nbsp; &nbsp; &nbsp; &nbsp; &nbsp;&nbsp;<br \/>Diametro (cm):250&nbsp; &nbsp; &nbsp; &nbsp; &nbsp; &nbsp; &nbsp; &nbsp; &nbsp; &nbsp; &nbsp; &nbsp;<br \/>Colore: Rosso, Nero&nbsp; &nbsp; &nbsp; &nbsp; &nbsp; &nbsp; &nbsp; &nbsp; &nbsp; &nbsp;<br \/>Numero di gambe: 6&nbsp; &nbsp; &nbsp; &nbsp; &nbsp; &nbsp; &nbsp; &nbsp; &nbsp; &nbsp;&nbsp;<br \/>Numero di molle: 48&nbsp; &nbsp; &nbsp; &nbsp; &nbsp; &nbsp; &nbsp; &nbsp; &nbsp; &nbsp; &nbsp; &nbsp;<br \/>Altezza telaio (cm): 60&nbsp; &nbsp; &nbsp; &nbsp; &nbsp; &nbsp; &nbsp; &nbsp; &nbsp; &nbsp; &nbsp;<br \/>Materiale: Acciaio&nbsp; &nbsp; &nbsp; &nbsp; &nbsp; &nbsp; &nbsp; &nbsp; &nbsp; &nbsp;&nbsp;<br \/>Tipo di costruzione: particolarmente stabile al ribaltamento&nbsp; &nbsp; &nbsp; &nbsp; &nbsp; &nbsp; &nbsp; &nbsp; &nbsp; &nbsp; &nbsp; &nbsp; &nbsp;<br \/>Applicazione: Esterno&nbsp; &nbsp; &nbsp; &nbsp; &nbsp; &nbsp; &nbsp; &nbsp; &nbsp; &nbsp;<br \/>Peso massimo utente (kg): 100&nbsp; &nbsp; &nbsp; &nbsp; &nbsp; &nbsp;&nbsp;<br \/>Confezionato in 2 scatole: 17,10 kg\/19,70 kg<\/p>\n<\/div>\n","protected":false},"excerpt":{"rendered":"<p>Hudora First Trampolin 250V bietet sichere Spr\u00fcnge dank stabilem 6-Bein-Gestell, innenliegendem Sicherheitsnetz und komplett gesch\u00fctztem Rand \u2013 perfekt f\u00fcr die ganze Familie.<\/p>\n","protected":false},"featured_media":263065,"comment_status":"open","ping_status":"closed","template":"","meta":[],"product_brand":[],"product_cat":[38558],"product_tag":[],"class_list":{"0":"post-263063","1":"product","2":"type-product","3":"status-publish","4":"has-post-thumbnail","6":"product_cat-gartenspielgeraete","7":"product_shipping_class-global_methods","9":"first","10":"instock","11":"taxable","12":"shipping-taxable","13":"purchasable","14":"product-type-simple"},"yoast_head":"<!-- This site is optimized with the Yoast SEO plugin v27.4 - https:\/\/yoast.com\/product\/yoast-seo-wordpress\/ -->\n<title>Hudora First Trampolin 250V<\/title>\n<meta name=\"description\" content=\"Hinein ins Sprungvergn\u00fcgen: Trampolin mit Sicherheitsnetz, 250 cm Durchmesser. Ready, set, go!\u00a0 \u00a0 \u00a0 \u00a0 \u00a0 \u00a0 \u00a0 \u00a0 \u00a0 \u00a0\u00a0 Das Trampolin First 250 ist die richtige Wahl\" \/>\n<meta name=\"robots\" content=\"index, follow, max-snippet:-1, max-image-preview:large, max-video-preview:-1\" \/>\n<link rel=\"canonical\" href=\"https:\/\/schweizversand.ch\/it\/produkt\/hudora-first-trampolin-250v\/\" \/>\n<meta property=\"og:locale\" content=\"it_IT\" \/>\n<meta property=\"og:type\" content=\"article\" \/>\n<meta property=\"og:title\" content=\"Hudora First Trampolin 250V\" \/>\n<meta property=\"og:description\" content=\"Hinein ins Sprungvergn\u00fcgen: Trampolin mit Sicherheitsnetz, 250 cm Durchmesser. Ready, set, go!\u00a0 \u00a0 \u00a0 \u00a0 \u00a0 \u00a0 \u00a0 \u00a0 \u00a0 \u00a0\u00a0 Das Trampolin First 250 ist die richtige Wahl\" \/>\n<meta property=\"og:url\" content=\"https:\/\/schweizversand.ch\/it\/produkt\/hudora-first-trampolin-250v\/\" \/>\n<meta property=\"og:site_name\" content=\"Schweizer Shop f\u00fcr Sport, Spiel und Freizeit\" \/>\n<meta property=\"article:publisher\" content=\"https:\/\/www.facebook.com\/Schweizversand\" \/>\n<meta property=\"article:modified_time\" content=\"2026-04-19T00:07:05+00:00\" \/>\n<meta name=\"twitter:card\" content=\"summary_large_image\" \/>\n<meta name=\"twitter:label1\" content=\"Tempo di lettura stimato\" \/>\n\t<meta name=\"twitter:data1\" content=\"2 minuto\" \/>\n<script type=\"application\/ld+json\" class=\"yoast-schema-graph\">{\"@context\":\"https:\\\/\\\/schema.org\",\"@graph\":[{\"@type\":\"WebPage\",\"@id\":\"https:\\\/\\\/schweizversand.ch\\\/it\\\/produkt\\\/hudora-first-trampolin-250v\\\/\",\"url\":\"https:\\\/\\\/schweizversand.ch\\\/it\\\/produkt\\\/hudora-first-trampolin-250v\\\/\",\"name\":\"Hudora First Trampolin 250V\",\"isPartOf\":{\"@id\":\"https:\\\/\\\/schweizversand.ch\\\/it\\\/#website\"},\"primaryImageOfPage\":{\"@id\":\"https:\\\/\\\/schweizversand.ch\\\/it\\\/produkt\\\/hudora-first-trampolin-250v\\\/#primaryimage\"},\"image\":{\"@id\":\"https:\\\/\\\/schweizversand.ch\\\/it\\\/produkt\\\/hudora-first-trampolin-250v\\\/#primaryimage\"},\"thumbnailUrl\":\"https:\\\/\\\/schweizversand.ch\\\/wp-content\\\/uploads\\\/2026\\\/04\\\/5488591259-1.jpg\",\"datePublished\":\"2026-04-08T00:00:43+00:00\",\"dateModified\":\"2026-04-19T00:07:05+00:00\",\"description\":\"Hinein ins Sprungvergn\u00fcgen: Trampolin mit Sicherheitsnetz, 250 cm Durchmesser. Ready, set, go!\u00a0 \u00a0 \u00a0 \u00a0 \u00a0 \u00a0 \u00a0 \u00a0 \u00a0 \u00a0\u00a0 Das Trampolin First 250 ist die richtige Wahl\",\"breadcrumb\":{\"@id\":\"https:\\\/\\\/schweizversand.ch\\\/it\\\/produkt\\\/hudora-first-trampolin-250v\\\/#breadcrumb\"},\"inLanguage\":\"it-IT\",\"potentialAction\":[{\"@type\":\"ReadAction\",\"target\":[\"https:\\\/\\\/schweizversand.ch\\\/it\\\/produkt\\\/hudora-first-trampolin-250v\\\/\"]}]},{\"@type\":\"ImageObject\",\"inLanguage\":\"it-IT\",\"@id\":\"https:\\\/\\\/schweizversand.ch\\\/it\\\/produkt\\\/hudora-first-trampolin-250v\\\/#primaryimage\",\"url\":\"https:\\\/\\\/schweizversand.ch\\\/wp-content\\\/uploads\\\/2026\\\/04\\\/5488591259-1.jpg\",\"contentUrl\":\"https:\\\/\\\/schweizversand.ch\\\/wp-content\\\/uploads\\\/2026\\\/04\\\/5488591259-1.jpg\",\"width\":925,\"height\":1024},{\"@type\":\"BreadcrumbList\",\"@id\":\"https:\\\/\\\/schweizversand.ch\\\/it\\\/produkt\\\/hudora-first-trampolin-250v\\\/#breadcrumb\",\"itemListElement\":[{\"@type\":\"ListItem\",\"position\":1,\"name\":\"Startseite\",\"item\":\"https:\\\/\\\/schweizversand.ch\\\/it\\\/home\\\/\"},{\"@type\":\"ListItem\",\"position\":2,\"name\":\"Shop\",\"item\":\"https:\\\/\\\/schweizversand.ch\\\/it\\\/shop\\\/\"},{\"@type\":\"ListItem\",\"position\":3,\"name\":\"Giocattoli e giochi\",\"item\":\"https:\\\/\\\/schweizversand.ch\\\/it\\\/produkt-kategorie\\\/giocattoli-e-giochi\\\/\"},{\"@type\":\"ListItem\",\"position\":4,\"name\":\"Giochi all'aperto\",\"item\":\"https:\\\/\\\/schweizversand.ch\\\/it\\\/produkt-kategorie\\\/giocattoli-e-giochi\\\/giochi-allaperto\\\/\"},{\"@type\":\"ListItem\",\"position\":5,\"name\":\"Attrezzature da gioco da giardino\",\"item\":\"https:\\\/\\\/schweizversand.ch\\\/it\\\/produkt-kategorie\\\/giocattoli-e-giochi\\\/giochi-allaperto\\\/gartenspielgeraete\\\/\"},{\"@type\":\"ListItem\",\"position\":6,\"name\":\"Hudora First Trampoline 250V\"}]},{\"@type\":\"WebSite\",\"@id\":\"https:\\\/\\\/schweizversand.ch\\\/it\\\/#website\",\"url\":\"https:\\\/\\\/schweizversand.ch\\\/it\\\/\",\"name\":\"Schweizer Shop f\u00fcr Sport, Spiel und Freizeit\",\"description\":\"Gratisversand ab 50.- (netto), ab eigenem schweizer Lager, Lieferung innert 48h\",\"publisher\":{\"@id\":\"https:\\\/\\\/schweizversand.ch\\\/it\\\/#organization\"},\"alternateName\":\"Schweizversand.ch\",\"potentialAction\":[{\"@type\":\"SearchAction\",\"target\":{\"@type\":\"EntryPoint\",\"urlTemplate\":\"https:\\\/\\\/schweizversand.ch\\\/it\\\/?s={search_term_string}\"},\"query-input\":{\"@type\":\"PropertyValueSpecification\",\"valueRequired\":true,\"valueName\":\"search_term_string\"}}],\"inLanguage\":\"it-IT\"},{\"@type\":\"Organization\",\"@id\":\"https:\\\/\\\/schweizversand.ch\\\/it\\\/#organization\",\"name\":\"Schweizversand.ch\",\"url\":\"https:\\\/\\\/schweizversand.ch\\\/it\\\/\",\"logo\":{\"@type\":\"ImageObject\",\"inLanguage\":\"it-IT\",\"@id\":\"https:\\\/\\\/schweizversand.ch\\\/it\\\/#\\\/schema\\\/logo\\\/image\\\/\",\"url\":\"https:\\\/\\\/schweizversand.ch\\\/wp-content\\\/uploads\\\/2026\\\/03\\\/Logo_Rund_Final-1.png\",\"contentUrl\":\"https:\\\/\\\/schweizversand.ch\\\/wp-content\\\/uploads\\\/2026\\\/03\\\/Logo_Rund_Final-1.png\",\"width\":404,\"height\":404,\"caption\":\"Schweizversand.ch\"},\"image\":{\"@id\":\"https:\\\/\\\/schweizversand.ch\\\/it\\\/#\\\/schema\\\/logo\\\/image\\\/\"},\"sameAs\":[\"https:\\\/\\\/www.facebook.com\\\/Schweizversand\",\"https:\\\/\\\/www.instagram.com\\\/schweizversand.ch\\\/\"]}]}<\/script>\n<!-- \/ Yoast SEO plugin. -->","yoast_head_json":{"title":"Hudora First Trampolin 250V","description":"Hinein ins Sprungvergn\u00fcgen: Trampolin mit Sicherheitsnetz, 250 cm Durchmesser. Ready, set, go!\u00a0 \u00a0 \u00a0 \u00a0 \u00a0 \u00a0 \u00a0 \u00a0 \u00a0 \u00a0\u00a0 Das Trampolin First 250 ist die richtige Wahl","robots":{"index":"index","follow":"follow","max-snippet":"max-snippet:-1","max-image-preview":"max-image-preview:large","max-video-preview":"max-video-preview:-1"},"canonical":"https:\/\/schweizversand.ch\/it\/produkt\/hudora-first-trampolin-250v\/","og_locale":"it_IT","og_type":"article","og_title":"Hudora First Trampolin 250V","og_description":"Hinein ins Sprungvergn\u00fcgen: Trampolin mit Sicherheitsnetz, 250 cm Durchmesser. Ready, set, go!\u00a0 \u00a0 \u00a0 \u00a0 \u00a0 \u00a0 \u00a0 \u00a0 \u00a0 \u00a0\u00a0 Das Trampolin First 250 ist die richtige Wahl","og_url":"https:\/\/schweizversand.ch\/it\/produkt\/hudora-first-trampolin-250v\/","og_site_name":"Schweizer Shop f\u00fcr Sport, Spiel und Freizeit","article_publisher":"https:\/\/www.facebook.com\/Schweizversand","article_modified_time":"2026-04-19T00:07:05+00:00","twitter_card":"summary_large_image","twitter_misc":{"Tempo di lettura stimato":"2 minuto"},"schema":{"@context":"https:\/\/schema.org","@graph":[{"@type":"WebPage","@id":"https:\/\/schweizversand.ch\/it\/produkt\/hudora-first-trampolin-250v\/","url":"https:\/\/schweizversand.ch\/it\/produkt\/hudora-first-trampolin-250v\/","name":"Hudora First Trampolin 250V","isPartOf":{"@id":"https:\/\/schweizversand.ch\/it\/#website"},"primaryImageOfPage":{"@id":"https:\/\/schweizversand.ch\/it\/produkt\/hudora-first-trampolin-250v\/#primaryimage"},"image":{"@id":"https:\/\/schweizversand.ch\/it\/produkt\/hudora-first-trampolin-250v\/#primaryimage"},"thumbnailUrl":"https:\/\/schweizversand.ch\/wp-content\/uploads\/2026\/04\/5488591259-1.jpg","datePublished":"2026-04-08T00:00:43+00:00","dateModified":"2026-04-19T00:07:05+00:00","description":"Hinein ins Sprungvergn\u00fcgen: Trampolin mit Sicherheitsnetz, 250 cm Durchmesser. Ready, set, go!\u00a0 \u00a0 \u00a0 \u00a0 \u00a0 \u00a0 \u00a0 \u00a0 \u00a0 \u00a0\u00a0 Das Trampolin First 250 ist die richtige Wahl","breadcrumb":{"@id":"https:\/\/schweizversand.ch\/it\/produkt\/hudora-first-trampolin-250v\/#breadcrumb"},"inLanguage":"it-IT","potentialAction":[{"@type":"ReadAction","target":["https:\/\/schweizversand.ch\/it\/produkt\/hudora-first-trampolin-250v\/"]}]},{"@type":"ImageObject","inLanguage":"it-IT","@id":"https:\/\/schweizversand.ch\/it\/produkt\/hudora-first-trampolin-250v\/#primaryimage","url":"https:\/\/schweizversand.ch\/wp-content\/uploads\/2026\/04\/5488591259-1.jpg","contentUrl":"https:\/\/schweizversand.ch\/wp-content\/uploads\/2026\/04\/5488591259-1.jpg","width":925,"height":1024},{"@type":"BreadcrumbList","@id":"https:\/\/schweizversand.ch\/it\/produkt\/hudora-first-trampolin-250v\/#breadcrumb","itemListElement":[{"@type":"ListItem","position":1,"name":"Startseite","item":"https:\/\/schweizversand.ch\/it\/home\/"},{"@type":"ListItem","position":2,"name":"Shop","item":"https:\/\/schweizversand.ch\/it\/shop\/"},{"@type":"ListItem","position":3,"name":"Giocattoli e giochi","item":"https:\/\/schweizversand.ch\/it\/produkt-kategorie\/giocattoli-e-giochi\/"},{"@type":"ListItem","position":4,"name":"Giochi all'aperto","item":"https:\/\/schweizversand.ch\/it\/produkt-kategorie\/giocattoli-e-giochi\/giochi-allaperto\/"},{"@type":"ListItem","position":5,"name":"Attrezzature da gioco da giardino","item":"https:\/\/schweizversand.ch\/it\/produkt-kategorie\/giocattoli-e-giochi\/giochi-allaperto\/gartenspielgeraete\/"},{"@type":"ListItem","position":6,"name":"Hudora First Trampoline 250V"}]},{"@type":"WebSite","@id":"https:\/\/schweizversand.ch\/it\/#website","url":"https:\/\/schweizversand.ch\/it\/","name":"Schweizer Shop f\u00fcr Sport, Spiel und Freizeit","description":"Gratisversand ab 50.- (netto), ab eigenem schweizer Lager, Lieferung innert 48h","publisher":{"@id":"https:\/\/schweizversand.ch\/it\/#organization"},"alternateName":"Schweizversand.ch","potentialAction":[{"@type":"SearchAction","target":{"@type":"EntryPoint","urlTemplate":"https:\/\/schweizversand.ch\/it\/?s={search_term_string}"},"query-input":{"@type":"PropertyValueSpecification","valueRequired":true,"valueName":"search_term_string"}}],"inLanguage":"it-IT"},{"@type":"Organization","@id":"https:\/\/schweizversand.ch\/it\/#organization","name":"Schweizversand.ch","url":"https:\/\/schweizversand.ch\/it\/","logo":{"@type":"ImageObject","inLanguage":"it-IT","@id":"https:\/\/schweizversand.ch\/it\/#\/schema\/logo\/image\/","url":"https:\/\/schweizversand.ch\/wp-content\/uploads\/2026\/03\/Logo_Rund_Final-1.png","contentUrl":"https:\/\/schweizversand.ch\/wp-content\/uploads\/2026\/03\/Logo_Rund_Final-1.png","width":404,"height":404,"caption":"Schweizversand.ch"},"image":{"@id":"https:\/\/schweizversand.ch\/it\/#\/schema\/logo\/image\/"},"sameAs":["https:\/\/www.facebook.com\/Schweizversand","https:\/\/www.instagram.com\/schweizversand.ch\/"]}]}},"jetpack_sharing_enabled":true,"_links":{"self":[{"href":"https:\/\/schweizversand.ch\/it\/wp-json\/wp\/v2\/product\/263063","targetHints":{"allow":["GET"]}}],"collection":[{"href":"https:\/\/schweizversand.ch\/it\/wp-json\/wp\/v2\/product"}],"about":[{"href":"https:\/\/schweizversand.ch\/it\/wp-json\/wp\/v2\/types\/product"}],"replies":[{"embeddable":true,"href":"https:\/\/schweizversand.ch\/it\/wp-json\/wp\/v2\/comments?post=263063"}],"wp:featuredmedia":[{"embeddable":true,"href":"https:\/\/schweizversand.ch\/it\/wp-json\/wp\/v2\/media\/263065"}],"wp:attachment":[{"href":"https:\/\/schweizversand.ch\/it\/wp-json\/wp\/v2\/media?parent=263063"}],"wp:term":[{"taxonomy":"product_brand","embeddable":true,"href":"https:\/\/schweizversand.ch\/it\/wp-json\/wp\/v2\/product_brand?post=263063"},{"taxonomy":"product_cat","embeddable":true,"href":"https:\/\/schweizversand.ch\/it\/wp-json\/wp\/v2\/product_cat?post=263063"},{"taxonomy":"product_tag","embeddable":true,"href":"https:\/\/schweizversand.ch\/it\/wp-json\/wp\/v2\/product_tag?post=263063"}],"curies":[{"name":"wp","href":"https:\/\/api.w.org\/{rel}","templated":true}]}}