{"id":263124,"date":"2026-04-08T15:30:43","date_gmt":"2026-04-08T13:30:43","guid":{"rendered":"https:\/\/schweizversand.ch\/produkt\/sponeta-tischtennistisch-s-4-73-e\/"},"modified":"2026-04-11T15:36:24","modified_gmt":"2026-04-11T13:36:24","slug":"sponeta-tischtennistisch-s-4-73-e","status":"publish","type":"product","link":"https:\/\/schweizversand.ch\/it\/produkt\/sponeta-tischtennistisch-s-4-73-e\/","title":{"rendered":"Tavolo da ping pong Sponeta S 4-73 e"},"content":{"rendered":"<h1><strong>Tavolo da ping pong Sponeta S 4-73 e<\/strong><\/h1>\n<div>Vivi il tennistavolo a un nuovo livello con il <strong>tavolo da ping pong Sponeta S 4-73 e<\/strong> della serie Expertline Outdoor. Questo pregiato <strong>tavolo da ping pong per tutte le stagioni<\/strong> combina un design robusto, un&#8217;eccellente qualit\u00e0 di gioco e una maneggevolezza intuitiva per stupire sia i giocatori ambiziosi che gli hobbisti.<\/p>\n<\/div>\n<div><strong>Perfetto per l&#8217;uso all&#8217;aperto<\/strong><br \/>Il <strong>tavolo da ping pong resistente alle intemperie<\/strong> S 4-73 e \u00e8 progettato appositamente per l&#8217;uso all&#8217;aperto. La superficie di gioco in resina melamminica spessa 5 mm \u00e8 <strong>resistente all&#8217;umidit\u00e0 e agli sbalzi di temperatura<\/strong>, ideale per tutte le condizioni atmosferiche. Questo garantisce che il tuo tavolo da ping pong da esterno sia sempre pronto per giocare. Qualit\u00e0 e comfort di gioco: la superficie di gioco in resina melamminica blu garantisce una dinamica di rimbalzo della pallina precisa. La sottostruttura metallica saldamente incollata garantisce la massima stabilit\u00e0 e durata. Il tavolo \u00e8 conforme alla norma europea EN 14468-1 e garantisce quindi i pi\u00f9 elevati standard di qualit\u00e0 e sicurezza. Maneggevolezza e mobilit\u00e0 innovative: lo Smart Manual System (SMS), un innovativo sistema di bloccaggio, consente una movimentazione facile e sicura quando si desidera piegare e riporre il tavolo da ping pong. Il meccanismo di bloccaggio automatico garantisce comfort e stabilit\u00e0 durante l&#8217;uso.<\/p>\n<\/div>\n<div><strong>Dettagli delle caratteristiche<\/strong><br \/>&#8211; 4 ruote doppie con battistrada in gomma per un facile spostamento su tutte le superfici<br \/>&#8211; Regolatore di altezza per compensare le irregolarit\u00e0 del pavimento<br \/>&#8211; Posizione di gioco per un allenamento individuale efficace<br \/>&#8211; Dimensioni conformi agli standard dei tornei internazionali (274 x 152,5 x 76 cm)<br \/>&#8211; Design elegante con superficie di gioco blu e telaio nero-grigio<\/p>\n<\/div>\n<div>Il tavolo da ping pong <strong>Sponeta S 4-73 e<\/strong>, prodotto della linea <strong>Sponeta Expertline Outdoor<\/strong>, \u00e8 la scelta perfetta per chi esige i pi\u00f9 alti standard di qualit\u00e0, design e funzionalit\u00e0. Ordinalo subito e porta la tua esperienza di ping pong a un livello superiore!<\/p>\n<\/div>\n<div>\n<\/div>\n","protected":false},"excerpt":{"rendered":"<p>Sponeta Tischtennistisch S 4-73 e bietet wetterfesten Outdoor-Spa\u00df mit robuster Melaminharzplatte und pr\u00e4zisem Ballgef\u00fchl \u2013 ideal f\u00fcr Profi- und Freizeitspieler.<\/p>\n","protected":false},"featured_media":165217,"comment_status":"open","ping_status":"closed","template":"","meta":[],"product_brand":[],"product_cat":[39227],"product_tag":[],"class_list":{"0":"post-263124","1":"product","2":"type-product","3":"status-publish","4":"has-post-thumbnail","6":"product_cat-tischtennis","7":"product_shipping_class-global_methods","9":"first","10":"instock","11":"taxable","12":"shipping-taxable","13":"purchasable","14":"product-type-simple"},"yoast_head":"<!-- This site is optimized with the Yoast SEO plugin v27.3 - https:\/\/yoast.com\/product\/yoast-seo-wordpress\/ -->\n<title>Sponeta Tischtennistisch S 4-73 e<\/title>\n<meta name=\"description\" content=\"Sponeta Tischtennistisch S 4-73 e Erleben Sie Tischtennis auf einem neuen Niveau mit dem Sponeta Tischtennistisch S 4-73 e aus der Expertline Outdoor-Serie. Die\" \/>\n<meta name=\"robots\" content=\"index, follow, max-snippet:-1, max-image-preview:large, max-video-preview:-1\" \/>\n<link rel=\"canonical\" href=\"https:\/\/schweizversand.ch\/it\/produkt\/sponeta-tischtennistisch-s-4-73-e\/\" \/>\n<meta property=\"og:locale\" content=\"it_IT\" \/>\n<meta property=\"og:type\" content=\"article\" \/>\n<meta property=\"og:title\" content=\"Sponeta Tischtennistisch S 4-73 e\" \/>\n<meta property=\"og:description\" content=\"Sponeta Tischtennistisch S 4-73 e Erleben Sie Tischtennis auf einem neuen Niveau mit dem Sponeta Tischtennistisch S 4-73 e aus der Expertline Outdoor-Serie. Die\" \/>\n<meta property=\"og:url\" content=\"https:\/\/schweizversand.ch\/it\/produkt\/sponeta-tischtennistisch-s-4-73-e\/\" \/>\n<meta property=\"og:site_name\" content=\"Schweizer Shop f\u00fcr Sport, Spiel und Freizeit\" \/>\n<meta property=\"article:publisher\" content=\"https:\/\/www.facebook.com\/Schweizversand\" \/>\n<meta property=\"article:modified_time\" content=\"2026-04-11T13:36:24+00:00\" \/>\n<meta name=\"twitter:card\" content=\"summary_large_image\" \/>\n<meta name=\"twitter:label1\" content=\"Tempo di lettura stimato\" \/>\n\t<meta name=\"twitter:data1\" content=\"2 minuto\" \/>\n<script type=\"application\/ld+json\" class=\"yoast-schema-graph\">{\"@context\":\"https:\\\/\\\/schema.org\",\"@graph\":[{\"@type\":\"WebPage\",\"@id\":\"https:\\\/\\\/schweizversand.ch\\\/it\\\/produkt\\\/sponeta-tischtennistisch-s-4-73-e\\\/\",\"url\":\"https:\\\/\\\/schweizversand.ch\\\/it\\\/produkt\\\/sponeta-tischtennistisch-s-4-73-e\\\/\",\"name\":\"Sponeta Tischtennistisch S 4-73 e\",\"isPartOf\":{\"@id\":\"https:\\\/\\\/schweizversand.ch\\\/it\\\/#website\"},\"primaryImageOfPage\":{\"@id\":\"https:\\\/\\\/schweizversand.ch\\\/it\\\/produkt\\\/sponeta-tischtennistisch-s-4-73-e\\\/#primaryimage\"},\"image\":{\"@id\":\"https:\\\/\\\/schweizversand.ch\\\/it\\\/produkt\\\/sponeta-tischtennistisch-s-4-73-e\\\/#primaryimage\"},\"thumbnailUrl\":\"https:\\\/\\\/schweizversand.ch\\\/wp-content\\\/uploads\\\/2026\\\/02\\\/5471481154.jpg\",\"datePublished\":\"2026-04-08T13:30:43+00:00\",\"dateModified\":\"2026-04-11T13:36:24+00:00\",\"description\":\"Sponeta Tischtennistisch S 4-73 e Erleben Sie Tischtennis auf einem neuen Niveau mit dem Sponeta Tischtennistisch S 4-73 e aus der Expertline Outdoor-Serie. Die\",\"breadcrumb\":{\"@id\":\"https:\\\/\\\/schweizversand.ch\\\/it\\\/produkt\\\/sponeta-tischtennistisch-s-4-73-e\\\/#breadcrumb\"},\"inLanguage\":\"it-IT\",\"potentialAction\":[{\"@type\":\"ReadAction\",\"target\":[\"https:\\\/\\\/schweizversand.ch\\\/it\\\/produkt\\\/sponeta-tischtennistisch-s-4-73-e\\\/\"]}]},{\"@type\":\"ImageObject\",\"inLanguage\":\"it-IT\",\"@id\":\"https:\\\/\\\/schweizversand.ch\\\/it\\\/produkt\\\/sponeta-tischtennistisch-s-4-73-e\\\/#primaryimage\",\"url\":\"https:\\\/\\\/schweizversand.ch\\\/wp-content\\\/uploads\\\/2026\\\/02\\\/5471481154.jpg\",\"contentUrl\":\"https:\\\/\\\/schweizversand.ch\\\/wp-content\\\/uploads\\\/2026\\\/02\\\/5471481154.jpg\",\"width\":1024,\"height\":683},{\"@type\":\"BreadcrumbList\",\"@id\":\"https:\\\/\\\/schweizversand.ch\\\/it\\\/produkt\\\/sponeta-tischtennistisch-s-4-73-e\\\/#breadcrumb\",\"itemListElement\":[{\"@type\":\"ListItem\",\"position\":1,\"name\":\"Startseite\",\"item\":\"https:\\\/\\\/schweizversand.ch\\\/it\\\/\"},{\"@type\":\"ListItem\",\"position\":2,\"name\":\"Shop\",\"item\":\"https:\\\/\\\/schweizversand.ch\\\/it\\\/shop\\\/\"},{\"@type\":\"ListItem\",\"position\":3,\"name\":\"Tavolo da ping pong Sponeta S 4-73 e\"}]},{\"@type\":\"WebSite\",\"@id\":\"https:\\\/\\\/schweizversand.ch\\\/it\\\/#website\",\"url\":\"https:\\\/\\\/schweizversand.ch\\\/it\\\/\",\"name\":\"Schweizer Shop f\u00fcr Sport, Spiel und Freizeit\",\"description\":\"Gratisversand ab 50.- (netto), ab eigenem schweizer Lager, Lieferung innert 48h\",\"publisher\":{\"@id\":\"https:\\\/\\\/schweizversand.ch\\\/it\\\/#organization\"},\"alternateName\":\"Schweizversand.ch\",\"potentialAction\":[{\"@type\":\"SearchAction\",\"target\":{\"@type\":\"EntryPoint\",\"urlTemplate\":\"https:\\\/\\\/schweizversand.ch\\\/it\\\/?s={search_term_string}\"},\"query-input\":{\"@type\":\"PropertyValueSpecification\",\"valueRequired\":true,\"valueName\":\"search_term_string\"}}],\"inLanguage\":\"it-IT\"},{\"@type\":\"Organization\",\"@id\":\"https:\\\/\\\/schweizversand.ch\\\/it\\\/#organization\",\"name\":\"Schweizversand.ch\",\"url\":\"https:\\\/\\\/schweizversand.ch\\\/it\\\/\",\"logo\":{\"@type\":\"ImageObject\",\"inLanguage\":\"it-IT\",\"@id\":\"https:\\\/\\\/schweizversand.ch\\\/it\\\/#\\\/schema\\\/logo\\\/image\\\/\",\"url\":\"https:\\\/\\\/schweizversand.ch\\\/wp-content\\\/uploads\\\/2026\\\/03\\\/Logo_Rund_Final-1.png\",\"contentUrl\":\"https:\\\/\\\/schweizversand.ch\\\/wp-content\\\/uploads\\\/2026\\\/03\\\/Logo_Rund_Final-1.png\",\"width\":404,\"height\":404,\"caption\":\"Schweizversand.ch\"},\"image\":{\"@id\":\"https:\\\/\\\/schweizversand.ch\\\/it\\\/#\\\/schema\\\/logo\\\/image\\\/\"},\"sameAs\":[\"https:\\\/\\\/www.facebook.com\\\/Schweizversand\",\"https:\\\/\\\/www.instagram.com\\\/schweizversand.ch\\\/\"]}]}<\/script>\n<!-- \/ Yoast SEO plugin. -->","yoast_head_json":{"title":"Sponeta Tischtennistisch S 4-73 e","description":"Sponeta Tischtennistisch S 4-73 e Erleben Sie Tischtennis auf einem neuen Niveau mit dem Sponeta Tischtennistisch S 4-73 e aus der Expertline Outdoor-Serie. Die","robots":{"index":"index","follow":"follow","max-snippet":"max-snippet:-1","max-image-preview":"max-image-preview:large","max-video-preview":"max-video-preview:-1"},"canonical":"https:\/\/schweizversand.ch\/it\/produkt\/sponeta-tischtennistisch-s-4-73-e\/","og_locale":"it_IT","og_type":"article","og_title":"Sponeta Tischtennistisch S 4-73 e","og_description":"Sponeta Tischtennistisch S 4-73 e Erleben Sie Tischtennis auf einem neuen Niveau mit dem Sponeta Tischtennistisch S 4-73 e aus der Expertline Outdoor-Serie. Die","og_url":"https:\/\/schweizversand.ch\/it\/produkt\/sponeta-tischtennistisch-s-4-73-e\/","og_site_name":"Schweizer Shop f\u00fcr Sport, Spiel und Freizeit","article_publisher":"https:\/\/www.facebook.com\/Schweizversand","article_modified_time":"2026-04-11T13:36:24+00:00","twitter_card":"summary_large_image","twitter_misc":{"Tempo di lettura stimato":"2 minuto"},"schema":{"@context":"https:\/\/schema.org","@graph":[{"@type":"WebPage","@id":"https:\/\/schweizversand.ch\/it\/produkt\/sponeta-tischtennistisch-s-4-73-e\/","url":"https:\/\/schweizversand.ch\/it\/produkt\/sponeta-tischtennistisch-s-4-73-e\/","name":"Sponeta Tischtennistisch S 4-73 e","isPartOf":{"@id":"https:\/\/schweizversand.ch\/it\/#website"},"primaryImageOfPage":{"@id":"https:\/\/schweizversand.ch\/it\/produkt\/sponeta-tischtennistisch-s-4-73-e\/#primaryimage"},"image":{"@id":"https:\/\/schweizversand.ch\/it\/produkt\/sponeta-tischtennistisch-s-4-73-e\/#primaryimage"},"thumbnailUrl":"https:\/\/schweizversand.ch\/wp-content\/uploads\/2026\/02\/5471481154.jpg","datePublished":"2026-04-08T13:30:43+00:00","dateModified":"2026-04-11T13:36:24+00:00","description":"Sponeta Tischtennistisch S 4-73 e Erleben Sie Tischtennis auf einem neuen Niveau mit dem Sponeta Tischtennistisch S 4-73 e aus der Expertline Outdoor-Serie. Die","breadcrumb":{"@id":"https:\/\/schweizversand.ch\/it\/produkt\/sponeta-tischtennistisch-s-4-73-e\/#breadcrumb"},"inLanguage":"it-IT","potentialAction":[{"@type":"ReadAction","target":["https:\/\/schweizversand.ch\/it\/produkt\/sponeta-tischtennistisch-s-4-73-e\/"]}]},{"@type":"ImageObject","inLanguage":"it-IT","@id":"https:\/\/schweizversand.ch\/it\/produkt\/sponeta-tischtennistisch-s-4-73-e\/#primaryimage","url":"https:\/\/schweizversand.ch\/wp-content\/uploads\/2026\/02\/5471481154.jpg","contentUrl":"https:\/\/schweizversand.ch\/wp-content\/uploads\/2026\/02\/5471481154.jpg","width":1024,"height":683},{"@type":"BreadcrumbList","@id":"https:\/\/schweizversand.ch\/it\/produkt\/sponeta-tischtennistisch-s-4-73-e\/#breadcrumb","itemListElement":[{"@type":"ListItem","position":1,"name":"Startseite","item":"https:\/\/schweizversand.ch\/it\/"},{"@type":"ListItem","position":2,"name":"Shop","item":"https:\/\/schweizversand.ch\/it\/shop\/"},{"@type":"ListItem","position":3,"name":"Tavolo da ping pong Sponeta S 4-73 e"}]},{"@type":"WebSite","@id":"https:\/\/schweizversand.ch\/it\/#website","url":"https:\/\/schweizversand.ch\/it\/","name":"Schweizer Shop f\u00fcr Sport, Spiel und Freizeit","description":"Gratisversand ab 50.- (netto), ab eigenem schweizer Lager, Lieferung innert 48h","publisher":{"@id":"https:\/\/schweizversand.ch\/it\/#organization"},"alternateName":"Schweizversand.ch","potentialAction":[{"@type":"SearchAction","target":{"@type":"EntryPoint","urlTemplate":"https:\/\/schweizversand.ch\/it\/?s={search_term_string}"},"query-input":{"@type":"PropertyValueSpecification","valueRequired":true,"valueName":"search_term_string"}}],"inLanguage":"it-IT"},{"@type":"Organization","@id":"https:\/\/schweizversand.ch\/it\/#organization","name":"Schweizversand.ch","url":"https:\/\/schweizversand.ch\/it\/","logo":{"@type":"ImageObject","inLanguage":"it-IT","@id":"https:\/\/schweizversand.ch\/it\/#\/schema\/logo\/image\/","url":"https:\/\/schweizversand.ch\/wp-content\/uploads\/2026\/03\/Logo_Rund_Final-1.png","contentUrl":"https:\/\/schweizversand.ch\/wp-content\/uploads\/2026\/03\/Logo_Rund_Final-1.png","width":404,"height":404,"caption":"Schweizversand.ch"},"image":{"@id":"https:\/\/schweizversand.ch\/it\/#\/schema\/logo\/image\/"},"sameAs":["https:\/\/www.facebook.com\/Schweizversand","https:\/\/www.instagram.com\/schweizversand.ch\/"]}]}},"jetpack_sharing_enabled":true,"_links":{"self":[{"href":"https:\/\/schweizversand.ch\/it\/wp-json\/wp\/v2\/product\/263124","targetHints":{"allow":["GET"]}}],"collection":[{"href":"https:\/\/schweizversand.ch\/it\/wp-json\/wp\/v2\/product"}],"about":[{"href":"https:\/\/schweizversand.ch\/it\/wp-json\/wp\/v2\/types\/product"}],"replies":[{"embeddable":true,"href":"https:\/\/schweizversand.ch\/it\/wp-json\/wp\/v2\/comments?post=263124"}],"wp:featuredmedia":[{"embeddable":true,"href":"https:\/\/schweizversand.ch\/it\/wp-json\/wp\/v2\/media\/165217"}],"wp:attachment":[{"href":"https:\/\/schweizversand.ch\/it\/wp-json\/wp\/v2\/media?parent=263124"}],"wp:term":[{"taxonomy":"product_brand","embeddable":true,"href":"https:\/\/schweizversand.ch\/it\/wp-json\/wp\/v2\/product_brand?post=263124"},{"taxonomy":"product_cat","embeddable":true,"href":"https:\/\/schweizversand.ch\/it\/wp-json\/wp\/v2\/product_cat?post=263124"},{"taxonomy":"product_tag","embeddable":true,"href":"https:\/\/schweizversand.ch\/it\/wp-json\/wp\/v2\/product_tag?post=263124"}],"curies":[{"name":"wp","href":"https:\/\/api.w.org\/{rel}","templated":true}]}}