{"id":263126,"date":"2026-04-08T15:30:43","date_gmt":"2026-04-08T13:30:43","guid":{"rendered":"https:\/\/schweizversand.ch\/produkt\/sponeta-schutzhuelle-fuer-tischtennistisch\/"},"modified":"2026-04-11T15:36:24","modified_gmt":"2026-04-11T13:36:24","slug":"sponeta-schutzhuelle-fuer-tischtennistisch","status":"publish","type":"product","link":"https:\/\/schweizversand.ch\/it\/produkt\/sponeta-schutzhuelle-fuer-tischtennistisch\/","title":{"rendered":"Copertura protettiva Sponeta per tavolo da ping pong"},"content":{"rendered":"<div>Riporre in sicurezza con la copertura Sponeta. \u00c8 adatta a tutti i modelli con base pieghevole Automatic, Compact o Super Compact. Una copertura protettiva \u00e8 altamente consigliata anche se si possiede un tavolo da ping pong da esterno, soprattutto se si prevede di riporlo all&#8217;aperto. Questa protegge il tavolo da condizioni meteorologiche in continuo cambiamento, come la forte luce solare. Protetta da gelo e pioggia, la struttura della superficie offre comunque condizioni ottimali per un gioco perfetto anche dopo un uso prolungato. Grazie alla copertura Sponeta, potrete godervi il vostro tavolo da ping pong ancora pi\u00f9 a lungo. La copertura pu\u00f2 essere utilizzata sia per tavoli da ping pong da interno che da esterno. L&#8217;ampia copertura \u00e8 realizzata in polietilene, ovvero materiale termoplastico. Le due cerniere perimetrali garantiscono un fissaggio e una rimozione facili e veloci. Il cordino di fissaggio impedisce inoltre che la copertura trasparente scivoli. Caratteristiche del prodotto: Materiale: Polietilene; Protegge da polvere (interno) o pioggia (esterno); Con cerniera e sistema di fissaggio &nbsp;&nbsp;<br \/>Con sistema di fissaggio a pressione Sponeta&nbsp; &nbsp; &nbsp; &nbsp;&nbsp;<br \/>Dimensioni A=150cm x L=160cm x P=55-80cm<\/p>\n<\/div>\n","protected":false},"excerpt":{"rendered":"<p>Sponeta Schutzh\u00fclle f\u00fcr Tischtennistisch sch\u00fctzt zuverl\u00e4ssig vor Sonne, Frost und Regen. Perfekt f\u00fcr Indoor- und Outdoor-Modelle mit klappbarem Untergestell.<\/p>\n","protected":false},"featured_media":229906,"comment_status":"open","ping_status":"closed","template":"","meta":[],"product_brand":[],"product_cat":[39227],"product_tag":[],"class_list":{"0":"post-263126","1":"product","2":"type-product","3":"status-publish","4":"has-post-thumbnail","6":"product_cat-tischtennis","7":"product_shipping_class-global_methods","9":"first","10":"instock","11":"taxable","12":"shipping-taxable","13":"purchasable","14":"product-type-simple"},"yoast_head":"<!-- This site is optimized with the Yoast SEO plugin v27.3 - https:\/\/yoast.com\/product\/yoast-seo-wordpress\/ -->\n<title>Sponeta Schutzh\u00fclle f\u00fcr Tischtennistisch<\/title>\n<meta name=\"description\" content=\"Sicheres Aufbewahren mit der Sponeta Abdeckh\u00fclle.\u00a0 \u00a0 \u00a0 \u00a0 Geeignet ist sie f\u00fcr alle Modelle, die ein Automatic-, Compact- oder Super-Compact-Untergestell aufweis\" \/>\n<meta name=\"robots\" content=\"index, follow, max-snippet:-1, max-image-preview:large, max-video-preview:-1\" \/>\n<link rel=\"canonical\" href=\"https:\/\/schweizversand.ch\/it\/produkt\/sponeta-schutzhuelle-fuer-tischtennistisch\/\" \/>\n<meta property=\"og:locale\" content=\"it_IT\" \/>\n<meta property=\"og:type\" content=\"article\" \/>\n<meta property=\"og:title\" content=\"Sponeta Schutzh\u00fclle f\u00fcr Tischtennistisch\" \/>\n<meta property=\"og:description\" content=\"Sicheres Aufbewahren mit der Sponeta Abdeckh\u00fclle.\u00a0 \u00a0 \u00a0 \u00a0 Geeignet ist sie f\u00fcr alle Modelle, die ein Automatic-, Compact- oder Super-Compact-Untergestell aufweis\" \/>\n<meta property=\"og:url\" content=\"https:\/\/schweizversand.ch\/it\/produkt\/sponeta-schutzhuelle-fuer-tischtennistisch\/\" \/>\n<meta property=\"og:site_name\" content=\"Schweizer Shop f\u00fcr Sport, Spiel und Freizeit\" \/>\n<meta property=\"article:publisher\" content=\"https:\/\/www.facebook.com\/Schweizversand\" \/>\n<meta property=\"article:modified_time\" content=\"2026-04-11T13:36:24+00:00\" \/>\n<meta property=\"og:image\" content=\"https:\/\/schweizversand.ch\/wp-content\/uploads\/2026\/03\/5471519974.jpg\" \/>\n\t<meta property=\"og:image:width\" content=\"1024\" \/>\n\t<meta property=\"og:image:height\" content=\"649\" \/>\n\t<meta property=\"og:image:type\" content=\"image\/jpeg\" \/>\n<meta name=\"twitter:card\" content=\"summary_large_image\" \/>\n<meta name=\"twitter:label1\" content=\"Tempo di lettura stimato\" \/>\n\t<meta name=\"twitter:data1\" content=\"1 minuto\" \/>\n<script type=\"application\/ld+json\" class=\"yoast-schema-graph\">{\"@context\":\"https:\\\/\\\/schema.org\",\"@graph\":[{\"@type\":\"WebPage\",\"@id\":\"https:\\\/\\\/schweizversand.ch\\\/it\\\/produkt\\\/sponeta-schutzhuelle-fuer-tischtennistisch\\\/\",\"url\":\"https:\\\/\\\/schweizversand.ch\\\/it\\\/produkt\\\/sponeta-schutzhuelle-fuer-tischtennistisch\\\/\",\"name\":\"Sponeta Schutzh\u00fclle f\u00fcr Tischtennistisch\",\"isPartOf\":{\"@id\":\"https:\\\/\\\/schweizversand.ch\\\/it\\\/#website\"},\"primaryImageOfPage\":{\"@id\":\"https:\\\/\\\/schweizversand.ch\\\/it\\\/produkt\\\/sponeta-schutzhuelle-fuer-tischtennistisch\\\/#primaryimage\"},\"image\":{\"@id\":\"https:\\\/\\\/schweizversand.ch\\\/it\\\/produkt\\\/sponeta-schutzhuelle-fuer-tischtennistisch\\\/#primaryimage\"},\"thumbnailUrl\":\"https:\\\/\\\/schweizversand.ch\\\/wp-content\\\/uploads\\\/2026\\\/03\\\/5471519974.jpg\",\"datePublished\":\"2026-04-08T13:30:43+00:00\",\"dateModified\":\"2026-04-11T13:36:24+00:00\",\"description\":\"Sicheres Aufbewahren mit der Sponeta Abdeckh\u00fclle.\u00a0 \u00a0 \u00a0 \u00a0 Geeignet ist sie f\u00fcr alle Modelle, die ein Automatic-, Compact- oder Super-Compact-Untergestell aufweis\",\"breadcrumb\":{\"@id\":\"https:\\\/\\\/schweizversand.ch\\\/it\\\/produkt\\\/sponeta-schutzhuelle-fuer-tischtennistisch\\\/#breadcrumb\"},\"inLanguage\":\"it-IT\",\"potentialAction\":[{\"@type\":\"ReadAction\",\"target\":[\"https:\\\/\\\/schweizversand.ch\\\/it\\\/produkt\\\/sponeta-schutzhuelle-fuer-tischtennistisch\\\/\"]}]},{\"@type\":\"ImageObject\",\"inLanguage\":\"it-IT\",\"@id\":\"https:\\\/\\\/schweizversand.ch\\\/it\\\/produkt\\\/sponeta-schutzhuelle-fuer-tischtennistisch\\\/#primaryimage\",\"url\":\"https:\\\/\\\/schweizversand.ch\\\/wp-content\\\/uploads\\\/2026\\\/03\\\/5471519974.jpg\",\"contentUrl\":\"https:\\\/\\\/schweizversand.ch\\\/wp-content\\\/uploads\\\/2026\\\/03\\\/5471519974.jpg\",\"width\":1024,\"height\":649},{\"@type\":\"BreadcrumbList\",\"@id\":\"https:\\\/\\\/schweizversand.ch\\\/it\\\/produkt\\\/sponeta-schutzhuelle-fuer-tischtennistisch\\\/#breadcrumb\",\"itemListElement\":[{\"@type\":\"ListItem\",\"position\":1,\"name\":\"Startseite\",\"item\":\"https:\\\/\\\/schweizversand.ch\\\/it\\\/\"},{\"@type\":\"ListItem\",\"position\":2,\"name\":\"Shop\",\"item\":\"https:\\\/\\\/schweizversand.ch\\\/it\\\/shop\\\/\"},{\"@type\":\"ListItem\",\"position\":3,\"name\":\"Copertura protettiva Sponeta per tavolo da ping pong\"}]},{\"@type\":\"WebSite\",\"@id\":\"https:\\\/\\\/schweizversand.ch\\\/it\\\/#website\",\"url\":\"https:\\\/\\\/schweizversand.ch\\\/it\\\/\",\"name\":\"Schweizer Shop f\u00fcr Sport, Spiel und Freizeit\",\"description\":\"Gratisversand ab 50.- (netto), ab eigenem schweizer Lager, Lieferung innert 48h\",\"publisher\":{\"@id\":\"https:\\\/\\\/schweizversand.ch\\\/it\\\/#organization\"},\"alternateName\":\"Schweizversand.ch\",\"potentialAction\":[{\"@type\":\"SearchAction\",\"target\":{\"@type\":\"EntryPoint\",\"urlTemplate\":\"https:\\\/\\\/schweizversand.ch\\\/it\\\/?s={search_term_string}\"},\"query-input\":{\"@type\":\"PropertyValueSpecification\",\"valueRequired\":true,\"valueName\":\"search_term_string\"}}],\"inLanguage\":\"it-IT\"},{\"@type\":\"Organization\",\"@id\":\"https:\\\/\\\/schweizversand.ch\\\/it\\\/#organization\",\"name\":\"Schweizversand.ch\",\"url\":\"https:\\\/\\\/schweizversand.ch\\\/it\\\/\",\"logo\":{\"@type\":\"ImageObject\",\"inLanguage\":\"it-IT\",\"@id\":\"https:\\\/\\\/schweizversand.ch\\\/it\\\/#\\\/schema\\\/logo\\\/image\\\/\",\"url\":\"https:\\\/\\\/schweizversand.ch\\\/wp-content\\\/uploads\\\/2026\\\/03\\\/Logo_Rund_Final-1.png\",\"contentUrl\":\"https:\\\/\\\/schweizversand.ch\\\/wp-content\\\/uploads\\\/2026\\\/03\\\/Logo_Rund_Final-1.png\",\"width\":404,\"height\":404,\"caption\":\"Schweizversand.ch\"},\"image\":{\"@id\":\"https:\\\/\\\/schweizversand.ch\\\/it\\\/#\\\/schema\\\/logo\\\/image\\\/\"},\"sameAs\":[\"https:\\\/\\\/www.facebook.com\\\/Schweizversand\",\"https:\\\/\\\/www.instagram.com\\\/schweizversand.ch\\\/\"]}]}<\/script>\n<!-- \/ Yoast SEO plugin. -->","yoast_head_json":{"title":"Sponeta Schutzh\u00fclle f\u00fcr Tischtennistisch","description":"Sicheres Aufbewahren mit der Sponeta Abdeckh\u00fclle.\u00a0 \u00a0 \u00a0 \u00a0 Geeignet ist sie f\u00fcr alle Modelle, die ein Automatic-, Compact- oder Super-Compact-Untergestell aufweis","robots":{"index":"index","follow":"follow","max-snippet":"max-snippet:-1","max-image-preview":"max-image-preview:large","max-video-preview":"max-video-preview:-1"},"canonical":"https:\/\/schweizversand.ch\/it\/produkt\/sponeta-schutzhuelle-fuer-tischtennistisch\/","og_locale":"it_IT","og_type":"article","og_title":"Sponeta Schutzh\u00fclle f\u00fcr Tischtennistisch","og_description":"Sicheres Aufbewahren mit der Sponeta Abdeckh\u00fclle.\u00a0 \u00a0 \u00a0 \u00a0 Geeignet ist sie f\u00fcr alle Modelle, die ein Automatic-, Compact- oder Super-Compact-Untergestell aufweis","og_url":"https:\/\/schweizversand.ch\/it\/produkt\/sponeta-schutzhuelle-fuer-tischtennistisch\/","og_site_name":"Schweizer Shop f\u00fcr Sport, Spiel und Freizeit","article_publisher":"https:\/\/www.facebook.com\/Schweizversand","article_modified_time":"2026-04-11T13:36:24+00:00","og_image":[{"width":1024,"height":649,"url":"https:\/\/schweizversand.ch\/wp-content\/uploads\/2026\/03\/5471519974.jpg","type":"image\/jpeg"}],"twitter_card":"summary_large_image","twitter_misc":{"Tempo di lettura stimato":"1 minuto"},"schema":{"@context":"https:\/\/schema.org","@graph":[{"@type":"WebPage","@id":"https:\/\/schweizversand.ch\/it\/produkt\/sponeta-schutzhuelle-fuer-tischtennistisch\/","url":"https:\/\/schweizversand.ch\/it\/produkt\/sponeta-schutzhuelle-fuer-tischtennistisch\/","name":"Sponeta Schutzh\u00fclle f\u00fcr Tischtennistisch","isPartOf":{"@id":"https:\/\/schweizversand.ch\/it\/#website"},"primaryImageOfPage":{"@id":"https:\/\/schweizversand.ch\/it\/produkt\/sponeta-schutzhuelle-fuer-tischtennistisch\/#primaryimage"},"image":{"@id":"https:\/\/schweizversand.ch\/it\/produkt\/sponeta-schutzhuelle-fuer-tischtennistisch\/#primaryimage"},"thumbnailUrl":"https:\/\/schweizversand.ch\/wp-content\/uploads\/2026\/03\/5471519974.jpg","datePublished":"2026-04-08T13:30:43+00:00","dateModified":"2026-04-11T13:36:24+00:00","description":"Sicheres Aufbewahren mit der Sponeta Abdeckh\u00fclle.\u00a0 \u00a0 \u00a0 \u00a0 Geeignet ist sie f\u00fcr alle Modelle, die ein Automatic-, Compact- oder Super-Compact-Untergestell aufweis","breadcrumb":{"@id":"https:\/\/schweizversand.ch\/it\/produkt\/sponeta-schutzhuelle-fuer-tischtennistisch\/#breadcrumb"},"inLanguage":"it-IT","potentialAction":[{"@type":"ReadAction","target":["https:\/\/schweizversand.ch\/it\/produkt\/sponeta-schutzhuelle-fuer-tischtennistisch\/"]}]},{"@type":"ImageObject","inLanguage":"it-IT","@id":"https:\/\/schweizversand.ch\/it\/produkt\/sponeta-schutzhuelle-fuer-tischtennistisch\/#primaryimage","url":"https:\/\/schweizversand.ch\/wp-content\/uploads\/2026\/03\/5471519974.jpg","contentUrl":"https:\/\/schweizversand.ch\/wp-content\/uploads\/2026\/03\/5471519974.jpg","width":1024,"height":649},{"@type":"BreadcrumbList","@id":"https:\/\/schweizversand.ch\/it\/produkt\/sponeta-schutzhuelle-fuer-tischtennistisch\/#breadcrumb","itemListElement":[{"@type":"ListItem","position":1,"name":"Startseite","item":"https:\/\/schweizversand.ch\/it\/"},{"@type":"ListItem","position":2,"name":"Shop","item":"https:\/\/schweizversand.ch\/it\/shop\/"},{"@type":"ListItem","position":3,"name":"Copertura protettiva Sponeta per tavolo da ping pong"}]},{"@type":"WebSite","@id":"https:\/\/schweizversand.ch\/it\/#website","url":"https:\/\/schweizversand.ch\/it\/","name":"Schweizer Shop f\u00fcr Sport, Spiel und Freizeit","description":"Gratisversand ab 50.- (netto), ab eigenem schweizer Lager, Lieferung innert 48h","publisher":{"@id":"https:\/\/schweizversand.ch\/it\/#organization"},"alternateName":"Schweizversand.ch","potentialAction":[{"@type":"SearchAction","target":{"@type":"EntryPoint","urlTemplate":"https:\/\/schweizversand.ch\/it\/?s={search_term_string}"},"query-input":{"@type":"PropertyValueSpecification","valueRequired":true,"valueName":"search_term_string"}}],"inLanguage":"it-IT"},{"@type":"Organization","@id":"https:\/\/schweizversand.ch\/it\/#organization","name":"Schweizversand.ch","url":"https:\/\/schweizversand.ch\/it\/","logo":{"@type":"ImageObject","inLanguage":"it-IT","@id":"https:\/\/schweizversand.ch\/it\/#\/schema\/logo\/image\/","url":"https:\/\/schweizversand.ch\/wp-content\/uploads\/2026\/03\/Logo_Rund_Final-1.png","contentUrl":"https:\/\/schweizversand.ch\/wp-content\/uploads\/2026\/03\/Logo_Rund_Final-1.png","width":404,"height":404,"caption":"Schweizversand.ch"},"image":{"@id":"https:\/\/schweizversand.ch\/it\/#\/schema\/logo\/image\/"},"sameAs":["https:\/\/www.facebook.com\/Schweizversand","https:\/\/www.instagram.com\/schweizversand.ch\/"]}]}},"jetpack_sharing_enabled":true,"_links":{"self":[{"href":"https:\/\/schweizversand.ch\/it\/wp-json\/wp\/v2\/product\/263126","targetHints":{"allow":["GET"]}}],"collection":[{"href":"https:\/\/schweizversand.ch\/it\/wp-json\/wp\/v2\/product"}],"about":[{"href":"https:\/\/schweizversand.ch\/it\/wp-json\/wp\/v2\/types\/product"}],"replies":[{"embeddable":true,"href":"https:\/\/schweizversand.ch\/it\/wp-json\/wp\/v2\/comments?post=263126"}],"wp:featuredmedia":[{"embeddable":true,"href":"https:\/\/schweizversand.ch\/it\/wp-json\/wp\/v2\/media\/229906"}],"wp:attachment":[{"href":"https:\/\/schweizversand.ch\/it\/wp-json\/wp\/v2\/media?parent=263126"}],"wp:term":[{"taxonomy":"product_brand","embeddable":true,"href":"https:\/\/schweizversand.ch\/it\/wp-json\/wp\/v2\/product_brand?post=263126"},{"taxonomy":"product_cat","embeddable":true,"href":"https:\/\/schweizversand.ch\/it\/wp-json\/wp\/v2\/product_cat?post=263126"},{"taxonomy":"product_tag","embeddable":true,"href":"https:\/\/schweizversand.ch\/it\/wp-json\/wp\/v2\/product_tag?post=263126"}],"curies":[{"name":"wp","href":"https:\/\/api.w.org\/{rel}","templated":true}]}}