{"id":263237,"date":"2026-04-10T02:00:21","date_gmt":"2026-04-10T00:00:21","guid":{"rendered":"https:\/\/schweizversand.ch\/produkt\/champ-badminton-set-fuer-4-spieler\/"},"modified":"2026-04-11T02:10:48","modified_gmt":"2026-04-11T00:10:48","slug":"champ-badminton-set-fuer-4-spieler","status":"publish","type":"product","link":"https:\/\/schweizversand.ch\/it\/produkt\/champ-badminton-set-fuer-4-spieler\/","title":{"rendered":"Set da badminton CHAMP per 4 giocatori"},"content":{"rendered":"<h1><strong>Set da badminton per 4 giocatori &#8211; Attrezzatura completa con rete e accessori<\/strong><\/h1>\n<div>Preparatevi per partite ricche di azione! Questo <strong>set da badminton completo<\/strong> per quattro giocatori garantisce divertimento immediato, sia in giardino, in spiaggia o sul prato. Grazie alla sua maneggevolezza e alla pratica borsa per il trasporto, questo <strong>set da badminton per esterni<\/strong> \u00e8 il compagno ideale per ore attive all&#8217;aria aperta.<\/p>\n<\/div>\n<div><strong>Il tuo vantaggio: pronto per giocare immediatamente<\/strong><br \/>Questo completo <strong>set da badminton per 4 giocatori<\/strong> contiene tutto il necessario per emozionanti partite di doppio o singolo. La robusta struttura dei componenti garantisce durata e un divertimento di gioco affidabile. Questo set \u00e8 ideale per famiglie, amici e gruppi di tempo libero che apprezzano la qualit\u00e0 e la facilit\u00e0 di montaggio. Componenti di alta qualit\u00e0 e sicurezza: le racchette sono realizzate in robusto acciaio, garantendo un&#8217;elevata stabilit\u00e0. I \u200b\u200bvolani in nylon inclusi offrono buone caratteristiche di volo. Inoltre, il set \u00e8 conforme agli standard EN71 e Certificato REACH, a garanzia di sicurezza e qualit\u00e0 testate.<\/p>\n<\/div>\n<div><strong>Contenuto della confezione del set di racchette da badminton da 4 pezzi<\/strong><br \/>&#8211; 4 robuste racchette in acciaio<br \/>&#8211; 3 volani in nylon di alta qualit\u00e0<br \/>&#8211; 1 rete con 6 pali per un montaggio rapido<br \/>&#8211; 2 ancoraggi a terra per un posizionamento sicuro della rete<br \/>&#8211; 1 pratica borsa per il trasporto con parte anteriore trasparente<\/p>\n<\/div>\n<div><strong>Dettagli del prodotto<\/strong><br \/>&#8211; Materiale: Acciaio robusto<br \/>&#8211; Dimensioni della confezione: 66 \u00d7 20,5 cm<br \/>&#8211; Certificazione: Testato secondo EN71 e REACH<\/p>\n<p><\/div>\n<div>Metti al sicuro questo versatile set da badminton<\/strong> e goditi indimenticabili momenti di movimento e gioco. Basta montarlo e iniziare subito!<\/p>\n<\/div>\n<div><\/div>\n","protected":false},"excerpt":{"rendered":"<p>CHAMP Badminton-Set f\u00fcr 4 Spieler: Komplett mit Netz und Zubeh\u00f6r, sofort spielbereit, robust und mobil \u2013 perfekt f\u00fcr actionreiche Matches im Garten, am Strand oder Park.<\/p>\n","protected":false},"featured_media":263263,"comment_status":"open","ping_status":"closed","template":"","meta":[],"product_brand":[],"product_cat":[39231],"product_tag":[],"class_list":{"0":"post-263237","1":"product","2":"type-product","3":"status-publish","4":"has-post-thumbnail","6":"product_cat-racketsport","7":"product_shipping_class-global_methods","9":"first","10":"instock","11":"taxable","12":"shipping-taxable","13":"purchasable","14":"product-type-simple"},"yoast_head":"<!-- This site is optimized with the Yoast SEO plugin v27.3 - https:\/\/yoast.com\/product\/yoast-seo-wordpress\/ -->\n<title>CHAMP Badminton-Set f\u00fcr 4 Spieler<\/title>\n<meta name=\"description\" content=\"Badminton-Set 4 Spieler \u2013 Komplettausstattung mit Netz &amp; Zubeh\u00f6r Bereiten Sie sich auf actionreiche Matches vor! Dieses Badminton-Komplettset f\u00fcr vier Spieler g\" \/>\n<meta name=\"robots\" content=\"index, follow, max-snippet:-1, max-image-preview:large, max-video-preview:-1\" \/>\n<link rel=\"canonical\" href=\"https:\/\/schweizversand.ch\/it\/produkt\/champ-badminton-set-fuer-4-spieler\/\" \/>\n<meta property=\"og:locale\" content=\"it_IT\" \/>\n<meta property=\"og:type\" content=\"article\" \/>\n<meta property=\"og:title\" content=\"CHAMP Badminton-Set f\u00fcr 4 Spieler\" \/>\n<meta property=\"og:description\" content=\"Badminton-Set 4 Spieler \u2013 Komplettausstattung mit Netz &amp; Zubeh\u00f6r Bereiten Sie sich auf actionreiche Matches vor! Dieses Badminton-Komplettset f\u00fcr vier Spieler g\" \/>\n<meta property=\"og:url\" content=\"https:\/\/schweizversand.ch\/it\/produkt\/champ-badminton-set-fuer-4-spieler\/\" \/>\n<meta property=\"og:site_name\" content=\"Schweizer Shop f\u00fcr Sport, Spiel und Freizeit\" \/>\n<meta property=\"article:publisher\" content=\"https:\/\/www.facebook.com\/Schweizversand\" \/>\n<meta property=\"article:modified_time\" content=\"2026-04-11T00:10:48+00:00\" \/>\n<meta name=\"twitter:card\" content=\"summary_large_image\" \/>\n<meta name=\"twitter:label1\" content=\"Tempo di lettura stimato\" \/>\n\t<meta name=\"twitter:data1\" content=\"1 minuto\" \/>\n<script type=\"application\/ld+json\" class=\"yoast-schema-graph\">{\"@context\":\"https:\\\/\\\/schema.org\",\"@graph\":[{\"@type\":\"WebPage\",\"@id\":\"https:\\\/\\\/schweizversand.ch\\\/it\\\/produkt\\\/champ-badminton-set-fuer-4-spieler\\\/\",\"url\":\"https:\\\/\\\/schweizversand.ch\\\/it\\\/produkt\\\/champ-badminton-set-fuer-4-spieler\\\/\",\"name\":\"CHAMP Badminton-Set f\u00fcr 4 Spieler\",\"isPartOf\":{\"@id\":\"https:\\\/\\\/schweizversand.ch\\\/it\\\/#website\"},\"primaryImageOfPage\":{\"@id\":\"https:\\\/\\\/schweizversand.ch\\\/it\\\/produkt\\\/champ-badminton-set-fuer-4-spieler\\\/#primaryimage\"},\"image\":{\"@id\":\"https:\\\/\\\/schweizversand.ch\\\/it\\\/produkt\\\/champ-badminton-set-fuer-4-spieler\\\/#primaryimage\"},\"thumbnailUrl\":\"https:\\\/\\\/schweizversand.ch\\\/wp-content\\\/uploads\\\/2026\\\/04\\\/5471932258-1.png\",\"datePublished\":\"2026-04-10T00:00:21+00:00\",\"dateModified\":\"2026-04-11T00:10:48+00:00\",\"description\":\"Badminton-Set 4 Spieler \u2013 Komplettausstattung mit Netz & Zubeh\u00f6r Bereiten Sie sich auf actionreiche Matches vor! Dieses Badminton-Komplettset f\u00fcr vier Spieler g\",\"breadcrumb\":{\"@id\":\"https:\\\/\\\/schweizversand.ch\\\/it\\\/produkt\\\/champ-badminton-set-fuer-4-spieler\\\/#breadcrumb\"},\"inLanguage\":\"it-IT\",\"potentialAction\":[{\"@type\":\"ReadAction\",\"target\":[\"https:\\\/\\\/schweizversand.ch\\\/it\\\/produkt\\\/champ-badminton-set-fuer-4-spieler\\\/\"]}]},{\"@type\":\"ImageObject\",\"inLanguage\":\"it-IT\",\"@id\":\"https:\\\/\\\/schweizversand.ch\\\/it\\\/produkt\\\/champ-badminton-set-fuer-4-spieler\\\/#primaryimage\",\"url\":\"https:\\\/\\\/schweizversand.ch\\\/wp-content\\\/uploads\\\/2026\\\/04\\\/5471932258-1.png\",\"contentUrl\":\"https:\\\/\\\/schweizversand.ch\\\/wp-content\\\/uploads\\\/2026\\\/04\\\/5471932258-1.png\",\"width\":1024,\"height\":1024},{\"@type\":\"BreadcrumbList\",\"@id\":\"https:\\\/\\\/schweizversand.ch\\\/it\\\/produkt\\\/champ-badminton-set-fuer-4-spieler\\\/#breadcrumb\",\"itemListElement\":[{\"@type\":\"ListItem\",\"position\":1,\"name\":\"Startseite\",\"item\":\"https:\\\/\\\/schweizversand.ch\\\/it\\\/\"},{\"@type\":\"ListItem\",\"position\":2,\"name\":\"Shop\",\"item\":\"https:\\\/\\\/schweizversand.ch\\\/it\\\/shop\\\/\"},{\"@type\":\"ListItem\",\"position\":3,\"name\":\"Set da badminton CHAMP per 4 giocatori\"}]},{\"@type\":\"WebSite\",\"@id\":\"https:\\\/\\\/schweizversand.ch\\\/it\\\/#website\",\"url\":\"https:\\\/\\\/schweizversand.ch\\\/it\\\/\",\"name\":\"Schweizer Shop f\u00fcr Sport, Spiel und Freizeit\",\"description\":\"Gratisversand ab 50.- (netto), ab eigenem schweizer Lager, Lieferung innert 48h\",\"publisher\":{\"@id\":\"https:\\\/\\\/schweizversand.ch\\\/it\\\/#organization\"},\"alternateName\":\"Schweizversand.ch\",\"potentialAction\":[{\"@type\":\"SearchAction\",\"target\":{\"@type\":\"EntryPoint\",\"urlTemplate\":\"https:\\\/\\\/schweizversand.ch\\\/it\\\/?s={search_term_string}\"},\"query-input\":{\"@type\":\"PropertyValueSpecification\",\"valueRequired\":true,\"valueName\":\"search_term_string\"}}],\"inLanguage\":\"it-IT\"},{\"@type\":\"Organization\",\"@id\":\"https:\\\/\\\/schweizversand.ch\\\/it\\\/#organization\",\"name\":\"Schweizversand.ch\",\"url\":\"https:\\\/\\\/schweizversand.ch\\\/it\\\/\",\"logo\":{\"@type\":\"ImageObject\",\"inLanguage\":\"it-IT\",\"@id\":\"https:\\\/\\\/schweizversand.ch\\\/it\\\/#\\\/schema\\\/logo\\\/image\\\/\",\"url\":\"https:\\\/\\\/schweizversand.ch\\\/wp-content\\\/uploads\\\/2026\\\/03\\\/Logo_Rund_Final-1.png\",\"contentUrl\":\"https:\\\/\\\/schweizversand.ch\\\/wp-content\\\/uploads\\\/2026\\\/03\\\/Logo_Rund_Final-1.png\",\"width\":404,\"height\":404,\"caption\":\"Schweizversand.ch\"},\"image\":{\"@id\":\"https:\\\/\\\/schweizversand.ch\\\/it\\\/#\\\/schema\\\/logo\\\/image\\\/\"},\"sameAs\":[\"https:\\\/\\\/www.facebook.com\\\/Schweizversand\",\"https:\\\/\\\/www.instagram.com\\\/schweizversand.ch\\\/\"]}]}<\/script>\n<!-- \/ Yoast SEO plugin. -->","yoast_head_json":{"title":"CHAMP Badminton-Set f\u00fcr 4 Spieler","description":"Badminton-Set 4 Spieler \u2013 Komplettausstattung mit Netz & Zubeh\u00f6r Bereiten Sie sich auf actionreiche Matches vor! Dieses Badminton-Komplettset f\u00fcr vier Spieler g","robots":{"index":"index","follow":"follow","max-snippet":"max-snippet:-1","max-image-preview":"max-image-preview:large","max-video-preview":"max-video-preview:-1"},"canonical":"https:\/\/schweizversand.ch\/it\/produkt\/champ-badminton-set-fuer-4-spieler\/","og_locale":"it_IT","og_type":"article","og_title":"CHAMP Badminton-Set f\u00fcr 4 Spieler","og_description":"Badminton-Set 4 Spieler \u2013 Komplettausstattung mit Netz & Zubeh\u00f6r Bereiten Sie sich auf actionreiche Matches vor! Dieses Badminton-Komplettset f\u00fcr vier Spieler g","og_url":"https:\/\/schweizversand.ch\/it\/produkt\/champ-badminton-set-fuer-4-spieler\/","og_site_name":"Schweizer Shop f\u00fcr Sport, Spiel und Freizeit","article_publisher":"https:\/\/www.facebook.com\/Schweizversand","article_modified_time":"2026-04-11T00:10:48+00:00","twitter_card":"summary_large_image","twitter_misc":{"Tempo di lettura stimato":"1 minuto"},"schema":{"@context":"https:\/\/schema.org","@graph":[{"@type":"WebPage","@id":"https:\/\/schweizversand.ch\/it\/produkt\/champ-badminton-set-fuer-4-spieler\/","url":"https:\/\/schweizversand.ch\/it\/produkt\/champ-badminton-set-fuer-4-spieler\/","name":"CHAMP Badminton-Set f\u00fcr 4 Spieler","isPartOf":{"@id":"https:\/\/schweizversand.ch\/it\/#website"},"primaryImageOfPage":{"@id":"https:\/\/schweizversand.ch\/it\/produkt\/champ-badminton-set-fuer-4-spieler\/#primaryimage"},"image":{"@id":"https:\/\/schweizversand.ch\/it\/produkt\/champ-badminton-set-fuer-4-spieler\/#primaryimage"},"thumbnailUrl":"https:\/\/schweizversand.ch\/wp-content\/uploads\/2026\/04\/5471932258-1.png","datePublished":"2026-04-10T00:00:21+00:00","dateModified":"2026-04-11T00:10:48+00:00","description":"Badminton-Set 4 Spieler \u2013 Komplettausstattung mit Netz & Zubeh\u00f6r Bereiten Sie sich auf actionreiche Matches vor! Dieses Badminton-Komplettset f\u00fcr vier Spieler g","breadcrumb":{"@id":"https:\/\/schweizversand.ch\/it\/produkt\/champ-badminton-set-fuer-4-spieler\/#breadcrumb"},"inLanguage":"it-IT","potentialAction":[{"@type":"ReadAction","target":["https:\/\/schweizversand.ch\/it\/produkt\/champ-badminton-set-fuer-4-spieler\/"]}]},{"@type":"ImageObject","inLanguage":"it-IT","@id":"https:\/\/schweizversand.ch\/it\/produkt\/champ-badminton-set-fuer-4-spieler\/#primaryimage","url":"https:\/\/schweizversand.ch\/wp-content\/uploads\/2026\/04\/5471932258-1.png","contentUrl":"https:\/\/schweizversand.ch\/wp-content\/uploads\/2026\/04\/5471932258-1.png","width":1024,"height":1024},{"@type":"BreadcrumbList","@id":"https:\/\/schweizversand.ch\/it\/produkt\/champ-badminton-set-fuer-4-spieler\/#breadcrumb","itemListElement":[{"@type":"ListItem","position":1,"name":"Startseite","item":"https:\/\/schweizversand.ch\/it\/"},{"@type":"ListItem","position":2,"name":"Shop","item":"https:\/\/schweizversand.ch\/it\/shop\/"},{"@type":"ListItem","position":3,"name":"Set da badminton CHAMP per 4 giocatori"}]},{"@type":"WebSite","@id":"https:\/\/schweizversand.ch\/it\/#website","url":"https:\/\/schweizversand.ch\/it\/","name":"Schweizer Shop f\u00fcr Sport, Spiel und Freizeit","description":"Gratisversand ab 50.- (netto), ab eigenem schweizer Lager, Lieferung innert 48h","publisher":{"@id":"https:\/\/schweizversand.ch\/it\/#organization"},"alternateName":"Schweizversand.ch","potentialAction":[{"@type":"SearchAction","target":{"@type":"EntryPoint","urlTemplate":"https:\/\/schweizversand.ch\/it\/?s={search_term_string}"},"query-input":{"@type":"PropertyValueSpecification","valueRequired":true,"valueName":"search_term_string"}}],"inLanguage":"it-IT"},{"@type":"Organization","@id":"https:\/\/schweizversand.ch\/it\/#organization","name":"Schweizversand.ch","url":"https:\/\/schweizversand.ch\/it\/","logo":{"@type":"ImageObject","inLanguage":"it-IT","@id":"https:\/\/schweizversand.ch\/it\/#\/schema\/logo\/image\/","url":"https:\/\/schweizversand.ch\/wp-content\/uploads\/2026\/03\/Logo_Rund_Final-1.png","contentUrl":"https:\/\/schweizversand.ch\/wp-content\/uploads\/2026\/03\/Logo_Rund_Final-1.png","width":404,"height":404,"caption":"Schweizversand.ch"},"image":{"@id":"https:\/\/schweizversand.ch\/it\/#\/schema\/logo\/image\/"},"sameAs":["https:\/\/www.facebook.com\/Schweizversand","https:\/\/www.instagram.com\/schweizversand.ch\/"]}]}},"jetpack_sharing_enabled":true,"_links":{"self":[{"href":"https:\/\/schweizversand.ch\/it\/wp-json\/wp\/v2\/product\/263237","targetHints":{"allow":["GET"]}}],"collection":[{"href":"https:\/\/schweizversand.ch\/it\/wp-json\/wp\/v2\/product"}],"about":[{"href":"https:\/\/schweizversand.ch\/it\/wp-json\/wp\/v2\/types\/product"}],"replies":[{"embeddable":true,"href":"https:\/\/schweizversand.ch\/it\/wp-json\/wp\/v2\/comments?post=263237"}],"wp:featuredmedia":[{"embeddable":true,"href":"https:\/\/schweizversand.ch\/it\/wp-json\/wp\/v2\/media\/263263"}],"wp:attachment":[{"href":"https:\/\/schweizversand.ch\/it\/wp-json\/wp\/v2\/media?parent=263237"}],"wp:term":[{"taxonomy":"product_brand","embeddable":true,"href":"https:\/\/schweizversand.ch\/it\/wp-json\/wp\/v2\/product_brand?post=263237"},{"taxonomy":"product_cat","embeddable":true,"href":"https:\/\/schweizversand.ch\/it\/wp-json\/wp\/v2\/product_cat?post=263237"},{"taxonomy":"product_tag","embeddable":true,"href":"https:\/\/schweizversand.ch\/it\/wp-json\/wp\/v2\/product_tag?post=263237"}],"curies":[{"name":"wp","href":"https:\/\/api.w.org\/{rel}","templated":true}]}}