{"id":263239,"date":"2026-04-10T02:00:43","date_gmt":"2026-04-10T00:00:43","guid":{"rendered":"https:\/\/schweizversand.ch\/produkt\/sponeta-tischtennistisch-sdl-raw-outdoor\/"},"modified":"2026-04-11T15:36:24","modified_gmt":"2026-04-11T13:36:24","slug":"sponeta-tischtennistisch-sdl-raw-outdoor","status":"publish","type":"product","link":"https:\/\/schweizversand.ch\/it\/produkt\/sponeta-tischtennistisch-sdl-raw-outdoor\/","title":{"rendered":"Tavolo da ping pong da esterno Sponeta SDL Raw"},"content":{"rendered":"<h1><strong>Sponeta SDL Raw &#8211; Tavolo da ping pong da esterno resistente alle intemperie<\/strong><\/h1>\n<div>Lo Sponeta SDL Raw Outdoor \u00e8 la scelta ideale per tutti gli appassionati di ping pong che apprezzano la massima qualit\u00e0 e una resistenza agli agenti atmosferici senza compromessi. Questo tavolo da ping pong da esterno, robusto e ben progettato, \u00e8 stato appositamente sviluppato per resistere alle intemperie e garantire anni di divertimento all&#8217;aria aperta. Prova una sensazione di gioco professionale unita alla massima durata.<\/p>\n<\/div>\n<div><strong>Struttura e superficie di gioco<\/strong><br \/>Il cuore di questo tavolo da ping pong da esterno sono i materiali che garantiscono una durata eccezionale. La superficie di gioco in resina melamminica grigia, spessa 10 mm, \u00e8 estremamente resistente all&#8217;umidit\u00e0 e offre un&#8217;elevata resistenza agli urti. Questo materiale rende lo Sponeta SDL Raw un tavolo da ping pong davvero resistente alle intemperie, ideale per qualsiasi ambiente. La superficie di gioco \u00e8 ulteriormente rinforzata da un profilo del telaio verniciato a polvere (60&#215;20 mm), che aumenta significativamente la stabilit\u00e0.<\/p>\n<\/div>\n<div><strong>Base stabile e mobilit\u00e0<\/strong><br \/>La base Compact Type 4 \u00e8 realizzata in tubo tondo e ovale verniciato a polvere e garantisce una base solida. Per la massima flessibilit\u00e0 e un facile stoccaggio, il tavolo \u00e8 dotato di quattro ruote piroettanti, due delle quali possono essere bloccate per garantire la stabilit\u00e0 durante il gioco. Un altro grande vantaggio sono i <strong>regolatori di altezza<\/strong> sulle gambe posteriori, che compensano senza sforzo irregolarit\u00e0 del pavimento fino a 25 mm. Questo garantisce di giocare sempre su una superficie perfettamente livellata.<\/p>\n<\/div>\n<div><strong>Maneggevolezza e sicurezza intelligenti<\/strong><br \/>L&#8217;innovativo &#8220;Smart Manual System&#8221; consente un utilizzo semplice e sicuro. Questo sistema di bloccaggio fissa in modo affidabile il tavolo sia in posizione di gioco che di stoccaggio. La maneggevolezza \u00e8 intuitiva e fluida, rendendo il montaggio e lo smontaggio del tavolo da ping pong da esterno particolarmente comodi. Il tavolo da ping pong resistente alle intemperie \u00e8 quindi rapidamente pronto all&#8217;uso o pu\u00f2 essere riposto per risparmiare spazio. Caratteristiche e accessori: Il set di rete fissa \u00e8 gi\u00e0 incluso e colpisce per i suoi robusti pali e la pratica regolazione dell&#8217;altezza. Anche la rete nera con bordo inferiore giallo e logo stampato \u00e8 resistente alle intemperie. I vani portaoggetti integrati offrono ulteriore praticit\u00e0:<\/p>\n<\/div>\n<div><strong>Dettagli pratici<\/strong><br \/>&#8211; Scomparto multifunzionale: Borsa integrata per riporre racchette e oggetti di valore<br \/>&#8211; Porta palline: Per un rapido accesso alle palline nuove<br \/>&#8211; Preassemblaggio: Il tavolo \u00e8 in gran parte preassemblato e pronto per giocare in pochissimo tempo<\/p>\n<\/div>\n<div><strong>Dimensioni e peso<\/strong><br \/>Lo Sponeta SDL Raw \u00e8 conforme alle dimensioni dei tornei internazionali, offrendo cos\u00ec un&#8217;esperienza di gioco autentica. Con un peso netto di 113 kg, questo <strong>tavolo da ping pong da esterno<\/strong> \u00e8 estremamente stabile e sicuro. Questo modello non \u00e8 adatto solo per un uso privato ambizioso, ma \u00e8 anche un&#8217;ottima scelta per strutture pubbliche, scuole o campeggi, dove durata e qualit\u00e0 sono essenziali. Investi in Sponeta SDL Raw e assicurati un&#8217;esperienza di gioco professionale e duratura.<\/p>\n<\/div>\n<div><\/div>\n","protected":false},"excerpt":{"rendered":"<p>Sponeta Tischtennistisch SDL Raw Outdoor vereint wetterfeste Robustheit mit modernem Design \u2013 perfekt f\u00fcr stilvolles Tischtennis auf Terrasse und im Garten.<\/p>\n","protected":false},"featured_media":263382,"comment_status":"open","ping_status":"closed","template":"","meta":[],"product_brand":[],"product_cat":[39227],"product_tag":[],"class_list":{"0":"post-263239","1":"product","2":"type-product","3":"status-publish","4":"has-post-thumbnail","6":"product_cat-tischtennis","7":"product_shipping_class-global_methods","9":"first","10":"instock","11":"taxable","12":"shipping-taxable","13":"purchasable","14":"product-type-simple"},"yoast_head":"<!-- This site is optimized with the Yoast SEO plugin v27.3 - https:\/\/yoast.com\/product\/yoast-seo-wordpress\/ -->\n<title>Sponeta Tischtennistisch SDL Raw Outdoor<\/title>\n<meta name=\"description\" content=\"Sponeta SDL Raw \u2013 Wetterfester Tischtennistisch Outdoor Der Sponeta SDL Raw Outdoor ist die ultimative Wahl f\u00fcr alle Tischtennisbegeisterten, die Wert auf h\u00f6chs\" \/>\n<meta name=\"robots\" content=\"index, follow, max-snippet:-1, max-image-preview:large, max-video-preview:-1\" \/>\n<link rel=\"canonical\" href=\"https:\/\/schweizversand.ch\/it\/produkt\/sponeta-tischtennistisch-sdl-raw-outdoor\/\" \/>\n<meta property=\"og:locale\" content=\"it_IT\" \/>\n<meta property=\"og:type\" content=\"article\" \/>\n<meta property=\"og:title\" content=\"Sponeta Tischtennistisch SDL Raw Outdoor\" \/>\n<meta property=\"og:description\" content=\"Sponeta SDL Raw \u2013 Wetterfester Tischtennistisch Outdoor Der Sponeta SDL Raw Outdoor ist die ultimative Wahl f\u00fcr alle Tischtennisbegeisterten, die Wert auf h\u00f6chs\" \/>\n<meta property=\"og:url\" content=\"https:\/\/schweizversand.ch\/it\/produkt\/sponeta-tischtennistisch-sdl-raw-outdoor\/\" \/>\n<meta property=\"og:site_name\" content=\"Schweizer Shop f\u00fcr Sport, Spiel und Freizeit\" \/>\n<meta property=\"article:publisher\" content=\"https:\/\/www.facebook.com\/Schweizversand\" \/>\n<meta property=\"article:modified_time\" content=\"2026-04-11T13:36:24+00:00\" \/>\n<meta name=\"twitter:card\" content=\"summary_large_image\" \/>\n<meta name=\"twitter:label1\" content=\"Tempo di lettura stimato\" \/>\n\t<meta name=\"twitter:data1\" content=\"2 minuto\" \/>\n<script type=\"application\/ld+json\" class=\"yoast-schema-graph\">{\"@context\":\"https:\\\/\\\/schema.org\",\"@graph\":[{\"@type\":\"WebPage\",\"@id\":\"https:\\\/\\\/schweizversand.ch\\\/it\\\/produkt\\\/sponeta-tischtennistisch-sdl-raw-outdoor\\\/\",\"url\":\"https:\\\/\\\/schweizversand.ch\\\/it\\\/produkt\\\/sponeta-tischtennistisch-sdl-raw-outdoor\\\/\",\"name\":\"Sponeta Tischtennistisch SDL Raw Outdoor\",\"isPartOf\":{\"@id\":\"https:\\\/\\\/schweizversand.ch\\\/it\\\/#website\"},\"primaryImageOfPage\":{\"@id\":\"https:\\\/\\\/schweizversand.ch\\\/it\\\/produkt\\\/sponeta-tischtennistisch-sdl-raw-outdoor\\\/#primaryimage\"},\"image\":{\"@id\":\"https:\\\/\\\/schweizversand.ch\\\/it\\\/produkt\\\/sponeta-tischtennistisch-sdl-raw-outdoor\\\/#primaryimage\"},\"thumbnailUrl\":\"https:\\\/\\\/schweizversand.ch\\\/wp-content\\\/uploads\\\/2026\\\/04\\\/5520094658-1.jpg\",\"datePublished\":\"2026-04-10T00:00:43+00:00\",\"dateModified\":\"2026-04-11T13:36:24+00:00\",\"description\":\"Sponeta SDL Raw \u2013 Wetterfester Tischtennistisch Outdoor Der Sponeta SDL Raw Outdoor ist die ultimative Wahl f\u00fcr alle Tischtennisbegeisterten, die Wert auf h\u00f6chs\",\"breadcrumb\":{\"@id\":\"https:\\\/\\\/schweizversand.ch\\\/it\\\/produkt\\\/sponeta-tischtennistisch-sdl-raw-outdoor\\\/#breadcrumb\"},\"inLanguage\":\"it-IT\",\"potentialAction\":[{\"@type\":\"ReadAction\",\"target\":[\"https:\\\/\\\/schweizversand.ch\\\/it\\\/produkt\\\/sponeta-tischtennistisch-sdl-raw-outdoor\\\/\"]}]},{\"@type\":\"ImageObject\",\"inLanguage\":\"it-IT\",\"@id\":\"https:\\\/\\\/schweizversand.ch\\\/it\\\/produkt\\\/sponeta-tischtennistisch-sdl-raw-outdoor\\\/#primaryimage\",\"url\":\"https:\\\/\\\/schweizversand.ch\\\/wp-content\\\/uploads\\\/2026\\\/04\\\/5520094658-1.jpg\",\"contentUrl\":\"https:\\\/\\\/schweizversand.ch\\\/wp-content\\\/uploads\\\/2026\\\/04\\\/5520094658-1.jpg\",\"width\":1024,\"height\":649},{\"@type\":\"BreadcrumbList\",\"@id\":\"https:\\\/\\\/schweizversand.ch\\\/it\\\/produkt\\\/sponeta-tischtennistisch-sdl-raw-outdoor\\\/#breadcrumb\",\"itemListElement\":[{\"@type\":\"ListItem\",\"position\":1,\"name\":\"Startseite\",\"item\":\"https:\\\/\\\/schweizversand.ch\\\/it\\\/\"},{\"@type\":\"ListItem\",\"position\":2,\"name\":\"Shop\",\"item\":\"https:\\\/\\\/schweizversand.ch\\\/it\\\/shop\\\/\"},{\"@type\":\"ListItem\",\"position\":3,\"name\":\"Tavolo da ping pong da esterno Sponeta SDL Raw\"}]},{\"@type\":\"WebSite\",\"@id\":\"https:\\\/\\\/schweizversand.ch\\\/it\\\/#website\",\"url\":\"https:\\\/\\\/schweizversand.ch\\\/it\\\/\",\"name\":\"Schweizer Shop f\u00fcr Sport, Spiel und Freizeit\",\"description\":\"Gratisversand ab 50.- (netto), ab eigenem schweizer Lager, Lieferung innert 48h\",\"publisher\":{\"@id\":\"https:\\\/\\\/schweizversand.ch\\\/it\\\/#organization\"},\"alternateName\":\"Schweizversand.ch\",\"potentialAction\":[{\"@type\":\"SearchAction\",\"target\":{\"@type\":\"EntryPoint\",\"urlTemplate\":\"https:\\\/\\\/schweizversand.ch\\\/it\\\/?s={search_term_string}\"},\"query-input\":{\"@type\":\"PropertyValueSpecification\",\"valueRequired\":true,\"valueName\":\"search_term_string\"}}],\"inLanguage\":\"it-IT\"},{\"@type\":\"Organization\",\"@id\":\"https:\\\/\\\/schweizversand.ch\\\/it\\\/#organization\",\"name\":\"Schweizversand.ch\",\"url\":\"https:\\\/\\\/schweizversand.ch\\\/it\\\/\",\"logo\":{\"@type\":\"ImageObject\",\"inLanguage\":\"it-IT\",\"@id\":\"https:\\\/\\\/schweizversand.ch\\\/it\\\/#\\\/schema\\\/logo\\\/image\\\/\",\"url\":\"https:\\\/\\\/schweizversand.ch\\\/wp-content\\\/uploads\\\/2026\\\/03\\\/Logo_Rund_Final-1.png\",\"contentUrl\":\"https:\\\/\\\/schweizversand.ch\\\/wp-content\\\/uploads\\\/2026\\\/03\\\/Logo_Rund_Final-1.png\",\"width\":404,\"height\":404,\"caption\":\"Schweizversand.ch\"},\"image\":{\"@id\":\"https:\\\/\\\/schweizversand.ch\\\/it\\\/#\\\/schema\\\/logo\\\/image\\\/\"},\"sameAs\":[\"https:\\\/\\\/www.facebook.com\\\/Schweizversand\",\"https:\\\/\\\/www.instagram.com\\\/schweizversand.ch\\\/\"]}]}<\/script>\n<!-- \/ Yoast SEO plugin. -->","yoast_head_json":{"title":"Sponeta Tischtennistisch SDL Raw Outdoor","description":"Sponeta SDL Raw \u2013 Wetterfester Tischtennistisch Outdoor Der Sponeta SDL Raw Outdoor ist die ultimative Wahl f\u00fcr alle Tischtennisbegeisterten, die Wert auf h\u00f6chs","robots":{"index":"index","follow":"follow","max-snippet":"max-snippet:-1","max-image-preview":"max-image-preview:large","max-video-preview":"max-video-preview:-1"},"canonical":"https:\/\/schweizversand.ch\/it\/produkt\/sponeta-tischtennistisch-sdl-raw-outdoor\/","og_locale":"it_IT","og_type":"article","og_title":"Sponeta Tischtennistisch SDL Raw Outdoor","og_description":"Sponeta SDL Raw \u2013 Wetterfester Tischtennistisch Outdoor Der Sponeta SDL Raw Outdoor ist die ultimative Wahl f\u00fcr alle Tischtennisbegeisterten, die Wert auf h\u00f6chs","og_url":"https:\/\/schweizversand.ch\/it\/produkt\/sponeta-tischtennistisch-sdl-raw-outdoor\/","og_site_name":"Schweizer Shop f\u00fcr Sport, Spiel und Freizeit","article_publisher":"https:\/\/www.facebook.com\/Schweizversand","article_modified_time":"2026-04-11T13:36:24+00:00","twitter_card":"summary_large_image","twitter_misc":{"Tempo di lettura stimato":"2 minuto"},"schema":{"@context":"https:\/\/schema.org","@graph":[{"@type":"WebPage","@id":"https:\/\/schweizversand.ch\/it\/produkt\/sponeta-tischtennistisch-sdl-raw-outdoor\/","url":"https:\/\/schweizversand.ch\/it\/produkt\/sponeta-tischtennistisch-sdl-raw-outdoor\/","name":"Sponeta Tischtennistisch SDL Raw Outdoor","isPartOf":{"@id":"https:\/\/schweizversand.ch\/it\/#website"},"primaryImageOfPage":{"@id":"https:\/\/schweizversand.ch\/it\/produkt\/sponeta-tischtennistisch-sdl-raw-outdoor\/#primaryimage"},"image":{"@id":"https:\/\/schweizversand.ch\/it\/produkt\/sponeta-tischtennistisch-sdl-raw-outdoor\/#primaryimage"},"thumbnailUrl":"https:\/\/schweizversand.ch\/wp-content\/uploads\/2026\/04\/5520094658-1.jpg","datePublished":"2026-04-10T00:00:43+00:00","dateModified":"2026-04-11T13:36:24+00:00","description":"Sponeta SDL Raw \u2013 Wetterfester Tischtennistisch Outdoor Der Sponeta SDL Raw Outdoor ist die ultimative Wahl f\u00fcr alle Tischtennisbegeisterten, die Wert auf h\u00f6chs","breadcrumb":{"@id":"https:\/\/schweizversand.ch\/it\/produkt\/sponeta-tischtennistisch-sdl-raw-outdoor\/#breadcrumb"},"inLanguage":"it-IT","potentialAction":[{"@type":"ReadAction","target":["https:\/\/schweizversand.ch\/it\/produkt\/sponeta-tischtennistisch-sdl-raw-outdoor\/"]}]},{"@type":"ImageObject","inLanguage":"it-IT","@id":"https:\/\/schweizversand.ch\/it\/produkt\/sponeta-tischtennistisch-sdl-raw-outdoor\/#primaryimage","url":"https:\/\/schweizversand.ch\/wp-content\/uploads\/2026\/04\/5520094658-1.jpg","contentUrl":"https:\/\/schweizversand.ch\/wp-content\/uploads\/2026\/04\/5520094658-1.jpg","width":1024,"height":649},{"@type":"BreadcrumbList","@id":"https:\/\/schweizversand.ch\/it\/produkt\/sponeta-tischtennistisch-sdl-raw-outdoor\/#breadcrumb","itemListElement":[{"@type":"ListItem","position":1,"name":"Startseite","item":"https:\/\/schweizversand.ch\/it\/"},{"@type":"ListItem","position":2,"name":"Shop","item":"https:\/\/schweizversand.ch\/it\/shop\/"},{"@type":"ListItem","position":3,"name":"Tavolo da ping pong da esterno Sponeta SDL Raw"}]},{"@type":"WebSite","@id":"https:\/\/schweizversand.ch\/it\/#website","url":"https:\/\/schweizversand.ch\/it\/","name":"Schweizer Shop f\u00fcr Sport, Spiel und Freizeit","description":"Gratisversand ab 50.- (netto), ab eigenem schweizer Lager, Lieferung innert 48h","publisher":{"@id":"https:\/\/schweizversand.ch\/it\/#organization"},"alternateName":"Schweizversand.ch","potentialAction":[{"@type":"SearchAction","target":{"@type":"EntryPoint","urlTemplate":"https:\/\/schweizversand.ch\/it\/?s={search_term_string}"},"query-input":{"@type":"PropertyValueSpecification","valueRequired":true,"valueName":"search_term_string"}}],"inLanguage":"it-IT"},{"@type":"Organization","@id":"https:\/\/schweizversand.ch\/it\/#organization","name":"Schweizversand.ch","url":"https:\/\/schweizversand.ch\/it\/","logo":{"@type":"ImageObject","inLanguage":"it-IT","@id":"https:\/\/schweizversand.ch\/it\/#\/schema\/logo\/image\/","url":"https:\/\/schweizversand.ch\/wp-content\/uploads\/2026\/03\/Logo_Rund_Final-1.png","contentUrl":"https:\/\/schweizversand.ch\/wp-content\/uploads\/2026\/03\/Logo_Rund_Final-1.png","width":404,"height":404,"caption":"Schweizversand.ch"},"image":{"@id":"https:\/\/schweizversand.ch\/it\/#\/schema\/logo\/image\/"},"sameAs":["https:\/\/www.facebook.com\/Schweizversand","https:\/\/www.instagram.com\/schweizversand.ch\/"]}]}},"jetpack_sharing_enabled":true,"_links":{"self":[{"href":"https:\/\/schweizversand.ch\/it\/wp-json\/wp\/v2\/product\/263239","targetHints":{"allow":["GET"]}}],"collection":[{"href":"https:\/\/schweizversand.ch\/it\/wp-json\/wp\/v2\/product"}],"about":[{"href":"https:\/\/schweizversand.ch\/it\/wp-json\/wp\/v2\/types\/product"}],"replies":[{"embeddable":true,"href":"https:\/\/schweizversand.ch\/it\/wp-json\/wp\/v2\/comments?post=263239"}],"wp:featuredmedia":[{"embeddable":true,"href":"https:\/\/schweizversand.ch\/it\/wp-json\/wp\/v2\/media\/263382"}],"wp:attachment":[{"href":"https:\/\/schweizversand.ch\/it\/wp-json\/wp\/v2\/media?parent=263239"}],"wp:term":[{"taxonomy":"product_brand","embeddable":true,"href":"https:\/\/schweizversand.ch\/it\/wp-json\/wp\/v2\/product_brand?post=263239"},{"taxonomy":"product_cat","embeddable":true,"href":"https:\/\/schweizversand.ch\/it\/wp-json\/wp\/v2\/product_cat?post=263239"},{"taxonomy":"product_tag","embeddable":true,"href":"https:\/\/schweizversand.ch\/it\/wp-json\/wp\/v2\/product_tag?post=263239"}],"curies":[{"name":"wp","href":"https:\/\/api.w.org\/{rel}","templated":true}]}}