{"id":264634,"date":"2026-04-11T02:00:28","date_gmt":"2026-04-11T00:00:28","guid":{"rendered":"https:\/\/schweizversand.ch\/produkt\/jilong-schwimmring-blauer-elefant\/"},"modified":"2026-04-11T15:35:37","modified_gmt":"2026-04-11T13:35:37","slug":"jilong-schwimmring-blauer-elefant-2","status":"publish","type":"product","link":"https:\/\/schweizversand.ch\/it\/produkt\/jilong-schwimmring-blauer-elefant-2\/","title":{"rendered":"Salvagente Jilong &#8220;Elefante Blu&#8221;"},"content":{"rendered":"<div>Salvagente Blue Elephant \u2013 Simpatico divertimento in bagno per bambini<br \/>Con il salvagente &#8220;Blue Elephant&#8221; (75 cm x 75 cm), una giornata in piscina o in spiaggia diventa un&#8217;adorabile avventura! Il motivo a forma di elefante, disegnato con cura, delizia i piccoli amanti dell&#8217;acqua e garantisce un divertimento sicuro per i bambini in acqua.<br \/>Grazie alle sue dimensioni compatte, il salvagente \u00e8 veloce da gonfiare e facile da trasportare: ideale per le vacanze, le piscine all&#8217;aperto o il giardino. Perfetto per i bambini che amano l&#8217;acqua e vogliono sguazzare con stile!<br \/>Dettagli del prodotto:<br \/>\u2022 Dimensioni (sgonfio): 75 cm x 75 cm (29,5&#8243; x 29,5&#8243;)<br \/>\u2022 Design: Simpatico elefante blu \u2013 adatto ai bambini e giocoso<br \/>\u2022 Materiale: PVC resistente e leggero<br \/>\u2022 Adatto a: Bambini (si consiglia la supervisione)<br \/>\u2022 Utilizzo: Ideale per piscina, lago, mare o giardino<\/p>\n<\/div>\n","protected":false},"excerpt":{"rendered":"<p>Jilong Schwimmring &#8220;Blauer Elefant&#8221; bietet sicheren Badespa\u00df mit niedlichem Design, robustem PVC und kompakter Gr\u00f6\u00dfe \u2013 perfekt f\u00fcr Kinder im Pool, Strand oder Garten.<\/p>\n","protected":false},"featured_media":265064,"comment_status":"open","ping_status":"closed","template":"","meta":[],"product_brand":[],"product_cat":[38761],"product_tag":[],"class_list":{"0":"post-264634","1":"product","2":"type-product","3":"status-publish","4":"has-post-thumbnail","6":"product_cat-schwimmen-tauchen","7":"product_shipping_class-global_methods","9":"first","10":"instock","11":"taxable","12":"shipping-taxable","13":"purchasable","14":"product-type-simple"},"yoast_head":"<!-- This site is optimized with the Yoast SEO plugin v27.3 - https:\/\/yoast.com\/product\/yoast-seo-wordpress\/ -->\n<title>Jilong Schwimmring &quot;Blauer Elefant&quot;<\/title>\n<meta name=\"description\" content=\"Schwimmring &quot;Blauer Elefant&quot; \u2013 Niedlicher Badespa\u00df f\u00fcr Kinder\u00a0 Mit dem Schwimmring &quot;Blauer Elefant&quot; (75 cm x 75 cm) wird der Tag am Pool oder Strand zum tierisc\" \/>\n<meta name=\"robots\" content=\"index, follow, max-snippet:-1, max-image-preview:large, max-video-preview:-1\" \/>\n<link rel=\"canonical\" href=\"https:\/\/schweizversand.ch\/it\/produkt\/jilong-schwimmring-blauer-elefant-2\/\" \/>\n<meta property=\"og:locale\" content=\"it_IT\" \/>\n<meta property=\"og:type\" content=\"article\" \/>\n<meta property=\"og:title\" content=\"Jilong Schwimmring &quot;Blauer Elefant&quot;\" \/>\n<meta property=\"og:description\" content=\"Schwimmring &quot;Blauer Elefant&quot; \u2013 Niedlicher Badespa\u00df f\u00fcr Kinder\u00a0 Mit dem Schwimmring &quot;Blauer Elefant&quot; (75 cm x 75 cm) wird der Tag am Pool oder Strand zum tierisc\" \/>\n<meta property=\"og:url\" content=\"https:\/\/schweizversand.ch\/it\/produkt\/jilong-schwimmring-blauer-elefant-2\/\" \/>\n<meta property=\"og:site_name\" content=\"Schweizer Shop f\u00fcr Sport, Spiel und Freizeit\" \/>\n<meta property=\"article:publisher\" content=\"https:\/\/www.facebook.com\/Schweizversand\" \/>\n<meta property=\"article:modified_time\" content=\"2026-04-11T13:35:37+00:00\" \/>\n<meta property=\"og:image\" content=\"https:\/\/schweizversand.ch\/wp-content\/uploads\/2026\/04\/5471920563.png\" \/>\n\t<meta property=\"og:image:width\" content=\"1024\" \/>\n\t<meta property=\"og:image:height\" content=\"680\" \/>\n\t<meta property=\"og:image:type\" content=\"image\/png\" \/>\n<meta name=\"twitter:card\" content=\"summary_large_image\" \/>\n<meta name=\"twitter:label1\" content=\"Tempo di lettura stimato\" \/>\n\t<meta name=\"twitter:data1\" content=\"1 minuto\" \/>\n<script type=\"application\/ld+json\" class=\"yoast-schema-graph\">{\"@context\":\"https:\\\/\\\/schema.org\",\"@graph\":[{\"@type\":\"WebPage\",\"@id\":\"https:\\\/\\\/schweizversand.ch\\\/it\\\/produkt\\\/jilong-schwimmring-blauer-elefant-2\\\/\",\"url\":\"https:\\\/\\\/schweizversand.ch\\\/it\\\/produkt\\\/jilong-schwimmring-blauer-elefant-2\\\/\",\"name\":\"Jilong Schwimmring \\\"Blauer Elefant\\\"\",\"isPartOf\":{\"@id\":\"https:\\\/\\\/schweizversand.ch\\\/it\\\/#website\"},\"primaryImageOfPage\":{\"@id\":\"https:\\\/\\\/schweizversand.ch\\\/it\\\/produkt\\\/jilong-schwimmring-blauer-elefant-2\\\/#primaryimage\"},\"image\":{\"@id\":\"https:\\\/\\\/schweizversand.ch\\\/it\\\/produkt\\\/jilong-schwimmring-blauer-elefant-2\\\/#primaryimage\"},\"thumbnailUrl\":\"https:\\\/\\\/schweizversand.ch\\\/wp-content\\\/uploads\\\/2026\\\/04\\\/5471920563.png\",\"datePublished\":\"2026-04-11T00:00:28+00:00\",\"dateModified\":\"2026-04-11T13:35:37+00:00\",\"description\":\"Schwimmring \\\"Blauer Elefant\\\" \u2013 Niedlicher Badespa\u00df f\u00fcr Kinder\u00a0 Mit dem Schwimmring \\\"Blauer Elefant\\\" (75 cm x 75 cm) wird der Tag am Pool oder Strand zum tierisc\",\"breadcrumb\":{\"@id\":\"https:\\\/\\\/schweizversand.ch\\\/it\\\/produkt\\\/jilong-schwimmring-blauer-elefant-2\\\/#breadcrumb\"},\"inLanguage\":\"it-IT\",\"potentialAction\":[{\"@type\":\"ReadAction\",\"target\":[\"https:\\\/\\\/schweizversand.ch\\\/it\\\/produkt\\\/jilong-schwimmring-blauer-elefant-2\\\/\"]}]},{\"@type\":\"ImageObject\",\"inLanguage\":\"it-IT\",\"@id\":\"https:\\\/\\\/schweizversand.ch\\\/it\\\/produkt\\\/jilong-schwimmring-blauer-elefant-2\\\/#primaryimage\",\"url\":\"https:\\\/\\\/schweizversand.ch\\\/wp-content\\\/uploads\\\/2026\\\/04\\\/5471920563.png\",\"contentUrl\":\"https:\\\/\\\/schweizversand.ch\\\/wp-content\\\/uploads\\\/2026\\\/04\\\/5471920563.png\",\"width\":1024,\"height\":680},{\"@type\":\"BreadcrumbList\",\"@id\":\"https:\\\/\\\/schweizversand.ch\\\/it\\\/produkt\\\/jilong-schwimmring-blauer-elefant-2\\\/#breadcrumb\",\"itemListElement\":[{\"@type\":\"ListItem\",\"position\":1,\"name\":\"Startseite\",\"item\":\"https:\\\/\\\/schweizversand.ch\\\/it\\\/\"},{\"@type\":\"ListItem\",\"position\":2,\"name\":\"Shop\",\"item\":\"https:\\\/\\\/schweizversand.ch\\\/it\\\/shop\\\/\"},{\"@type\":\"ListItem\",\"position\":3,\"name\":\"Salvagente Jilong &#8220;Elefante Blu&#8221;\"}]},{\"@type\":\"WebSite\",\"@id\":\"https:\\\/\\\/schweizversand.ch\\\/it\\\/#website\",\"url\":\"https:\\\/\\\/schweizversand.ch\\\/it\\\/\",\"name\":\"Schweizer Shop f\u00fcr Sport, Spiel und Freizeit\",\"description\":\"Gratisversand ab 50.- (netto), ab eigenem schweizer Lager, Lieferung innert 48h\",\"publisher\":{\"@id\":\"https:\\\/\\\/schweizversand.ch\\\/it\\\/#organization\"},\"alternateName\":\"Schweizversand.ch\",\"potentialAction\":[{\"@type\":\"SearchAction\",\"target\":{\"@type\":\"EntryPoint\",\"urlTemplate\":\"https:\\\/\\\/schweizversand.ch\\\/it\\\/?s={search_term_string}\"},\"query-input\":{\"@type\":\"PropertyValueSpecification\",\"valueRequired\":true,\"valueName\":\"search_term_string\"}}],\"inLanguage\":\"it-IT\"},{\"@type\":\"Organization\",\"@id\":\"https:\\\/\\\/schweizversand.ch\\\/it\\\/#organization\",\"name\":\"Schweizversand.ch\",\"url\":\"https:\\\/\\\/schweizversand.ch\\\/it\\\/\",\"logo\":{\"@type\":\"ImageObject\",\"inLanguage\":\"it-IT\",\"@id\":\"https:\\\/\\\/schweizversand.ch\\\/it\\\/#\\\/schema\\\/logo\\\/image\\\/\",\"url\":\"https:\\\/\\\/schweizversand.ch\\\/wp-content\\\/uploads\\\/2026\\\/03\\\/Logo_Rund_Final-1.png\",\"contentUrl\":\"https:\\\/\\\/schweizversand.ch\\\/wp-content\\\/uploads\\\/2026\\\/03\\\/Logo_Rund_Final-1.png\",\"width\":404,\"height\":404,\"caption\":\"Schweizversand.ch\"},\"image\":{\"@id\":\"https:\\\/\\\/schweizversand.ch\\\/it\\\/#\\\/schema\\\/logo\\\/image\\\/\"},\"sameAs\":[\"https:\\\/\\\/www.facebook.com\\\/Schweizversand\",\"https:\\\/\\\/www.instagram.com\\\/schweizversand.ch\\\/\"]}]}<\/script>\n<!-- \/ Yoast SEO plugin. -->","yoast_head_json":{"title":"Jilong Schwimmring \"Blauer Elefant\"","description":"Schwimmring \"Blauer Elefant\" \u2013 Niedlicher Badespa\u00df f\u00fcr Kinder\u00a0 Mit dem Schwimmring \"Blauer Elefant\" (75 cm x 75 cm) wird der Tag am Pool oder Strand zum tierisc","robots":{"index":"index","follow":"follow","max-snippet":"max-snippet:-1","max-image-preview":"max-image-preview:large","max-video-preview":"max-video-preview:-1"},"canonical":"https:\/\/schweizversand.ch\/it\/produkt\/jilong-schwimmring-blauer-elefant-2\/","og_locale":"it_IT","og_type":"article","og_title":"Jilong Schwimmring \"Blauer Elefant\"","og_description":"Schwimmring \"Blauer Elefant\" \u2013 Niedlicher Badespa\u00df f\u00fcr Kinder\u00a0 Mit dem Schwimmring \"Blauer Elefant\" (75 cm x 75 cm) wird der Tag am Pool oder Strand zum tierisc","og_url":"https:\/\/schweizversand.ch\/it\/produkt\/jilong-schwimmring-blauer-elefant-2\/","og_site_name":"Schweizer Shop f\u00fcr Sport, Spiel und Freizeit","article_publisher":"https:\/\/www.facebook.com\/Schweizversand","article_modified_time":"2026-04-11T13:35:37+00:00","og_image":[{"width":1024,"height":680,"url":"https:\/\/schweizversand.ch\/wp-content\/uploads\/2026\/04\/5471920563.png","type":"image\/png"}],"twitter_card":"summary_large_image","twitter_misc":{"Tempo di lettura stimato":"1 minuto"},"schema":{"@context":"https:\/\/schema.org","@graph":[{"@type":"WebPage","@id":"https:\/\/schweizversand.ch\/it\/produkt\/jilong-schwimmring-blauer-elefant-2\/","url":"https:\/\/schweizversand.ch\/it\/produkt\/jilong-schwimmring-blauer-elefant-2\/","name":"Jilong Schwimmring \"Blauer Elefant\"","isPartOf":{"@id":"https:\/\/schweizversand.ch\/it\/#website"},"primaryImageOfPage":{"@id":"https:\/\/schweizversand.ch\/it\/produkt\/jilong-schwimmring-blauer-elefant-2\/#primaryimage"},"image":{"@id":"https:\/\/schweizversand.ch\/it\/produkt\/jilong-schwimmring-blauer-elefant-2\/#primaryimage"},"thumbnailUrl":"https:\/\/schweizversand.ch\/wp-content\/uploads\/2026\/04\/5471920563.png","datePublished":"2026-04-11T00:00:28+00:00","dateModified":"2026-04-11T13:35:37+00:00","description":"Schwimmring \"Blauer Elefant\" \u2013 Niedlicher Badespa\u00df f\u00fcr Kinder\u00a0 Mit dem Schwimmring \"Blauer Elefant\" (75 cm x 75 cm) wird der Tag am Pool oder Strand zum tierisc","breadcrumb":{"@id":"https:\/\/schweizversand.ch\/it\/produkt\/jilong-schwimmring-blauer-elefant-2\/#breadcrumb"},"inLanguage":"it-IT","potentialAction":[{"@type":"ReadAction","target":["https:\/\/schweizversand.ch\/it\/produkt\/jilong-schwimmring-blauer-elefant-2\/"]}]},{"@type":"ImageObject","inLanguage":"it-IT","@id":"https:\/\/schweizversand.ch\/it\/produkt\/jilong-schwimmring-blauer-elefant-2\/#primaryimage","url":"https:\/\/schweizversand.ch\/wp-content\/uploads\/2026\/04\/5471920563.png","contentUrl":"https:\/\/schweizversand.ch\/wp-content\/uploads\/2026\/04\/5471920563.png","width":1024,"height":680},{"@type":"BreadcrumbList","@id":"https:\/\/schweizversand.ch\/it\/produkt\/jilong-schwimmring-blauer-elefant-2\/#breadcrumb","itemListElement":[{"@type":"ListItem","position":1,"name":"Startseite","item":"https:\/\/schweizversand.ch\/it\/"},{"@type":"ListItem","position":2,"name":"Shop","item":"https:\/\/schweizversand.ch\/it\/shop\/"},{"@type":"ListItem","position":3,"name":"Salvagente Jilong &#8220;Elefante Blu&#8221;"}]},{"@type":"WebSite","@id":"https:\/\/schweizversand.ch\/it\/#website","url":"https:\/\/schweizversand.ch\/it\/","name":"Schweizer Shop f\u00fcr Sport, Spiel und Freizeit","description":"Gratisversand ab 50.- (netto), ab eigenem schweizer Lager, Lieferung innert 48h","publisher":{"@id":"https:\/\/schweizversand.ch\/it\/#organization"},"alternateName":"Schweizversand.ch","potentialAction":[{"@type":"SearchAction","target":{"@type":"EntryPoint","urlTemplate":"https:\/\/schweizversand.ch\/it\/?s={search_term_string}"},"query-input":{"@type":"PropertyValueSpecification","valueRequired":true,"valueName":"search_term_string"}}],"inLanguage":"it-IT"},{"@type":"Organization","@id":"https:\/\/schweizversand.ch\/it\/#organization","name":"Schweizversand.ch","url":"https:\/\/schweizversand.ch\/it\/","logo":{"@type":"ImageObject","inLanguage":"it-IT","@id":"https:\/\/schweizversand.ch\/it\/#\/schema\/logo\/image\/","url":"https:\/\/schweizversand.ch\/wp-content\/uploads\/2026\/03\/Logo_Rund_Final-1.png","contentUrl":"https:\/\/schweizversand.ch\/wp-content\/uploads\/2026\/03\/Logo_Rund_Final-1.png","width":404,"height":404,"caption":"Schweizversand.ch"},"image":{"@id":"https:\/\/schweizversand.ch\/it\/#\/schema\/logo\/image\/"},"sameAs":["https:\/\/www.facebook.com\/Schweizversand","https:\/\/www.instagram.com\/schweizversand.ch\/"]}]}},"jetpack_sharing_enabled":true,"_links":{"self":[{"href":"https:\/\/schweizversand.ch\/it\/wp-json\/wp\/v2\/product\/264634","targetHints":{"allow":["GET"]}}],"collection":[{"href":"https:\/\/schweizversand.ch\/it\/wp-json\/wp\/v2\/product"}],"about":[{"href":"https:\/\/schweizversand.ch\/it\/wp-json\/wp\/v2\/types\/product"}],"replies":[{"embeddable":true,"href":"https:\/\/schweizversand.ch\/it\/wp-json\/wp\/v2\/comments?post=264634"}],"wp:featuredmedia":[{"embeddable":true,"href":"https:\/\/schweizversand.ch\/it\/wp-json\/wp\/v2\/media\/265064"}],"wp:attachment":[{"href":"https:\/\/schweizversand.ch\/it\/wp-json\/wp\/v2\/media?parent=264634"}],"wp:term":[{"taxonomy":"product_brand","embeddable":true,"href":"https:\/\/schweizversand.ch\/it\/wp-json\/wp\/v2\/product_brand?post=264634"},{"taxonomy":"product_cat","embeddable":true,"href":"https:\/\/schweizversand.ch\/it\/wp-json\/wp\/v2\/product_cat?post=264634"},{"taxonomy":"product_tag","embeddable":true,"href":"https:\/\/schweizversand.ch\/it\/wp-json\/wp\/v2\/product_tag?post=264634"}],"curies":[{"name":"wp","href":"https:\/\/api.w.org\/{rel}","templated":true}]}}