{"id":264637,"date":"2026-04-11T02:00:28","date_gmt":"2026-04-11T00:00:28","guid":{"rendered":"https:\/\/schweizversand.ch\/produkt\/jilong-kinderpool-3-ring-pool-grapefruit\/"},"modified":"2026-04-11T15:35:37","modified_gmt":"2026-04-11T13:35:37","slug":"jilong-kinderpool-3-ring-pool-grapefruit-2","status":"publish","type":"product","link":"https:\/\/schweizversand.ch\/it\/produkt\/jilong-kinderpool-3-ring-pool-grapefruit-2\/","title":{"rendered":"Piscina per bambini Jilong &#8211; Piscina a 3 anelli &#8220;Pompelmo&#8221;"},"content":{"rendered":"<div>Piscina a 3 anelli Grapefruit \u2013 Divertimento estivo con un design fruttato<br \/>Porta un tocco tropicale nel tuo giardino con la piscina gonfiabile Grapefruit a 3 anelli (\u00d8 168 cm x 38 cm)! La vivace e colorata stampa a pompelmo crea immediatamente un&#8217;atmosfera estiva, perfetta per i bambini e tutta la famiglia nelle giornate pi\u00f9 calde.<br \/>Con una generosa capacit\u00e0 di 451 litri (119 galloni), la piscina offre ampio spazio per sguazzare, giocare e rinfrescarsi. La robusta struttura a 3 anelli in robusto PVC garantisce sicurezza e durata. Ideale per l&#8217;uso in giardino o in terrazza!<\/p>\n<\/div>\n<div>Dettagli del prodotto:<br \/>\u2022 Dimensioni da gonfiato: \u00d8 168 cm x 38 cm (\u00d8 66&#8243; x 15&#8243;)<br \/>\u2022 Capacit\u00e0 d&#8217;acqua (al 75% di riempimento): 451 litri \/ 119 galloni<br \/>\u2022 Design: Stampa di pompelmo vivace, fresca e accattivante<br \/>\u2022 Materiale: PVC resistente e di alta qualit\u00e0<br \/>\u2022 Struttura: Sistema a 3 anelli per una forma stabile<\/p>\n<\/div>\n","protected":false},"excerpt":{"rendered":"<p>Jilong Kinderpool &#8211; 3-Ring Pool &#8220;Grapefruit&#8221;: Frischer Badespa\u00df f\u00fcr Kinder mit robustem PVC, 168 cm Durchmesser und 451 Liter Fassungsverm\u00f6gen \u2013 perfekt f\u00fcr hei\u00dfe Sommertage.<\/p>\n","protected":false},"featured_media":265073,"comment_status":"open","ping_status":"closed","template":"","meta":[],"product_brand":[],"product_cat":[38551],"product_tag":[],"class_list":{"0":"post-264637","1":"product","2":"type-product","3":"status-publish","4":"has-post-thumbnail","6":"product_cat-wasserspielzeug","7":"product_shipping_class-global_methods","9":"first","10":"instock","11":"taxable","12":"shipping-taxable","13":"purchasable","14":"product-type-simple"},"yoast_head":"<!-- This site is optimized with the Yoast SEO plugin v27.3 - https:\/\/yoast.com\/product\/yoast-seo-wordpress\/ -->\n<title>Jilong Kinderpool - 3-Ring Pool &quot;Grapefruit&quot;<\/title>\n<meta name=\"description\" content=\"Grapefruit 3-Ring-Pool \u2013 Sommerlicher Badespa\u00df mit fruchtigem Design\u00a0 Bringen Sie tropisches Flair in Ihren Garten mit dem aufblasbaren Grapefruit 3-Ring-Pool (\" \/>\n<meta name=\"robots\" content=\"index, follow, max-snippet:-1, max-image-preview:large, max-video-preview:-1\" \/>\n<link rel=\"canonical\" href=\"https:\/\/schweizversand.ch\/it\/produkt\/jilong-kinderpool-3-ring-pool-grapefruit-2\/\" \/>\n<meta property=\"og:locale\" content=\"it_IT\" \/>\n<meta property=\"og:type\" content=\"article\" \/>\n<meta property=\"og:title\" content=\"Jilong Kinderpool - 3-Ring Pool &quot;Grapefruit&quot;\" \/>\n<meta property=\"og:description\" content=\"Grapefruit 3-Ring-Pool \u2013 Sommerlicher Badespa\u00df mit fruchtigem Design\u00a0 Bringen Sie tropisches Flair in Ihren Garten mit dem aufblasbaren Grapefruit 3-Ring-Pool (\" \/>\n<meta property=\"og:url\" content=\"https:\/\/schweizversand.ch\/it\/produkt\/jilong-kinderpool-3-ring-pool-grapefruit-2\/\" \/>\n<meta property=\"og:site_name\" content=\"Schweizer Shop f\u00fcr Sport, Spiel und Freizeit\" \/>\n<meta property=\"article:publisher\" content=\"https:\/\/www.facebook.com\/Schweizversand\" \/>\n<meta property=\"article:modified_time\" content=\"2026-04-11T13:35:37+00:00\" \/>\n<meta property=\"og:image\" content=\"https:\/\/schweizversand.ch\/wp-content\/uploads\/2026\/04\/5471919866.png\" \/>\n\t<meta property=\"og:image:width\" content=\"1024\" \/>\n\t<meta property=\"og:image:height\" content=\"680\" \/>\n\t<meta property=\"og:image:type\" content=\"image\/png\" \/>\n<meta name=\"twitter:card\" content=\"summary_large_image\" \/>\n<meta name=\"twitter:label1\" content=\"Tempo di lettura stimato\" \/>\n\t<meta name=\"twitter:data1\" content=\"1 minuto\" \/>\n<script type=\"application\/ld+json\" class=\"yoast-schema-graph\">{\"@context\":\"https:\\\/\\\/schema.org\",\"@graph\":[{\"@type\":\"WebPage\",\"@id\":\"https:\\\/\\\/schweizversand.ch\\\/it\\\/produkt\\\/jilong-kinderpool-3-ring-pool-grapefruit-2\\\/\",\"url\":\"https:\\\/\\\/schweizversand.ch\\\/it\\\/produkt\\\/jilong-kinderpool-3-ring-pool-grapefruit-2\\\/\",\"name\":\"Jilong Kinderpool - 3-Ring Pool \\\"Grapefruit\\\"\",\"isPartOf\":{\"@id\":\"https:\\\/\\\/schweizversand.ch\\\/it\\\/#website\"},\"primaryImageOfPage\":{\"@id\":\"https:\\\/\\\/schweizversand.ch\\\/it\\\/produkt\\\/jilong-kinderpool-3-ring-pool-grapefruit-2\\\/#primaryimage\"},\"image\":{\"@id\":\"https:\\\/\\\/schweizversand.ch\\\/it\\\/produkt\\\/jilong-kinderpool-3-ring-pool-grapefruit-2\\\/#primaryimage\"},\"thumbnailUrl\":\"https:\\\/\\\/schweizversand.ch\\\/wp-content\\\/uploads\\\/2026\\\/04\\\/5471919866.png\",\"datePublished\":\"2026-04-11T00:00:28+00:00\",\"dateModified\":\"2026-04-11T13:35:37+00:00\",\"description\":\"Grapefruit 3-Ring-Pool \u2013 Sommerlicher Badespa\u00df mit fruchtigem Design\u00a0 Bringen Sie tropisches Flair in Ihren Garten mit dem aufblasbaren Grapefruit 3-Ring-Pool (\",\"breadcrumb\":{\"@id\":\"https:\\\/\\\/schweizversand.ch\\\/it\\\/produkt\\\/jilong-kinderpool-3-ring-pool-grapefruit-2\\\/#breadcrumb\"},\"inLanguage\":\"it-IT\",\"potentialAction\":[{\"@type\":\"ReadAction\",\"target\":[\"https:\\\/\\\/schweizversand.ch\\\/it\\\/produkt\\\/jilong-kinderpool-3-ring-pool-grapefruit-2\\\/\"]}]},{\"@type\":\"ImageObject\",\"inLanguage\":\"it-IT\",\"@id\":\"https:\\\/\\\/schweizversand.ch\\\/it\\\/produkt\\\/jilong-kinderpool-3-ring-pool-grapefruit-2\\\/#primaryimage\",\"url\":\"https:\\\/\\\/schweizversand.ch\\\/wp-content\\\/uploads\\\/2026\\\/04\\\/5471919866.png\",\"contentUrl\":\"https:\\\/\\\/schweizversand.ch\\\/wp-content\\\/uploads\\\/2026\\\/04\\\/5471919866.png\",\"width\":1024,\"height\":680},{\"@type\":\"BreadcrumbList\",\"@id\":\"https:\\\/\\\/schweizversand.ch\\\/it\\\/produkt\\\/jilong-kinderpool-3-ring-pool-grapefruit-2\\\/#breadcrumb\",\"itemListElement\":[{\"@type\":\"ListItem\",\"position\":1,\"name\":\"Startseite\",\"item\":\"https:\\\/\\\/schweizversand.ch\\\/it\\\/\"},{\"@type\":\"ListItem\",\"position\":2,\"name\":\"Shop\",\"item\":\"https:\\\/\\\/schweizversand.ch\\\/it\\\/shop\\\/\"},{\"@type\":\"ListItem\",\"position\":3,\"name\":\"Piscina per bambini Jilong &#8211; Piscina a 3 anelli &#8220;Pompelmo&#8221;\"}]},{\"@type\":\"WebSite\",\"@id\":\"https:\\\/\\\/schweizversand.ch\\\/it\\\/#website\",\"url\":\"https:\\\/\\\/schweizversand.ch\\\/it\\\/\",\"name\":\"Schweizer Shop f\u00fcr Sport, Spiel und Freizeit\",\"description\":\"Gratisversand ab 50.- (netto), ab eigenem schweizer Lager, Lieferung innert 48h\",\"publisher\":{\"@id\":\"https:\\\/\\\/schweizversand.ch\\\/it\\\/#organization\"},\"alternateName\":\"Schweizversand.ch\",\"potentialAction\":[{\"@type\":\"SearchAction\",\"target\":{\"@type\":\"EntryPoint\",\"urlTemplate\":\"https:\\\/\\\/schweizversand.ch\\\/it\\\/?s={search_term_string}\"},\"query-input\":{\"@type\":\"PropertyValueSpecification\",\"valueRequired\":true,\"valueName\":\"search_term_string\"}}],\"inLanguage\":\"it-IT\"},{\"@type\":\"Organization\",\"@id\":\"https:\\\/\\\/schweizversand.ch\\\/it\\\/#organization\",\"name\":\"Schweizversand.ch\",\"url\":\"https:\\\/\\\/schweizversand.ch\\\/it\\\/\",\"logo\":{\"@type\":\"ImageObject\",\"inLanguage\":\"it-IT\",\"@id\":\"https:\\\/\\\/schweizversand.ch\\\/it\\\/#\\\/schema\\\/logo\\\/image\\\/\",\"url\":\"https:\\\/\\\/schweizversand.ch\\\/wp-content\\\/uploads\\\/2026\\\/03\\\/Logo_Rund_Final-1.png\",\"contentUrl\":\"https:\\\/\\\/schweizversand.ch\\\/wp-content\\\/uploads\\\/2026\\\/03\\\/Logo_Rund_Final-1.png\",\"width\":404,\"height\":404,\"caption\":\"Schweizversand.ch\"},\"image\":{\"@id\":\"https:\\\/\\\/schweizversand.ch\\\/it\\\/#\\\/schema\\\/logo\\\/image\\\/\"},\"sameAs\":[\"https:\\\/\\\/www.facebook.com\\\/Schweizversand\",\"https:\\\/\\\/www.instagram.com\\\/schweizversand.ch\\\/\"]}]}<\/script>\n<!-- \/ Yoast SEO plugin. -->","yoast_head_json":{"title":"Jilong Kinderpool - 3-Ring Pool \"Grapefruit\"","description":"Grapefruit 3-Ring-Pool \u2013 Sommerlicher Badespa\u00df mit fruchtigem Design\u00a0 Bringen Sie tropisches Flair in Ihren Garten mit dem aufblasbaren Grapefruit 3-Ring-Pool (","robots":{"index":"index","follow":"follow","max-snippet":"max-snippet:-1","max-image-preview":"max-image-preview:large","max-video-preview":"max-video-preview:-1"},"canonical":"https:\/\/schweizversand.ch\/it\/produkt\/jilong-kinderpool-3-ring-pool-grapefruit-2\/","og_locale":"it_IT","og_type":"article","og_title":"Jilong Kinderpool - 3-Ring Pool \"Grapefruit\"","og_description":"Grapefruit 3-Ring-Pool \u2013 Sommerlicher Badespa\u00df mit fruchtigem Design\u00a0 Bringen Sie tropisches Flair in Ihren Garten mit dem aufblasbaren Grapefruit 3-Ring-Pool (","og_url":"https:\/\/schweizversand.ch\/it\/produkt\/jilong-kinderpool-3-ring-pool-grapefruit-2\/","og_site_name":"Schweizer Shop f\u00fcr Sport, Spiel und Freizeit","article_publisher":"https:\/\/www.facebook.com\/Schweizversand","article_modified_time":"2026-04-11T13:35:37+00:00","og_image":[{"width":1024,"height":680,"url":"https:\/\/schweizversand.ch\/wp-content\/uploads\/2026\/04\/5471919866.png","type":"image\/png"}],"twitter_card":"summary_large_image","twitter_misc":{"Tempo di lettura stimato":"1 minuto"},"schema":{"@context":"https:\/\/schema.org","@graph":[{"@type":"WebPage","@id":"https:\/\/schweizversand.ch\/it\/produkt\/jilong-kinderpool-3-ring-pool-grapefruit-2\/","url":"https:\/\/schweizversand.ch\/it\/produkt\/jilong-kinderpool-3-ring-pool-grapefruit-2\/","name":"Jilong Kinderpool - 3-Ring Pool \"Grapefruit\"","isPartOf":{"@id":"https:\/\/schweizversand.ch\/it\/#website"},"primaryImageOfPage":{"@id":"https:\/\/schweizversand.ch\/it\/produkt\/jilong-kinderpool-3-ring-pool-grapefruit-2\/#primaryimage"},"image":{"@id":"https:\/\/schweizversand.ch\/it\/produkt\/jilong-kinderpool-3-ring-pool-grapefruit-2\/#primaryimage"},"thumbnailUrl":"https:\/\/schweizversand.ch\/wp-content\/uploads\/2026\/04\/5471919866.png","datePublished":"2026-04-11T00:00:28+00:00","dateModified":"2026-04-11T13:35:37+00:00","description":"Grapefruit 3-Ring-Pool \u2013 Sommerlicher Badespa\u00df mit fruchtigem Design\u00a0 Bringen Sie tropisches Flair in Ihren Garten mit dem aufblasbaren Grapefruit 3-Ring-Pool (","breadcrumb":{"@id":"https:\/\/schweizversand.ch\/it\/produkt\/jilong-kinderpool-3-ring-pool-grapefruit-2\/#breadcrumb"},"inLanguage":"it-IT","potentialAction":[{"@type":"ReadAction","target":["https:\/\/schweizversand.ch\/it\/produkt\/jilong-kinderpool-3-ring-pool-grapefruit-2\/"]}]},{"@type":"ImageObject","inLanguage":"it-IT","@id":"https:\/\/schweizversand.ch\/it\/produkt\/jilong-kinderpool-3-ring-pool-grapefruit-2\/#primaryimage","url":"https:\/\/schweizversand.ch\/wp-content\/uploads\/2026\/04\/5471919866.png","contentUrl":"https:\/\/schweizversand.ch\/wp-content\/uploads\/2026\/04\/5471919866.png","width":1024,"height":680},{"@type":"BreadcrumbList","@id":"https:\/\/schweizversand.ch\/it\/produkt\/jilong-kinderpool-3-ring-pool-grapefruit-2\/#breadcrumb","itemListElement":[{"@type":"ListItem","position":1,"name":"Startseite","item":"https:\/\/schweizversand.ch\/it\/"},{"@type":"ListItem","position":2,"name":"Shop","item":"https:\/\/schweizversand.ch\/it\/shop\/"},{"@type":"ListItem","position":3,"name":"Piscina per bambini Jilong &#8211; Piscina a 3 anelli &#8220;Pompelmo&#8221;"}]},{"@type":"WebSite","@id":"https:\/\/schweizversand.ch\/it\/#website","url":"https:\/\/schweizversand.ch\/it\/","name":"Schweizer Shop f\u00fcr Sport, Spiel und Freizeit","description":"Gratisversand ab 50.- (netto), ab eigenem schweizer Lager, Lieferung innert 48h","publisher":{"@id":"https:\/\/schweizversand.ch\/it\/#organization"},"alternateName":"Schweizversand.ch","potentialAction":[{"@type":"SearchAction","target":{"@type":"EntryPoint","urlTemplate":"https:\/\/schweizversand.ch\/it\/?s={search_term_string}"},"query-input":{"@type":"PropertyValueSpecification","valueRequired":true,"valueName":"search_term_string"}}],"inLanguage":"it-IT"},{"@type":"Organization","@id":"https:\/\/schweizversand.ch\/it\/#organization","name":"Schweizversand.ch","url":"https:\/\/schweizversand.ch\/it\/","logo":{"@type":"ImageObject","inLanguage":"it-IT","@id":"https:\/\/schweizversand.ch\/it\/#\/schema\/logo\/image\/","url":"https:\/\/schweizversand.ch\/wp-content\/uploads\/2026\/03\/Logo_Rund_Final-1.png","contentUrl":"https:\/\/schweizversand.ch\/wp-content\/uploads\/2026\/03\/Logo_Rund_Final-1.png","width":404,"height":404,"caption":"Schweizversand.ch"},"image":{"@id":"https:\/\/schweizversand.ch\/it\/#\/schema\/logo\/image\/"},"sameAs":["https:\/\/www.facebook.com\/Schweizversand","https:\/\/www.instagram.com\/schweizversand.ch\/"]}]}},"jetpack_sharing_enabled":true,"_links":{"self":[{"href":"https:\/\/schweizversand.ch\/it\/wp-json\/wp\/v2\/product\/264637","targetHints":{"allow":["GET"]}}],"collection":[{"href":"https:\/\/schweizversand.ch\/it\/wp-json\/wp\/v2\/product"}],"about":[{"href":"https:\/\/schweizversand.ch\/it\/wp-json\/wp\/v2\/types\/product"}],"replies":[{"embeddable":true,"href":"https:\/\/schweizversand.ch\/it\/wp-json\/wp\/v2\/comments?post=264637"}],"wp:featuredmedia":[{"embeddable":true,"href":"https:\/\/schweizversand.ch\/it\/wp-json\/wp\/v2\/media\/265073"}],"wp:attachment":[{"href":"https:\/\/schweizversand.ch\/it\/wp-json\/wp\/v2\/media?parent=264637"}],"wp:term":[{"taxonomy":"product_brand","embeddable":true,"href":"https:\/\/schweizversand.ch\/it\/wp-json\/wp\/v2\/product_brand?post=264637"},{"taxonomy":"product_cat","embeddable":true,"href":"https:\/\/schweizversand.ch\/it\/wp-json\/wp\/v2\/product_cat?post=264637"},{"taxonomy":"product_tag","embeddable":true,"href":"https:\/\/schweizversand.ch\/it\/wp-json\/wp\/v2\/product_tag?post=264637"}],"curies":[{"name":"wp","href":"https:\/\/api.w.org\/{rel}","templated":true}]}}