{"id":264759,"date":"2026-04-11T02:00:30","date_gmt":"2026-04-11T00:00:30","guid":{"rendered":"https:\/\/schweizversand.ch\/produkt\/jilong-schwimmtier-fuchs-2\/"},"modified":"2026-04-11T15:35:38","modified_gmt":"2026-04-11T13:35:38","slug":"jilong-schwimmtier-fuchs-2","status":"publish","type":"product","link":"https:\/\/schweizversand.ch\/it\/produkt\/jilong-schwimmtier-fuchs-2\/","title":{"rendered":"Volpe galleggiante Jilong"},"content":{"rendered":"<p>Rendi la tua estate indimenticabile con il nostro galleggiante gonfiabile, progettato per il massimo comfort e sicurezza. Perfetto per la piscina o la spiaggia!<\/p>\n<p>Rendi la tua estate indimenticabile con il nostro galleggiante gonfiabile, progettato per il massimo comfort e sicurezza. Perfetto per la piscina o la spiaggia! \u2022 Dimensioni (gonfio): 107 cm x 77 cm x 64 cm (42&#8243; x 30&#8243; x 25&#8243;) \u2013 ideale per i piccoli amanti dell&#8217;acqua.<\/p>\n<p>\u2022 Dimensioni (sgonfio): 109 cm x 69 cm (43&#8243; x 27&#8243;) \u2013 compatto e facile da riporre.<\/p>\n<p>\u2022 Materiale resistente: realizzato in vinile resistente da 0,22 mm (8,8 ga) per durata e stabilit\u00e0.<\/p>\n<p>\u2022 Maggiore sicurezza: due camere d&#8217;aria offrono maggiore sicurezza, garantendo che il galleggiante rimanga stabile anche in caso di piccole perdite d&#8217;aria.<\/p>\n<p>\u2022 Facile da maneggiare: due maniglie resistenti offrono una presa sicura e un facile controllo.<\/p>\n<p>\u2022 Portata massima: adatto a bambini fino a 45 kg (99 libbre) \u2013 perfetto per i piccoli avventurieri.<\/p>\n<p>\u2022 Pratico kit di riparazione: una toppa di riparazione \u00e8 inclusa, cos\u00ec il tuo galleggiante \u00e8 sempre pronto all&#8217;uso. rimane.<\/p>\n<p>Trasforma la piscina nel tuo mondo di avventure, con un galleggiante sicuro e confortevole! Prendi il tuo galleggiante e vivi l&#8217;esperienza libert\u00e0 dell&#8217;acqua!<\/p>\n","protected":false},"excerpt":{"rendered":"<p>Jilong Schwimmtier Fuchs: Robuster, sicherer Poolspa\u00df f\u00fcr Kinder bis 45 kg. Zwei Luftkammern und Griffe garantieren Komfort und Kontrolle im Wasser.<\/p>\n","protected":false},"featured_media":265224,"comment_status":"open","ping_status":"closed","template":"","meta":[],"product_brand":[],"product_cat":[38551],"product_tag":[],"class_list":{"0":"post-264759","1":"product","2":"type-product","3":"status-publish","4":"has-post-thumbnail","6":"product_cat-wasserspielzeug","7":"product_shipping_class-global_methods","9":"first","10":"instock","11":"taxable","12":"shipping-taxable","13":"purchasable","14":"product-type-simple"},"yoast_head":"<!-- This site is optimized with the Yoast SEO plugin v27.3 - https:\/\/yoast.com\/product\/yoast-seo-wordpress\/ -->\n<title>Jilong Schwimmtier Fuchs<\/title>\n<meta name=\"description\" content=\"Mach deinen Sommer unvergesslich \u2013 mit unserem aufblasbaren Schwimmer, der f\u00fcr extra Komfort und Sicherheit sorgt. Perfekt f\u00fcr den Pool oder den Strand! \u2022 Gr\u00f6\u00df\" \/>\n<meta name=\"robots\" content=\"index, follow, max-snippet:-1, max-image-preview:large, max-video-preview:-1\" \/>\n<link rel=\"canonical\" href=\"https:\/\/schweizversand.ch\/it\/produkt\/jilong-schwimmtier-fuchs-2\/\" \/>\n<meta property=\"og:locale\" content=\"it_IT\" \/>\n<meta property=\"og:type\" content=\"article\" \/>\n<meta property=\"og:title\" content=\"Jilong Schwimmtier Fuchs\" \/>\n<meta property=\"og:description\" content=\"Mach deinen Sommer unvergesslich \u2013 mit unserem aufblasbaren Schwimmer, der f\u00fcr extra Komfort und Sicherheit sorgt. Perfekt f\u00fcr den Pool oder den Strand! \u2022 Gr\u00f6\u00df\" \/>\n<meta property=\"og:url\" content=\"https:\/\/schweizversand.ch\/it\/produkt\/jilong-schwimmtier-fuchs-2\/\" \/>\n<meta property=\"og:site_name\" content=\"Schweizer Shop f\u00fcr Sport, Spiel und Freizeit\" \/>\n<meta property=\"article:publisher\" content=\"https:\/\/www.facebook.com\/Schweizversand\" \/>\n<meta property=\"article:modified_time\" content=\"2026-04-11T13:35:38+00:00\" \/>\n<meta property=\"og:image\" content=\"https:\/\/schweizversand.ch\/wp-content\/uploads\/2026\/04\/5471777367.jpg\" \/>\n\t<meta property=\"og:image:width\" content=\"1024\" \/>\n\t<meta property=\"og:image:height\" content=\"1024\" \/>\n\t<meta property=\"og:image:type\" content=\"image\/jpeg\" \/>\n<meta name=\"twitter:card\" content=\"summary_large_image\" \/>\n<meta name=\"twitter:label1\" content=\"Tempo di lettura stimato\" \/>\n\t<meta name=\"twitter:data1\" content=\"1 minuto\" \/>\n<script type=\"application\/ld+json\" class=\"yoast-schema-graph\">{\"@context\":\"https:\\\/\\\/schema.org\",\"@graph\":[{\"@type\":\"WebPage\",\"@id\":\"https:\\\/\\\/schweizversand.ch\\\/it\\\/produkt\\\/jilong-schwimmtier-fuchs-2\\\/\",\"url\":\"https:\\\/\\\/schweizversand.ch\\\/it\\\/produkt\\\/jilong-schwimmtier-fuchs-2\\\/\",\"name\":\"Jilong Schwimmtier Fuchs\",\"isPartOf\":{\"@id\":\"https:\\\/\\\/schweizversand.ch\\\/it\\\/#website\"},\"primaryImageOfPage\":{\"@id\":\"https:\\\/\\\/schweizversand.ch\\\/it\\\/produkt\\\/jilong-schwimmtier-fuchs-2\\\/#primaryimage\"},\"image\":{\"@id\":\"https:\\\/\\\/schweizversand.ch\\\/it\\\/produkt\\\/jilong-schwimmtier-fuchs-2\\\/#primaryimage\"},\"thumbnailUrl\":\"https:\\\/\\\/schweizversand.ch\\\/wp-content\\\/uploads\\\/2026\\\/04\\\/5471777367.jpg\",\"datePublished\":\"2026-04-11T00:00:30+00:00\",\"dateModified\":\"2026-04-11T13:35:38+00:00\",\"description\":\"Mach deinen Sommer unvergesslich \u2013 mit unserem aufblasbaren Schwimmer, der f\u00fcr extra Komfort und Sicherheit sorgt. Perfekt f\u00fcr den Pool oder den Strand! \u2022 Gr\u00f6\u00df\",\"breadcrumb\":{\"@id\":\"https:\\\/\\\/schweizversand.ch\\\/it\\\/produkt\\\/jilong-schwimmtier-fuchs-2\\\/#breadcrumb\"},\"inLanguage\":\"it-IT\",\"potentialAction\":[{\"@type\":\"ReadAction\",\"target\":[\"https:\\\/\\\/schweizversand.ch\\\/it\\\/produkt\\\/jilong-schwimmtier-fuchs-2\\\/\"]}]},{\"@type\":\"ImageObject\",\"inLanguage\":\"it-IT\",\"@id\":\"https:\\\/\\\/schweizversand.ch\\\/it\\\/produkt\\\/jilong-schwimmtier-fuchs-2\\\/#primaryimage\",\"url\":\"https:\\\/\\\/schweizversand.ch\\\/wp-content\\\/uploads\\\/2026\\\/04\\\/5471777367.jpg\",\"contentUrl\":\"https:\\\/\\\/schweizversand.ch\\\/wp-content\\\/uploads\\\/2026\\\/04\\\/5471777367.jpg\",\"width\":1024,\"height\":1024},{\"@type\":\"BreadcrumbList\",\"@id\":\"https:\\\/\\\/schweizversand.ch\\\/it\\\/produkt\\\/jilong-schwimmtier-fuchs-2\\\/#breadcrumb\",\"itemListElement\":[{\"@type\":\"ListItem\",\"position\":1,\"name\":\"Startseite\",\"item\":\"https:\\\/\\\/schweizversand.ch\\\/it\\\/\"},{\"@type\":\"ListItem\",\"position\":2,\"name\":\"Shop\",\"item\":\"https:\\\/\\\/schweizversand.ch\\\/it\\\/shop\\\/\"},{\"@type\":\"ListItem\",\"position\":3,\"name\":\"Volpe galleggiante Jilong\"}]},{\"@type\":\"WebSite\",\"@id\":\"https:\\\/\\\/schweizversand.ch\\\/it\\\/#website\",\"url\":\"https:\\\/\\\/schweizversand.ch\\\/it\\\/\",\"name\":\"Schweizer Shop f\u00fcr Sport, Spiel und Freizeit\",\"description\":\"Gratisversand ab 50.- (netto), ab eigenem schweizer Lager, Lieferung innert 48h\",\"publisher\":{\"@id\":\"https:\\\/\\\/schweizversand.ch\\\/it\\\/#organization\"},\"alternateName\":\"Schweizversand.ch\",\"potentialAction\":[{\"@type\":\"SearchAction\",\"target\":{\"@type\":\"EntryPoint\",\"urlTemplate\":\"https:\\\/\\\/schweizversand.ch\\\/it\\\/?s={search_term_string}\"},\"query-input\":{\"@type\":\"PropertyValueSpecification\",\"valueRequired\":true,\"valueName\":\"search_term_string\"}}],\"inLanguage\":\"it-IT\"},{\"@type\":\"Organization\",\"@id\":\"https:\\\/\\\/schweizversand.ch\\\/it\\\/#organization\",\"name\":\"Schweizversand.ch\",\"url\":\"https:\\\/\\\/schweizversand.ch\\\/it\\\/\",\"logo\":{\"@type\":\"ImageObject\",\"inLanguage\":\"it-IT\",\"@id\":\"https:\\\/\\\/schweizversand.ch\\\/it\\\/#\\\/schema\\\/logo\\\/image\\\/\",\"url\":\"https:\\\/\\\/schweizversand.ch\\\/wp-content\\\/uploads\\\/2026\\\/03\\\/Logo_Rund_Final-1.png\",\"contentUrl\":\"https:\\\/\\\/schweizversand.ch\\\/wp-content\\\/uploads\\\/2026\\\/03\\\/Logo_Rund_Final-1.png\",\"width\":404,\"height\":404,\"caption\":\"Schweizversand.ch\"},\"image\":{\"@id\":\"https:\\\/\\\/schweizversand.ch\\\/it\\\/#\\\/schema\\\/logo\\\/image\\\/\"},\"sameAs\":[\"https:\\\/\\\/www.facebook.com\\\/Schweizversand\",\"https:\\\/\\\/www.instagram.com\\\/schweizversand.ch\\\/\"]}]}<\/script>\n<!-- \/ Yoast SEO plugin. -->","yoast_head_json":{"title":"Jilong Schwimmtier Fuchs","description":"Mach deinen Sommer unvergesslich \u2013 mit unserem aufblasbaren Schwimmer, der f\u00fcr extra Komfort und Sicherheit sorgt. Perfekt f\u00fcr den Pool oder den Strand! \u2022 Gr\u00f6\u00df","robots":{"index":"index","follow":"follow","max-snippet":"max-snippet:-1","max-image-preview":"max-image-preview:large","max-video-preview":"max-video-preview:-1"},"canonical":"https:\/\/schweizversand.ch\/it\/produkt\/jilong-schwimmtier-fuchs-2\/","og_locale":"it_IT","og_type":"article","og_title":"Jilong Schwimmtier Fuchs","og_description":"Mach deinen Sommer unvergesslich \u2013 mit unserem aufblasbaren Schwimmer, der f\u00fcr extra Komfort und Sicherheit sorgt. Perfekt f\u00fcr den Pool oder den Strand! \u2022 Gr\u00f6\u00df","og_url":"https:\/\/schweizversand.ch\/it\/produkt\/jilong-schwimmtier-fuchs-2\/","og_site_name":"Schweizer Shop f\u00fcr Sport, Spiel und Freizeit","article_publisher":"https:\/\/www.facebook.com\/Schweizversand","article_modified_time":"2026-04-11T13:35:38+00:00","og_image":[{"width":1024,"height":1024,"url":"https:\/\/schweizversand.ch\/wp-content\/uploads\/2026\/04\/5471777367.jpg","type":"image\/jpeg"}],"twitter_card":"summary_large_image","twitter_misc":{"Tempo di lettura stimato":"1 minuto"},"schema":{"@context":"https:\/\/schema.org","@graph":[{"@type":"WebPage","@id":"https:\/\/schweizversand.ch\/it\/produkt\/jilong-schwimmtier-fuchs-2\/","url":"https:\/\/schweizversand.ch\/it\/produkt\/jilong-schwimmtier-fuchs-2\/","name":"Jilong Schwimmtier Fuchs","isPartOf":{"@id":"https:\/\/schweizversand.ch\/it\/#website"},"primaryImageOfPage":{"@id":"https:\/\/schweizversand.ch\/it\/produkt\/jilong-schwimmtier-fuchs-2\/#primaryimage"},"image":{"@id":"https:\/\/schweizversand.ch\/it\/produkt\/jilong-schwimmtier-fuchs-2\/#primaryimage"},"thumbnailUrl":"https:\/\/schweizversand.ch\/wp-content\/uploads\/2026\/04\/5471777367.jpg","datePublished":"2026-04-11T00:00:30+00:00","dateModified":"2026-04-11T13:35:38+00:00","description":"Mach deinen Sommer unvergesslich \u2013 mit unserem aufblasbaren Schwimmer, der f\u00fcr extra Komfort und Sicherheit sorgt. Perfekt f\u00fcr den Pool oder den Strand! \u2022 Gr\u00f6\u00df","breadcrumb":{"@id":"https:\/\/schweizversand.ch\/it\/produkt\/jilong-schwimmtier-fuchs-2\/#breadcrumb"},"inLanguage":"it-IT","potentialAction":[{"@type":"ReadAction","target":["https:\/\/schweizversand.ch\/it\/produkt\/jilong-schwimmtier-fuchs-2\/"]}]},{"@type":"ImageObject","inLanguage":"it-IT","@id":"https:\/\/schweizversand.ch\/it\/produkt\/jilong-schwimmtier-fuchs-2\/#primaryimage","url":"https:\/\/schweizversand.ch\/wp-content\/uploads\/2026\/04\/5471777367.jpg","contentUrl":"https:\/\/schweizversand.ch\/wp-content\/uploads\/2026\/04\/5471777367.jpg","width":1024,"height":1024},{"@type":"BreadcrumbList","@id":"https:\/\/schweizversand.ch\/it\/produkt\/jilong-schwimmtier-fuchs-2\/#breadcrumb","itemListElement":[{"@type":"ListItem","position":1,"name":"Startseite","item":"https:\/\/schweizversand.ch\/it\/"},{"@type":"ListItem","position":2,"name":"Shop","item":"https:\/\/schweizversand.ch\/it\/shop\/"},{"@type":"ListItem","position":3,"name":"Volpe galleggiante Jilong"}]},{"@type":"WebSite","@id":"https:\/\/schweizversand.ch\/it\/#website","url":"https:\/\/schweizversand.ch\/it\/","name":"Schweizer Shop f\u00fcr Sport, Spiel und Freizeit","description":"Gratisversand ab 50.- (netto), ab eigenem schweizer Lager, Lieferung innert 48h","publisher":{"@id":"https:\/\/schweizversand.ch\/it\/#organization"},"alternateName":"Schweizversand.ch","potentialAction":[{"@type":"SearchAction","target":{"@type":"EntryPoint","urlTemplate":"https:\/\/schweizversand.ch\/it\/?s={search_term_string}"},"query-input":{"@type":"PropertyValueSpecification","valueRequired":true,"valueName":"search_term_string"}}],"inLanguage":"it-IT"},{"@type":"Organization","@id":"https:\/\/schweizversand.ch\/it\/#organization","name":"Schweizversand.ch","url":"https:\/\/schweizversand.ch\/it\/","logo":{"@type":"ImageObject","inLanguage":"it-IT","@id":"https:\/\/schweizversand.ch\/it\/#\/schema\/logo\/image\/","url":"https:\/\/schweizversand.ch\/wp-content\/uploads\/2026\/03\/Logo_Rund_Final-1.png","contentUrl":"https:\/\/schweizversand.ch\/wp-content\/uploads\/2026\/03\/Logo_Rund_Final-1.png","width":404,"height":404,"caption":"Schweizversand.ch"},"image":{"@id":"https:\/\/schweizversand.ch\/it\/#\/schema\/logo\/image\/"},"sameAs":["https:\/\/www.facebook.com\/Schweizversand","https:\/\/www.instagram.com\/schweizversand.ch\/"]}]}},"jetpack_sharing_enabled":true,"_links":{"self":[{"href":"https:\/\/schweizversand.ch\/it\/wp-json\/wp\/v2\/product\/264759","targetHints":{"allow":["GET"]}}],"collection":[{"href":"https:\/\/schweizversand.ch\/it\/wp-json\/wp\/v2\/product"}],"about":[{"href":"https:\/\/schweizversand.ch\/it\/wp-json\/wp\/v2\/types\/product"}],"replies":[{"embeddable":true,"href":"https:\/\/schweizversand.ch\/it\/wp-json\/wp\/v2\/comments?post=264759"}],"wp:featuredmedia":[{"embeddable":true,"href":"https:\/\/schweizversand.ch\/it\/wp-json\/wp\/v2\/media\/265224"}],"wp:attachment":[{"href":"https:\/\/schweizversand.ch\/it\/wp-json\/wp\/v2\/media?parent=264759"}],"wp:term":[{"taxonomy":"product_brand","embeddable":true,"href":"https:\/\/schweizversand.ch\/it\/wp-json\/wp\/v2\/product_brand?post=264759"},{"taxonomy":"product_cat","embeddable":true,"href":"https:\/\/schweizversand.ch\/it\/wp-json\/wp\/v2\/product_cat?post=264759"},{"taxonomy":"product_tag","embeddable":true,"href":"https:\/\/schweizversand.ch\/it\/wp-json\/wp\/v2\/product_tag?post=264759"}],"curies":[{"name":"wp","href":"https:\/\/api.w.org\/{rel}","templated":true}]}}