{"id":264818,"date":"2026-04-11T02:00:32","date_gmt":"2026-04-11T00:00:32","guid":{"rendered":"https:\/\/schweizversand.ch\/produkt\/jilong-kinder-planschbecken-marienkaefer-2\/"},"modified":"2026-04-11T15:35:38","modified_gmt":"2026-04-11T13:35:38","slug":"jilong-kinder-planschbecken-marienkaefer-2","status":"publish","type":"product","link":"https:\/\/schweizversand.ch\/it\/produkt\/jilong-kinder-planschbecken-marienkaefer-2\/","title":{"rendered":"Piscina per bambini Jilong &#8220;Coccinella&#8221;"},"content":{"rendered":"<div>Piscina per bambini \u00d8 120 cm \u2013 213 l Divertimento acquatico per i pi\u00f9 piccoli (dai 2 ai 6 anni)<br \/>Questa colorata piscina per bambini in robusto PVC offre ai bambini dai 2 ai 6 anni un divertimento acquatico sicuro in giardino o in terrazza. Con un diametro di 120 cm, un&#8217;altezza di 30 cm e una capacit\u00e0 di 213 litri, \u00e8 il modo perfetto per rinfrescarsi nelle calde giornate estive!<br \/>Grazie alle sue dimensioni compatte, il montaggio \u00e8 rapido e semplice: basta gonfiarla, riempirla d&#8217;acqua e il divertimento ha inizio! \u00c8 inclusa una toppa di riparazione per riparare rapidamente eventuali piccoli danni. Dettagli del prodotto: \u2022 Diametro: 120 cm \u2022 Altezza: 30 cm \u2022 Volume: 213 litri \u2022 Materiale: PVC robusto \u2022 Et\u00e0 consigliata: 2\u20136 anni \u2022 Include toppa di riparazione Vantaggi in breve: \u2022 Divertimento in bagno sicuro per bambini piccoli e in et\u00e0 prescolare \u2022 Montaggio rapido: ideale per giardino, balcone o patio \u2022 Materiale resistente per un uso prolungato \u2022 Riporre in modo salvaspazio dopo l&#8217;estate<\/p>\n","protected":false},"excerpt":{"rendered":"<p>Jilong Kinder-Planschbecken &#8220;Marienk\u00e4fer&#8221; bietet sicheren Wasserspa\u00df f\u00fcr Kinder von 2\u20136 Jahren. Robust, 120 cm \u00d8, 213 l Volumen \u2013 ideal f\u00fcr hei\u00dfe Sommertage im Garten.<\/p>\n","protected":false},"featured_media":265294,"comment_status":"open","ping_status":"closed","template":"","meta":[],"product_brand":[],"product_cat":[38551],"product_tag":[],"class_list":{"0":"post-264818","1":"product","2":"type-product","3":"status-publish","4":"has-post-thumbnail","6":"product_cat-wasserspielzeug","7":"product_shipping_class-global_methods","9":"first","10":"instock","11":"taxable","12":"shipping-taxable","13":"purchasable","14":"product-type-simple"},"yoast_head":"<!-- This site is optimized with the Yoast SEO plugin v27.3 - https:\/\/yoast.com\/product\/yoast-seo-wordpress\/ -->\n<title>Jilong Kinder-Planschbecken &quot;Marienk\u00e4fer&quot;<\/title>\n<meta name=\"description\" content=\"Kinder-Planschbecken \u00d8 120 cm \u2013 213 l Wasser-Spa\u00df f\u00fcr die Kleinsten (Alter 2\u20136 Jahre)\u00a0 Dieses farbenfrohe Planschbecken aus robustem PVC bietet Kindern im Alter\" \/>\n<meta name=\"robots\" content=\"index, follow, max-snippet:-1, max-image-preview:large, max-video-preview:-1\" \/>\n<link rel=\"canonical\" href=\"https:\/\/schweizversand.ch\/it\/produkt\/jilong-kinder-planschbecken-marienkaefer-2\/\" \/>\n<meta property=\"og:locale\" content=\"it_IT\" \/>\n<meta property=\"og:type\" content=\"article\" \/>\n<meta property=\"og:title\" content=\"Jilong Kinder-Planschbecken &quot;Marienk\u00e4fer&quot;\" \/>\n<meta property=\"og:description\" content=\"Kinder-Planschbecken \u00d8 120 cm \u2013 213 l Wasser-Spa\u00df f\u00fcr die Kleinsten (Alter 2\u20136 Jahre)\u00a0 Dieses farbenfrohe Planschbecken aus robustem PVC bietet Kindern im Alter\" \/>\n<meta property=\"og:url\" content=\"https:\/\/schweizversand.ch\/it\/produkt\/jilong-kinder-planschbecken-marienkaefer-2\/\" \/>\n<meta property=\"og:site_name\" content=\"Schweizer Shop f\u00fcr Sport, Spiel und Freizeit\" \/>\n<meta property=\"article:publisher\" content=\"https:\/\/www.facebook.com\/Schweizversand\" \/>\n<meta property=\"article:modified_time\" content=\"2026-04-11T13:35:38+00:00\" \/>\n<meta property=\"og:image\" content=\"https:\/\/schweizversand.ch\/wp-content\/uploads\/2026\/04\/5471919951.jpg\" \/>\n\t<meta property=\"og:image:width\" content=\"1024\" \/>\n\t<meta property=\"og:image:height\" content=\"1024\" \/>\n\t<meta property=\"og:image:type\" content=\"image\/jpeg\" \/>\n<meta name=\"twitter:card\" content=\"summary_large_image\" \/>\n<meta name=\"twitter:label1\" content=\"Tempo di lettura stimato\" \/>\n\t<meta name=\"twitter:data1\" content=\"1 minuto\" \/>\n<script type=\"application\/ld+json\" class=\"yoast-schema-graph\">{\"@context\":\"https:\\\/\\\/schema.org\",\"@graph\":[{\"@type\":\"WebPage\",\"@id\":\"https:\\\/\\\/schweizversand.ch\\\/it\\\/produkt\\\/jilong-kinder-planschbecken-marienkaefer-2\\\/\",\"url\":\"https:\\\/\\\/schweizversand.ch\\\/it\\\/produkt\\\/jilong-kinder-planschbecken-marienkaefer-2\\\/\",\"name\":\"Jilong Kinder-Planschbecken \\\"Marienk\u00e4fer\\\"\",\"isPartOf\":{\"@id\":\"https:\\\/\\\/schweizversand.ch\\\/it\\\/#website\"},\"primaryImageOfPage\":{\"@id\":\"https:\\\/\\\/schweizversand.ch\\\/it\\\/produkt\\\/jilong-kinder-planschbecken-marienkaefer-2\\\/#primaryimage\"},\"image\":{\"@id\":\"https:\\\/\\\/schweizversand.ch\\\/it\\\/produkt\\\/jilong-kinder-planschbecken-marienkaefer-2\\\/#primaryimage\"},\"thumbnailUrl\":\"https:\\\/\\\/schweizversand.ch\\\/wp-content\\\/uploads\\\/2026\\\/04\\\/5471919951.jpg\",\"datePublished\":\"2026-04-11T00:00:32+00:00\",\"dateModified\":\"2026-04-11T13:35:38+00:00\",\"description\":\"Kinder-Planschbecken \u00d8 120 cm \u2013 213 l Wasser-Spa\u00df f\u00fcr die Kleinsten (Alter 2\u20136 Jahre)\u00a0 Dieses farbenfrohe Planschbecken aus robustem PVC bietet Kindern im Alter\",\"breadcrumb\":{\"@id\":\"https:\\\/\\\/schweizversand.ch\\\/it\\\/produkt\\\/jilong-kinder-planschbecken-marienkaefer-2\\\/#breadcrumb\"},\"inLanguage\":\"it-IT\",\"potentialAction\":[{\"@type\":\"ReadAction\",\"target\":[\"https:\\\/\\\/schweizversand.ch\\\/it\\\/produkt\\\/jilong-kinder-planschbecken-marienkaefer-2\\\/\"]}]},{\"@type\":\"ImageObject\",\"inLanguage\":\"it-IT\",\"@id\":\"https:\\\/\\\/schweizversand.ch\\\/it\\\/produkt\\\/jilong-kinder-planschbecken-marienkaefer-2\\\/#primaryimage\",\"url\":\"https:\\\/\\\/schweizversand.ch\\\/wp-content\\\/uploads\\\/2026\\\/04\\\/5471919951.jpg\",\"contentUrl\":\"https:\\\/\\\/schweizversand.ch\\\/wp-content\\\/uploads\\\/2026\\\/04\\\/5471919951.jpg\",\"width\":1024,\"height\":1024},{\"@type\":\"BreadcrumbList\",\"@id\":\"https:\\\/\\\/schweizversand.ch\\\/it\\\/produkt\\\/jilong-kinder-planschbecken-marienkaefer-2\\\/#breadcrumb\",\"itemListElement\":[{\"@type\":\"ListItem\",\"position\":1,\"name\":\"Startseite\",\"item\":\"https:\\\/\\\/schweizversand.ch\\\/it\\\/\"},{\"@type\":\"ListItem\",\"position\":2,\"name\":\"Shop\",\"item\":\"https:\\\/\\\/schweizversand.ch\\\/it\\\/shop\\\/\"},{\"@type\":\"ListItem\",\"position\":3,\"name\":\"Piscina per bambini Jilong &#8220;Coccinella&#8221;\"}]},{\"@type\":\"WebSite\",\"@id\":\"https:\\\/\\\/schweizversand.ch\\\/it\\\/#website\",\"url\":\"https:\\\/\\\/schweizversand.ch\\\/it\\\/\",\"name\":\"Schweizer Shop f\u00fcr Sport, Spiel und Freizeit\",\"description\":\"Gratisversand ab 50.- (netto), ab eigenem schweizer Lager, Lieferung innert 48h\",\"publisher\":{\"@id\":\"https:\\\/\\\/schweizversand.ch\\\/it\\\/#organization\"},\"alternateName\":\"Schweizversand.ch\",\"potentialAction\":[{\"@type\":\"SearchAction\",\"target\":{\"@type\":\"EntryPoint\",\"urlTemplate\":\"https:\\\/\\\/schweizversand.ch\\\/it\\\/?s={search_term_string}\"},\"query-input\":{\"@type\":\"PropertyValueSpecification\",\"valueRequired\":true,\"valueName\":\"search_term_string\"}}],\"inLanguage\":\"it-IT\"},{\"@type\":\"Organization\",\"@id\":\"https:\\\/\\\/schweizversand.ch\\\/it\\\/#organization\",\"name\":\"Schweizversand.ch\",\"url\":\"https:\\\/\\\/schweizversand.ch\\\/it\\\/\",\"logo\":{\"@type\":\"ImageObject\",\"inLanguage\":\"it-IT\",\"@id\":\"https:\\\/\\\/schweizversand.ch\\\/it\\\/#\\\/schema\\\/logo\\\/image\\\/\",\"url\":\"https:\\\/\\\/schweizversand.ch\\\/wp-content\\\/uploads\\\/2026\\\/03\\\/Logo_Rund_Final-1.png\",\"contentUrl\":\"https:\\\/\\\/schweizversand.ch\\\/wp-content\\\/uploads\\\/2026\\\/03\\\/Logo_Rund_Final-1.png\",\"width\":404,\"height\":404,\"caption\":\"Schweizversand.ch\"},\"image\":{\"@id\":\"https:\\\/\\\/schweizversand.ch\\\/it\\\/#\\\/schema\\\/logo\\\/image\\\/\"},\"sameAs\":[\"https:\\\/\\\/www.facebook.com\\\/Schweizversand\",\"https:\\\/\\\/www.instagram.com\\\/schweizversand.ch\\\/\"]}]}<\/script>\n<!-- \/ Yoast SEO plugin. -->","yoast_head_json":{"title":"Jilong Kinder-Planschbecken \"Marienk\u00e4fer\"","description":"Kinder-Planschbecken \u00d8 120 cm \u2013 213 l Wasser-Spa\u00df f\u00fcr die Kleinsten (Alter 2\u20136 Jahre)\u00a0 Dieses farbenfrohe Planschbecken aus robustem PVC bietet Kindern im Alter","robots":{"index":"index","follow":"follow","max-snippet":"max-snippet:-1","max-image-preview":"max-image-preview:large","max-video-preview":"max-video-preview:-1"},"canonical":"https:\/\/schweizversand.ch\/it\/produkt\/jilong-kinder-planschbecken-marienkaefer-2\/","og_locale":"it_IT","og_type":"article","og_title":"Jilong Kinder-Planschbecken \"Marienk\u00e4fer\"","og_description":"Kinder-Planschbecken \u00d8 120 cm \u2013 213 l Wasser-Spa\u00df f\u00fcr die Kleinsten (Alter 2\u20136 Jahre)\u00a0 Dieses farbenfrohe Planschbecken aus robustem PVC bietet Kindern im Alter","og_url":"https:\/\/schweizversand.ch\/it\/produkt\/jilong-kinder-planschbecken-marienkaefer-2\/","og_site_name":"Schweizer Shop f\u00fcr Sport, Spiel und Freizeit","article_publisher":"https:\/\/www.facebook.com\/Schweizversand","article_modified_time":"2026-04-11T13:35:38+00:00","og_image":[{"width":1024,"height":1024,"url":"https:\/\/schweizversand.ch\/wp-content\/uploads\/2026\/04\/5471919951.jpg","type":"image\/jpeg"}],"twitter_card":"summary_large_image","twitter_misc":{"Tempo di lettura stimato":"1 minuto"},"schema":{"@context":"https:\/\/schema.org","@graph":[{"@type":"WebPage","@id":"https:\/\/schweizversand.ch\/it\/produkt\/jilong-kinder-planschbecken-marienkaefer-2\/","url":"https:\/\/schweizversand.ch\/it\/produkt\/jilong-kinder-planschbecken-marienkaefer-2\/","name":"Jilong Kinder-Planschbecken \"Marienk\u00e4fer\"","isPartOf":{"@id":"https:\/\/schweizversand.ch\/it\/#website"},"primaryImageOfPage":{"@id":"https:\/\/schweizversand.ch\/it\/produkt\/jilong-kinder-planschbecken-marienkaefer-2\/#primaryimage"},"image":{"@id":"https:\/\/schweizversand.ch\/it\/produkt\/jilong-kinder-planschbecken-marienkaefer-2\/#primaryimage"},"thumbnailUrl":"https:\/\/schweizversand.ch\/wp-content\/uploads\/2026\/04\/5471919951.jpg","datePublished":"2026-04-11T00:00:32+00:00","dateModified":"2026-04-11T13:35:38+00:00","description":"Kinder-Planschbecken \u00d8 120 cm \u2013 213 l Wasser-Spa\u00df f\u00fcr die Kleinsten (Alter 2\u20136 Jahre)\u00a0 Dieses farbenfrohe Planschbecken aus robustem PVC bietet Kindern im Alter","breadcrumb":{"@id":"https:\/\/schweizversand.ch\/it\/produkt\/jilong-kinder-planschbecken-marienkaefer-2\/#breadcrumb"},"inLanguage":"it-IT","potentialAction":[{"@type":"ReadAction","target":["https:\/\/schweizversand.ch\/it\/produkt\/jilong-kinder-planschbecken-marienkaefer-2\/"]}]},{"@type":"ImageObject","inLanguage":"it-IT","@id":"https:\/\/schweizversand.ch\/it\/produkt\/jilong-kinder-planschbecken-marienkaefer-2\/#primaryimage","url":"https:\/\/schweizversand.ch\/wp-content\/uploads\/2026\/04\/5471919951.jpg","contentUrl":"https:\/\/schweizversand.ch\/wp-content\/uploads\/2026\/04\/5471919951.jpg","width":1024,"height":1024},{"@type":"BreadcrumbList","@id":"https:\/\/schweizversand.ch\/it\/produkt\/jilong-kinder-planschbecken-marienkaefer-2\/#breadcrumb","itemListElement":[{"@type":"ListItem","position":1,"name":"Startseite","item":"https:\/\/schweizversand.ch\/it\/"},{"@type":"ListItem","position":2,"name":"Shop","item":"https:\/\/schweizversand.ch\/it\/shop\/"},{"@type":"ListItem","position":3,"name":"Piscina per bambini Jilong &#8220;Coccinella&#8221;"}]},{"@type":"WebSite","@id":"https:\/\/schweizversand.ch\/it\/#website","url":"https:\/\/schweizversand.ch\/it\/","name":"Schweizer Shop f\u00fcr Sport, Spiel und Freizeit","description":"Gratisversand ab 50.- (netto), ab eigenem schweizer Lager, Lieferung innert 48h","publisher":{"@id":"https:\/\/schweizversand.ch\/it\/#organization"},"alternateName":"Schweizversand.ch","potentialAction":[{"@type":"SearchAction","target":{"@type":"EntryPoint","urlTemplate":"https:\/\/schweizversand.ch\/it\/?s={search_term_string}"},"query-input":{"@type":"PropertyValueSpecification","valueRequired":true,"valueName":"search_term_string"}}],"inLanguage":"it-IT"},{"@type":"Organization","@id":"https:\/\/schweizversand.ch\/it\/#organization","name":"Schweizversand.ch","url":"https:\/\/schweizversand.ch\/it\/","logo":{"@type":"ImageObject","inLanguage":"it-IT","@id":"https:\/\/schweizversand.ch\/it\/#\/schema\/logo\/image\/","url":"https:\/\/schweizversand.ch\/wp-content\/uploads\/2026\/03\/Logo_Rund_Final-1.png","contentUrl":"https:\/\/schweizversand.ch\/wp-content\/uploads\/2026\/03\/Logo_Rund_Final-1.png","width":404,"height":404,"caption":"Schweizversand.ch"},"image":{"@id":"https:\/\/schweizversand.ch\/it\/#\/schema\/logo\/image\/"},"sameAs":["https:\/\/www.facebook.com\/Schweizversand","https:\/\/www.instagram.com\/schweizversand.ch\/"]}]}},"jetpack_sharing_enabled":true,"_links":{"self":[{"href":"https:\/\/schweizversand.ch\/it\/wp-json\/wp\/v2\/product\/264818","targetHints":{"allow":["GET"]}}],"collection":[{"href":"https:\/\/schweizversand.ch\/it\/wp-json\/wp\/v2\/product"}],"about":[{"href":"https:\/\/schweizversand.ch\/it\/wp-json\/wp\/v2\/types\/product"}],"replies":[{"embeddable":true,"href":"https:\/\/schweizversand.ch\/it\/wp-json\/wp\/v2\/comments?post=264818"}],"wp:featuredmedia":[{"embeddable":true,"href":"https:\/\/schweizversand.ch\/it\/wp-json\/wp\/v2\/media\/265294"}],"wp:attachment":[{"href":"https:\/\/schweizversand.ch\/it\/wp-json\/wp\/v2\/media?parent=264818"}],"wp:term":[{"taxonomy":"product_brand","embeddable":true,"href":"https:\/\/schweizversand.ch\/it\/wp-json\/wp\/v2\/product_brand?post=264818"},{"taxonomy":"product_cat","embeddable":true,"href":"https:\/\/schweizversand.ch\/it\/wp-json\/wp\/v2\/product_cat?post=264818"},{"taxonomy":"product_tag","embeddable":true,"href":"https:\/\/schweizversand.ch\/it\/wp-json\/wp\/v2\/product_tag?post=264818"}],"curies":[{"name":"wp","href":"https:\/\/api.w.org\/{rel}","templated":true}]}}