{"id":264925,"date":"2026-04-11T02:00:42","date_gmt":"2026-04-11T00:00:42","guid":{"rendered":"https:\/\/schweizversand.ch\/produkt\/jilong-doppelwirkung-elektropumpe-mit-wiederaufladbarer-batterie\/"},"modified":"2026-04-12T15:35:47","modified_gmt":"2026-04-12T13:35:47","slug":"jilong-doppelwirkung-elektropumpe-mit-wiederaufladbarer-batterie","status":"publish","type":"product","link":"https:\/\/schweizversand.ch\/it\/produkt\/jilong-doppelwirkung-elektropumpe-mit-wiederaufladbarer-batterie\/","title":{"rendered":"Pompa elettrica Jilong a doppia azione con batteria ricaricabile"},"content":{"rendered":"<p>Pompa elettrica a doppia azione con batteria ricaricabile: sempre gonfia, sempre pronta!<\/p>\n<p>La pompa elettrica a doppia azione \u00e8 la tua compagna affidabile per gonfiare materassini, gommoni, paddleboard e altri prodotti gonfiabili. Questo dispositivo pratico e potente semplifica il gonfiaggio.<\/p>\n<p>Caratteristiche principali:<\/p>\n<p>&#8220;` \u2022 Dimensioni compatte: con le sue dimensioni di 25,1 x 17,5 x 13,3 cm (10&#8243; x 7&#8243; x 5,2&#8243;), questa pompa si adatta facilmente a qualsiasi borsa o bagagliaio, rendendola perfetta per l&#8217;uso in movimento.<\/p>\n<p>\u2022 Alimentazione versatile: questa pompa pu\u00f2 essere alimentata dalla presa accendisigari dell&#8217;auto o dalla batteria ricaricabile integrata. Ci\u00f2 significa che puoi utilizzarla anche quando sei lontano da una fonte di alimentazione.<\/p>\n<p>\u2022 Alta pressione e capacit\u00e0 di gonfiaggio rapido: con una capacit\u00e0 di pressione massima di 16 psi e un&#8217;impressionante portata di 70 litri al minuto, il tuo gonfiabile sar\u00e0 pronto all&#8217;uso in pochissimo tempo.<\/p>\n<p>\u2022 Prestazioni efficienti: il motore da 200 watt di questa pompa garantisce un gonfiaggio rapido ed efficiente, facendoti risparmiare tempo ed energia.<\/p>\n<p>\u2022 Caratteristiche aggiuntive: la pompa \u00e8 dotata di una luce LED per l&#8217;utilizzo in condizioni di scarsa illuminazione. Offre inoltre uscite USB da 1 A e 2 A, che ti consentono di caricare i tuoi dispositivi elettronici anche quando sei fuori. natura selvaggia.<\/p>\n<p>\u2022 Sicura e certificata: la pompa soddisfa gli standard di certificazione CE-EMC e RoHS 2.0, offrendo il massimo livello di sicurezza e qualit\u00e0.<\/p>\n<p>Contenuto della confezione:<\/p>\n<p>\u2022 Pompa elettrica a doppia azione<\/p>\n<p>\u2022 Batteria ricaricabile<\/p>\n<p>\u2022 Adattatore per auto da 12 volt<\/p>\n<p>\u2022 Cavo di ricarica USB<\/p>\n<p>\u2022 Manuale d&#8217;uso<\/p>\n<p>\u2022 Manuale d&#8217;uso<\/p>\n<p>\u2022 Pompa elettrica a doppia azione<\/p>\n<p>Con la pompa elettrica a doppia azione, sei pronto per ogni situazione. Che tu stia pianificando una giornata di relax in spiaggia, intraprendendo un&#8217;entusiasmante avventura in paddleboard o semplicemente avendo bisogno di gonfiare il tuo materassino ad aria, questa pompa lo rende possibile. Basta con la seccatura! Di&#8217; addio alle ingombranti pompe manuali e passa a una soluzione efficiente e comoda. Con la pompa elettrica a doppia azione, sarai sempre gonfio e pronto a partire!<\/p>\n","protected":false},"excerpt":{"rendered":"<p>Jilong Doppelwirkung Elektropumpe mit wiederaufladbarer Batterie bietet kraftvolles, mobiles Aufpumpen f\u00fcr Luftmatratzen, Boote &amp; mehr \u2013 kompakt, vielseitig und jederzeit einsatzbereit.<\/p>\n","protected":false},"featured_media":266172,"comment_status":"open","ping_status":"closed","template":"","meta":[],"product_brand":[],"product_cat":[39059],"product_tag":[],"class_list":{"0":"post-264925","1":"product","2":"type-product","3":"status-publish","4":"has-post-thumbnail","6":"product_cat-varie","7":"product_shipping_class-global_methods","9":"first","10":"instock","11":"taxable","12":"shipping-taxable","13":"purchasable","14":"product-type-simple"},"yoast_head":"<!-- This site is optimized with the Yoast SEO plugin v27.3 - https:\/\/yoast.com\/product\/yoast-seo-wordpress\/ -->\n<title>Pompa elettrica Jilong a doppia azione con batteria ricaricabile | Jetzt kaufen | Schweizversand.ch<\/title>\n<meta name=\"description\" content=\"Pompa elettrica Jilong a doppia azione con batteria ricaricabile g\u00fcnstig kaufen bei Schweizversand.ch. Schnelle Lieferung in der Schweiz. Gratisversand ab CHF 50.\" \/>\n<meta name=\"robots\" content=\"index, follow, max-snippet:-1, max-image-preview:large, max-video-preview:-1\" \/>\n<link rel=\"canonical\" href=\"https:\/\/schweizversand.ch\/it\/produkt\/jilong-doppelwirkung-elektropumpe-mit-wiederaufladbarer-batterie\/\" \/>\n<meta property=\"og:locale\" content=\"it_IT\" \/>\n<meta property=\"og:type\" content=\"article\" \/>\n<meta property=\"og:title\" content=\"Pompa elettrica Jilong a doppia azione con batteria ricaricabile | Jetzt kaufen | Schweizversand.ch\" \/>\n<meta property=\"og:description\" content=\"Pompa elettrica Jilong a doppia azione con batteria ricaricabile g\u00fcnstig kaufen bei Schweizversand.ch. Schnelle Lieferung in der Schweiz. Gratisversand ab CHF 50.\" \/>\n<meta property=\"og:url\" content=\"https:\/\/schweizversand.ch\/it\/produkt\/jilong-doppelwirkung-elektropumpe-mit-wiederaufladbarer-batterie\/\" \/>\n<meta property=\"og:site_name\" content=\"Schweizer Shop f\u00fcr Sport, Spiel und Freizeit\" \/>\n<meta property=\"article:publisher\" content=\"https:\/\/www.facebook.com\/Schweizversand\" \/>\n<meta property=\"article:modified_time\" content=\"2026-04-12T13:35:47+00:00\" \/>\n<meta name=\"twitter:card\" content=\"summary_large_image\" \/>\n<meta name=\"twitter:label1\" content=\"Tempo di lettura stimato\" \/>\n\t<meta name=\"twitter:data1\" content=\"2 minuto\" \/>\n<script type=\"application\/ld+json\" class=\"yoast-schema-graph\">{\"@context\":\"https:\\\/\\\/schema.org\",\"@graph\":[{\"@type\":\"WebPage\",\"@id\":\"https:\\\/\\\/schweizversand.ch\\\/it\\\/produkt\\\/jilong-doppelwirkung-elektropumpe-mit-wiederaufladbarer-batterie\\\/\",\"url\":\"https:\\\/\\\/schweizversand.ch\\\/it\\\/produkt\\\/jilong-doppelwirkung-elektropumpe-mit-wiederaufladbarer-batterie\\\/\",\"name\":\"Pompa elettrica Jilong a doppia azione con batteria ricaricabile | Jetzt kaufen | Schweizversand.ch\",\"isPartOf\":{\"@id\":\"https:\\\/\\\/schweizversand.ch\\\/it\\\/#website\"},\"primaryImageOfPage\":{\"@id\":\"https:\\\/\\\/schweizversand.ch\\\/it\\\/produkt\\\/jilong-doppelwirkung-elektropumpe-mit-wiederaufladbarer-batterie\\\/#primaryimage\"},\"image\":{\"@id\":\"https:\\\/\\\/schweizversand.ch\\\/it\\\/produkt\\\/jilong-doppelwirkung-elektropumpe-mit-wiederaufladbarer-batterie\\\/#primaryimage\"},\"thumbnailUrl\":\"https:\\\/\\\/schweizversand.ch\\\/wp-content\\\/uploads\\\/2026\\\/04\\\/5471697967.jpg\",\"datePublished\":\"2026-04-11T00:00:42+00:00\",\"dateModified\":\"2026-04-12T13:35:47+00:00\",\"description\":\"Pompa elettrica Jilong a doppia azione con batteria ricaricabile g\u00fcnstig kaufen bei Schweizversand.ch. Schnelle Lieferung in der Schweiz. Gratisversand ab CHF 50.\",\"breadcrumb\":{\"@id\":\"https:\\\/\\\/schweizversand.ch\\\/it\\\/produkt\\\/jilong-doppelwirkung-elektropumpe-mit-wiederaufladbarer-batterie\\\/#breadcrumb\"},\"inLanguage\":\"it-IT\",\"potentialAction\":[{\"@type\":\"ReadAction\",\"target\":[\"https:\\\/\\\/schweizversand.ch\\\/it\\\/produkt\\\/jilong-doppelwirkung-elektropumpe-mit-wiederaufladbarer-batterie\\\/\"]}]},{\"@type\":\"ImageObject\",\"inLanguage\":\"it-IT\",\"@id\":\"https:\\\/\\\/schweizversand.ch\\\/it\\\/produkt\\\/jilong-doppelwirkung-elektropumpe-mit-wiederaufladbarer-batterie\\\/#primaryimage\",\"url\":\"https:\\\/\\\/schweizversand.ch\\\/wp-content\\\/uploads\\\/2026\\\/04\\\/5471697967.jpg\",\"contentUrl\":\"https:\\\/\\\/schweizversand.ch\\\/wp-content\\\/uploads\\\/2026\\\/04\\\/5471697967.jpg\",\"width\":1024,\"height\":1024},{\"@type\":\"BreadcrumbList\",\"@id\":\"https:\\\/\\\/schweizversand.ch\\\/it\\\/produkt\\\/jilong-doppelwirkung-elektropumpe-mit-wiederaufladbarer-batterie\\\/#breadcrumb\",\"itemListElement\":[{\"@type\":\"ListItem\",\"position\":1,\"name\":\"Startseite\",\"item\":\"https:\\\/\\\/schweizversand.ch\\\/it\\\/\"},{\"@type\":\"ListItem\",\"position\":2,\"name\":\"Shop\",\"item\":\"https:\\\/\\\/schweizversand.ch\\\/it\\\/shop\\\/\"},{\"@type\":\"ListItem\",\"position\":3,\"name\":\"Jilong Doppelwirkung Elektropumpe mit Wiederaufladbarer Batterie\"}]},{\"@type\":\"WebSite\",\"@id\":\"https:\\\/\\\/schweizversand.ch\\\/it\\\/#website\",\"url\":\"https:\\\/\\\/schweizversand.ch\\\/it\\\/\",\"name\":\"Schweizer Shop f\u00fcr Sport, Spiel und Freizeit\",\"description\":\"Gratisversand ab 50.- (netto), ab eigenem schweizer Lager, Lieferung innert 48h\",\"publisher\":{\"@id\":\"https:\\\/\\\/schweizversand.ch\\\/it\\\/#organization\"},\"alternateName\":\"Schweizversand.ch\",\"potentialAction\":[{\"@type\":\"SearchAction\",\"target\":{\"@type\":\"EntryPoint\",\"urlTemplate\":\"https:\\\/\\\/schweizversand.ch\\\/it\\\/?s={search_term_string}\"},\"query-input\":{\"@type\":\"PropertyValueSpecification\",\"valueRequired\":true,\"valueName\":\"search_term_string\"}}],\"inLanguage\":\"it-IT\"},{\"@type\":\"Organization\",\"@id\":\"https:\\\/\\\/schweizversand.ch\\\/it\\\/#organization\",\"name\":\"Schweizversand.ch\",\"url\":\"https:\\\/\\\/schweizversand.ch\\\/it\\\/\",\"logo\":{\"@type\":\"ImageObject\",\"inLanguage\":\"it-IT\",\"@id\":\"https:\\\/\\\/schweizversand.ch\\\/it\\\/#\\\/schema\\\/logo\\\/image\\\/\",\"url\":\"https:\\\/\\\/schweizversand.ch\\\/wp-content\\\/uploads\\\/2026\\\/03\\\/Logo_Rund_Final-1.png\",\"contentUrl\":\"https:\\\/\\\/schweizversand.ch\\\/wp-content\\\/uploads\\\/2026\\\/03\\\/Logo_Rund_Final-1.png\",\"width\":404,\"height\":404,\"caption\":\"Schweizversand.ch\"},\"image\":{\"@id\":\"https:\\\/\\\/schweizversand.ch\\\/it\\\/#\\\/schema\\\/logo\\\/image\\\/\"},\"sameAs\":[\"https:\\\/\\\/www.facebook.com\\\/Schweizversand\",\"https:\\\/\\\/www.instagram.com\\\/schweizversand.ch\\\/\"]}]}<\/script>\n<!-- \/ Yoast SEO plugin. -->","yoast_head_json":{"title":"Pompa elettrica Jilong a doppia azione con batteria ricaricabile | Jetzt kaufen | Schweizversand.ch","description":"Pompa elettrica Jilong a doppia azione con batteria ricaricabile g\u00fcnstig kaufen bei Schweizversand.ch. Schnelle Lieferung in der Schweiz. Gratisversand ab CHF 50.","robots":{"index":"index","follow":"follow","max-snippet":"max-snippet:-1","max-image-preview":"max-image-preview:large","max-video-preview":"max-video-preview:-1"},"canonical":"https:\/\/schweizversand.ch\/it\/produkt\/jilong-doppelwirkung-elektropumpe-mit-wiederaufladbarer-batterie\/","og_locale":"it_IT","og_type":"article","og_title":"Pompa elettrica Jilong a doppia azione con batteria ricaricabile | Jetzt kaufen | Schweizversand.ch","og_description":"Pompa elettrica Jilong a doppia azione con batteria ricaricabile g\u00fcnstig kaufen bei Schweizversand.ch. Schnelle Lieferung in der Schweiz. Gratisversand ab CHF 50.","og_url":"https:\/\/schweizversand.ch\/it\/produkt\/jilong-doppelwirkung-elektropumpe-mit-wiederaufladbarer-batterie\/","og_site_name":"Schweizer Shop f\u00fcr Sport, Spiel und Freizeit","article_publisher":"https:\/\/www.facebook.com\/Schweizversand","article_modified_time":"2026-04-12T13:35:47+00:00","twitter_card":"summary_large_image","twitter_misc":{"Tempo di lettura stimato":"2 minuto"},"schema":{"@context":"https:\/\/schema.org","@graph":[{"@type":"WebPage","@id":"https:\/\/schweizversand.ch\/it\/produkt\/jilong-doppelwirkung-elektropumpe-mit-wiederaufladbarer-batterie\/","url":"https:\/\/schweizversand.ch\/it\/produkt\/jilong-doppelwirkung-elektropumpe-mit-wiederaufladbarer-batterie\/","name":"Pompa elettrica Jilong a doppia azione con batteria ricaricabile | Jetzt kaufen | Schweizversand.ch","isPartOf":{"@id":"https:\/\/schweizversand.ch\/it\/#website"},"primaryImageOfPage":{"@id":"https:\/\/schweizversand.ch\/it\/produkt\/jilong-doppelwirkung-elektropumpe-mit-wiederaufladbarer-batterie\/#primaryimage"},"image":{"@id":"https:\/\/schweizversand.ch\/it\/produkt\/jilong-doppelwirkung-elektropumpe-mit-wiederaufladbarer-batterie\/#primaryimage"},"thumbnailUrl":"https:\/\/schweizversand.ch\/wp-content\/uploads\/2026\/04\/5471697967.jpg","datePublished":"2026-04-11T00:00:42+00:00","dateModified":"2026-04-12T13:35:47+00:00","description":"Pompa elettrica Jilong a doppia azione con batteria ricaricabile g\u00fcnstig kaufen bei Schweizversand.ch. Schnelle Lieferung in der Schweiz. Gratisversand ab CHF 50.","breadcrumb":{"@id":"https:\/\/schweizversand.ch\/it\/produkt\/jilong-doppelwirkung-elektropumpe-mit-wiederaufladbarer-batterie\/#breadcrumb"},"inLanguage":"it-IT","potentialAction":[{"@type":"ReadAction","target":["https:\/\/schweizversand.ch\/it\/produkt\/jilong-doppelwirkung-elektropumpe-mit-wiederaufladbarer-batterie\/"]}]},{"@type":"ImageObject","inLanguage":"it-IT","@id":"https:\/\/schweizversand.ch\/it\/produkt\/jilong-doppelwirkung-elektropumpe-mit-wiederaufladbarer-batterie\/#primaryimage","url":"https:\/\/schweizversand.ch\/wp-content\/uploads\/2026\/04\/5471697967.jpg","contentUrl":"https:\/\/schweizversand.ch\/wp-content\/uploads\/2026\/04\/5471697967.jpg","width":1024,"height":1024},{"@type":"BreadcrumbList","@id":"https:\/\/schweizversand.ch\/it\/produkt\/jilong-doppelwirkung-elektropumpe-mit-wiederaufladbarer-batterie\/#breadcrumb","itemListElement":[{"@type":"ListItem","position":1,"name":"Startseite","item":"https:\/\/schweizversand.ch\/it\/"},{"@type":"ListItem","position":2,"name":"Shop","item":"https:\/\/schweizversand.ch\/it\/shop\/"},{"@type":"ListItem","position":3,"name":"Jilong Doppelwirkung Elektropumpe mit Wiederaufladbarer Batterie"}]},{"@type":"WebSite","@id":"https:\/\/schweizversand.ch\/it\/#website","url":"https:\/\/schweizversand.ch\/it\/","name":"Schweizer Shop f\u00fcr Sport, Spiel und Freizeit","description":"Gratisversand ab 50.- (netto), ab eigenem schweizer Lager, Lieferung innert 48h","publisher":{"@id":"https:\/\/schweizversand.ch\/it\/#organization"},"alternateName":"Schweizversand.ch","potentialAction":[{"@type":"SearchAction","target":{"@type":"EntryPoint","urlTemplate":"https:\/\/schweizversand.ch\/it\/?s={search_term_string}"},"query-input":{"@type":"PropertyValueSpecification","valueRequired":true,"valueName":"search_term_string"}}],"inLanguage":"it-IT"},{"@type":"Organization","@id":"https:\/\/schweizversand.ch\/it\/#organization","name":"Schweizversand.ch","url":"https:\/\/schweizversand.ch\/it\/","logo":{"@type":"ImageObject","inLanguage":"it-IT","@id":"https:\/\/schweizversand.ch\/it\/#\/schema\/logo\/image\/","url":"https:\/\/schweizversand.ch\/wp-content\/uploads\/2026\/03\/Logo_Rund_Final-1.png","contentUrl":"https:\/\/schweizversand.ch\/wp-content\/uploads\/2026\/03\/Logo_Rund_Final-1.png","width":404,"height":404,"caption":"Schweizversand.ch"},"image":{"@id":"https:\/\/schweizversand.ch\/it\/#\/schema\/logo\/image\/"},"sameAs":["https:\/\/www.facebook.com\/Schweizversand","https:\/\/www.instagram.com\/schweizversand.ch\/"]}]}},"jetpack_sharing_enabled":true,"_links":{"self":[{"href":"https:\/\/schweizversand.ch\/it\/wp-json\/wp\/v2\/product\/264925","targetHints":{"allow":["GET"]}}],"collection":[{"href":"https:\/\/schweizversand.ch\/it\/wp-json\/wp\/v2\/product"}],"about":[{"href":"https:\/\/schweizversand.ch\/it\/wp-json\/wp\/v2\/types\/product"}],"replies":[{"embeddable":true,"href":"https:\/\/schweizversand.ch\/it\/wp-json\/wp\/v2\/comments?post=264925"}],"wp:featuredmedia":[{"embeddable":true,"href":"https:\/\/schweizversand.ch\/it\/wp-json\/wp\/v2\/media\/266172"}],"wp:attachment":[{"href":"https:\/\/schweizversand.ch\/it\/wp-json\/wp\/v2\/media?parent=264925"}],"wp:term":[{"taxonomy":"product_brand","embeddable":true,"href":"https:\/\/schweizversand.ch\/it\/wp-json\/wp\/v2\/product_brand?post=264925"},{"taxonomy":"product_cat","embeddable":true,"href":"https:\/\/schweizversand.ch\/it\/wp-json\/wp\/v2\/product_cat?post=264925"},{"taxonomy":"product_tag","embeddable":true,"href":"https:\/\/schweizversand.ch\/it\/wp-json\/wp\/v2\/product_tag?post=264925"}],"curies":[{"name":"wp","href":"https:\/\/api.w.org\/{rel}","templated":true}]}}