{"id":267261,"date":"2026-04-15T02:00:33","date_gmt":"2026-04-15T00:00:33","guid":{"rendered":"https:\/\/schweizversand.ch\/produkt\/unicorn-vanguard-dart-tasche-4\/"},"modified":"2026-04-15T02:05:31","modified_gmt":"2026-04-15T00:05:31","slug":"unicorn-vanguard-dart-tasche-4","status":"publish","type":"product","link":"https:\/\/schweizversand.ch\/it\/produkt\/unicorn-vanguard-dart-tasche-4\/","title":{"rendered":"Borsa per freccette Unicorn Vanguard"},"content":{"rendered":"<h1><strong>Borsa per freccette Vanguard: protezione e stile premium per la tua attrezzatura da freccette<\/strong><\/h1>\n<div>La borsa per freccette Vanguard \u00e8 la scelta ideale per tutti i giocatori di freccette ambiziosi che apprezzano <strong>qualit\u00e0, stile e funzionalit\u00e0<\/strong>. Questa custodia per freccette di alta qualit\u00e0 colpisce per il suo design elegante, i materiali robusti e un layout ben studiato per trasportare la tua attrezzatura in modo sicuro ed elegante.<\/p>\n<\/div>\n<div><strong>Massima capacit\u00e0 e organizzazione<\/strong><br \/>Questa borsa \u00e8 progettata per garantire ordine e protezione. Offre spazio per <strong>2 set di freccette completamente assemblati<\/strong>, cos\u00ec sei pronto a giocare immediatamente. Grazie all&#8217;ampia disposizione degli scomparti, tutti i tuoi accessori saranno sempre ordinatamente organizzati.<\/p>\n<\/div>\n<div><strong>Caratteristiche dettagliate<\/strong><br \/>&#8211; Spazio per 2 set di freccette assemblati<br \/>&#8211; 9 scomparti per alette per un&#8217;organizzazione e una protezione ottimali<br \/>&#8211; 18 porta-alette per la massima organizzazione e un rapido accesso alle alette di ricambio<br \/>&#8211; Pratico scomparto con cerniera per accessori, pezzi di ricambio o attrezzi<br \/>&#8211; Include cinturino da polso per un trasporto comodo e sicuro<\/p>\n<\/div>\n<div><strong>Design e sensazione esclusivi<\/strong><br \/>Il design elegante \u00e8 accentuato dal <strong>logo Unicorn<\/strong> e dalla speciale finitura tattile Vanguard, che conferisce alla borsa un aspetto e una sensazione esclusivi. I materiali robusti garantiscono una lunga durata e proteggono in modo affidabile le tue preziose freccette dai danni.<\/p>\n<\/div>\n<div>Assicurati che la tua attrezzatura sia sempre protetta in modo ottimale e perfettamente organizzata. Con la custodia per freccette Vanguard, sei pronto per qualsiasi partita.<\/p>\n<p>Contenuto non incluso.<\/p><\/div>\n<div><\/div>\n","protected":false},"excerpt":{"rendered":"<p>Unicorn Vanguard Dart-Tasche sch\u00fctzt 2 montierte Dart-Sets stilvoll und organisiert. Robust, elegant und mit 9 Flight-F\u00e4chern f\u00fcr perfektes Dart-Equipment-Management.<\/p>\n","protected":false},"featured_media":267265,"comment_status":"open","ping_status":"closed","template":"","meta":[],"product_brand":[],"product_cat":[38204],"product_tag":[],"class_list":{"0":"post-267261","1":"product","2":"type-product","3":"status-publish","4":"has-post-thumbnail","6":"product_cat-diverses-zubehoer","7":"product_shipping_class-global_methods","9":"first","10":"instock","11":"taxable","12":"shipping-taxable","13":"purchasable","14":"product-type-simple"},"yoast_head":"<!-- This site is optimized with the Yoast SEO plugin v27.4 - https:\/\/yoast.com\/product\/yoast-seo-wordpress\/ -->\n<title>Unicorn Vanguard Dart-Tasche<\/title>\n<meta name=\"description\" content=\"Vanguard Dart-Tasche \u2013 Premium Schutz und Stil f\u00fcr Ihr Dart-Equipment Die Vanguard Dart-Tasche ist die ideale Wahl f\u00fcr alle ambitionierten Dartspieler, die Wert\" \/>\n<meta name=\"robots\" content=\"index, follow, max-snippet:-1, max-image-preview:large, max-video-preview:-1\" \/>\n<link rel=\"canonical\" href=\"https:\/\/schweizversand.ch\/it\/produkt\/unicorn-vanguard-dart-tasche-4\/\" \/>\n<meta property=\"og:locale\" content=\"it_IT\" \/>\n<meta property=\"og:type\" content=\"article\" \/>\n<meta property=\"og:title\" content=\"Unicorn Vanguard Dart-Tasche\" \/>\n<meta property=\"og:description\" content=\"Vanguard Dart-Tasche \u2013 Premium Schutz und Stil f\u00fcr Ihr Dart-Equipment Die Vanguard Dart-Tasche ist die ideale Wahl f\u00fcr alle ambitionierten Dartspieler, die Wert\" \/>\n<meta property=\"og:url\" content=\"https:\/\/schweizversand.ch\/it\/produkt\/unicorn-vanguard-dart-tasche-4\/\" \/>\n<meta property=\"og:site_name\" content=\"Schweizer Shop f\u00fcr Sport, Spiel und Freizeit\" \/>\n<meta property=\"article:publisher\" content=\"https:\/\/www.facebook.com\/Schweizversand\" \/>\n<meta property=\"article:modified_time\" content=\"2026-04-15T00:05:31+00:00\" \/>\n<meta name=\"twitter:card\" content=\"summary_large_image\" \/>\n<meta name=\"twitter:label1\" content=\"Tempo di lettura stimato\" \/>\n\t<meta name=\"twitter:data1\" content=\"1 minuto\" \/>\n<script type=\"application\/ld+json\" class=\"yoast-schema-graph\">{\"@context\":\"https:\\\/\\\/schema.org\",\"@graph\":[{\"@type\":\"WebPage\",\"@id\":\"https:\\\/\\\/schweizversand.ch\\\/it\\\/produkt\\\/unicorn-vanguard-dart-tasche-4\\\/\",\"url\":\"https:\\\/\\\/schweizversand.ch\\\/it\\\/produkt\\\/unicorn-vanguard-dart-tasche-4\\\/\",\"name\":\"Unicorn Vanguard Dart-Tasche\",\"isPartOf\":{\"@id\":\"https:\\\/\\\/schweizversand.ch\\\/it\\\/#website\"},\"primaryImageOfPage\":{\"@id\":\"https:\\\/\\\/schweizversand.ch\\\/it\\\/produkt\\\/unicorn-vanguard-dart-tasche-4\\\/#primaryimage\"},\"image\":{\"@id\":\"https:\\\/\\\/schweizversand.ch\\\/it\\\/produkt\\\/unicorn-vanguard-dart-tasche-4\\\/#primaryimage\"},\"thumbnailUrl\":\"https:\\\/\\\/schweizversand.ch\\\/wp-content\\\/uploads\\\/2026\\\/04\\\/5520093503.jpg\",\"datePublished\":\"2026-04-15T00:00:33+00:00\",\"dateModified\":\"2026-04-15T00:05:31+00:00\",\"description\":\"Vanguard Dart-Tasche \u2013 Premium Schutz und Stil f\u00fcr Ihr Dart-Equipment Die Vanguard Dart-Tasche ist die ideale Wahl f\u00fcr alle ambitionierten Dartspieler, die Wert\",\"breadcrumb\":{\"@id\":\"https:\\\/\\\/schweizversand.ch\\\/it\\\/produkt\\\/unicorn-vanguard-dart-tasche-4\\\/#breadcrumb\"},\"inLanguage\":\"it-IT\",\"potentialAction\":[{\"@type\":\"ReadAction\",\"target\":[\"https:\\\/\\\/schweizversand.ch\\\/it\\\/produkt\\\/unicorn-vanguard-dart-tasche-4\\\/\"]}]},{\"@type\":\"ImageObject\",\"inLanguage\":\"it-IT\",\"@id\":\"https:\\\/\\\/schweizversand.ch\\\/it\\\/produkt\\\/unicorn-vanguard-dart-tasche-4\\\/#primaryimage\",\"url\":\"https:\\\/\\\/schweizversand.ch\\\/wp-content\\\/uploads\\\/2026\\\/04\\\/5520093503.jpg\",\"contentUrl\":\"https:\\\/\\\/schweizversand.ch\\\/wp-content\\\/uploads\\\/2026\\\/04\\\/5520093503.jpg\",\"width\":1024,\"height\":1024},{\"@type\":\"BreadcrumbList\",\"@id\":\"https:\\\/\\\/schweizversand.ch\\\/it\\\/produkt\\\/unicorn-vanguard-dart-tasche-4\\\/#breadcrumb\",\"itemListElement\":[{\"@type\":\"ListItem\",\"position\":1,\"name\":\"Startseite\",\"item\":\"https:\\\/\\\/schweizversand.ch\\\/it\\\/\"},{\"@type\":\"ListItem\",\"position\":2,\"name\":\"Shop\",\"item\":\"https:\\\/\\\/schweizversand.ch\\\/it\\\/shop\\\/\"},{\"@type\":\"ListItem\",\"position\":3,\"name\":\"Borsa per freccette Unicorn Vanguard\"}]},{\"@type\":\"WebSite\",\"@id\":\"https:\\\/\\\/schweizversand.ch\\\/it\\\/#website\",\"url\":\"https:\\\/\\\/schweizversand.ch\\\/it\\\/\",\"name\":\"Schweizer Shop f\u00fcr Sport, Spiel und Freizeit\",\"description\":\"Gratisversand ab 50.- (netto), ab eigenem schweizer Lager, Lieferung innert 48h\",\"publisher\":{\"@id\":\"https:\\\/\\\/schweizversand.ch\\\/it\\\/#organization\"},\"alternateName\":\"Schweizversand.ch\",\"potentialAction\":[{\"@type\":\"SearchAction\",\"target\":{\"@type\":\"EntryPoint\",\"urlTemplate\":\"https:\\\/\\\/schweizversand.ch\\\/it\\\/?s={search_term_string}\"},\"query-input\":{\"@type\":\"PropertyValueSpecification\",\"valueRequired\":true,\"valueName\":\"search_term_string\"}}],\"inLanguage\":\"it-IT\"},{\"@type\":\"Organization\",\"@id\":\"https:\\\/\\\/schweizversand.ch\\\/it\\\/#organization\",\"name\":\"Schweizversand.ch\",\"url\":\"https:\\\/\\\/schweizversand.ch\\\/it\\\/\",\"logo\":{\"@type\":\"ImageObject\",\"inLanguage\":\"it-IT\",\"@id\":\"https:\\\/\\\/schweizversand.ch\\\/it\\\/#\\\/schema\\\/logo\\\/image\\\/\",\"url\":\"https:\\\/\\\/schweizversand.ch\\\/wp-content\\\/uploads\\\/2026\\\/03\\\/Logo_Rund_Final-1.png\",\"contentUrl\":\"https:\\\/\\\/schweizversand.ch\\\/wp-content\\\/uploads\\\/2026\\\/03\\\/Logo_Rund_Final-1.png\",\"width\":404,\"height\":404,\"caption\":\"Schweizversand.ch\"},\"image\":{\"@id\":\"https:\\\/\\\/schweizversand.ch\\\/it\\\/#\\\/schema\\\/logo\\\/image\\\/\"},\"sameAs\":[\"https:\\\/\\\/www.facebook.com\\\/Schweizversand\",\"https:\\\/\\\/www.instagram.com\\\/schweizversand.ch\\\/\"]}]}<\/script>\n<!-- \/ Yoast SEO plugin. -->","yoast_head_json":{"title":"Unicorn Vanguard Dart-Tasche","description":"Vanguard Dart-Tasche \u2013 Premium Schutz und Stil f\u00fcr Ihr Dart-Equipment Die Vanguard Dart-Tasche ist die ideale Wahl f\u00fcr alle ambitionierten Dartspieler, die Wert","robots":{"index":"index","follow":"follow","max-snippet":"max-snippet:-1","max-image-preview":"max-image-preview:large","max-video-preview":"max-video-preview:-1"},"canonical":"https:\/\/schweizversand.ch\/it\/produkt\/unicorn-vanguard-dart-tasche-4\/","og_locale":"it_IT","og_type":"article","og_title":"Unicorn Vanguard Dart-Tasche","og_description":"Vanguard Dart-Tasche \u2013 Premium Schutz und Stil f\u00fcr Ihr Dart-Equipment Die Vanguard Dart-Tasche ist die ideale Wahl f\u00fcr alle ambitionierten Dartspieler, die Wert","og_url":"https:\/\/schweizversand.ch\/it\/produkt\/unicorn-vanguard-dart-tasche-4\/","og_site_name":"Schweizer Shop f\u00fcr Sport, Spiel und Freizeit","article_publisher":"https:\/\/www.facebook.com\/Schweizversand","article_modified_time":"2026-04-15T00:05:31+00:00","twitter_card":"summary_large_image","twitter_misc":{"Tempo di lettura stimato":"1 minuto"},"schema":{"@context":"https:\/\/schema.org","@graph":[{"@type":"WebPage","@id":"https:\/\/schweizversand.ch\/it\/produkt\/unicorn-vanguard-dart-tasche-4\/","url":"https:\/\/schweizversand.ch\/it\/produkt\/unicorn-vanguard-dart-tasche-4\/","name":"Unicorn Vanguard Dart-Tasche","isPartOf":{"@id":"https:\/\/schweizversand.ch\/it\/#website"},"primaryImageOfPage":{"@id":"https:\/\/schweizversand.ch\/it\/produkt\/unicorn-vanguard-dart-tasche-4\/#primaryimage"},"image":{"@id":"https:\/\/schweizversand.ch\/it\/produkt\/unicorn-vanguard-dart-tasche-4\/#primaryimage"},"thumbnailUrl":"https:\/\/schweizversand.ch\/wp-content\/uploads\/2026\/04\/5520093503.jpg","datePublished":"2026-04-15T00:00:33+00:00","dateModified":"2026-04-15T00:05:31+00:00","description":"Vanguard Dart-Tasche \u2013 Premium Schutz und Stil f\u00fcr Ihr Dart-Equipment Die Vanguard Dart-Tasche ist die ideale Wahl f\u00fcr alle ambitionierten Dartspieler, die Wert","breadcrumb":{"@id":"https:\/\/schweizversand.ch\/it\/produkt\/unicorn-vanguard-dart-tasche-4\/#breadcrumb"},"inLanguage":"it-IT","potentialAction":[{"@type":"ReadAction","target":["https:\/\/schweizversand.ch\/it\/produkt\/unicorn-vanguard-dart-tasche-4\/"]}]},{"@type":"ImageObject","inLanguage":"it-IT","@id":"https:\/\/schweizversand.ch\/it\/produkt\/unicorn-vanguard-dart-tasche-4\/#primaryimage","url":"https:\/\/schweizversand.ch\/wp-content\/uploads\/2026\/04\/5520093503.jpg","contentUrl":"https:\/\/schweizversand.ch\/wp-content\/uploads\/2026\/04\/5520093503.jpg","width":1024,"height":1024},{"@type":"BreadcrumbList","@id":"https:\/\/schweizversand.ch\/it\/produkt\/unicorn-vanguard-dart-tasche-4\/#breadcrumb","itemListElement":[{"@type":"ListItem","position":1,"name":"Startseite","item":"https:\/\/schweizversand.ch\/it\/"},{"@type":"ListItem","position":2,"name":"Shop","item":"https:\/\/schweizversand.ch\/it\/shop\/"},{"@type":"ListItem","position":3,"name":"Borsa per freccette Unicorn Vanguard"}]},{"@type":"WebSite","@id":"https:\/\/schweizversand.ch\/it\/#website","url":"https:\/\/schweizversand.ch\/it\/","name":"Schweizer Shop f\u00fcr Sport, Spiel und Freizeit","description":"Gratisversand ab 50.- (netto), ab eigenem schweizer Lager, Lieferung innert 48h","publisher":{"@id":"https:\/\/schweizversand.ch\/it\/#organization"},"alternateName":"Schweizversand.ch","potentialAction":[{"@type":"SearchAction","target":{"@type":"EntryPoint","urlTemplate":"https:\/\/schweizversand.ch\/it\/?s={search_term_string}"},"query-input":{"@type":"PropertyValueSpecification","valueRequired":true,"valueName":"search_term_string"}}],"inLanguage":"it-IT"},{"@type":"Organization","@id":"https:\/\/schweizversand.ch\/it\/#organization","name":"Schweizversand.ch","url":"https:\/\/schweizversand.ch\/it\/","logo":{"@type":"ImageObject","inLanguage":"it-IT","@id":"https:\/\/schweizversand.ch\/it\/#\/schema\/logo\/image\/","url":"https:\/\/schweizversand.ch\/wp-content\/uploads\/2026\/03\/Logo_Rund_Final-1.png","contentUrl":"https:\/\/schweizversand.ch\/wp-content\/uploads\/2026\/03\/Logo_Rund_Final-1.png","width":404,"height":404,"caption":"Schweizversand.ch"},"image":{"@id":"https:\/\/schweizversand.ch\/it\/#\/schema\/logo\/image\/"},"sameAs":["https:\/\/www.facebook.com\/Schweizversand","https:\/\/www.instagram.com\/schweizversand.ch\/"]}]}},"jetpack_sharing_enabled":true,"_links":{"self":[{"href":"https:\/\/schweizversand.ch\/it\/wp-json\/wp\/v2\/product\/267261","targetHints":{"allow":["GET"]}}],"collection":[{"href":"https:\/\/schweizversand.ch\/it\/wp-json\/wp\/v2\/product"}],"about":[{"href":"https:\/\/schweizversand.ch\/it\/wp-json\/wp\/v2\/types\/product"}],"replies":[{"embeddable":true,"href":"https:\/\/schweizversand.ch\/it\/wp-json\/wp\/v2\/comments?post=267261"}],"wp:featuredmedia":[{"embeddable":true,"href":"https:\/\/schweizversand.ch\/it\/wp-json\/wp\/v2\/media\/267265"}],"wp:attachment":[{"href":"https:\/\/schweizversand.ch\/it\/wp-json\/wp\/v2\/media?parent=267261"}],"wp:term":[{"taxonomy":"product_brand","embeddable":true,"href":"https:\/\/schweizversand.ch\/it\/wp-json\/wp\/v2\/product_brand?post=267261"},{"taxonomy":"product_cat","embeddable":true,"href":"https:\/\/schweizversand.ch\/it\/wp-json\/wp\/v2\/product_cat?post=267261"},{"taxonomy":"product_tag","embeddable":true,"href":"https:\/\/schweizversand.ch\/it\/wp-json\/wp\/v2\/product_tag?post=267261"}],"curies":[{"name":"wp","href":"https:\/\/api.w.org\/{rel}","templated":true}]}}