{"id":267264,"date":"2026-04-15T02:00:39","date_gmt":"2026-04-15T00:00:39","guid":{"rendered":"https:\/\/schweizversand.ch\/produkt\/hudora-skater-rampen-set-5-teilig\/"},"modified":"2026-04-22T15:37:21","modified_gmt":"2026-04-22T13:37:21","slug":"hudora-skater-rampen-set-5-teilig","status":"publish","type":"product","link":"https:\/\/schweizversand.ch\/it\/produkt\/hudora-skater-rampen-set-5-teilig\/","title":{"rendered":"Set rampa da skate Hudora, 5 pezzi"},"content":{"rendered":"<h1><strong>Set rampe skate HUDORA &#8211; Il set modulare per skatepark<\/strong><\/h1>\n<div>Trasforma il tuo giardino o cortile in un emozionante skatepark con il versatile set rampe skate HUDORA. Questo <strong>sistema di rampe modulare<\/strong> \u00e8 stato sviluppato appositamente per consentire il massimo divertimento e una progettazione creativa del percorso. \u00c8 l&#8217;accessorio ideale per gli sport a rotelle per promuovere in sicurezza le abilit\u00e0 dei tuoi bambini.<\/p>\n<\/div>\n<div><strong>Il tuo skatepark personale a casa<\/strong><br \/>Questo set ti offre l&#8217;opportunit\u00e0 di creare percorsi personalizzati per diversi sport a rotelle. Con quattro robuste rampe e un connettore centrale, \u00e8 possibile costruire in pochissimo tempo un&#8217;imponente <strong>rampa skater<\/strong>. Le dimensioni una volta assemblate di circa 154 x 121,5 x 16,5 cm offrono ampio spazio per trick emozionanti. Stabilit\u00e0 e versatilit\u00e0: le rampe sono realizzate in plastica rinforzata, garantendo un&#8217;elevata durata e una capacit\u00e0 di carico fino a 80 kg. La superficie \u00e8 antiscivolo e offre una presa extra, garantendo la necessaria sicurezza durante l&#8217;uso. Questo set \u00e8 perfetto come rampa per monopattini, rampa per pattini in linea, nonch\u00e9 per skateboard e casterboard.<\/p>\n<\/div>\n<div><strong>Dettagli e dimensioni del prodotto<\/strong><br \/>&#8211; Sistema di rampe modulare composto da 4 rampe e 1 connettore<br \/>&#8211; Adatto per monopattini acrobatici, skateboard, pattini in linea e casterboard<br \/>&#8211; Capacit\u00e0 di carico massima: 80 kg<br \/>&#8211; Dimensioni rampa: circa 56,5 x 39,5 x 15,5 cm<br \/>&#8211; Dimensioni connettore: circa 67,5 x 33 x 3,2 cm<\/p>\n<\/div>\n<div><strong>Istruzioni di sicurezza<\/strong><br \/>Si prega di notare che questo set per skatepark deve essere utilizzato solo con l&#8217;equipaggiamento protettivo adeguato. L&#8217;uso su strade pubbliche \u00e8 vietato. Per tutti gli altri dettagli importanti, fare riferimento alle istruzioni di montaggio e funzionamento allegate.<\/p>\n<\/div>\n<div>Acquista subito il set rampa skater HUDORA e offri ai giovani appassionati di sport a rotelle la base perfetta per migliorare le proprie abilit\u00e0 e provare trick creativi.<\/p>\n<\/div>\n<div><\/div>\n","protected":false},"excerpt":{"rendered":"<p>Hudora Skater Rampen Set, 5-teilig: Modulares Skatepark-Set f\u00fcr zuhause, stabile Rampen und vielseitige Parcoursgestaltung \u2013 perfektes Zubeh\u00f6r f\u00fcr sicheren Fahrspa\u00df und Tricks.<\/p>\n","protected":false},"featured_media":267283,"comment_status":"open","ping_status":"closed","template":"","meta":[],"product_brand":[],"product_cat":[39245],"product_tag":[],"class_list":{"0":"post-267264","1":"product","2":"type-product","3":"status-publish","4":"has-post-thumbnail","6":"product_cat-skateboards","7":"product_shipping_class-global_methods","9":"first","10":"instock","11":"taxable","12":"shipping-taxable","13":"purchasable","14":"product-type-simple"},"yoast_head":"<!-- This site is optimized with the Yoast SEO plugin v27.4 - https:\/\/yoast.com\/product\/yoast-seo-wordpress\/ -->\n<title>Hudora Skater Rampen Set, 5-teilig<\/title>\n<meta name=\"description\" content=\"HUDORA Skater Rampen Set \u2013 Das modulare Skatepark Set Verwandeln Sie Ihren Garten oder Hof in einen aufregenden Skatepark mit dem vielseitigen HUDORA Skater Ram\" \/>\n<meta name=\"robots\" content=\"index, follow, max-snippet:-1, max-image-preview:large, max-video-preview:-1\" \/>\n<link rel=\"canonical\" href=\"https:\/\/schweizversand.ch\/it\/produkt\/hudora-skater-rampen-set-5-teilig\/\" \/>\n<meta property=\"og:locale\" content=\"it_IT\" \/>\n<meta property=\"og:type\" content=\"article\" \/>\n<meta property=\"og:title\" content=\"Hudora Skater Rampen Set, 5-teilig\" \/>\n<meta property=\"og:description\" content=\"HUDORA Skater Rampen Set \u2013 Das modulare Skatepark Set Verwandeln Sie Ihren Garten oder Hof in einen aufregenden Skatepark mit dem vielseitigen HUDORA Skater Ram\" \/>\n<meta property=\"og:url\" content=\"https:\/\/schweizversand.ch\/it\/produkt\/hudora-skater-rampen-set-5-teilig\/\" \/>\n<meta property=\"og:site_name\" content=\"Schweizer Shop f\u00fcr Sport, Spiel und Freizeit\" \/>\n<meta property=\"article:publisher\" content=\"https:\/\/www.facebook.com\/Schweizversand\" \/>\n<meta property=\"article:modified_time\" content=\"2026-04-22T13:37:21+00:00\" \/>\n<meta name=\"twitter:card\" content=\"summary_large_image\" \/>\n<meta name=\"twitter:label1\" content=\"Tempo di lettura stimato\" \/>\n\t<meta name=\"twitter:data1\" content=\"1 minuto\" \/>\n<script type=\"application\/ld+json\" class=\"yoast-schema-graph\">{\"@context\":\"https:\\\/\\\/schema.org\",\"@graph\":[{\"@type\":\"WebPage\",\"@id\":\"https:\\\/\\\/schweizversand.ch\\\/it\\\/produkt\\\/hudora-skater-rampen-set-5-teilig\\\/\",\"url\":\"https:\\\/\\\/schweizversand.ch\\\/it\\\/produkt\\\/hudora-skater-rampen-set-5-teilig\\\/\",\"name\":\"Hudora Skater Rampen Set, 5-teilig\",\"isPartOf\":{\"@id\":\"https:\\\/\\\/schweizversand.ch\\\/it\\\/#website\"},\"primaryImageOfPage\":{\"@id\":\"https:\\\/\\\/schweizversand.ch\\\/it\\\/produkt\\\/hudora-skater-rampen-set-5-teilig\\\/#primaryimage\"},\"image\":{\"@id\":\"https:\\\/\\\/schweizversand.ch\\\/it\\\/produkt\\\/hudora-skater-rampen-set-5-teilig\\\/#primaryimage\"},\"thumbnailUrl\":\"https:\\\/\\\/schweizversand.ch\\\/wp-content\\\/uploads\\\/2026\\\/04\\\/5471484322.jpg\",\"datePublished\":\"2026-04-15T00:00:39+00:00\",\"dateModified\":\"2026-04-22T13:37:21+00:00\",\"description\":\"HUDORA Skater Rampen Set \u2013 Das modulare Skatepark Set Verwandeln Sie Ihren Garten oder Hof in einen aufregenden Skatepark mit dem vielseitigen HUDORA Skater Ram\",\"breadcrumb\":{\"@id\":\"https:\\\/\\\/schweizversand.ch\\\/it\\\/produkt\\\/hudora-skater-rampen-set-5-teilig\\\/#breadcrumb\"},\"inLanguage\":\"it-IT\",\"potentialAction\":[{\"@type\":\"ReadAction\",\"target\":[\"https:\\\/\\\/schweizversand.ch\\\/it\\\/produkt\\\/hudora-skater-rampen-set-5-teilig\\\/\"]}]},{\"@type\":\"ImageObject\",\"inLanguage\":\"it-IT\",\"@id\":\"https:\\\/\\\/schweizversand.ch\\\/it\\\/produkt\\\/hudora-skater-rampen-set-5-teilig\\\/#primaryimage\",\"url\":\"https:\\\/\\\/schweizversand.ch\\\/wp-content\\\/uploads\\\/2026\\\/04\\\/5471484322.jpg\",\"contentUrl\":\"https:\\\/\\\/schweizversand.ch\\\/wp-content\\\/uploads\\\/2026\\\/04\\\/5471484322.jpg\",\"width\":1024,\"height\":760},{\"@type\":\"BreadcrumbList\",\"@id\":\"https:\\\/\\\/schweizversand.ch\\\/it\\\/produkt\\\/hudora-skater-rampen-set-5-teilig\\\/#breadcrumb\",\"itemListElement\":[{\"@type\":\"ListItem\",\"position\":1,\"name\":\"Startseite\",\"item\":\"https:\\\/\\\/schweizversand.ch\\\/it\\\/home\\\/\"},{\"@type\":\"ListItem\",\"position\":2,\"name\":\"Shop\",\"item\":\"https:\\\/\\\/schweizversand.ch\\\/it\\\/shop\\\/\"},{\"@type\":\"ListItem\",\"position\":3,\"name\":\"Set rampa da skate Hudora, 5 pezzi\"}]},{\"@type\":\"WebSite\",\"@id\":\"https:\\\/\\\/schweizversand.ch\\\/it\\\/#website\",\"url\":\"https:\\\/\\\/schweizversand.ch\\\/it\\\/\",\"name\":\"Schweizer Shop f\u00fcr Sport, Spiel und Freizeit\",\"description\":\"Gratisversand ab 50.- (netto), ab eigenem schweizer Lager, Lieferung innert 48h\",\"publisher\":{\"@id\":\"https:\\\/\\\/schweizversand.ch\\\/it\\\/#organization\"},\"alternateName\":\"Schweizversand.ch\",\"potentialAction\":[{\"@type\":\"SearchAction\",\"target\":{\"@type\":\"EntryPoint\",\"urlTemplate\":\"https:\\\/\\\/schweizversand.ch\\\/it\\\/?s={search_term_string}\"},\"query-input\":{\"@type\":\"PropertyValueSpecification\",\"valueRequired\":true,\"valueName\":\"search_term_string\"}}],\"inLanguage\":\"it-IT\"},{\"@type\":\"Organization\",\"@id\":\"https:\\\/\\\/schweizversand.ch\\\/it\\\/#organization\",\"name\":\"Schweizversand.ch\",\"url\":\"https:\\\/\\\/schweizversand.ch\\\/it\\\/\",\"logo\":{\"@type\":\"ImageObject\",\"inLanguage\":\"it-IT\",\"@id\":\"https:\\\/\\\/schweizversand.ch\\\/it\\\/#\\\/schema\\\/logo\\\/image\\\/\",\"url\":\"https:\\\/\\\/schweizversand.ch\\\/wp-content\\\/uploads\\\/2026\\\/03\\\/Logo_Rund_Final-1.png\",\"contentUrl\":\"https:\\\/\\\/schweizversand.ch\\\/wp-content\\\/uploads\\\/2026\\\/03\\\/Logo_Rund_Final-1.png\",\"width\":404,\"height\":404,\"caption\":\"Schweizversand.ch\"},\"image\":{\"@id\":\"https:\\\/\\\/schweizversand.ch\\\/it\\\/#\\\/schema\\\/logo\\\/image\\\/\"},\"sameAs\":[\"https:\\\/\\\/www.facebook.com\\\/Schweizversand\",\"https:\\\/\\\/www.instagram.com\\\/schweizversand.ch\\\/\"]}]}<\/script>\n<!-- \/ Yoast SEO plugin. -->","yoast_head_json":{"title":"Hudora Skater Rampen Set, 5-teilig","description":"HUDORA Skater Rampen Set \u2013 Das modulare Skatepark Set Verwandeln Sie Ihren Garten oder Hof in einen aufregenden Skatepark mit dem vielseitigen HUDORA Skater Ram","robots":{"index":"index","follow":"follow","max-snippet":"max-snippet:-1","max-image-preview":"max-image-preview:large","max-video-preview":"max-video-preview:-1"},"canonical":"https:\/\/schweizversand.ch\/it\/produkt\/hudora-skater-rampen-set-5-teilig\/","og_locale":"it_IT","og_type":"article","og_title":"Hudora Skater Rampen Set, 5-teilig","og_description":"HUDORA Skater Rampen Set \u2013 Das modulare Skatepark Set Verwandeln Sie Ihren Garten oder Hof in einen aufregenden Skatepark mit dem vielseitigen HUDORA Skater Ram","og_url":"https:\/\/schweizversand.ch\/it\/produkt\/hudora-skater-rampen-set-5-teilig\/","og_site_name":"Schweizer Shop f\u00fcr Sport, Spiel und Freizeit","article_publisher":"https:\/\/www.facebook.com\/Schweizversand","article_modified_time":"2026-04-22T13:37:21+00:00","twitter_card":"summary_large_image","twitter_misc":{"Tempo di lettura stimato":"1 minuto"},"schema":{"@context":"https:\/\/schema.org","@graph":[{"@type":"WebPage","@id":"https:\/\/schweizversand.ch\/it\/produkt\/hudora-skater-rampen-set-5-teilig\/","url":"https:\/\/schweizversand.ch\/it\/produkt\/hudora-skater-rampen-set-5-teilig\/","name":"Hudora Skater Rampen Set, 5-teilig","isPartOf":{"@id":"https:\/\/schweizversand.ch\/it\/#website"},"primaryImageOfPage":{"@id":"https:\/\/schweizversand.ch\/it\/produkt\/hudora-skater-rampen-set-5-teilig\/#primaryimage"},"image":{"@id":"https:\/\/schweizversand.ch\/it\/produkt\/hudora-skater-rampen-set-5-teilig\/#primaryimage"},"thumbnailUrl":"https:\/\/schweizversand.ch\/wp-content\/uploads\/2026\/04\/5471484322.jpg","datePublished":"2026-04-15T00:00:39+00:00","dateModified":"2026-04-22T13:37:21+00:00","description":"HUDORA Skater Rampen Set \u2013 Das modulare Skatepark Set Verwandeln Sie Ihren Garten oder Hof in einen aufregenden Skatepark mit dem vielseitigen HUDORA Skater Ram","breadcrumb":{"@id":"https:\/\/schweizversand.ch\/it\/produkt\/hudora-skater-rampen-set-5-teilig\/#breadcrumb"},"inLanguage":"it-IT","potentialAction":[{"@type":"ReadAction","target":["https:\/\/schweizversand.ch\/it\/produkt\/hudora-skater-rampen-set-5-teilig\/"]}]},{"@type":"ImageObject","inLanguage":"it-IT","@id":"https:\/\/schweizversand.ch\/it\/produkt\/hudora-skater-rampen-set-5-teilig\/#primaryimage","url":"https:\/\/schweizversand.ch\/wp-content\/uploads\/2026\/04\/5471484322.jpg","contentUrl":"https:\/\/schweizversand.ch\/wp-content\/uploads\/2026\/04\/5471484322.jpg","width":1024,"height":760},{"@type":"BreadcrumbList","@id":"https:\/\/schweizversand.ch\/it\/produkt\/hudora-skater-rampen-set-5-teilig\/#breadcrumb","itemListElement":[{"@type":"ListItem","position":1,"name":"Startseite","item":"https:\/\/schweizversand.ch\/it\/home\/"},{"@type":"ListItem","position":2,"name":"Shop","item":"https:\/\/schweizversand.ch\/it\/shop\/"},{"@type":"ListItem","position":3,"name":"Set rampa da skate Hudora, 5 pezzi"}]},{"@type":"WebSite","@id":"https:\/\/schweizversand.ch\/it\/#website","url":"https:\/\/schweizversand.ch\/it\/","name":"Schweizer Shop f\u00fcr Sport, Spiel und Freizeit","description":"Gratisversand ab 50.- (netto), ab eigenem schweizer Lager, Lieferung innert 48h","publisher":{"@id":"https:\/\/schweizversand.ch\/it\/#organization"},"alternateName":"Schweizversand.ch","potentialAction":[{"@type":"SearchAction","target":{"@type":"EntryPoint","urlTemplate":"https:\/\/schweizversand.ch\/it\/?s={search_term_string}"},"query-input":{"@type":"PropertyValueSpecification","valueRequired":true,"valueName":"search_term_string"}}],"inLanguage":"it-IT"},{"@type":"Organization","@id":"https:\/\/schweizversand.ch\/it\/#organization","name":"Schweizversand.ch","url":"https:\/\/schweizversand.ch\/it\/","logo":{"@type":"ImageObject","inLanguage":"it-IT","@id":"https:\/\/schweizversand.ch\/it\/#\/schema\/logo\/image\/","url":"https:\/\/schweizversand.ch\/wp-content\/uploads\/2026\/03\/Logo_Rund_Final-1.png","contentUrl":"https:\/\/schweizversand.ch\/wp-content\/uploads\/2026\/03\/Logo_Rund_Final-1.png","width":404,"height":404,"caption":"Schweizversand.ch"},"image":{"@id":"https:\/\/schweizversand.ch\/it\/#\/schema\/logo\/image\/"},"sameAs":["https:\/\/www.facebook.com\/Schweizversand","https:\/\/www.instagram.com\/schweizversand.ch\/"]}]}},"jetpack_sharing_enabled":true,"_links":{"self":[{"href":"https:\/\/schweizversand.ch\/it\/wp-json\/wp\/v2\/product\/267264","targetHints":{"allow":["GET"]}}],"collection":[{"href":"https:\/\/schweizversand.ch\/it\/wp-json\/wp\/v2\/product"}],"about":[{"href":"https:\/\/schweizversand.ch\/it\/wp-json\/wp\/v2\/types\/product"}],"replies":[{"embeddable":true,"href":"https:\/\/schweizversand.ch\/it\/wp-json\/wp\/v2\/comments?post=267264"}],"wp:featuredmedia":[{"embeddable":true,"href":"https:\/\/schweizversand.ch\/it\/wp-json\/wp\/v2\/media\/267283"}],"wp:attachment":[{"href":"https:\/\/schweizversand.ch\/it\/wp-json\/wp\/v2\/media?parent=267264"}],"wp:term":[{"taxonomy":"product_brand","embeddable":true,"href":"https:\/\/schweizversand.ch\/it\/wp-json\/wp\/v2\/product_brand?post=267264"},{"taxonomy":"product_cat","embeddable":true,"href":"https:\/\/schweizversand.ch\/it\/wp-json\/wp\/v2\/product_cat?post=267264"},{"taxonomy":"product_tag","embeddable":true,"href":"https:\/\/schweizversand.ch\/it\/wp-json\/wp\/v2\/product_tag?post=267264"}],"curies":[{"name":"wp","href":"https:\/\/api.w.org\/{rel}","templated":true}]}}