{"id":267383,"date":"2026-04-15T15:31:09","date_gmt":"2026-04-15T13:31:09","guid":{"rendered":"https:\/\/schweizversand.ch\/produkt\/hudora-fussballtor-pro-tect-180\/"},"modified":"2026-04-19T15:37:55","modified_gmt":"2026-04-19T13:37:55","slug":"hudora-fussballtor-pro-tect-180","status":"publish","type":"product","link":"https:\/\/schweizversand.ch\/it\/produkt\/hudora-fussballtor-pro-tect-180\/","title":{"rendered":"Porta da calcio Hudora Pro Tect 180"},"content":{"rendered":"<h1><strong>Porta da calcio Hudora Pro Tect 180<\/strong><\/h1>\n<div>La <strong>porta da calcio Hudora Pro Tect 180<\/strong> \u00e8 la scelta ideale per tutti gli appassionati di calcio che apprezzano sicurezza, robustezza e divertimento. Questa porta di alta qualit\u00e0 combina condizioni di gioco professionali con un design ben studiato e orientato alla sicurezza.<\/p>\n<\/div>\n<div><strong>Massima sicurezza grazie all&#8217;imbottitura<\/strong><br \/>Questa <strong>robusta porta da calcio<\/strong> \u00e8 stata sviluppata appositamente per partite intense. Il <strong>telaio in acciaio verniciato a polvere<\/strong> \u00e8 inoltre dotato di imbottitura in schiuma. Questa innovativa imbottitura <strong>Pro Tect<\/strong> garantisce la massima sicurezza e riduce al minimo il rischio di lesioni in caso di collisione, cos\u00ec puoi giocare senza preoccupazioni.<\/p>\n<\/div>\n<div><strong>Caratteristiche e dimensioni<\/strong><br \/>La <strong>porta da calcio Hudora<\/strong> colpisce per le sue dimensioni compatte ma adatte ai giocatori. Ideale per l&#8217;uso in giardino, al parco o sul campo sportivo.<\/p>\n<\/div>\n<div><strong>Dettagli della porta da calcio Hudora Pro Tect 180<\/strong><br \/>&#8211; Dimensioni: 180 cm (larghezza) x 120 cm (altezza) x 60 cm (profondit\u00e0)<br \/>&#8211; Materiale del telaio: telaio in acciaio verniciato a polvere<br \/>&#8211; Rete: rete in poliestere di alta qualit\u00e0 con distanza tra i nodi di 45 mm per una presa ottimale della palla<br \/>&#8211; Protezione: telone impermeabile per un uso esterno duraturo<br \/>&#8211; Montaggio: facile montaggio a scatto grazie ai pali etichettati<\/p>\n<\/div>\n<div><strong>Stabilit\u00e0 e contenuto della confezione<\/strong><br \/>La stabilit\u00e0 della porta \u00e8 garantita in ogni momento. Sono inclusi cinque picchetti a U, che garantiscono un ancoraggio sicuro e stabile della porta al terreno. Acquista la <strong>porta da calcio da 180 cm<\/strong> e vivi emozionanti momenti calcistici con tutta la famiglia.<\/p>\n<\/div>\n<div>Assicurati subito la <strong>porta da calcio Hudora Pro Tect 180<\/strong> e goditi una porta resistente, sicura e veloce da montare per la tua prossima partita.<\/p>\n<\/div>\n<div>\n<\/div>\n","protected":false},"excerpt":{"rendered":"<p>Hudora Fussballtor Pro Tect 180 bietet h\u00f6chste Sicherheit mit gepolstertem Stahlrahmen, robuste Qualit\u00e4t und perfekten Spielspa\u00df f\u00fcr intensive Fu\u00dfballmatches \u2013 ideal f\u00fcr Profis und Hobbys&#8230;<\/p>\n","protected":false},"featured_media":165504,"comment_status":"open","ping_status":"closed","template":"","meta":[],"product_brand":[],"product_cat":[39189],"product_tag":[],"class_list":{"0":"post-267383","1":"product","2":"type-product","3":"status-publish","4":"has-post-thumbnail","6":"product_cat-fussball","7":"product_shipping_class-global_methods","9":"first","10":"instock","11":"taxable","12":"shipping-taxable","13":"purchasable","14":"product-type-simple"},"yoast_head":"<!-- This site is optimized with the Yoast SEO plugin v27.4 - https:\/\/yoast.com\/product\/yoast-seo-wordpress\/ -->\n<title>Hudora Fussballtor Pro Tect 180<\/title>\n<meta name=\"description\" content=\"Hudora Fussballtor Pro Tect 180 Das Hudora Fussballtor Pro Tect 180 ist die ideale Wahl f\u00fcr alle Fussballbegeisterten, die Wert auf Sicherheit, Robustheit und s\" \/>\n<meta name=\"robots\" content=\"index, follow, max-snippet:-1, max-image-preview:large, max-video-preview:-1\" \/>\n<link rel=\"canonical\" href=\"https:\/\/schweizversand.ch\/it\/produkt\/hudora-fussballtor-pro-tect-180\/\" \/>\n<meta property=\"og:locale\" content=\"it_IT\" \/>\n<meta property=\"og:type\" content=\"article\" \/>\n<meta property=\"og:title\" content=\"Hudora Fussballtor Pro Tect 180\" \/>\n<meta property=\"og:description\" content=\"Hudora Fussballtor Pro Tect 180 Das Hudora Fussballtor Pro Tect 180 ist die ideale Wahl f\u00fcr alle Fussballbegeisterten, die Wert auf Sicherheit, Robustheit und s\" \/>\n<meta property=\"og:url\" content=\"https:\/\/schweizversand.ch\/it\/produkt\/hudora-fussballtor-pro-tect-180\/\" \/>\n<meta property=\"og:site_name\" content=\"Schweizer Shop f\u00fcr Sport, Spiel und Freizeit\" \/>\n<meta property=\"article:publisher\" content=\"https:\/\/www.facebook.com\/Schweizversand\" \/>\n<meta property=\"article:modified_time\" content=\"2026-04-19T13:37:55+00:00\" \/>\n<meta name=\"twitter:card\" content=\"summary_large_image\" \/>\n<meta name=\"twitter:label1\" content=\"Tempo di lettura stimato\" \/>\n\t<meta name=\"twitter:data1\" content=\"1 minuto\" \/>\n<script type=\"application\/ld+json\" class=\"yoast-schema-graph\">{\"@context\":\"https:\\\/\\\/schema.org\",\"@graph\":[{\"@type\":\"WebPage\",\"@id\":\"https:\\\/\\\/schweizversand.ch\\\/it\\\/produkt\\\/hudora-fussballtor-pro-tect-180\\\/\",\"url\":\"https:\\\/\\\/schweizversand.ch\\\/it\\\/produkt\\\/hudora-fussballtor-pro-tect-180\\\/\",\"name\":\"Hudora Fussballtor Pro Tect 180\",\"isPartOf\":{\"@id\":\"https:\\\/\\\/schweizversand.ch\\\/it\\\/#website\"},\"primaryImageOfPage\":{\"@id\":\"https:\\\/\\\/schweizversand.ch\\\/it\\\/produkt\\\/hudora-fussballtor-pro-tect-180\\\/#primaryimage\"},\"image\":{\"@id\":\"https:\\\/\\\/schweizversand.ch\\\/it\\\/produkt\\\/hudora-fussballtor-pro-tect-180\\\/#primaryimage\"},\"thumbnailUrl\":\"https:\\\/\\\/schweizversand.ch\\\/wp-content\\\/uploads\\\/2026\\\/02\\\/5471492688.png\",\"datePublished\":\"2026-04-15T13:31:09+00:00\",\"dateModified\":\"2026-04-19T13:37:55+00:00\",\"description\":\"Hudora Fussballtor Pro Tect 180 Das Hudora Fussballtor Pro Tect 180 ist die ideale Wahl f\u00fcr alle Fussballbegeisterten, die Wert auf Sicherheit, Robustheit und s\",\"breadcrumb\":{\"@id\":\"https:\\\/\\\/schweizversand.ch\\\/it\\\/produkt\\\/hudora-fussballtor-pro-tect-180\\\/#breadcrumb\"},\"inLanguage\":\"it-IT\",\"potentialAction\":[{\"@type\":\"ReadAction\",\"target\":[\"https:\\\/\\\/schweizversand.ch\\\/it\\\/produkt\\\/hudora-fussballtor-pro-tect-180\\\/\"]}]},{\"@type\":\"ImageObject\",\"inLanguage\":\"it-IT\",\"@id\":\"https:\\\/\\\/schweizversand.ch\\\/it\\\/produkt\\\/hudora-fussballtor-pro-tect-180\\\/#primaryimage\",\"url\":\"https:\\\/\\\/schweizversand.ch\\\/wp-content\\\/uploads\\\/2026\\\/02\\\/5471492688.png\",\"contentUrl\":\"https:\\\/\\\/schweizversand.ch\\\/wp-content\\\/uploads\\\/2026\\\/02\\\/5471492688.png\",\"width\":1024,\"height\":720},{\"@type\":\"BreadcrumbList\",\"@id\":\"https:\\\/\\\/schweizversand.ch\\\/it\\\/produkt\\\/hudora-fussballtor-pro-tect-180\\\/#breadcrumb\",\"itemListElement\":[{\"@type\":\"ListItem\",\"position\":1,\"name\":\"Startseite\",\"item\":\"https:\\\/\\\/schweizversand.ch\\\/it\\\/home\\\/\"},{\"@type\":\"ListItem\",\"position\":2,\"name\":\"Shop\",\"item\":\"https:\\\/\\\/schweizversand.ch\\\/it\\\/shop\\\/\"},{\"@type\":\"ListItem\",\"position\":3,\"name\":\"Porta da calcio Hudora Pro Tect 180\"}]},{\"@type\":\"WebSite\",\"@id\":\"https:\\\/\\\/schweizversand.ch\\\/it\\\/#website\",\"url\":\"https:\\\/\\\/schweizversand.ch\\\/it\\\/\",\"name\":\"Schweizer Shop f\u00fcr Sport, Spiel und Freizeit\",\"description\":\"Gratisversand ab 50.- (netto), ab eigenem schweizer Lager, Lieferung innert 48h\",\"publisher\":{\"@id\":\"https:\\\/\\\/schweizversand.ch\\\/it\\\/#organization\"},\"alternateName\":\"Schweizversand.ch\",\"potentialAction\":[{\"@type\":\"SearchAction\",\"target\":{\"@type\":\"EntryPoint\",\"urlTemplate\":\"https:\\\/\\\/schweizversand.ch\\\/it\\\/?s={search_term_string}\"},\"query-input\":{\"@type\":\"PropertyValueSpecification\",\"valueRequired\":true,\"valueName\":\"search_term_string\"}}],\"inLanguage\":\"it-IT\"},{\"@type\":\"Organization\",\"@id\":\"https:\\\/\\\/schweizversand.ch\\\/it\\\/#organization\",\"name\":\"Schweizversand.ch\",\"url\":\"https:\\\/\\\/schweizversand.ch\\\/it\\\/\",\"logo\":{\"@type\":\"ImageObject\",\"inLanguage\":\"it-IT\",\"@id\":\"https:\\\/\\\/schweizversand.ch\\\/it\\\/#\\\/schema\\\/logo\\\/image\\\/\",\"url\":\"https:\\\/\\\/schweizversand.ch\\\/wp-content\\\/uploads\\\/2026\\\/03\\\/Logo_Rund_Final-1.png\",\"contentUrl\":\"https:\\\/\\\/schweizversand.ch\\\/wp-content\\\/uploads\\\/2026\\\/03\\\/Logo_Rund_Final-1.png\",\"width\":404,\"height\":404,\"caption\":\"Schweizversand.ch\"},\"image\":{\"@id\":\"https:\\\/\\\/schweizversand.ch\\\/it\\\/#\\\/schema\\\/logo\\\/image\\\/\"},\"sameAs\":[\"https:\\\/\\\/www.facebook.com\\\/Schweizversand\",\"https:\\\/\\\/www.instagram.com\\\/schweizversand.ch\\\/\"]}]}<\/script>\n<!-- \/ Yoast SEO plugin. -->","yoast_head_json":{"title":"Hudora Fussballtor Pro Tect 180","description":"Hudora Fussballtor Pro Tect 180 Das Hudora Fussballtor Pro Tect 180 ist die ideale Wahl f\u00fcr alle Fussballbegeisterten, die Wert auf Sicherheit, Robustheit und s","robots":{"index":"index","follow":"follow","max-snippet":"max-snippet:-1","max-image-preview":"max-image-preview:large","max-video-preview":"max-video-preview:-1"},"canonical":"https:\/\/schweizversand.ch\/it\/produkt\/hudora-fussballtor-pro-tect-180\/","og_locale":"it_IT","og_type":"article","og_title":"Hudora Fussballtor Pro Tect 180","og_description":"Hudora Fussballtor Pro Tect 180 Das Hudora Fussballtor Pro Tect 180 ist die ideale Wahl f\u00fcr alle Fussballbegeisterten, die Wert auf Sicherheit, Robustheit und s","og_url":"https:\/\/schweizversand.ch\/it\/produkt\/hudora-fussballtor-pro-tect-180\/","og_site_name":"Schweizer Shop f\u00fcr Sport, Spiel und Freizeit","article_publisher":"https:\/\/www.facebook.com\/Schweizversand","article_modified_time":"2026-04-19T13:37:55+00:00","twitter_card":"summary_large_image","twitter_misc":{"Tempo di lettura stimato":"1 minuto"},"schema":{"@context":"https:\/\/schema.org","@graph":[{"@type":"WebPage","@id":"https:\/\/schweizversand.ch\/it\/produkt\/hudora-fussballtor-pro-tect-180\/","url":"https:\/\/schweizversand.ch\/it\/produkt\/hudora-fussballtor-pro-tect-180\/","name":"Hudora Fussballtor Pro Tect 180","isPartOf":{"@id":"https:\/\/schweizversand.ch\/it\/#website"},"primaryImageOfPage":{"@id":"https:\/\/schweizversand.ch\/it\/produkt\/hudora-fussballtor-pro-tect-180\/#primaryimage"},"image":{"@id":"https:\/\/schweizversand.ch\/it\/produkt\/hudora-fussballtor-pro-tect-180\/#primaryimage"},"thumbnailUrl":"https:\/\/schweizversand.ch\/wp-content\/uploads\/2026\/02\/5471492688.png","datePublished":"2026-04-15T13:31:09+00:00","dateModified":"2026-04-19T13:37:55+00:00","description":"Hudora Fussballtor Pro Tect 180 Das Hudora Fussballtor Pro Tect 180 ist die ideale Wahl f\u00fcr alle Fussballbegeisterten, die Wert auf Sicherheit, Robustheit und s","breadcrumb":{"@id":"https:\/\/schweizversand.ch\/it\/produkt\/hudora-fussballtor-pro-tect-180\/#breadcrumb"},"inLanguage":"it-IT","potentialAction":[{"@type":"ReadAction","target":["https:\/\/schweizversand.ch\/it\/produkt\/hudora-fussballtor-pro-tect-180\/"]}]},{"@type":"ImageObject","inLanguage":"it-IT","@id":"https:\/\/schweizversand.ch\/it\/produkt\/hudora-fussballtor-pro-tect-180\/#primaryimage","url":"https:\/\/schweizversand.ch\/wp-content\/uploads\/2026\/02\/5471492688.png","contentUrl":"https:\/\/schweizversand.ch\/wp-content\/uploads\/2026\/02\/5471492688.png","width":1024,"height":720},{"@type":"BreadcrumbList","@id":"https:\/\/schweizversand.ch\/it\/produkt\/hudora-fussballtor-pro-tect-180\/#breadcrumb","itemListElement":[{"@type":"ListItem","position":1,"name":"Startseite","item":"https:\/\/schweizversand.ch\/it\/home\/"},{"@type":"ListItem","position":2,"name":"Shop","item":"https:\/\/schweizversand.ch\/it\/shop\/"},{"@type":"ListItem","position":3,"name":"Porta da calcio Hudora Pro Tect 180"}]},{"@type":"WebSite","@id":"https:\/\/schweizversand.ch\/it\/#website","url":"https:\/\/schweizversand.ch\/it\/","name":"Schweizer Shop f\u00fcr Sport, Spiel und Freizeit","description":"Gratisversand ab 50.- (netto), ab eigenem schweizer Lager, Lieferung innert 48h","publisher":{"@id":"https:\/\/schweizversand.ch\/it\/#organization"},"alternateName":"Schweizversand.ch","potentialAction":[{"@type":"SearchAction","target":{"@type":"EntryPoint","urlTemplate":"https:\/\/schweizversand.ch\/it\/?s={search_term_string}"},"query-input":{"@type":"PropertyValueSpecification","valueRequired":true,"valueName":"search_term_string"}}],"inLanguage":"it-IT"},{"@type":"Organization","@id":"https:\/\/schweizversand.ch\/it\/#organization","name":"Schweizversand.ch","url":"https:\/\/schweizversand.ch\/it\/","logo":{"@type":"ImageObject","inLanguage":"it-IT","@id":"https:\/\/schweizversand.ch\/it\/#\/schema\/logo\/image\/","url":"https:\/\/schweizversand.ch\/wp-content\/uploads\/2026\/03\/Logo_Rund_Final-1.png","contentUrl":"https:\/\/schweizversand.ch\/wp-content\/uploads\/2026\/03\/Logo_Rund_Final-1.png","width":404,"height":404,"caption":"Schweizversand.ch"},"image":{"@id":"https:\/\/schweizversand.ch\/it\/#\/schema\/logo\/image\/"},"sameAs":["https:\/\/www.facebook.com\/Schweizversand","https:\/\/www.instagram.com\/schweizversand.ch\/"]}]}},"jetpack_sharing_enabled":true,"_links":{"self":[{"href":"https:\/\/schweizversand.ch\/it\/wp-json\/wp\/v2\/product\/267383","targetHints":{"allow":["GET"]}}],"collection":[{"href":"https:\/\/schweizversand.ch\/it\/wp-json\/wp\/v2\/product"}],"about":[{"href":"https:\/\/schweizversand.ch\/it\/wp-json\/wp\/v2\/types\/product"}],"replies":[{"embeddable":true,"href":"https:\/\/schweizversand.ch\/it\/wp-json\/wp\/v2\/comments?post=267383"}],"wp:featuredmedia":[{"embeddable":true,"href":"https:\/\/schweizversand.ch\/it\/wp-json\/wp\/v2\/media\/165504"}],"wp:attachment":[{"href":"https:\/\/schweizversand.ch\/it\/wp-json\/wp\/v2\/media?parent=267383"}],"wp:term":[{"taxonomy":"product_brand","embeddable":true,"href":"https:\/\/schweizversand.ch\/it\/wp-json\/wp\/v2\/product_brand?post=267383"},{"taxonomy":"product_cat","embeddable":true,"href":"https:\/\/schweizversand.ch\/it\/wp-json\/wp\/v2\/product_cat?post=267383"},{"taxonomy":"product_tag","embeddable":true,"href":"https:\/\/schweizversand.ch\/it\/wp-json\/wp\/v2\/product_tag?post=267383"}],"curies":[{"name":"wp","href":"https:\/\/api.w.org\/{rel}","templated":true}]}}