{"id":267387,"date":"2026-04-15T15:31:10","date_gmt":"2026-04-15T13:31:10","guid":{"rendered":"https:\/\/schweizversand.ch\/produkt\/hudora-scooter-up-200\/"},"modified":"2026-04-17T02:06:34","modified_gmt":"2026-04-17T00:06:34","slug":"hudora-scooter-up-200","status":"publish","type":"product","link":"https:\/\/schweizversand.ch\/it\/produkt\/hudora-scooter-up-200\/","title":{"rendered":"Monopattino Hudora UP 200"},"content":{"rendered":"<h1><strong>Monopattino Hudora UP 200<\/strong><\/h1>\n<div>Scopri il perfetto mix di comfort, stile e sicurezza con il monopattino Hudora UP 200. Questo monopattino da citt\u00e0 di alta qualit\u00e0 \u00e8 ideale per chi desidera muoversi sia in citt\u00e0 che in campagna senza rinunciare alla praticit\u00e0.<\/p>\n<\/div>\n<div><strong>Comfort di guida e design<\/strong><br \/>Il monopattino Hudora colpisce per la sua ergonomia ben studiata. Il manubrio extra largo garantisce un&#8217;esperienza di guida facile e confortevole e offre un maggiore controllo. Il manubrio nero opaco e i cerchi bicolore conferiscono al monopattino per adulti un aspetto moderno ed elegante. Le impugnature in gomma TPU di alta qualit\u00e0 offrono una presa salda e rimangono comode anche durante i tragitti pi\u00f9 lunghi.<\/p>\n<\/div>\n<div><strong>Sicurezza e visibilit\u00e0<\/strong><br \/>La tua sicurezza \u00e8 la nostra massima priorit\u00e0. Gli pneumatici sono dotati di stampe riflettenti su entrambi i lati, che aumentano significativamente la visibilit\u00e0 nel traffico stradale. Inoltre, i morsetti scorrevoli garantiscono un&#8217;esperienza di guida silenziosa e confortevole. Il freno a frizione posteriore integrato garantisce una frenata affidabile.<\/p>\n<\/div>\n<div><strong>Dettagli tecnici e caratteristiche<\/strong><br \/> &#8211; Materiale: Alluminio di alta qualit\u00e0, robusto e durevole<br \/> &#8211; Ruote: <strong>Ruote ad alto rimbalzo da 200 mm di diametro<\/strong> in PU fuso per una guida fluida<br \/> &#8211; Cuscinetti a sfera: Cuscinetti a sfera cromati ABEC 5 per prestazioni eccellenti<br \/> &#8211; Manubrio: Altezza regolabile da 77 cm a 103 cm per una vestibilit\u00e0 ottimale<br \/> &#8211; Freno: Efficace freno a frizione posteriore<br \/> &#8211; Dimensioni: Lunghezza circa 89 cm<br \/> &#8211; Peso massimo utente: 100 kg<\/p>\n<\/div>\n<div>Il <strong>monopattino<\/strong> non \u00e8 solo un pratico mezzo di trasporto, ma anche un accessorio elegante. Acquista subito il tuo Hudora Scooter UP 200 e goditi la massima mobilit\u00e0 con stile e comfort.<\/p>\n<\/div>\n<div><\/div>\n","protected":false},"excerpt":{"rendered":"<p>Hudora Scooter UP 200 bietet Komfort, stilvolles Design und maximale Sicherheit mit extra breitem Lenker, rutschfesten Griffen und reflektierenden Reifen f\u00fcr urbane Mobilit\u00e4t.<\/p>\n","protected":false},"featured_media":47533,"comment_status":"open","ping_status":"closed","template":"","meta":[],"product_brand":[],"product_cat":[38659],"product_tag":[],"class_list":{"0":"post-267387","1":"product","2":"type-product","3":"status-publish","4":"has-post-thumbnail","6":"product_cat-scooter","7":"product_shipping_class-global_methods","9":"first","10":"instock","11":"taxable","12":"shipping-taxable","13":"purchasable","14":"product-type-simple"},"yoast_head":"<!-- This site is optimized with the Yoast SEO plugin v27.4 - https:\/\/yoast.com\/product\/yoast-seo-wordpress\/ -->\n<title>Hudora Scooter UP 200<\/title>\n<meta name=\"description\" content=\"Hudora Scooter UP 200 Erleben Sie den perfekten Mix aus Komfort, Stil und Sicherheit mit dem Hudora Scooter UP 200 . Dieser hochwertige City Roller ist ideal f\u00fc\" \/>\n<meta name=\"robots\" content=\"index, follow, max-snippet:-1, max-image-preview:large, max-video-preview:-1\" \/>\n<link rel=\"canonical\" href=\"https:\/\/schweizversand.ch\/it\/produkt\/hudora-scooter-up-200\/\" \/>\n<meta property=\"og:locale\" content=\"it_IT\" \/>\n<meta property=\"og:type\" content=\"article\" \/>\n<meta property=\"og:title\" content=\"Hudora Scooter UP 200\" \/>\n<meta property=\"og:description\" content=\"Hudora Scooter UP 200 Erleben Sie den perfekten Mix aus Komfort, Stil und Sicherheit mit dem Hudora Scooter UP 200 . Dieser hochwertige City Roller ist ideal f\u00fc\" \/>\n<meta property=\"og:url\" content=\"https:\/\/schweizversand.ch\/it\/produkt\/hudora-scooter-up-200\/\" \/>\n<meta property=\"og:site_name\" content=\"Schweizer Shop f\u00fcr Sport, Spiel und Freizeit\" \/>\n<meta property=\"article:publisher\" content=\"https:\/\/www.facebook.com\/Schweizversand\" \/>\n<meta property=\"article:modified_time\" content=\"2026-04-17T00:06:34+00:00\" \/>\n<meta name=\"twitter:card\" content=\"summary_large_image\" \/>\n<meta name=\"twitter:label1\" content=\"Tempo di lettura stimato\" \/>\n\t<meta name=\"twitter:data1\" content=\"1 minuto\" \/>\n<script type=\"application\/ld+json\" class=\"yoast-schema-graph\">{\"@context\":\"https:\\\/\\\/schema.org\",\"@graph\":[{\"@type\":\"WebPage\",\"@id\":\"https:\\\/\\\/schweizversand.ch\\\/it\\\/produkt\\\/hudora-scooter-up-200\\\/\",\"url\":\"https:\\\/\\\/schweizversand.ch\\\/it\\\/produkt\\\/hudora-scooter-up-200\\\/\",\"name\":\"Hudora Scooter UP 200\",\"isPartOf\":{\"@id\":\"https:\\\/\\\/schweizversand.ch\\\/it\\\/#website\"},\"primaryImageOfPage\":{\"@id\":\"https:\\\/\\\/schweizversand.ch\\\/it\\\/produkt\\\/hudora-scooter-up-200\\\/#primaryimage\"},\"image\":{\"@id\":\"https:\\\/\\\/schweizversand.ch\\\/it\\\/produkt\\\/hudora-scooter-up-200\\\/#primaryimage\"},\"thumbnailUrl\":\"https:\\\/\\\/schweizversand.ch\\\/wp-content\\\/uploads\\\/2026\\\/01\\\/5471827183.jpg\",\"datePublished\":\"2026-04-15T13:31:10+00:00\",\"dateModified\":\"2026-04-17T00:06:34+00:00\",\"description\":\"Hudora Scooter UP 200 Erleben Sie den perfekten Mix aus Komfort, Stil und Sicherheit mit dem Hudora Scooter UP 200 . Dieser hochwertige City Roller ist ideal f\u00fc\",\"breadcrumb\":{\"@id\":\"https:\\\/\\\/schweizversand.ch\\\/it\\\/produkt\\\/hudora-scooter-up-200\\\/#breadcrumb\"},\"inLanguage\":\"it-IT\",\"potentialAction\":[{\"@type\":\"ReadAction\",\"target\":[\"https:\\\/\\\/schweizversand.ch\\\/it\\\/produkt\\\/hudora-scooter-up-200\\\/\"]}]},{\"@type\":\"ImageObject\",\"inLanguage\":\"it-IT\",\"@id\":\"https:\\\/\\\/schweizversand.ch\\\/it\\\/produkt\\\/hudora-scooter-up-200\\\/#primaryimage\",\"url\":\"https:\\\/\\\/schweizversand.ch\\\/wp-content\\\/uploads\\\/2026\\\/01\\\/5471827183.jpg\",\"contentUrl\":\"https:\\\/\\\/schweizversand.ch\\\/wp-content\\\/uploads\\\/2026\\\/01\\\/5471827183.jpg\",\"width\":1024,\"height\":1024},{\"@type\":\"BreadcrumbList\",\"@id\":\"https:\\\/\\\/schweizversand.ch\\\/it\\\/produkt\\\/hudora-scooter-up-200\\\/#breadcrumb\",\"itemListElement\":[{\"@type\":\"ListItem\",\"position\":1,\"name\":\"Startseite\",\"item\":\"https:\\\/\\\/schweizversand.ch\\\/it\\\/\"},{\"@type\":\"ListItem\",\"position\":2,\"name\":\"Shop\",\"item\":\"https:\\\/\\\/schweizversand.ch\\\/it\\\/shop\\\/\"},{\"@type\":\"ListItem\",\"position\":3,\"name\":\"Monopattino Hudora UP 200\"}]},{\"@type\":\"WebSite\",\"@id\":\"https:\\\/\\\/schweizversand.ch\\\/it\\\/#website\",\"url\":\"https:\\\/\\\/schweizversand.ch\\\/it\\\/\",\"name\":\"Schweizer Shop f\u00fcr Sport, Spiel und Freizeit\",\"description\":\"Gratisversand ab 50.- (netto), ab eigenem schweizer Lager, Lieferung innert 48h\",\"publisher\":{\"@id\":\"https:\\\/\\\/schweizversand.ch\\\/it\\\/#organization\"},\"alternateName\":\"Schweizversand.ch\",\"potentialAction\":[{\"@type\":\"SearchAction\",\"target\":{\"@type\":\"EntryPoint\",\"urlTemplate\":\"https:\\\/\\\/schweizversand.ch\\\/it\\\/?s={search_term_string}\"},\"query-input\":{\"@type\":\"PropertyValueSpecification\",\"valueRequired\":true,\"valueName\":\"search_term_string\"}}],\"inLanguage\":\"it-IT\"},{\"@type\":\"Organization\",\"@id\":\"https:\\\/\\\/schweizversand.ch\\\/it\\\/#organization\",\"name\":\"Schweizversand.ch\",\"url\":\"https:\\\/\\\/schweizversand.ch\\\/it\\\/\",\"logo\":{\"@type\":\"ImageObject\",\"inLanguage\":\"it-IT\",\"@id\":\"https:\\\/\\\/schweizversand.ch\\\/it\\\/#\\\/schema\\\/logo\\\/image\\\/\",\"url\":\"https:\\\/\\\/schweizversand.ch\\\/wp-content\\\/uploads\\\/2026\\\/03\\\/Logo_Rund_Final-1.png\",\"contentUrl\":\"https:\\\/\\\/schweizversand.ch\\\/wp-content\\\/uploads\\\/2026\\\/03\\\/Logo_Rund_Final-1.png\",\"width\":404,\"height\":404,\"caption\":\"Schweizversand.ch\"},\"image\":{\"@id\":\"https:\\\/\\\/schweizversand.ch\\\/it\\\/#\\\/schema\\\/logo\\\/image\\\/\"},\"sameAs\":[\"https:\\\/\\\/www.facebook.com\\\/Schweizversand\",\"https:\\\/\\\/www.instagram.com\\\/schweizversand.ch\\\/\"]}]}<\/script>\n<!-- \/ Yoast SEO plugin. -->","yoast_head_json":{"title":"Hudora Scooter UP 200","description":"Hudora Scooter UP 200 Erleben Sie den perfekten Mix aus Komfort, Stil und Sicherheit mit dem Hudora Scooter UP 200 . Dieser hochwertige City Roller ist ideal f\u00fc","robots":{"index":"index","follow":"follow","max-snippet":"max-snippet:-1","max-image-preview":"max-image-preview:large","max-video-preview":"max-video-preview:-1"},"canonical":"https:\/\/schweizversand.ch\/it\/produkt\/hudora-scooter-up-200\/","og_locale":"it_IT","og_type":"article","og_title":"Hudora Scooter UP 200","og_description":"Hudora Scooter UP 200 Erleben Sie den perfekten Mix aus Komfort, Stil und Sicherheit mit dem Hudora Scooter UP 200 . Dieser hochwertige City Roller ist ideal f\u00fc","og_url":"https:\/\/schweizversand.ch\/it\/produkt\/hudora-scooter-up-200\/","og_site_name":"Schweizer Shop f\u00fcr Sport, Spiel und Freizeit","article_publisher":"https:\/\/www.facebook.com\/Schweizversand","article_modified_time":"2026-04-17T00:06:34+00:00","twitter_card":"summary_large_image","twitter_misc":{"Tempo di lettura stimato":"1 minuto"},"schema":{"@context":"https:\/\/schema.org","@graph":[{"@type":"WebPage","@id":"https:\/\/schweizversand.ch\/it\/produkt\/hudora-scooter-up-200\/","url":"https:\/\/schweizversand.ch\/it\/produkt\/hudora-scooter-up-200\/","name":"Hudora Scooter UP 200","isPartOf":{"@id":"https:\/\/schweizversand.ch\/it\/#website"},"primaryImageOfPage":{"@id":"https:\/\/schweizversand.ch\/it\/produkt\/hudora-scooter-up-200\/#primaryimage"},"image":{"@id":"https:\/\/schweizversand.ch\/it\/produkt\/hudora-scooter-up-200\/#primaryimage"},"thumbnailUrl":"https:\/\/schweizversand.ch\/wp-content\/uploads\/2026\/01\/5471827183.jpg","datePublished":"2026-04-15T13:31:10+00:00","dateModified":"2026-04-17T00:06:34+00:00","description":"Hudora Scooter UP 200 Erleben Sie den perfekten Mix aus Komfort, Stil und Sicherheit mit dem Hudora Scooter UP 200 . Dieser hochwertige City Roller ist ideal f\u00fc","breadcrumb":{"@id":"https:\/\/schweizversand.ch\/it\/produkt\/hudora-scooter-up-200\/#breadcrumb"},"inLanguage":"it-IT","potentialAction":[{"@type":"ReadAction","target":["https:\/\/schweizversand.ch\/it\/produkt\/hudora-scooter-up-200\/"]}]},{"@type":"ImageObject","inLanguage":"it-IT","@id":"https:\/\/schweizversand.ch\/it\/produkt\/hudora-scooter-up-200\/#primaryimage","url":"https:\/\/schweizversand.ch\/wp-content\/uploads\/2026\/01\/5471827183.jpg","contentUrl":"https:\/\/schweizversand.ch\/wp-content\/uploads\/2026\/01\/5471827183.jpg","width":1024,"height":1024},{"@type":"BreadcrumbList","@id":"https:\/\/schweizversand.ch\/it\/produkt\/hudora-scooter-up-200\/#breadcrumb","itemListElement":[{"@type":"ListItem","position":1,"name":"Startseite","item":"https:\/\/schweizversand.ch\/it\/"},{"@type":"ListItem","position":2,"name":"Shop","item":"https:\/\/schweizversand.ch\/it\/shop\/"},{"@type":"ListItem","position":3,"name":"Monopattino Hudora UP 200"}]},{"@type":"WebSite","@id":"https:\/\/schweizversand.ch\/it\/#website","url":"https:\/\/schweizversand.ch\/it\/","name":"Schweizer Shop f\u00fcr Sport, Spiel und Freizeit","description":"Gratisversand ab 50.- (netto), ab eigenem schweizer Lager, Lieferung innert 48h","publisher":{"@id":"https:\/\/schweizversand.ch\/it\/#organization"},"alternateName":"Schweizversand.ch","potentialAction":[{"@type":"SearchAction","target":{"@type":"EntryPoint","urlTemplate":"https:\/\/schweizversand.ch\/it\/?s={search_term_string}"},"query-input":{"@type":"PropertyValueSpecification","valueRequired":true,"valueName":"search_term_string"}}],"inLanguage":"it-IT"},{"@type":"Organization","@id":"https:\/\/schweizversand.ch\/it\/#organization","name":"Schweizversand.ch","url":"https:\/\/schweizversand.ch\/it\/","logo":{"@type":"ImageObject","inLanguage":"it-IT","@id":"https:\/\/schweizversand.ch\/it\/#\/schema\/logo\/image\/","url":"https:\/\/schweizversand.ch\/wp-content\/uploads\/2026\/03\/Logo_Rund_Final-1.png","contentUrl":"https:\/\/schweizversand.ch\/wp-content\/uploads\/2026\/03\/Logo_Rund_Final-1.png","width":404,"height":404,"caption":"Schweizversand.ch"},"image":{"@id":"https:\/\/schweizversand.ch\/it\/#\/schema\/logo\/image\/"},"sameAs":["https:\/\/www.facebook.com\/Schweizversand","https:\/\/www.instagram.com\/schweizversand.ch\/"]}]}},"jetpack_sharing_enabled":true,"_links":{"self":[{"href":"https:\/\/schweizversand.ch\/it\/wp-json\/wp\/v2\/product\/267387","targetHints":{"allow":["GET"]}}],"collection":[{"href":"https:\/\/schweizversand.ch\/it\/wp-json\/wp\/v2\/product"}],"about":[{"href":"https:\/\/schweizversand.ch\/it\/wp-json\/wp\/v2\/types\/product"}],"replies":[{"embeddable":true,"href":"https:\/\/schweizversand.ch\/it\/wp-json\/wp\/v2\/comments?post=267387"}],"wp:featuredmedia":[{"embeddable":true,"href":"https:\/\/schweizversand.ch\/it\/wp-json\/wp\/v2\/media\/47533"}],"wp:attachment":[{"href":"https:\/\/schweizversand.ch\/it\/wp-json\/wp\/v2\/media?parent=267387"}],"wp:term":[{"taxonomy":"product_brand","embeddable":true,"href":"https:\/\/schweizversand.ch\/it\/wp-json\/wp\/v2\/product_brand?post=267387"},{"taxonomy":"product_cat","embeddable":true,"href":"https:\/\/schweizversand.ch\/it\/wp-json\/wp\/v2\/product_cat?post=267387"},{"taxonomy":"product_tag","embeddable":true,"href":"https:\/\/schweizversand.ch\/it\/wp-json\/wp\/v2\/product_tag?post=267387"}],"curies":[{"name":"wp","href":"https:\/\/api.w.org\/{rel}","templated":true}]}}