{"id":267532,"date":"2026-04-17T12:27:19","date_gmt":"2026-04-17T10:27:19","guid":{"rendered":"https:\/\/schweizversand.ch\/produkt\/hudora-fussballtor-advanced-300\/"},"modified":"2026-04-21T15:37:00","modified_gmt":"2026-04-21T13:37:00","slug":"hudora-fussballtor-advanced-300","status":"publish","type":"product","link":"https:\/\/schweizversand.ch\/it\/produkt\/hudora-fussballtor-advanced-300\/","title":{"rendered":"Porta da calcio Hudora Advanced 300"},"content":{"rendered":"<h1><strong>Porta da calcio Hudora Advanced 300<\/strong><\/h1>\n<div>Vivi il calcio di livello professionistico nel tuo giardino. La <strong>porta da calcio Hudora Advanced 300<\/strong> \u00e8 la scelta ideale per giocatori ambiziosi e offre eccellenti opportunit\u00e0 di gioco per allenamenti intensivi e divertimento ricreativo. Questa porta combina materiali robusti e un design ben studiato per garantirti un&#8217;esperienza di gioco duratura e autentica.<\/p>\n<\/div>\n<div><strong>Perfetta per il tuo allenamento<\/strong><br \/>La <strong>porta da calcio Hudora 300&#215;200<\/strong>, con le sue dimensioni generose, offre la base perfetta per un efficace <strong>allenamento al calcio<\/strong>. Che tu voglia coltivare giovani talenti o migliorare le tue capacit\u00e0 di tiro, questa porta offre la massa e la stabilit\u00e0 di cui hai bisogno. \u00c8 il modello ideale di porta da calcio da giardino, in grado di resistere anche all&#8217;uso pi\u00f9 intenso.<\/p>\n<\/div>\n<div><strong>Costruzione e stabilit\u00e0<\/strong><br \/>Questa <strong>porta da calcio professionale<\/strong> \u00e8 progettata per durare nel tempo. Il telaio \u00e8 realizzato in tubi di acciaio verniciati a polvere, che non solo sono estremamente stabili, ma anche <strong>resistenti alle intemperie<\/strong>. Questo rende la porta ideale per l&#8217;uso all&#8217;aperto tutto l&#8217;anno. L&#8217;impressionante stabilit\u00e0 \u00e8 garantita dai tubi spessi:<\/p>\n<\/div>\n<div><strong>Dettagli del telaio<\/strong><br \/>&#8211; Diametro del palo: 75 mm<br \/>&#8211; Diametro del palo posteriore: 32 mm<br \/>&#8211; Materiale: Tubo di acciaio verniciato a polvere<\/p>\n<\/div>\n<div><strong>Qualit\u00e0 della rete e assemblaggio<\/strong><br \/>La rete in poliestere inclusa \u00e8 nera, resistente alle intemperie e pu\u00f2 resistere anche a tiri potenti. Lo spessore della rete di 5 mm e una dimensione delle maglie di circa 7 cm garantiscono la massima affidabilit\u00e0. La tensione della rete \u00e8 garantita da un innovativo design a gancio che consente un montaggio rapido e semplice. I ganci metallici sul retro rendono il fissaggio della rete ancora pi\u00f9 semplice. Dimensioni e misure: La porta da calcio Hudora Advanced 300 offre le dimensioni ufficiali per un&#8217;esperienza di gioco intensa: Dettagli del prodotto: &#8211; Larghezza: 300 cm &#8211; Altezza: 200 cm &#8211; Profondit\u00e0: 120 cm Facile montaggio e stabilit\u00e0 sicura: Grazie ai robusti collegamenti a vite e ai pali etichettati, la porta \u00e8 facile da montare. Per garantire la massima stabilit\u00e0, soprattutto durante le partite intense, sono inclusi 5 picchetti. Questi forniscono un ulteriore ancoraggio al terreno, assicurando che la porta rimanga saldamente in posizione anche con la massima potenza di tiro. Acquista subito la porta da calcio Hudora Advanced 300 e trasforma il tuo giardino in un campo di allenamento professionale. Questa porta versatile e robusta offre divertimento duraturo per tutta la famiglia.<\/p>\n","protected":false},"excerpt":{"rendered":"<p>Hudora Fussballtor Advanced 300 bietet Profi-Qualit\u00e4t, robuste Bauweise und ideale Gr\u00f6\u00dfe f\u00fcr intensives Training und Freizeitspa\u00df \u2013 perfekt f\u00fcr Ihren Garten.<\/p>\n","protected":false},"featured_media":167477,"comment_status":"open","ping_status":"closed","template":"","meta":[],"product_brand":[],"product_cat":[39189],"product_tag":[],"class_list":{"0":"post-267532","1":"product","2":"type-product","3":"status-publish","4":"has-post-thumbnail","6":"product_cat-fussball","7":"product_shipping_class-global_methods","9":"first","10":"instock","11":"taxable","12":"shipping-taxable","13":"purchasable","14":"product-type-simple"},"yoast_head":"<!-- This site is optimized with the Yoast SEO plugin v27.4 - https:\/\/yoast.com\/product\/yoast-seo-wordpress\/ -->\n<title>Hudora Fussballtor Advanced 300<\/title>\n<meta name=\"description\" content=\"Hudora Fu\u00dfballtor Advanced 300 Erleben Sie Fu\u00dfball auf Profi-Niveau in Ihrem eigenen Garten. Das Hudora Fu\u00dfballtor Advanced 300 ist die ideale Wahl f\u00fcr ambition\" \/>\n<meta name=\"robots\" content=\"index, follow, max-snippet:-1, max-image-preview:large, max-video-preview:-1\" \/>\n<link rel=\"canonical\" href=\"https:\/\/schweizversand.ch\/it\/produkt\/hudora-fussballtor-advanced-300\/\" \/>\n<meta property=\"og:locale\" content=\"it_IT\" \/>\n<meta property=\"og:type\" content=\"article\" \/>\n<meta property=\"og:title\" content=\"Hudora Fussballtor Advanced 300\" \/>\n<meta property=\"og:description\" content=\"Hudora Fu\u00dfballtor Advanced 300 Erleben Sie Fu\u00dfball auf Profi-Niveau in Ihrem eigenen Garten. Das Hudora Fu\u00dfballtor Advanced 300 ist die ideale Wahl f\u00fcr ambition\" \/>\n<meta property=\"og:url\" content=\"https:\/\/schweizversand.ch\/it\/produkt\/hudora-fussballtor-advanced-300\/\" \/>\n<meta property=\"og:site_name\" content=\"Schweizer Shop f\u00fcr Sport, Spiel und Freizeit\" \/>\n<meta property=\"article:publisher\" content=\"https:\/\/www.facebook.com\/Schweizversand\" \/>\n<meta property=\"article:modified_time\" content=\"2026-04-21T13:37:00+00:00\" \/>\n<meta name=\"twitter:card\" content=\"summary_large_image\" \/>\n<meta name=\"twitter:label1\" content=\"Tempo di lettura stimato\" \/>\n\t<meta name=\"twitter:data1\" content=\"2 minuto\" \/>\n<script type=\"application\/ld+json\" class=\"yoast-schema-graph\">{\"@context\":\"https:\\\/\\\/schema.org\",\"@graph\":[{\"@type\":\"WebPage\",\"@id\":\"https:\\\/\\\/schweizversand.ch\\\/it\\\/produkt\\\/hudora-fussballtor-advanced-300\\\/\",\"url\":\"https:\\\/\\\/schweizversand.ch\\\/it\\\/produkt\\\/hudora-fussballtor-advanced-300\\\/\",\"name\":\"Hudora Fussballtor Advanced 300\",\"isPartOf\":{\"@id\":\"https:\\\/\\\/schweizversand.ch\\\/it\\\/#website\"},\"primaryImageOfPage\":{\"@id\":\"https:\\\/\\\/schweizversand.ch\\\/it\\\/produkt\\\/hudora-fussballtor-advanced-300\\\/#primaryimage\"},\"image\":{\"@id\":\"https:\\\/\\\/schweizversand.ch\\\/it\\\/produkt\\\/hudora-fussballtor-advanced-300\\\/#primaryimage\"},\"thumbnailUrl\":\"https:\\\/\\\/schweizversand.ch\\\/wp-content\\\/uploads\\\/2026\\\/02\\\/5471740766.jpg\",\"datePublished\":\"2026-04-17T10:27:19+00:00\",\"dateModified\":\"2026-04-21T13:37:00+00:00\",\"description\":\"Hudora Fu\u00dfballtor Advanced 300 Erleben Sie Fu\u00dfball auf Profi-Niveau in Ihrem eigenen Garten. Das Hudora Fu\u00dfballtor Advanced 300 ist die ideale Wahl f\u00fcr ambition\",\"breadcrumb\":{\"@id\":\"https:\\\/\\\/schweizversand.ch\\\/it\\\/produkt\\\/hudora-fussballtor-advanced-300\\\/#breadcrumb\"},\"inLanguage\":\"it-IT\",\"potentialAction\":[{\"@type\":\"ReadAction\",\"target\":[\"https:\\\/\\\/schweizversand.ch\\\/it\\\/produkt\\\/hudora-fussballtor-advanced-300\\\/\"]}]},{\"@type\":\"ImageObject\",\"inLanguage\":\"it-IT\",\"@id\":\"https:\\\/\\\/schweizversand.ch\\\/it\\\/produkt\\\/hudora-fussballtor-advanced-300\\\/#primaryimage\",\"url\":\"https:\\\/\\\/schweizversand.ch\\\/wp-content\\\/uploads\\\/2026\\\/02\\\/5471740766.jpg\",\"contentUrl\":\"https:\\\/\\\/schweizversand.ch\\\/wp-content\\\/uploads\\\/2026\\\/02\\\/5471740766.jpg\",\"width\":1024,\"height\":786},{\"@type\":\"BreadcrumbList\",\"@id\":\"https:\\\/\\\/schweizversand.ch\\\/it\\\/produkt\\\/hudora-fussballtor-advanced-300\\\/#breadcrumb\",\"itemListElement\":[{\"@type\":\"ListItem\",\"position\":1,\"name\":\"Startseite\",\"item\":\"https:\\\/\\\/schweizversand.ch\\\/it\\\/home\\\/\"},{\"@type\":\"ListItem\",\"position\":2,\"name\":\"Shop\",\"item\":\"https:\\\/\\\/schweizversand.ch\\\/it\\\/shop\\\/\"},{\"@type\":\"ListItem\",\"position\":3,\"name\":\"Sport\",\"item\":\"https:\\\/\\\/schweizversand.ch\\\/it\\\/produkt-kategorie\\\/sport-it\\\/\"},{\"@type\":\"ListItem\",\"position\":4,\"name\":\"sport con la palla e freccette\",\"item\":\"https:\\\/\\\/schweizversand.ch\\\/it\\\/produkt-kategorie\\\/sport-it\\\/sport-con-la-palla-e-freccette\\\/\"},{\"@type\":\"ListItem\",\"position\":5,\"name\":\"Fussball\",\"item\":\"https:\\\/\\\/schweizversand.ch\\\/it\\\/produkt-kategorie\\\/sport-it\\\/sport-con-la-palla-e-freccette\\\/fussball\\\/\"},{\"@type\":\"ListItem\",\"position\":6,\"name\":\"Porta da calcio Hudora Advanced 300\"}]},{\"@type\":\"WebSite\",\"@id\":\"https:\\\/\\\/schweizversand.ch\\\/it\\\/#website\",\"url\":\"https:\\\/\\\/schweizversand.ch\\\/it\\\/\",\"name\":\"Schweizer Shop f\u00fcr Sport, Spiel und Freizeit\",\"description\":\"Gratisversand ab 50.- (netto), ab eigenem schweizer Lager, Lieferung innert 48h\",\"publisher\":{\"@id\":\"https:\\\/\\\/schweizversand.ch\\\/it\\\/#organization\"},\"alternateName\":\"Schweizversand.ch\",\"potentialAction\":[{\"@type\":\"SearchAction\",\"target\":{\"@type\":\"EntryPoint\",\"urlTemplate\":\"https:\\\/\\\/schweizversand.ch\\\/it\\\/?s={search_term_string}\"},\"query-input\":{\"@type\":\"PropertyValueSpecification\",\"valueRequired\":true,\"valueName\":\"search_term_string\"}}],\"inLanguage\":\"it-IT\"},{\"@type\":\"Organization\",\"@id\":\"https:\\\/\\\/schweizversand.ch\\\/it\\\/#organization\",\"name\":\"Schweizversand.ch\",\"url\":\"https:\\\/\\\/schweizversand.ch\\\/it\\\/\",\"logo\":{\"@type\":\"ImageObject\",\"inLanguage\":\"it-IT\",\"@id\":\"https:\\\/\\\/schweizversand.ch\\\/it\\\/#\\\/schema\\\/logo\\\/image\\\/\",\"url\":\"https:\\\/\\\/schweizversand.ch\\\/wp-content\\\/uploads\\\/2026\\\/03\\\/Logo_Rund_Final-1.png\",\"contentUrl\":\"https:\\\/\\\/schweizversand.ch\\\/wp-content\\\/uploads\\\/2026\\\/03\\\/Logo_Rund_Final-1.png\",\"width\":404,\"height\":404,\"caption\":\"Schweizversand.ch\"},\"image\":{\"@id\":\"https:\\\/\\\/schweizversand.ch\\\/it\\\/#\\\/schema\\\/logo\\\/image\\\/\"},\"sameAs\":[\"https:\\\/\\\/www.facebook.com\\\/Schweizversand\",\"https:\\\/\\\/www.instagram.com\\\/schweizversand.ch\\\/\"]}]}<\/script>\n<!-- \/ Yoast SEO plugin. -->","yoast_head_json":{"title":"Hudora Fussballtor Advanced 300","description":"Hudora Fu\u00dfballtor Advanced 300 Erleben Sie Fu\u00dfball auf Profi-Niveau in Ihrem eigenen Garten. Das Hudora Fu\u00dfballtor Advanced 300 ist die ideale Wahl f\u00fcr ambition","robots":{"index":"index","follow":"follow","max-snippet":"max-snippet:-1","max-image-preview":"max-image-preview:large","max-video-preview":"max-video-preview:-1"},"canonical":"https:\/\/schweizversand.ch\/it\/produkt\/hudora-fussballtor-advanced-300\/","og_locale":"it_IT","og_type":"article","og_title":"Hudora Fussballtor Advanced 300","og_description":"Hudora Fu\u00dfballtor Advanced 300 Erleben Sie Fu\u00dfball auf Profi-Niveau in Ihrem eigenen Garten. Das Hudora Fu\u00dfballtor Advanced 300 ist die ideale Wahl f\u00fcr ambition","og_url":"https:\/\/schweizversand.ch\/it\/produkt\/hudora-fussballtor-advanced-300\/","og_site_name":"Schweizer Shop f\u00fcr Sport, Spiel und Freizeit","article_publisher":"https:\/\/www.facebook.com\/Schweizversand","article_modified_time":"2026-04-21T13:37:00+00:00","twitter_card":"summary_large_image","twitter_misc":{"Tempo di lettura stimato":"2 minuto"},"schema":{"@context":"https:\/\/schema.org","@graph":[{"@type":"WebPage","@id":"https:\/\/schweizversand.ch\/it\/produkt\/hudora-fussballtor-advanced-300\/","url":"https:\/\/schweizversand.ch\/it\/produkt\/hudora-fussballtor-advanced-300\/","name":"Hudora Fussballtor Advanced 300","isPartOf":{"@id":"https:\/\/schweizversand.ch\/it\/#website"},"primaryImageOfPage":{"@id":"https:\/\/schweizversand.ch\/it\/produkt\/hudora-fussballtor-advanced-300\/#primaryimage"},"image":{"@id":"https:\/\/schweizversand.ch\/it\/produkt\/hudora-fussballtor-advanced-300\/#primaryimage"},"thumbnailUrl":"https:\/\/schweizversand.ch\/wp-content\/uploads\/2026\/02\/5471740766.jpg","datePublished":"2026-04-17T10:27:19+00:00","dateModified":"2026-04-21T13:37:00+00:00","description":"Hudora Fu\u00dfballtor Advanced 300 Erleben Sie Fu\u00dfball auf Profi-Niveau in Ihrem eigenen Garten. Das Hudora Fu\u00dfballtor Advanced 300 ist die ideale Wahl f\u00fcr ambition","breadcrumb":{"@id":"https:\/\/schweizversand.ch\/it\/produkt\/hudora-fussballtor-advanced-300\/#breadcrumb"},"inLanguage":"it-IT","potentialAction":[{"@type":"ReadAction","target":["https:\/\/schweizversand.ch\/it\/produkt\/hudora-fussballtor-advanced-300\/"]}]},{"@type":"ImageObject","inLanguage":"it-IT","@id":"https:\/\/schweizversand.ch\/it\/produkt\/hudora-fussballtor-advanced-300\/#primaryimage","url":"https:\/\/schweizversand.ch\/wp-content\/uploads\/2026\/02\/5471740766.jpg","contentUrl":"https:\/\/schweizversand.ch\/wp-content\/uploads\/2026\/02\/5471740766.jpg","width":1024,"height":786},{"@type":"BreadcrumbList","@id":"https:\/\/schweizversand.ch\/it\/produkt\/hudora-fussballtor-advanced-300\/#breadcrumb","itemListElement":[{"@type":"ListItem","position":1,"name":"Startseite","item":"https:\/\/schweizversand.ch\/it\/home\/"},{"@type":"ListItem","position":2,"name":"Shop","item":"https:\/\/schweizversand.ch\/it\/shop\/"},{"@type":"ListItem","position":3,"name":"Sport","item":"https:\/\/schweizversand.ch\/it\/produkt-kategorie\/sport-it\/"},{"@type":"ListItem","position":4,"name":"sport con la palla e freccette","item":"https:\/\/schweizversand.ch\/it\/produkt-kategorie\/sport-it\/sport-con-la-palla-e-freccette\/"},{"@type":"ListItem","position":5,"name":"Fussball","item":"https:\/\/schweizversand.ch\/it\/produkt-kategorie\/sport-it\/sport-con-la-palla-e-freccette\/fussball\/"},{"@type":"ListItem","position":6,"name":"Porta da calcio Hudora Advanced 300"}]},{"@type":"WebSite","@id":"https:\/\/schweizversand.ch\/it\/#website","url":"https:\/\/schweizversand.ch\/it\/","name":"Schweizer Shop f\u00fcr Sport, Spiel und Freizeit","description":"Gratisversand ab 50.- (netto), ab eigenem schweizer Lager, Lieferung innert 48h","publisher":{"@id":"https:\/\/schweizversand.ch\/it\/#organization"},"alternateName":"Schweizversand.ch","potentialAction":[{"@type":"SearchAction","target":{"@type":"EntryPoint","urlTemplate":"https:\/\/schweizversand.ch\/it\/?s={search_term_string}"},"query-input":{"@type":"PropertyValueSpecification","valueRequired":true,"valueName":"search_term_string"}}],"inLanguage":"it-IT"},{"@type":"Organization","@id":"https:\/\/schweizversand.ch\/it\/#organization","name":"Schweizversand.ch","url":"https:\/\/schweizversand.ch\/it\/","logo":{"@type":"ImageObject","inLanguage":"it-IT","@id":"https:\/\/schweizversand.ch\/it\/#\/schema\/logo\/image\/","url":"https:\/\/schweizversand.ch\/wp-content\/uploads\/2026\/03\/Logo_Rund_Final-1.png","contentUrl":"https:\/\/schweizversand.ch\/wp-content\/uploads\/2026\/03\/Logo_Rund_Final-1.png","width":404,"height":404,"caption":"Schweizversand.ch"},"image":{"@id":"https:\/\/schweizversand.ch\/it\/#\/schema\/logo\/image\/"},"sameAs":["https:\/\/www.facebook.com\/Schweizversand","https:\/\/www.instagram.com\/schweizversand.ch\/"]}]}},"jetpack_sharing_enabled":true,"_links":{"self":[{"href":"https:\/\/schweizversand.ch\/it\/wp-json\/wp\/v2\/product\/267532","targetHints":{"allow":["GET"]}}],"collection":[{"href":"https:\/\/schweizversand.ch\/it\/wp-json\/wp\/v2\/product"}],"about":[{"href":"https:\/\/schweizversand.ch\/it\/wp-json\/wp\/v2\/types\/product"}],"replies":[{"embeddable":true,"href":"https:\/\/schweizversand.ch\/it\/wp-json\/wp\/v2\/comments?post=267532"}],"wp:featuredmedia":[{"embeddable":true,"href":"https:\/\/schweizversand.ch\/it\/wp-json\/wp\/v2\/media\/167477"}],"wp:attachment":[{"href":"https:\/\/schweizversand.ch\/it\/wp-json\/wp\/v2\/media?parent=267532"}],"wp:term":[{"taxonomy":"product_brand","embeddable":true,"href":"https:\/\/schweizversand.ch\/it\/wp-json\/wp\/v2\/product_brand?post=267532"},{"taxonomy":"product_cat","embeddable":true,"href":"https:\/\/schweizversand.ch\/it\/wp-json\/wp\/v2\/product_cat?post=267532"},{"taxonomy":"product_tag","embeddable":true,"href":"https:\/\/schweizversand.ch\/it\/wp-json\/wp\/v2\/product_tag?post=267532"}],"curies":[{"name":"wp","href":"https:\/\/api.w.org\/{rel}","templated":true}]}}