{"id":267730,"date":"2026-04-18T15:31:00","date_gmt":"2026-04-18T13:31:00","guid":{"rendered":"https:\/\/schweizversand.ch\/produkt\/hudora-trampolin-4square\/"},"modified":"2026-04-19T02:07:05","modified_gmt":"2026-04-19T00:07:05","slug":"hudora-trampolin-4square","status":"publish","type":"product","link":"https:\/\/schweizversand.ch\/it\/produkt\/hudora-trampolin-4square\/","title":{"rendered":"Trampolino Hudora 4square"},"content":{"rendered":"<h1><strong>Trampolino 4square Performance Rettangolare &#8211; Massime Prestazioni di Salto<\/strong><\/h1>\n<div>Sperimenta prestazioni di salto di livello professionale con il trampolino rettangolare 4square. Grazie alla sua forma rettangolare e alle sospensioni avanzate, questo trampolino sportivo offre un&#8217;esperienza di salto unica e costante, ideale per saltatori ambiziosi, adolescenti e bambini che desiderano migliorare la propria tecnica di salto.<\/p>\n<\/div>\n<div><strong>L&#8217;Esperienza di Salto Definitiva<\/strong><br \/>I trampolini rettangolari sono lo standard negli sport agonistici perch\u00e9 garantiscono una qualit\u00e0 di rimbalzo costante su tutta la superficie lungo un unico asse. Sul trampolino rettangolare 4square, bambini e adolescenti sperimentano per la prima volta questa sensazione di salto dinamico. Le sospensioni performanti ti catapultano a nuove altezze e garantiscono un allenamento o un momento di gioco intensi. Questo trampolino \u00e8 la scelta perfetta per chiunque cerchi un&#8217;esperienza competitiva sul trampolino. Sospensioni ad alte prestazioni di alta qualit\u00e0: l&#8217;eccezionale rimbalzo \u00e8 ottenuto grazie alla combinazione di 76 molle in acciaio biconiche (64 nella versione pi\u00f9 piccola) e dodici Rapid-Bound (6 nella versione pi\u00f9 piccola). Questo speciale design delle molle garantisce un trasferimento di energia ottimale, proteggendo al contempo le articolazioni. Il telaio ad alto impatto con supporti delle molle esterni sui tubi centrali del telaio garantisce un assorbimento ideale della forza e riduce al minimo lo stress sui pali principali. Sicurezza e stabilit\u00e0: la tua sicurezza \u00e8 la nostra massima priorit\u00e0. Il trampolino 4square Performance \u00e8 dotato di una rete esterna con anello superiore e rivestimento del bordo bicolore, riducendo al minimo il rischio di lesioni. I piedi larghi e il telaio in acciaio zincato a caldo garantiscono una struttura particolarmente stabile. Il prodotto \u00e8 certificato GS e progettato per un peso massimo dell&#8217;utente di <strong>120 kg<\/strong>, cos\u00ec puoi saltare senza preoccupazioni.<\/p>\n<\/div>\n<div><strong>Caratteristiche e specifiche del prodotto<\/strong><br \/>&#8211; Adatto a: adulti, adolescenti, bambini<br \/>&#8211; Dimensioni assemblate (L x P x A): 410 x 288 x 272 cm<br \/>&#8211; Area di salto: 244 x 366 cm<br \/>&#8211; Altezza del telaio: 92 cm<br \/>&#8211; Numero di gambe: 4<br \/>&#8211; Numero di molle: 76 (versione standard)<br \/>&#8211; Materiale del telaio: telaio in acciaio zincato a caldo<br \/>&#8211; Tipo di montaggio: particolarmente stabile<br \/>&#8211; Area di utilizzo: esterno<br \/>&#8211; Max. Peso massimo utente: 120 kg<br \/>&#8211; Colore: Rosso, Nero<\/p>\n<\/div>\n<div><strong>Consegna e imballaggio<\/strong><br \/>Il trampolino rettangolare viene consegnato in tre scatole separate per un trasporto sicuro. Per garantire la consegna, il pacco completo \u00e8 composto da tre pacchi del peso di 30,5 kg, 29,4 kg e 29,5 kg. Assicura subito questo trampolino rettangolare e scopri la differenza in termini di qualit\u00e0 e prestazioni del rimbalzo.<\/p>\n","protected":false},"excerpt":{"rendered":"<p>Hudora Trampolin 4square bietet Profi-Sprungleistung und gleichm\u00e4\u00dfige Federung f\u00fcr Kinder und Jugendliche. Perfekt, um Sprungtechnik spielerisch zu verbessern.<\/p>\n","protected":false},"featured_media":267743,"comment_status":"open","ping_status":"closed","template":"","meta":[],"product_brand":[],"product_cat":[38558],"product_tag":[],"class_list":{"0":"post-267730","1":"product","2":"type-product","3":"status-publish","4":"has-post-thumbnail","6":"product_cat-gartenspielgeraete","7":"product_shipping_class-global_methods","9":"first","10":"instock","11":"taxable","12":"shipping-taxable","13":"purchasable","14":"product-type-simple"},"yoast_head":"<!-- This site is optimized with the Yoast SEO plugin v27.4 - https:\/\/yoast.com\/product\/yoast-seo-wordpress\/ -->\n<title>Hudora Trampolin 4square<\/title>\n<meta name=\"description\" content=\"4square Performance-Trampolin Rechteckig \u2013 Maximale Sprungleistung Erleben Sie Sprungperformance auf Profi-Niveau mit dem 4square Rechteck-Trampolin. Dieses Spo\" \/>\n<meta name=\"robots\" content=\"index, follow, max-snippet:-1, max-image-preview:large, max-video-preview:-1\" \/>\n<link rel=\"canonical\" href=\"https:\/\/schweizversand.ch\/it\/produkt\/hudora-trampolin-4square\/\" \/>\n<meta property=\"og:locale\" content=\"it_IT\" \/>\n<meta property=\"og:type\" content=\"article\" \/>\n<meta property=\"og:title\" content=\"Hudora Trampolin 4square\" \/>\n<meta property=\"og:description\" content=\"4square Performance-Trampolin Rechteckig \u2013 Maximale Sprungleistung Erleben Sie Sprungperformance auf Profi-Niveau mit dem 4square Rechteck-Trampolin. Dieses Spo\" \/>\n<meta property=\"og:url\" content=\"https:\/\/schweizversand.ch\/it\/produkt\/hudora-trampolin-4square\/\" \/>\n<meta property=\"og:site_name\" content=\"Schweizer Shop f\u00fcr Sport, Spiel und Freizeit\" \/>\n<meta property=\"article:publisher\" content=\"https:\/\/www.facebook.com\/Schweizversand\" \/>\n<meta property=\"article:modified_time\" content=\"2026-04-19T00:07:05+00:00\" \/>\n<meta property=\"og:image\" content=\"https:\/\/schweizversand.ch\/wp-content\/uploads\/2026\/04\/5471576673.jpg\" \/>\n\t<meta property=\"og:image:width\" content=\"1024\" \/>\n\t<meta property=\"og:image:height\" content=\"719\" \/>\n\t<meta property=\"og:image:type\" content=\"image\/jpeg\" \/>\n<meta name=\"twitter:card\" content=\"summary_large_image\" \/>\n<meta name=\"twitter:label1\" content=\"Tempo di lettura stimato\" \/>\n\t<meta name=\"twitter:data1\" content=\"2 minuto\" \/>\n<script type=\"application\/ld+json\" class=\"yoast-schema-graph\">{\"@context\":\"https:\\\/\\\/schema.org\",\"@graph\":[{\"@type\":\"WebPage\",\"@id\":\"https:\\\/\\\/schweizversand.ch\\\/it\\\/produkt\\\/hudora-trampolin-4square\\\/\",\"url\":\"https:\\\/\\\/schweizversand.ch\\\/it\\\/produkt\\\/hudora-trampolin-4square\\\/\",\"name\":\"Hudora Trampolin 4square\",\"isPartOf\":{\"@id\":\"https:\\\/\\\/schweizversand.ch\\\/it\\\/#website\"},\"primaryImageOfPage\":{\"@id\":\"https:\\\/\\\/schweizversand.ch\\\/it\\\/produkt\\\/hudora-trampolin-4square\\\/#primaryimage\"},\"image\":{\"@id\":\"https:\\\/\\\/schweizversand.ch\\\/it\\\/produkt\\\/hudora-trampolin-4square\\\/#primaryimage\"},\"thumbnailUrl\":\"https:\\\/\\\/schweizversand.ch\\\/wp-content\\\/uploads\\\/2026\\\/04\\\/5471576673.jpg\",\"datePublished\":\"2026-04-18T13:31:00+00:00\",\"dateModified\":\"2026-04-19T00:07:05+00:00\",\"description\":\"4square Performance-Trampolin Rechteckig \u2013 Maximale Sprungleistung Erleben Sie Sprungperformance auf Profi-Niveau mit dem 4square Rechteck-Trampolin. Dieses Spo\",\"breadcrumb\":{\"@id\":\"https:\\\/\\\/schweizversand.ch\\\/it\\\/produkt\\\/hudora-trampolin-4square\\\/#breadcrumb\"},\"inLanguage\":\"it-IT\",\"potentialAction\":[{\"@type\":\"ReadAction\",\"target\":[\"https:\\\/\\\/schweizversand.ch\\\/it\\\/produkt\\\/hudora-trampolin-4square\\\/\"]}]},{\"@type\":\"ImageObject\",\"inLanguage\":\"it-IT\",\"@id\":\"https:\\\/\\\/schweizversand.ch\\\/it\\\/produkt\\\/hudora-trampolin-4square\\\/#primaryimage\",\"url\":\"https:\\\/\\\/schweizversand.ch\\\/wp-content\\\/uploads\\\/2026\\\/04\\\/5471576673.jpg\",\"contentUrl\":\"https:\\\/\\\/schweizversand.ch\\\/wp-content\\\/uploads\\\/2026\\\/04\\\/5471576673.jpg\",\"width\":1024,\"height\":719},{\"@type\":\"BreadcrumbList\",\"@id\":\"https:\\\/\\\/schweizversand.ch\\\/it\\\/produkt\\\/hudora-trampolin-4square\\\/#breadcrumb\",\"itemListElement\":[{\"@type\":\"ListItem\",\"position\":1,\"name\":\"Startseite\",\"item\":\"https:\\\/\\\/schweizversand.ch\\\/it\\\/home\\\/\"},{\"@type\":\"ListItem\",\"position\":2,\"name\":\"Shop\",\"item\":\"https:\\\/\\\/schweizversand.ch\\\/it\\\/shop\\\/\"},{\"@type\":\"ListItem\",\"position\":3,\"name\":\"Giocattoli e giochi\",\"item\":\"https:\\\/\\\/schweizversand.ch\\\/it\\\/produkt-kategorie\\\/giocattoli-e-giochi\\\/\"},{\"@type\":\"ListItem\",\"position\":4,\"name\":\"Giochi all'aperto\",\"item\":\"https:\\\/\\\/schweizversand.ch\\\/it\\\/produkt-kategorie\\\/giocattoli-e-giochi\\\/giochi-allaperto\\\/\"},{\"@type\":\"ListItem\",\"position\":5,\"name\":\"Attrezzature da gioco da giardino\",\"item\":\"https:\\\/\\\/schweizversand.ch\\\/it\\\/produkt-kategorie\\\/giocattoli-e-giochi\\\/giochi-allaperto\\\/gartenspielgeraete\\\/\"},{\"@type\":\"ListItem\",\"position\":6,\"name\":\"Trampolino Hudora 4square\"}]},{\"@type\":\"WebSite\",\"@id\":\"https:\\\/\\\/schweizversand.ch\\\/it\\\/#website\",\"url\":\"https:\\\/\\\/schweizversand.ch\\\/it\\\/\",\"name\":\"Schweizer Shop f\u00fcr Sport, Spiel und Freizeit\",\"description\":\"Gratisversand ab 50.- (netto), ab eigenem schweizer Lager, Lieferung innert 48h\",\"publisher\":{\"@id\":\"https:\\\/\\\/schweizversand.ch\\\/it\\\/#organization\"},\"alternateName\":\"Schweizversand.ch\",\"potentialAction\":[{\"@type\":\"SearchAction\",\"target\":{\"@type\":\"EntryPoint\",\"urlTemplate\":\"https:\\\/\\\/schweizversand.ch\\\/it\\\/?s={search_term_string}\"},\"query-input\":{\"@type\":\"PropertyValueSpecification\",\"valueRequired\":true,\"valueName\":\"search_term_string\"}}],\"inLanguage\":\"it-IT\"},{\"@type\":\"Organization\",\"@id\":\"https:\\\/\\\/schweizversand.ch\\\/it\\\/#organization\",\"name\":\"Schweizversand.ch\",\"url\":\"https:\\\/\\\/schweizversand.ch\\\/it\\\/\",\"logo\":{\"@type\":\"ImageObject\",\"inLanguage\":\"it-IT\",\"@id\":\"https:\\\/\\\/schweizversand.ch\\\/it\\\/#\\\/schema\\\/logo\\\/image\\\/\",\"url\":\"https:\\\/\\\/schweizversand.ch\\\/wp-content\\\/uploads\\\/2026\\\/03\\\/Logo_Rund_Final-1.png\",\"contentUrl\":\"https:\\\/\\\/schweizversand.ch\\\/wp-content\\\/uploads\\\/2026\\\/03\\\/Logo_Rund_Final-1.png\",\"width\":404,\"height\":404,\"caption\":\"Schweizversand.ch\"},\"image\":{\"@id\":\"https:\\\/\\\/schweizversand.ch\\\/it\\\/#\\\/schema\\\/logo\\\/image\\\/\"},\"sameAs\":[\"https:\\\/\\\/www.facebook.com\\\/Schweizversand\",\"https:\\\/\\\/www.instagram.com\\\/schweizversand.ch\\\/\"]}]}<\/script>\n<!-- \/ Yoast SEO plugin. -->","yoast_head_json":{"title":"Hudora Trampolin 4square","description":"4square Performance-Trampolin Rechteckig \u2013 Maximale Sprungleistung Erleben Sie Sprungperformance auf Profi-Niveau mit dem 4square Rechteck-Trampolin. Dieses Spo","robots":{"index":"index","follow":"follow","max-snippet":"max-snippet:-1","max-image-preview":"max-image-preview:large","max-video-preview":"max-video-preview:-1"},"canonical":"https:\/\/schweizversand.ch\/it\/produkt\/hudora-trampolin-4square\/","og_locale":"it_IT","og_type":"article","og_title":"Hudora Trampolin 4square","og_description":"4square Performance-Trampolin Rechteckig \u2013 Maximale Sprungleistung Erleben Sie Sprungperformance auf Profi-Niveau mit dem 4square Rechteck-Trampolin. Dieses Spo","og_url":"https:\/\/schweizversand.ch\/it\/produkt\/hudora-trampolin-4square\/","og_site_name":"Schweizer Shop f\u00fcr Sport, Spiel und Freizeit","article_publisher":"https:\/\/www.facebook.com\/Schweizversand","article_modified_time":"2026-04-19T00:07:05+00:00","og_image":[{"width":1024,"height":719,"url":"https:\/\/schweizversand.ch\/wp-content\/uploads\/2026\/04\/5471576673.jpg","type":"image\/jpeg"}],"twitter_card":"summary_large_image","twitter_misc":{"Tempo di lettura stimato":"2 minuto"},"schema":{"@context":"https:\/\/schema.org","@graph":[{"@type":"WebPage","@id":"https:\/\/schweizversand.ch\/it\/produkt\/hudora-trampolin-4square\/","url":"https:\/\/schweizversand.ch\/it\/produkt\/hudora-trampolin-4square\/","name":"Hudora Trampolin 4square","isPartOf":{"@id":"https:\/\/schweizversand.ch\/it\/#website"},"primaryImageOfPage":{"@id":"https:\/\/schweizversand.ch\/it\/produkt\/hudora-trampolin-4square\/#primaryimage"},"image":{"@id":"https:\/\/schweizversand.ch\/it\/produkt\/hudora-trampolin-4square\/#primaryimage"},"thumbnailUrl":"https:\/\/schweizversand.ch\/wp-content\/uploads\/2026\/04\/5471576673.jpg","datePublished":"2026-04-18T13:31:00+00:00","dateModified":"2026-04-19T00:07:05+00:00","description":"4square Performance-Trampolin Rechteckig \u2013 Maximale Sprungleistung Erleben Sie Sprungperformance auf Profi-Niveau mit dem 4square Rechteck-Trampolin. Dieses Spo","breadcrumb":{"@id":"https:\/\/schweizversand.ch\/it\/produkt\/hudora-trampolin-4square\/#breadcrumb"},"inLanguage":"it-IT","potentialAction":[{"@type":"ReadAction","target":["https:\/\/schweizversand.ch\/it\/produkt\/hudora-trampolin-4square\/"]}]},{"@type":"ImageObject","inLanguage":"it-IT","@id":"https:\/\/schweizversand.ch\/it\/produkt\/hudora-trampolin-4square\/#primaryimage","url":"https:\/\/schweizversand.ch\/wp-content\/uploads\/2026\/04\/5471576673.jpg","contentUrl":"https:\/\/schweizversand.ch\/wp-content\/uploads\/2026\/04\/5471576673.jpg","width":1024,"height":719},{"@type":"BreadcrumbList","@id":"https:\/\/schweizversand.ch\/it\/produkt\/hudora-trampolin-4square\/#breadcrumb","itemListElement":[{"@type":"ListItem","position":1,"name":"Startseite","item":"https:\/\/schweizversand.ch\/it\/home\/"},{"@type":"ListItem","position":2,"name":"Shop","item":"https:\/\/schweizversand.ch\/it\/shop\/"},{"@type":"ListItem","position":3,"name":"Giocattoli e giochi","item":"https:\/\/schweizversand.ch\/it\/produkt-kategorie\/giocattoli-e-giochi\/"},{"@type":"ListItem","position":4,"name":"Giochi all'aperto","item":"https:\/\/schweizversand.ch\/it\/produkt-kategorie\/giocattoli-e-giochi\/giochi-allaperto\/"},{"@type":"ListItem","position":5,"name":"Attrezzature da gioco da giardino","item":"https:\/\/schweizversand.ch\/it\/produkt-kategorie\/giocattoli-e-giochi\/giochi-allaperto\/gartenspielgeraete\/"},{"@type":"ListItem","position":6,"name":"Trampolino Hudora 4square"}]},{"@type":"WebSite","@id":"https:\/\/schweizversand.ch\/it\/#website","url":"https:\/\/schweizversand.ch\/it\/","name":"Schweizer Shop f\u00fcr Sport, Spiel und Freizeit","description":"Gratisversand ab 50.- (netto), ab eigenem schweizer Lager, Lieferung innert 48h","publisher":{"@id":"https:\/\/schweizversand.ch\/it\/#organization"},"alternateName":"Schweizversand.ch","potentialAction":[{"@type":"SearchAction","target":{"@type":"EntryPoint","urlTemplate":"https:\/\/schweizversand.ch\/it\/?s={search_term_string}"},"query-input":{"@type":"PropertyValueSpecification","valueRequired":true,"valueName":"search_term_string"}}],"inLanguage":"it-IT"},{"@type":"Organization","@id":"https:\/\/schweizversand.ch\/it\/#organization","name":"Schweizversand.ch","url":"https:\/\/schweizversand.ch\/it\/","logo":{"@type":"ImageObject","inLanguage":"it-IT","@id":"https:\/\/schweizversand.ch\/it\/#\/schema\/logo\/image\/","url":"https:\/\/schweizversand.ch\/wp-content\/uploads\/2026\/03\/Logo_Rund_Final-1.png","contentUrl":"https:\/\/schweizversand.ch\/wp-content\/uploads\/2026\/03\/Logo_Rund_Final-1.png","width":404,"height":404,"caption":"Schweizversand.ch"},"image":{"@id":"https:\/\/schweizversand.ch\/it\/#\/schema\/logo\/image\/"},"sameAs":["https:\/\/www.facebook.com\/Schweizversand","https:\/\/www.instagram.com\/schweizversand.ch\/"]}]}},"jetpack_sharing_enabled":true,"_links":{"self":[{"href":"https:\/\/schweizversand.ch\/it\/wp-json\/wp\/v2\/product\/267730","targetHints":{"allow":["GET"]}}],"collection":[{"href":"https:\/\/schweizversand.ch\/it\/wp-json\/wp\/v2\/product"}],"about":[{"href":"https:\/\/schweizversand.ch\/it\/wp-json\/wp\/v2\/types\/product"}],"replies":[{"embeddable":true,"href":"https:\/\/schweizversand.ch\/it\/wp-json\/wp\/v2\/comments?post=267730"}],"wp:featuredmedia":[{"embeddable":true,"href":"https:\/\/schweizversand.ch\/it\/wp-json\/wp\/v2\/media\/267743"}],"wp:attachment":[{"href":"https:\/\/schweizversand.ch\/it\/wp-json\/wp\/v2\/media?parent=267730"}],"wp:term":[{"taxonomy":"product_brand","embeddable":true,"href":"https:\/\/schweizversand.ch\/it\/wp-json\/wp\/v2\/product_brand?post=267730"},{"taxonomy":"product_cat","embeddable":true,"href":"https:\/\/schweizversand.ch\/it\/wp-json\/wp\/v2\/product_cat?post=267730"},{"taxonomy":"product_tag","embeddable":true,"href":"https:\/\/schweizversand.ch\/it\/wp-json\/wp\/v2\/product_tag?post=267730"}],"curies":[{"name":"wp","href":"https:\/\/api.w.org\/{rel}","templated":true}]}}