{"id":267733,"date":"2026-04-18T15:31:01","date_gmt":"2026-04-18T13:31:01","guid":{"rendered":"https:\/\/schweizversand.ch\/produkt\/hudora-fantastic-complete-trampolin-300v\/"},"modified":"2026-04-19T02:07:06","modified_gmt":"2026-04-19T00:07:06","slug":"hudora-fantastic-complete-trampolin-300v","status":"publish","type":"product","link":"https:\/\/schweizversand.ch\/it\/produkt\/hudora-fantastic-complete-trampolin-300v\/","title":{"rendered":"Hudora Fantastic Trampolino Completo 300V"},"content":{"rendered":"<p>Il trampolino HUDORA Fantastic Complete: incredibilmente spazioso, incredibilmente sicuro<\/p>\n<p>Il trampolino HUDORA Fantastic Complete \u00e8 il pacchetto completo per trampolini da giardino, completo di copertura anti-strisciamento, tappetino, vano portaoggetti e scaletta. Incredibilmente spazioso, incredibilmente imbottito e incredibilmente elegante. Il divertimento per grandi e piccini non potrebbe essere pi\u00f9 completo di cos\u00ec.<\/p>\n<p>Saltare sul trampolino \u00e8 un vero e proprio miracolo di fitness: su un trampolino bruciamo circa tre volte pi\u00f9 calorie rispetto al jogging e attiviamo circa 400 muscoli del corpo. Il trampolino HUDORA Fantastic Complete consente l&#8217;allenamento fitness con tutto il necessario: vani portaoggetti per scarpe, cellulari e chiavi, una copertura anti-strisciamento, una scaletta, un tappetino e ancoraggi a terra. 60 molle in acciaio extra lunghe garantiscono un divertimento di salto incredibilmente spazioso. Un telaio in acciaio zincato a caldo, tre robuste gambe doppie e pali principali curvi conferiscono a questo trampolino da giardino una stabilit\u00e0 rassicurante. Un telaio con diametro di 300 cm e altezza di 70 cm offre divertimento per tutte le et\u00e0. Il telo elastico in tessuto garantisce un rimbalzo eccellente. La rete di sicurezza, l&#8217;ampia distanza di sicurezza dai pali e il telo di copertura extra largo e spesso garantiscono la massima sicurezza.<\/p>\n<p>Questo trampolino elastico HUDORA, versatile e senza pensieri, \u00e8 adatto a utenti fino a 100 kg di peso. Fitness e divertimento per tutta la famiglia sono garantiti!<\/p>\n<p>Ulteriori dettagli:<\/p>\n<p>Confezionato in 3 scatole<\/p>\n<p>La rete di sicurezza deve essere sostituita ogni 3 anni. \u00c8 necessario uno spazio libero di 2 metri attorno al trampolino. Si prega di notare le informazioni relative al peso massimo dell&#8217;utente e alle dimensioni di montaggio.<\/p>\n<p>Attenzione: un solo utente alla volta. Rischio di collisione. Solo per uso privato. Adatto per uso esterno! Attenzione! Non adatto a bambini di et\u00e0 inferiore a 36 mesi per mancanza di competenze. Rischio di lesioni!<\/p>\n<p>Caratteristiche<\/p>\n<p>Per: Adulti, adolescenti, bambini<\/p>\n<p>Confezione: No<\/p>\n<p>Dimensioni di montaggio (L x P x A in cm): 340 x 340 x 252<\/p>\n<p>Diametro (cm): 300<\/p>\n<p>Colore: Verde, Turchese<\/p>\n<p>Numero di gambe: 3<\/p>\n<p>Numero di molle: 60<\/p>\n<p>Altezza della struttura (cm): 70<\/p>\n<p>Accessori: Ancoraggio a terra, Zerbino, Protezione anti-intrusione, Scaletta, Portascarpe, Portacellulare e Portachiave<\/p>\n<p>Materiale: Acciaio<\/p>\n<p>Applicazione: Esterno<\/p>\n<p>Peso massimo utente (kg): 100<\/p>\n","protected":false},"excerpt":{"rendered":"<p>Hudora Fantastic Complete Trampolin 300V bietet sicheren, ger\u00e4umigen Sprungspa\u00df mit Krabbelschutz, Leiter, Fu\u00dfmatte und praktischem Butler \u2013 Fitness und Spa\u00df f\u00fcr die ganze Familie.<\/p>\n","protected":false},"featured_media":258502,"comment_status":"open","ping_status":"closed","template":"","meta":[],"product_brand":[],"product_cat":[38558],"product_tag":[],"class_list":{"0":"post-267733","1":"product","2":"type-product","3":"status-publish","4":"has-post-thumbnail","6":"product_cat-gartenspielgeraete","7":"product_shipping_class-global_methods","9":"first","10":"instock","11":"taxable","12":"shipping-taxable","13":"purchasable","14":"product-type-simple"},"yoast_head":"<!-- This site is optimized with the Yoast SEO plugin v27.4 - https:\/\/yoast.com\/product\/yoast-seo-wordpress\/ -->\n<title>Hudora Fantastic Complete Trampolin 300V<\/title>\n<meta name=\"description\" content=\"Das HUDORA Fantastic Complete Trampolin: Fantastisch ger\u00e4umig, fantastisch sicher\u00a0 \u00a0\u00a0 Das HUDORA Fantastic Complete Trampolin ist das Gartentrampolin im Rundum\" \/>\n<meta name=\"robots\" content=\"index, follow, max-snippet:-1, max-image-preview:large, max-video-preview:-1\" \/>\n<link rel=\"canonical\" href=\"https:\/\/schweizversand.ch\/it\/produkt\/hudora-fantastic-complete-trampolin-300v\/\" \/>\n<meta property=\"og:locale\" content=\"it_IT\" \/>\n<meta property=\"og:type\" content=\"article\" \/>\n<meta property=\"og:title\" content=\"Hudora Fantastic Complete Trampolin 300V\" \/>\n<meta property=\"og:description\" content=\"Das HUDORA Fantastic Complete Trampolin: Fantastisch ger\u00e4umig, fantastisch sicher\u00a0 \u00a0\u00a0 Das HUDORA Fantastic Complete Trampolin ist das Gartentrampolin im Rundum\" \/>\n<meta property=\"og:url\" content=\"https:\/\/schweizversand.ch\/it\/produkt\/hudora-fantastic-complete-trampolin-300v\/\" \/>\n<meta property=\"og:site_name\" content=\"Schweizer Shop f\u00fcr Sport, Spiel und Freizeit\" \/>\n<meta property=\"article:publisher\" content=\"https:\/\/www.facebook.com\/Schweizversand\" \/>\n<meta property=\"article:modified_time\" content=\"2026-04-19T00:07:06+00:00\" \/>\n<meta property=\"og:image\" content=\"https:\/\/schweizversand.ch\/wp-content\/uploads\/2026\/03\/5471493512.jpg\" \/>\n\t<meta property=\"og:image:width\" content=\"1024\" \/>\n\t<meta property=\"og:image:height\" content=\"1024\" \/>\n\t<meta property=\"og:image:type\" content=\"image\/jpeg\" \/>\n<meta name=\"twitter:card\" content=\"summary_large_image\" \/>\n<meta name=\"twitter:label1\" content=\"Tempo di lettura stimato\" \/>\n\t<meta name=\"twitter:data1\" content=\"2 minuto\" \/>\n<script type=\"application\/ld+json\" class=\"yoast-schema-graph\">{\"@context\":\"https:\\\/\\\/schema.org\",\"@graph\":[{\"@type\":\"WebPage\",\"@id\":\"https:\\\/\\\/schweizversand.ch\\\/it\\\/produkt\\\/hudora-fantastic-complete-trampolin-300v\\\/\",\"url\":\"https:\\\/\\\/schweizversand.ch\\\/it\\\/produkt\\\/hudora-fantastic-complete-trampolin-300v\\\/\",\"name\":\"Hudora Fantastic Complete Trampolin 300V\",\"isPartOf\":{\"@id\":\"https:\\\/\\\/schweizversand.ch\\\/it\\\/#website\"},\"primaryImageOfPage\":{\"@id\":\"https:\\\/\\\/schweizversand.ch\\\/it\\\/produkt\\\/hudora-fantastic-complete-trampolin-300v\\\/#primaryimage\"},\"image\":{\"@id\":\"https:\\\/\\\/schweizversand.ch\\\/it\\\/produkt\\\/hudora-fantastic-complete-trampolin-300v\\\/#primaryimage\"},\"thumbnailUrl\":\"https:\\\/\\\/schweizversand.ch\\\/wp-content\\\/uploads\\\/2026\\\/03\\\/5471493512.jpg\",\"datePublished\":\"2026-04-18T13:31:01+00:00\",\"dateModified\":\"2026-04-19T00:07:06+00:00\",\"description\":\"Das HUDORA Fantastic Complete Trampolin: Fantastisch ger\u00e4umig, fantastisch sicher\u00a0 \u00a0\u00a0 Das HUDORA Fantastic Complete Trampolin ist das Gartentrampolin im Rundum\",\"breadcrumb\":{\"@id\":\"https:\\\/\\\/schweizversand.ch\\\/it\\\/produkt\\\/hudora-fantastic-complete-trampolin-300v\\\/#breadcrumb\"},\"inLanguage\":\"it-IT\",\"potentialAction\":[{\"@type\":\"ReadAction\",\"target\":[\"https:\\\/\\\/schweizversand.ch\\\/it\\\/produkt\\\/hudora-fantastic-complete-trampolin-300v\\\/\"]}]},{\"@type\":\"ImageObject\",\"inLanguage\":\"it-IT\",\"@id\":\"https:\\\/\\\/schweizversand.ch\\\/it\\\/produkt\\\/hudora-fantastic-complete-trampolin-300v\\\/#primaryimage\",\"url\":\"https:\\\/\\\/schweizversand.ch\\\/wp-content\\\/uploads\\\/2026\\\/03\\\/5471493512.jpg\",\"contentUrl\":\"https:\\\/\\\/schweizversand.ch\\\/wp-content\\\/uploads\\\/2026\\\/03\\\/5471493512.jpg\",\"width\":1024,\"height\":1024},{\"@type\":\"BreadcrumbList\",\"@id\":\"https:\\\/\\\/schweizversand.ch\\\/it\\\/produkt\\\/hudora-fantastic-complete-trampolin-300v\\\/#breadcrumb\",\"itemListElement\":[{\"@type\":\"ListItem\",\"position\":1,\"name\":\"Startseite\",\"item\":\"https:\\\/\\\/schweizversand.ch\\\/it\\\/home\\\/\"},{\"@type\":\"ListItem\",\"position\":2,\"name\":\"Shop\",\"item\":\"https:\\\/\\\/schweizversand.ch\\\/it\\\/shop\\\/\"},{\"@type\":\"ListItem\",\"position\":3,\"name\":\"Giocattoli e giochi\",\"item\":\"https:\\\/\\\/schweizversand.ch\\\/it\\\/produkt-kategorie\\\/giocattoli-e-giochi\\\/\"},{\"@type\":\"ListItem\",\"position\":4,\"name\":\"Giochi all'aperto\",\"item\":\"https:\\\/\\\/schweizversand.ch\\\/it\\\/produkt-kategorie\\\/giocattoli-e-giochi\\\/giochi-allaperto\\\/\"},{\"@type\":\"ListItem\",\"position\":5,\"name\":\"Attrezzature da gioco da giardino\",\"item\":\"https:\\\/\\\/schweizversand.ch\\\/it\\\/produkt-kategorie\\\/giocattoli-e-giochi\\\/giochi-allaperto\\\/gartenspielgeraete\\\/\"},{\"@type\":\"ListItem\",\"position\":6,\"name\":\"Hudora Fantastic Trampolino Completo 300V\"}]},{\"@type\":\"WebSite\",\"@id\":\"https:\\\/\\\/schweizversand.ch\\\/it\\\/#website\",\"url\":\"https:\\\/\\\/schweizversand.ch\\\/it\\\/\",\"name\":\"Schweizer Shop f\u00fcr Sport, Spiel und Freizeit\",\"description\":\"Gratisversand ab 50.- (netto), ab eigenem schweizer Lager, Lieferung innert 48h\",\"publisher\":{\"@id\":\"https:\\\/\\\/schweizversand.ch\\\/it\\\/#organization\"},\"alternateName\":\"Schweizversand.ch\",\"potentialAction\":[{\"@type\":\"SearchAction\",\"target\":{\"@type\":\"EntryPoint\",\"urlTemplate\":\"https:\\\/\\\/schweizversand.ch\\\/it\\\/?s={search_term_string}\"},\"query-input\":{\"@type\":\"PropertyValueSpecification\",\"valueRequired\":true,\"valueName\":\"search_term_string\"}}],\"inLanguage\":\"it-IT\"},{\"@type\":\"Organization\",\"@id\":\"https:\\\/\\\/schweizversand.ch\\\/it\\\/#organization\",\"name\":\"Schweizversand.ch\",\"url\":\"https:\\\/\\\/schweizversand.ch\\\/it\\\/\",\"logo\":{\"@type\":\"ImageObject\",\"inLanguage\":\"it-IT\",\"@id\":\"https:\\\/\\\/schweizversand.ch\\\/it\\\/#\\\/schema\\\/logo\\\/image\\\/\",\"url\":\"https:\\\/\\\/schweizversand.ch\\\/wp-content\\\/uploads\\\/2026\\\/03\\\/Logo_Rund_Final-1.png\",\"contentUrl\":\"https:\\\/\\\/schweizversand.ch\\\/wp-content\\\/uploads\\\/2026\\\/03\\\/Logo_Rund_Final-1.png\",\"width\":404,\"height\":404,\"caption\":\"Schweizversand.ch\"},\"image\":{\"@id\":\"https:\\\/\\\/schweizversand.ch\\\/it\\\/#\\\/schema\\\/logo\\\/image\\\/\"},\"sameAs\":[\"https:\\\/\\\/www.facebook.com\\\/Schweizversand\",\"https:\\\/\\\/www.instagram.com\\\/schweizversand.ch\\\/\"]}]}<\/script>\n<!-- \/ Yoast SEO plugin. -->","yoast_head_json":{"title":"Hudora Fantastic Complete Trampolin 300V","description":"Das HUDORA Fantastic Complete Trampolin: Fantastisch ger\u00e4umig, fantastisch sicher\u00a0 \u00a0\u00a0 Das HUDORA Fantastic Complete Trampolin ist das Gartentrampolin im Rundum","robots":{"index":"index","follow":"follow","max-snippet":"max-snippet:-1","max-image-preview":"max-image-preview:large","max-video-preview":"max-video-preview:-1"},"canonical":"https:\/\/schweizversand.ch\/it\/produkt\/hudora-fantastic-complete-trampolin-300v\/","og_locale":"it_IT","og_type":"article","og_title":"Hudora Fantastic Complete Trampolin 300V","og_description":"Das HUDORA Fantastic Complete Trampolin: Fantastisch ger\u00e4umig, fantastisch sicher\u00a0 \u00a0\u00a0 Das HUDORA Fantastic Complete Trampolin ist das Gartentrampolin im Rundum","og_url":"https:\/\/schweizversand.ch\/it\/produkt\/hudora-fantastic-complete-trampolin-300v\/","og_site_name":"Schweizer Shop f\u00fcr Sport, Spiel und Freizeit","article_publisher":"https:\/\/www.facebook.com\/Schweizversand","article_modified_time":"2026-04-19T00:07:06+00:00","og_image":[{"width":1024,"height":1024,"url":"https:\/\/schweizversand.ch\/wp-content\/uploads\/2026\/03\/5471493512.jpg","type":"image\/jpeg"}],"twitter_card":"summary_large_image","twitter_misc":{"Tempo di lettura stimato":"2 minuto"},"schema":{"@context":"https:\/\/schema.org","@graph":[{"@type":"WebPage","@id":"https:\/\/schweizversand.ch\/it\/produkt\/hudora-fantastic-complete-trampolin-300v\/","url":"https:\/\/schweizversand.ch\/it\/produkt\/hudora-fantastic-complete-trampolin-300v\/","name":"Hudora Fantastic Complete Trampolin 300V","isPartOf":{"@id":"https:\/\/schweizversand.ch\/it\/#website"},"primaryImageOfPage":{"@id":"https:\/\/schweizversand.ch\/it\/produkt\/hudora-fantastic-complete-trampolin-300v\/#primaryimage"},"image":{"@id":"https:\/\/schweizversand.ch\/it\/produkt\/hudora-fantastic-complete-trampolin-300v\/#primaryimage"},"thumbnailUrl":"https:\/\/schweizversand.ch\/wp-content\/uploads\/2026\/03\/5471493512.jpg","datePublished":"2026-04-18T13:31:01+00:00","dateModified":"2026-04-19T00:07:06+00:00","description":"Das HUDORA Fantastic Complete Trampolin: Fantastisch ger\u00e4umig, fantastisch sicher\u00a0 \u00a0\u00a0 Das HUDORA Fantastic Complete Trampolin ist das Gartentrampolin im Rundum","breadcrumb":{"@id":"https:\/\/schweizversand.ch\/it\/produkt\/hudora-fantastic-complete-trampolin-300v\/#breadcrumb"},"inLanguage":"it-IT","potentialAction":[{"@type":"ReadAction","target":["https:\/\/schweizversand.ch\/it\/produkt\/hudora-fantastic-complete-trampolin-300v\/"]}]},{"@type":"ImageObject","inLanguage":"it-IT","@id":"https:\/\/schweizversand.ch\/it\/produkt\/hudora-fantastic-complete-trampolin-300v\/#primaryimage","url":"https:\/\/schweizversand.ch\/wp-content\/uploads\/2026\/03\/5471493512.jpg","contentUrl":"https:\/\/schweizversand.ch\/wp-content\/uploads\/2026\/03\/5471493512.jpg","width":1024,"height":1024},{"@type":"BreadcrumbList","@id":"https:\/\/schweizversand.ch\/it\/produkt\/hudora-fantastic-complete-trampolin-300v\/#breadcrumb","itemListElement":[{"@type":"ListItem","position":1,"name":"Startseite","item":"https:\/\/schweizversand.ch\/it\/home\/"},{"@type":"ListItem","position":2,"name":"Shop","item":"https:\/\/schweizversand.ch\/it\/shop\/"},{"@type":"ListItem","position":3,"name":"Giocattoli e giochi","item":"https:\/\/schweizversand.ch\/it\/produkt-kategorie\/giocattoli-e-giochi\/"},{"@type":"ListItem","position":4,"name":"Giochi all'aperto","item":"https:\/\/schweizversand.ch\/it\/produkt-kategorie\/giocattoli-e-giochi\/giochi-allaperto\/"},{"@type":"ListItem","position":5,"name":"Attrezzature da gioco da giardino","item":"https:\/\/schweizversand.ch\/it\/produkt-kategorie\/giocattoli-e-giochi\/giochi-allaperto\/gartenspielgeraete\/"},{"@type":"ListItem","position":6,"name":"Hudora Fantastic Trampolino Completo 300V"}]},{"@type":"WebSite","@id":"https:\/\/schweizversand.ch\/it\/#website","url":"https:\/\/schweizversand.ch\/it\/","name":"Schweizer Shop f\u00fcr Sport, Spiel und Freizeit","description":"Gratisversand ab 50.- (netto), ab eigenem schweizer Lager, Lieferung innert 48h","publisher":{"@id":"https:\/\/schweizversand.ch\/it\/#organization"},"alternateName":"Schweizversand.ch","potentialAction":[{"@type":"SearchAction","target":{"@type":"EntryPoint","urlTemplate":"https:\/\/schweizversand.ch\/it\/?s={search_term_string}"},"query-input":{"@type":"PropertyValueSpecification","valueRequired":true,"valueName":"search_term_string"}}],"inLanguage":"it-IT"},{"@type":"Organization","@id":"https:\/\/schweizversand.ch\/it\/#organization","name":"Schweizversand.ch","url":"https:\/\/schweizversand.ch\/it\/","logo":{"@type":"ImageObject","inLanguage":"it-IT","@id":"https:\/\/schweizversand.ch\/it\/#\/schema\/logo\/image\/","url":"https:\/\/schweizversand.ch\/wp-content\/uploads\/2026\/03\/Logo_Rund_Final-1.png","contentUrl":"https:\/\/schweizversand.ch\/wp-content\/uploads\/2026\/03\/Logo_Rund_Final-1.png","width":404,"height":404,"caption":"Schweizversand.ch"},"image":{"@id":"https:\/\/schweizversand.ch\/it\/#\/schema\/logo\/image\/"},"sameAs":["https:\/\/www.facebook.com\/Schweizversand","https:\/\/www.instagram.com\/schweizversand.ch\/"]}]}},"jetpack_sharing_enabled":true,"_links":{"self":[{"href":"https:\/\/schweizversand.ch\/it\/wp-json\/wp\/v2\/product\/267733","targetHints":{"allow":["GET"]}}],"collection":[{"href":"https:\/\/schweizversand.ch\/it\/wp-json\/wp\/v2\/product"}],"about":[{"href":"https:\/\/schweizversand.ch\/it\/wp-json\/wp\/v2\/types\/product"}],"replies":[{"embeddable":true,"href":"https:\/\/schweizversand.ch\/it\/wp-json\/wp\/v2\/comments?post=267733"}],"wp:featuredmedia":[{"embeddable":true,"href":"https:\/\/schweizversand.ch\/it\/wp-json\/wp\/v2\/media\/258502"}],"wp:attachment":[{"href":"https:\/\/schweizversand.ch\/it\/wp-json\/wp\/v2\/media?parent=267733"}],"wp:term":[{"taxonomy":"product_brand","embeddable":true,"href":"https:\/\/schweizversand.ch\/it\/wp-json\/wp\/v2\/product_brand?post=267733"},{"taxonomy":"product_cat","embeddable":true,"href":"https:\/\/schweizversand.ch\/it\/wp-json\/wp\/v2\/product_cat?post=267733"},{"taxonomy":"product_tag","embeddable":true,"href":"https:\/\/schweizversand.ch\/it\/wp-json\/wp\/v2\/product_tag?post=267733"}],"curies":[{"name":"wp","href":"https:\/\/api.w.org\/{rel}","templated":true}]}}