{"id":267734,"date":"2026-04-18T15:31:01","date_gmt":"2026-04-18T13:31:01","guid":{"rendered":"https:\/\/schweizversand.ch\/produkt\/hudora-fussballtor-pro-tect-120-advanced\/"},"modified":"2026-04-20T15:37:11","modified_gmt":"2026-04-20T13:37:11","slug":"hudora-fussballtor-pro-tect-120-advanced","status":"publish","type":"product","link":"https:\/\/schweizversand.ch\/it\/produkt\/hudora-fussballtor-pro-tect-120-advanced\/","title":{"rendered":"Porta da calcio Hudora Pro Tect 120 Advanced"},"content":{"rendered":"<p>La porta da calcio Hudora Pro Tect 120 Advanced \u00e8 la scelta ideale per gli appassionati di calcio che cercano una porta robusta e sicura.<\/p>\n<p>Ecco la descrizione dettagliata del prodotto:<\/p>\n<p>\u2022 Struttura robusta: la porta da calcio \u00e8 costituita da un robusto telaio in tubi di acciaio verniciati a polvere, con un diametro di 32 mm, ulteriormente imbottito con schiuma per garantire la massima sicurezza in caso di collisione. I pali e la traversa sono completamente rivestiti in schiuma EPE, con un diametro esterno di 75 mm.<\/p>\n<\/p>\n<p>&#8230; \u2022 Rete a maglie strette: la porta \u00e8 dotata di una rete in poliestere di alta qualit\u00e0 con una distanza tra i nodi di 45 mm che trattiene efficacemente la palla in rete, offrendo l&#8217;impareggiabile sensazione di segnare un gol.<\/p>\n<p>\u2022 Facile da montare: grazie al pratico sistema a scatto e ai pali etichettati, la porta pu\u00f2 essere montata rapidamente e facilmente.<\/p>\n<p>\u2022 Resistenza alle intemperie: il telone impermeabile protegge la porta da qualsiasi condizione atmosferica, rendendola ideale per l&#8217;uso all&#8217;aperto. La copertura \u00e8 fissata con chiusure a strappo e cerniere.<\/p>\n<p>\u2022 Versatilit\u00e0 d&#8217;uso: con una larghezza di 120 cm, un&#8217;altezza di 80 cm e una profondit\u00e0 di 48 cm, questa porta offre ampio spazio per appassionanti partite di calcio nel proprio giardino, parco o sul campo sportivo.<\/p>\n<p>\u2022 Accessori: sono inclusi quattro picchetti a U per garantire un ancoraggio sicuro della porta.<\/p>\n<p>&#8230;<\/p>\n","protected":false},"excerpt":{"rendered":"<p>Hudora Fussballtor Pro Tect 120 Advanced \u00fcberzeugt mit robustem, gepolstertem Stahlrahmen, sicherem Polyesternetz und einfacher Click-Montage f\u00fcr grenzenlosen Fu\u00dfballspa\u00df.<\/p>\n","protected":false},"featured_media":267754,"comment_status":"open","ping_status":"closed","template":"","meta":[],"product_brand":[],"product_cat":[38912],"product_tag":[],"class_list":{"0":"post-267734","1":"product","2":"type-product","3":"status-publish","4":"has-post-thumbnail","6":"product_cat-fussballtore","7":"product_shipping_class-global_methods","9":"first","10":"instock","11":"taxable","12":"shipping-taxable","13":"purchasable","14":"product-type-simple"},"yoast_head":"<!-- This site is optimized with the Yoast SEO plugin v27.4 - https:\/\/yoast.com\/product\/yoast-seo-wordpress\/ -->\n<title>Hudora Fussballtor Pro Tect 120 Advanced<\/title>\n<meta name=\"description\" content=\"Das Hudora Fu\u00dfballtor Pro Tect 120 Advanced ist eine ideale Wahl f\u00fcr Fu\u00dfballbegeisterte, welche sowohl ein robustes als auch sicheres Fu\u00dfballtor suchen.\u00a0 Hie\" \/>\n<meta name=\"robots\" content=\"index, follow, max-snippet:-1, max-image-preview:large, max-video-preview:-1\" \/>\n<link rel=\"canonical\" href=\"https:\/\/schweizversand.ch\/it\/produkt\/hudora-fussballtor-pro-tect-120-advanced\/\" \/>\n<meta property=\"og:locale\" content=\"it_IT\" \/>\n<meta property=\"og:type\" content=\"article\" \/>\n<meta property=\"og:title\" content=\"Hudora Fussballtor Pro Tect 120 Advanced\" \/>\n<meta property=\"og:description\" content=\"Das Hudora Fu\u00dfballtor Pro Tect 120 Advanced ist eine ideale Wahl f\u00fcr Fu\u00dfballbegeisterte, welche sowohl ein robustes als auch sicheres Fu\u00dfballtor suchen.\u00a0 Hie\" \/>\n<meta property=\"og:url\" content=\"https:\/\/schweizversand.ch\/it\/produkt\/hudora-fussballtor-pro-tect-120-advanced\/\" \/>\n<meta property=\"og:site_name\" content=\"Schweizer Shop f\u00fcr Sport, Spiel und Freizeit\" \/>\n<meta property=\"article:publisher\" content=\"https:\/\/www.facebook.com\/Schweizversand\" \/>\n<meta property=\"article:modified_time\" content=\"2026-04-20T13:37:11+00:00\" \/>\n<meta property=\"og:image\" content=\"https:\/\/schweizversand.ch\/wp-content\/uploads\/2026\/04\/5471830132.jpg\" \/>\n\t<meta property=\"og:image:width\" content=\"1024\" \/>\n\t<meta property=\"og:image:height\" content=\"1024\" \/>\n\t<meta property=\"og:image:type\" content=\"image\/jpeg\" \/>\n<meta name=\"twitter:card\" content=\"summary_large_image\" \/>\n<meta name=\"twitter:label1\" content=\"Tempo di lettura stimato\" \/>\n\t<meta name=\"twitter:data1\" content=\"1 minuto\" \/>\n<script type=\"application\/ld+json\" class=\"yoast-schema-graph\">{\"@context\":\"https:\\\/\\\/schema.org\",\"@graph\":[{\"@type\":\"WebPage\",\"@id\":\"https:\\\/\\\/schweizversand.ch\\\/it\\\/produkt\\\/hudora-fussballtor-pro-tect-120-advanced\\\/\",\"url\":\"https:\\\/\\\/schweizversand.ch\\\/it\\\/produkt\\\/hudora-fussballtor-pro-tect-120-advanced\\\/\",\"name\":\"Hudora Fussballtor Pro Tect 120 Advanced\",\"isPartOf\":{\"@id\":\"https:\\\/\\\/schweizversand.ch\\\/it\\\/#website\"},\"primaryImageOfPage\":{\"@id\":\"https:\\\/\\\/schweizversand.ch\\\/it\\\/produkt\\\/hudora-fussballtor-pro-tect-120-advanced\\\/#primaryimage\"},\"image\":{\"@id\":\"https:\\\/\\\/schweizversand.ch\\\/it\\\/produkt\\\/hudora-fussballtor-pro-tect-120-advanced\\\/#primaryimage\"},\"thumbnailUrl\":\"https:\\\/\\\/schweizversand.ch\\\/wp-content\\\/uploads\\\/2026\\\/04\\\/5471830132.jpg\",\"datePublished\":\"2026-04-18T13:31:01+00:00\",\"dateModified\":\"2026-04-20T13:37:11+00:00\",\"description\":\"Das Hudora Fu\u00dfballtor Pro Tect 120 Advanced ist eine ideale Wahl f\u00fcr Fu\u00dfballbegeisterte, welche sowohl ein robustes als auch sicheres Fu\u00dfballtor suchen.\u00a0 Hie\",\"breadcrumb\":{\"@id\":\"https:\\\/\\\/schweizversand.ch\\\/it\\\/produkt\\\/hudora-fussballtor-pro-tect-120-advanced\\\/#breadcrumb\"},\"inLanguage\":\"it-IT\",\"potentialAction\":[{\"@type\":\"ReadAction\",\"target\":[\"https:\\\/\\\/schweizversand.ch\\\/it\\\/produkt\\\/hudora-fussballtor-pro-tect-120-advanced\\\/\"]}]},{\"@type\":\"ImageObject\",\"inLanguage\":\"it-IT\",\"@id\":\"https:\\\/\\\/schweizversand.ch\\\/it\\\/produkt\\\/hudora-fussballtor-pro-tect-120-advanced\\\/#primaryimage\",\"url\":\"https:\\\/\\\/schweizversand.ch\\\/wp-content\\\/uploads\\\/2026\\\/04\\\/5471830132.jpg\",\"contentUrl\":\"https:\\\/\\\/schweizversand.ch\\\/wp-content\\\/uploads\\\/2026\\\/04\\\/5471830132.jpg\",\"width\":1024,\"height\":1024},{\"@type\":\"BreadcrumbList\",\"@id\":\"https:\\\/\\\/schweizversand.ch\\\/it\\\/produkt\\\/hudora-fussballtor-pro-tect-120-advanced\\\/#breadcrumb\",\"itemListElement\":[{\"@type\":\"ListItem\",\"position\":1,\"name\":\"Startseite\",\"item\":\"https:\\\/\\\/schweizversand.ch\\\/it\\\/home\\\/\"},{\"@type\":\"ListItem\",\"position\":2,\"name\":\"Shop\",\"item\":\"https:\\\/\\\/schweizversand.ch\\\/it\\\/shop\\\/\"},{\"@type\":\"ListItem\",\"position\":3,\"name\":\"Ricambi\",\"item\":\"https:\\\/\\\/schweizversand.ch\\\/it\\\/produkt-kategorie\\\/ricambi\\\/\"},{\"@type\":\"ListItem\",\"position\":4,\"name\":\"Hudora\",\"item\":\"https:\\\/\\\/schweizversand.ch\\\/it\\\/produkt-kategorie\\\/ricambi\\\/hudora\\\/\"},{\"@type\":\"ListItem\",\"position\":5,\"name\":\"Porte da calcio\",\"item\":\"https:\\\/\\\/schweizversand.ch\\\/it\\\/produkt-kategorie\\\/ricambi\\\/hudora\\\/fussballtore\\\/\"},{\"@type\":\"ListItem\",\"position\":6,\"name\":\"Porta da calcio Hudora Pro Tect 120 Advanced\"}]},{\"@type\":\"WebSite\",\"@id\":\"https:\\\/\\\/schweizversand.ch\\\/it\\\/#website\",\"url\":\"https:\\\/\\\/schweizversand.ch\\\/it\\\/\",\"name\":\"Schweizer Shop f\u00fcr Sport, Spiel und Freizeit\",\"description\":\"Gratisversand ab 50.- (netto), ab eigenem schweizer Lager, Lieferung innert 48h\",\"publisher\":{\"@id\":\"https:\\\/\\\/schweizversand.ch\\\/it\\\/#organization\"},\"alternateName\":\"Schweizversand.ch\",\"potentialAction\":[{\"@type\":\"SearchAction\",\"target\":{\"@type\":\"EntryPoint\",\"urlTemplate\":\"https:\\\/\\\/schweizversand.ch\\\/it\\\/?s={search_term_string}\"},\"query-input\":{\"@type\":\"PropertyValueSpecification\",\"valueRequired\":true,\"valueName\":\"search_term_string\"}}],\"inLanguage\":\"it-IT\"},{\"@type\":\"Organization\",\"@id\":\"https:\\\/\\\/schweizversand.ch\\\/it\\\/#organization\",\"name\":\"Schweizversand.ch\",\"url\":\"https:\\\/\\\/schweizversand.ch\\\/it\\\/\",\"logo\":{\"@type\":\"ImageObject\",\"inLanguage\":\"it-IT\",\"@id\":\"https:\\\/\\\/schweizversand.ch\\\/it\\\/#\\\/schema\\\/logo\\\/image\\\/\",\"url\":\"https:\\\/\\\/schweizversand.ch\\\/wp-content\\\/uploads\\\/2026\\\/03\\\/Logo_Rund_Final-1.png\",\"contentUrl\":\"https:\\\/\\\/schweizversand.ch\\\/wp-content\\\/uploads\\\/2026\\\/03\\\/Logo_Rund_Final-1.png\",\"width\":404,\"height\":404,\"caption\":\"Schweizversand.ch\"},\"image\":{\"@id\":\"https:\\\/\\\/schweizversand.ch\\\/it\\\/#\\\/schema\\\/logo\\\/image\\\/\"},\"sameAs\":[\"https:\\\/\\\/www.facebook.com\\\/Schweizversand\",\"https:\\\/\\\/www.instagram.com\\\/schweizversand.ch\\\/\"]}]}<\/script>\n<!-- \/ Yoast SEO plugin. -->","yoast_head_json":{"title":"Hudora Fussballtor Pro Tect 120 Advanced","description":"Das Hudora Fu\u00dfballtor Pro Tect 120 Advanced ist eine ideale Wahl f\u00fcr Fu\u00dfballbegeisterte, welche sowohl ein robustes als auch sicheres Fu\u00dfballtor suchen.\u00a0 Hie","robots":{"index":"index","follow":"follow","max-snippet":"max-snippet:-1","max-image-preview":"max-image-preview:large","max-video-preview":"max-video-preview:-1"},"canonical":"https:\/\/schweizversand.ch\/it\/produkt\/hudora-fussballtor-pro-tect-120-advanced\/","og_locale":"it_IT","og_type":"article","og_title":"Hudora Fussballtor Pro Tect 120 Advanced","og_description":"Das Hudora Fu\u00dfballtor Pro Tect 120 Advanced ist eine ideale Wahl f\u00fcr Fu\u00dfballbegeisterte, welche sowohl ein robustes als auch sicheres Fu\u00dfballtor suchen.\u00a0 Hie","og_url":"https:\/\/schweizversand.ch\/it\/produkt\/hudora-fussballtor-pro-tect-120-advanced\/","og_site_name":"Schweizer Shop f\u00fcr Sport, Spiel und Freizeit","article_publisher":"https:\/\/www.facebook.com\/Schweizversand","article_modified_time":"2026-04-20T13:37:11+00:00","og_image":[{"width":1024,"height":1024,"url":"https:\/\/schweizversand.ch\/wp-content\/uploads\/2026\/04\/5471830132.jpg","type":"image\/jpeg"}],"twitter_card":"summary_large_image","twitter_misc":{"Tempo di lettura stimato":"1 minuto"},"schema":{"@context":"https:\/\/schema.org","@graph":[{"@type":"WebPage","@id":"https:\/\/schweizversand.ch\/it\/produkt\/hudora-fussballtor-pro-tect-120-advanced\/","url":"https:\/\/schweizversand.ch\/it\/produkt\/hudora-fussballtor-pro-tect-120-advanced\/","name":"Hudora Fussballtor Pro Tect 120 Advanced","isPartOf":{"@id":"https:\/\/schweizversand.ch\/it\/#website"},"primaryImageOfPage":{"@id":"https:\/\/schweizversand.ch\/it\/produkt\/hudora-fussballtor-pro-tect-120-advanced\/#primaryimage"},"image":{"@id":"https:\/\/schweizversand.ch\/it\/produkt\/hudora-fussballtor-pro-tect-120-advanced\/#primaryimage"},"thumbnailUrl":"https:\/\/schweizversand.ch\/wp-content\/uploads\/2026\/04\/5471830132.jpg","datePublished":"2026-04-18T13:31:01+00:00","dateModified":"2026-04-20T13:37:11+00:00","description":"Das Hudora Fu\u00dfballtor Pro Tect 120 Advanced ist eine ideale Wahl f\u00fcr Fu\u00dfballbegeisterte, welche sowohl ein robustes als auch sicheres Fu\u00dfballtor suchen.\u00a0 Hie","breadcrumb":{"@id":"https:\/\/schweizversand.ch\/it\/produkt\/hudora-fussballtor-pro-tect-120-advanced\/#breadcrumb"},"inLanguage":"it-IT","potentialAction":[{"@type":"ReadAction","target":["https:\/\/schweizversand.ch\/it\/produkt\/hudora-fussballtor-pro-tect-120-advanced\/"]}]},{"@type":"ImageObject","inLanguage":"it-IT","@id":"https:\/\/schweizversand.ch\/it\/produkt\/hudora-fussballtor-pro-tect-120-advanced\/#primaryimage","url":"https:\/\/schweizversand.ch\/wp-content\/uploads\/2026\/04\/5471830132.jpg","contentUrl":"https:\/\/schweizversand.ch\/wp-content\/uploads\/2026\/04\/5471830132.jpg","width":1024,"height":1024},{"@type":"BreadcrumbList","@id":"https:\/\/schweizversand.ch\/it\/produkt\/hudora-fussballtor-pro-tect-120-advanced\/#breadcrumb","itemListElement":[{"@type":"ListItem","position":1,"name":"Startseite","item":"https:\/\/schweizversand.ch\/it\/home\/"},{"@type":"ListItem","position":2,"name":"Shop","item":"https:\/\/schweizversand.ch\/it\/shop\/"},{"@type":"ListItem","position":3,"name":"Ricambi","item":"https:\/\/schweizversand.ch\/it\/produkt-kategorie\/ricambi\/"},{"@type":"ListItem","position":4,"name":"Hudora","item":"https:\/\/schweizversand.ch\/it\/produkt-kategorie\/ricambi\/hudora\/"},{"@type":"ListItem","position":5,"name":"Porte da calcio","item":"https:\/\/schweizversand.ch\/it\/produkt-kategorie\/ricambi\/hudora\/fussballtore\/"},{"@type":"ListItem","position":6,"name":"Porta da calcio Hudora Pro Tect 120 Advanced"}]},{"@type":"WebSite","@id":"https:\/\/schweizversand.ch\/it\/#website","url":"https:\/\/schweizversand.ch\/it\/","name":"Schweizer Shop f\u00fcr Sport, Spiel und Freizeit","description":"Gratisversand ab 50.- (netto), ab eigenem schweizer Lager, Lieferung innert 48h","publisher":{"@id":"https:\/\/schweizversand.ch\/it\/#organization"},"alternateName":"Schweizversand.ch","potentialAction":[{"@type":"SearchAction","target":{"@type":"EntryPoint","urlTemplate":"https:\/\/schweizversand.ch\/it\/?s={search_term_string}"},"query-input":{"@type":"PropertyValueSpecification","valueRequired":true,"valueName":"search_term_string"}}],"inLanguage":"it-IT"},{"@type":"Organization","@id":"https:\/\/schweizversand.ch\/it\/#organization","name":"Schweizversand.ch","url":"https:\/\/schweizversand.ch\/it\/","logo":{"@type":"ImageObject","inLanguage":"it-IT","@id":"https:\/\/schweizversand.ch\/it\/#\/schema\/logo\/image\/","url":"https:\/\/schweizversand.ch\/wp-content\/uploads\/2026\/03\/Logo_Rund_Final-1.png","contentUrl":"https:\/\/schweizversand.ch\/wp-content\/uploads\/2026\/03\/Logo_Rund_Final-1.png","width":404,"height":404,"caption":"Schweizversand.ch"},"image":{"@id":"https:\/\/schweizversand.ch\/it\/#\/schema\/logo\/image\/"},"sameAs":["https:\/\/www.facebook.com\/Schweizversand","https:\/\/www.instagram.com\/schweizversand.ch\/"]}]}},"jetpack_sharing_enabled":true,"_links":{"self":[{"href":"https:\/\/schweizversand.ch\/it\/wp-json\/wp\/v2\/product\/267734","targetHints":{"allow":["GET"]}}],"collection":[{"href":"https:\/\/schweizversand.ch\/it\/wp-json\/wp\/v2\/product"}],"about":[{"href":"https:\/\/schweizversand.ch\/it\/wp-json\/wp\/v2\/types\/product"}],"replies":[{"embeddable":true,"href":"https:\/\/schweizversand.ch\/it\/wp-json\/wp\/v2\/comments?post=267734"}],"wp:featuredmedia":[{"embeddable":true,"href":"https:\/\/schweizversand.ch\/it\/wp-json\/wp\/v2\/media\/267754"}],"wp:attachment":[{"href":"https:\/\/schweizversand.ch\/it\/wp-json\/wp\/v2\/media?parent=267734"}],"wp:term":[{"taxonomy":"product_brand","embeddable":true,"href":"https:\/\/schweizversand.ch\/it\/wp-json\/wp\/v2\/product_brand?post=267734"},{"taxonomy":"product_cat","embeddable":true,"href":"https:\/\/schweizversand.ch\/it\/wp-json\/wp\/v2\/product_cat?post=267734"},{"taxonomy":"product_tag","embeddable":true,"href":"https:\/\/schweizversand.ch\/it\/wp-json\/wp\/v2\/product_tag?post=267734"}],"curies":[{"name":"wp","href":"https:\/\/api.w.org\/{rel}","templated":true}]}}