{"id":267735,"date":"2026-04-18T15:31:02","date_gmt":"2026-04-18T13:31:02","guid":{"rendered":"https:\/\/schweizversand.ch\/produkt\/hudora-slam-it-basketball-set-3-teilig\/"},"modified":"2026-04-20T02:06:10","modified_gmt":"2026-04-20T00:06:10","slug":"hudora-slam-it-basketball-set-3-teilig","status":"publish","type":"product","link":"https:\/\/schweizversand.ch\/it\/produkt\/hudora-slam-it-basketball-set-3-teilig\/","title":{"rendered":"Set da basket Hudora Slam it, 3 pezzi"},"content":{"rendered":"<p>Preparatevi per emozionanti partite di basket con il set da basket &#8220;HUDORA Slam It&#8221;, un set completo ideale per giocatori di tutte le et\u00e0. Questo set da 3 pezzi \u00e8 perfettamente equipaggiato per un utilizzo immediato, sia in giardino che in palestra.<\/p>\n<p>Caratteristiche principali del set da basket HUDORA Slam It:<\/p>\n<p>\u2022 Canestro da basket: Realizzato in robusto tubolare d&#8217;acciaio da 19 mm di diametro, rosso e verniciato a polvere, il canestro misura 45,7 cm di lunghezza e pesa 1,5 kg, garantendo elevata stabilit\u00e0 e durata.<\/p>\n<p>\u2022 Rete: Lunga 53 cm con 12 anelli, nei colori rosso, bianco e blu, e realizzata in resistente poliestere, la rete \u00e8 leggera e resistente alle intemperie.<\/p>\n<p>\u2022 Palla da basket: Il pallone da basket standard misura 7, con una circonferenza di 75-78 cm e un peso di circa 600 g, \u00e8 realizzato in una vistosa gomma arancione con camera d&#8217;aria in butile, garantendo un divertimento duraturo e un buon rimbalzo.<\/p>\n<p>Caratteristiche aggiuntive:<\/p>\n<p>\u2022 Una pompa manuale facilita il gonfiaggio della palla. La pompa \u00e8 lunga 18 cm, pesa 70 g ed \u00e8 blu con impugnatura nera. Il materiale PP (polipropilene) garantisce la massima durata.<\/p>\n<p>Questo set \u00e8 ideale per famiglie o giovani atleti e offre tutto il necessario per un utilizzo immediato. Grazie alla sua struttura robusta e al design accattivante, offre non solo vantaggi funzionali, ma anche un aspetto accattivante. Che si tratti di gioco ricreativo o di allenamento mirato, il set da basket &#8220;HUDORA Slam It&#8221; \u00e8 una scelta eccellente per l&#8217;attivit\u00e0 sportiva e il divertimento.<\/p>\n","protected":false},"excerpt":{"rendered":"<p>Hudora Slam it Basketball Set: Robust, wetterfest und spielbereit \u2013 inkl. Stahlring, farbintensivem Netz und Standard-Basketball f\u00fcr grenzenlosen Spielspa\u00df drinnen und drau\u00dfen!<\/p>\n","protected":false},"featured_media":165633,"comment_status":"open","ping_status":"closed","template":"","meta":[],"product_brand":[],"product_cat":[39253],"product_tag":[],"class_list":{"0":"post-267735","1":"product","2":"type-product","3":"status-publish","4":"has-post-thumbnail","6":"product_cat-basketball-2","7":"product_shipping_class-global_methods","9":"first","10":"instock","11":"taxable","12":"shipping-taxable","13":"purchasable","14":"product-type-simple"},"yoast_head":"<!-- This site is optimized with the Yoast SEO plugin v27.4 - https:\/\/yoast.com\/product\/yoast-seo-wordpress\/ -->\n<title>Hudora Slam it Basketball Set, 3-teilig<\/title>\n<meta name=\"description\" content=\"Bereiten Sie sich auf spannende Basketballspiele vor mit dem &quot;HUDORA Slam It&quot; Basketball Set, einem kompletten Set, das ideal f\u00fcr Spieler aller Altersstufen ist\" \/>\n<meta name=\"robots\" content=\"index, follow, max-snippet:-1, max-image-preview:large, max-video-preview:-1\" \/>\n<link rel=\"canonical\" href=\"https:\/\/schweizversand.ch\/it\/produkt\/hudora-slam-it-basketball-set-3-teilig\/\" \/>\n<meta property=\"og:locale\" content=\"it_IT\" \/>\n<meta property=\"og:type\" content=\"article\" \/>\n<meta property=\"og:title\" content=\"Hudora Slam it Basketball Set, 3-teilig\" \/>\n<meta property=\"og:description\" content=\"Bereiten Sie sich auf spannende Basketballspiele vor mit dem &quot;HUDORA Slam It&quot; Basketball Set, einem kompletten Set, das ideal f\u00fcr Spieler aller Altersstufen ist\" \/>\n<meta property=\"og:url\" content=\"https:\/\/schweizversand.ch\/it\/produkt\/hudora-slam-it-basketball-set-3-teilig\/\" \/>\n<meta property=\"og:site_name\" content=\"Schweizer Shop f\u00fcr Sport, Spiel und Freizeit\" \/>\n<meta property=\"article:publisher\" content=\"https:\/\/www.facebook.com\/Schweizversand\" \/>\n<meta property=\"article:modified_time\" content=\"2026-04-20T00:06:10+00:00\" \/>\n<meta property=\"og:image\" content=\"https:\/\/schweizversand.ch\/wp-content\/uploads\/2026\/02\/5471467509.jpg\" \/>\n\t<meta property=\"og:image:width\" content=\"1018\" \/>\n\t<meta property=\"og:image:height\" content=\"1024\" \/>\n\t<meta property=\"og:image:type\" content=\"image\/jpeg\" \/>\n<meta name=\"twitter:card\" content=\"summary_large_image\" \/>\n<meta name=\"twitter:label1\" content=\"Tempo di lettura stimato\" \/>\n\t<meta name=\"twitter:data1\" content=\"1 minuto\" \/>\n<script type=\"application\/ld+json\" class=\"yoast-schema-graph\">{\"@context\":\"https:\\\/\\\/schema.org\",\"@graph\":[{\"@type\":\"WebPage\",\"@id\":\"https:\\\/\\\/schweizversand.ch\\\/it\\\/produkt\\\/hudora-slam-it-basketball-set-3-teilig\\\/\",\"url\":\"https:\\\/\\\/schweizversand.ch\\\/it\\\/produkt\\\/hudora-slam-it-basketball-set-3-teilig\\\/\",\"name\":\"Hudora Slam it Basketball Set, 3-teilig\",\"isPartOf\":{\"@id\":\"https:\\\/\\\/schweizversand.ch\\\/it\\\/#website\"},\"primaryImageOfPage\":{\"@id\":\"https:\\\/\\\/schweizversand.ch\\\/it\\\/produkt\\\/hudora-slam-it-basketball-set-3-teilig\\\/#primaryimage\"},\"image\":{\"@id\":\"https:\\\/\\\/schweizversand.ch\\\/it\\\/produkt\\\/hudora-slam-it-basketball-set-3-teilig\\\/#primaryimage\"},\"thumbnailUrl\":\"https:\\\/\\\/schweizversand.ch\\\/wp-content\\\/uploads\\\/2026\\\/02\\\/5471467509.jpg\",\"datePublished\":\"2026-04-18T13:31:02+00:00\",\"dateModified\":\"2026-04-20T00:06:10+00:00\",\"description\":\"Bereiten Sie sich auf spannende Basketballspiele vor mit dem \\\"HUDORA Slam It\\\" Basketball Set, einem kompletten Set, das ideal f\u00fcr Spieler aller Altersstufen ist\",\"breadcrumb\":{\"@id\":\"https:\\\/\\\/schweizversand.ch\\\/it\\\/produkt\\\/hudora-slam-it-basketball-set-3-teilig\\\/#breadcrumb\"},\"inLanguage\":\"it-IT\",\"potentialAction\":[{\"@type\":\"ReadAction\",\"target\":[\"https:\\\/\\\/schweizversand.ch\\\/it\\\/produkt\\\/hudora-slam-it-basketball-set-3-teilig\\\/\"]}]},{\"@type\":\"ImageObject\",\"inLanguage\":\"it-IT\",\"@id\":\"https:\\\/\\\/schweizversand.ch\\\/it\\\/produkt\\\/hudora-slam-it-basketball-set-3-teilig\\\/#primaryimage\",\"url\":\"https:\\\/\\\/schweizversand.ch\\\/wp-content\\\/uploads\\\/2026\\\/02\\\/5471467509.jpg\",\"contentUrl\":\"https:\\\/\\\/schweizversand.ch\\\/wp-content\\\/uploads\\\/2026\\\/02\\\/5471467509.jpg\",\"width\":1018,\"height\":1024},{\"@type\":\"BreadcrumbList\",\"@id\":\"https:\\\/\\\/schweizversand.ch\\\/it\\\/produkt\\\/hudora-slam-it-basketball-set-3-teilig\\\/#breadcrumb\",\"itemListElement\":[{\"@type\":\"ListItem\",\"position\":1,\"name\":\"Startseite\",\"item\":\"https:\\\/\\\/schweizversand.ch\\\/it\\\/home\\\/\"},{\"@type\":\"ListItem\",\"position\":2,\"name\":\"Shop\",\"item\":\"https:\\\/\\\/schweizversand.ch\\\/it\\\/shop\\\/\"},{\"@type\":\"ListItem\",\"position\":3,\"name\":\"Basketball\",\"item\":\"https:\\\/\\\/schweizversand.ch\\\/it\\\/produkt-kategorie\\\/basketball-2\\\/\"},{\"@type\":\"ListItem\",\"position\":4,\"name\":\"Set da basket Hudora Slam it, 3 pezzi\"}]},{\"@type\":\"WebSite\",\"@id\":\"https:\\\/\\\/schweizversand.ch\\\/it\\\/#website\",\"url\":\"https:\\\/\\\/schweizversand.ch\\\/it\\\/\",\"name\":\"Schweizer Shop f\u00fcr Sport, Spiel und Freizeit\",\"description\":\"Gratisversand ab 50.- (netto), ab eigenem schweizer Lager, Lieferung innert 48h\",\"publisher\":{\"@id\":\"https:\\\/\\\/schweizversand.ch\\\/it\\\/#organization\"},\"alternateName\":\"Schweizversand.ch\",\"potentialAction\":[{\"@type\":\"SearchAction\",\"target\":{\"@type\":\"EntryPoint\",\"urlTemplate\":\"https:\\\/\\\/schweizversand.ch\\\/it\\\/?s={search_term_string}\"},\"query-input\":{\"@type\":\"PropertyValueSpecification\",\"valueRequired\":true,\"valueName\":\"search_term_string\"}}],\"inLanguage\":\"it-IT\"},{\"@type\":\"Organization\",\"@id\":\"https:\\\/\\\/schweizversand.ch\\\/it\\\/#organization\",\"name\":\"Schweizversand.ch\",\"url\":\"https:\\\/\\\/schweizversand.ch\\\/it\\\/\",\"logo\":{\"@type\":\"ImageObject\",\"inLanguage\":\"it-IT\",\"@id\":\"https:\\\/\\\/schweizversand.ch\\\/it\\\/#\\\/schema\\\/logo\\\/image\\\/\",\"url\":\"https:\\\/\\\/schweizversand.ch\\\/wp-content\\\/uploads\\\/2026\\\/03\\\/Logo_Rund_Final-1.png\",\"contentUrl\":\"https:\\\/\\\/schweizversand.ch\\\/wp-content\\\/uploads\\\/2026\\\/03\\\/Logo_Rund_Final-1.png\",\"width\":404,\"height\":404,\"caption\":\"Schweizversand.ch\"},\"image\":{\"@id\":\"https:\\\/\\\/schweizversand.ch\\\/it\\\/#\\\/schema\\\/logo\\\/image\\\/\"},\"sameAs\":[\"https:\\\/\\\/www.facebook.com\\\/Schweizversand\",\"https:\\\/\\\/www.instagram.com\\\/schweizversand.ch\\\/\"]}]}<\/script>\n<!-- \/ Yoast SEO plugin. -->","yoast_head_json":{"title":"Hudora Slam it Basketball Set, 3-teilig","description":"Bereiten Sie sich auf spannende Basketballspiele vor mit dem \"HUDORA Slam It\" Basketball Set, einem kompletten Set, das ideal f\u00fcr Spieler aller Altersstufen ist","robots":{"index":"index","follow":"follow","max-snippet":"max-snippet:-1","max-image-preview":"max-image-preview:large","max-video-preview":"max-video-preview:-1"},"canonical":"https:\/\/schweizversand.ch\/it\/produkt\/hudora-slam-it-basketball-set-3-teilig\/","og_locale":"it_IT","og_type":"article","og_title":"Hudora Slam it Basketball Set, 3-teilig","og_description":"Bereiten Sie sich auf spannende Basketballspiele vor mit dem \"HUDORA Slam It\" Basketball Set, einem kompletten Set, das ideal f\u00fcr Spieler aller Altersstufen ist","og_url":"https:\/\/schweizversand.ch\/it\/produkt\/hudora-slam-it-basketball-set-3-teilig\/","og_site_name":"Schweizer Shop f\u00fcr Sport, Spiel und Freizeit","article_publisher":"https:\/\/www.facebook.com\/Schweizversand","article_modified_time":"2026-04-20T00:06:10+00:00","og_image":[{"width":1018,"height":1024,"url":"https:\/\/schweizversand.ch\/wp-content\/uploads\/2026\/02\/5471467509.jpg","type":"image\/jpeg"}],"twitter_card":"summary_large_image","twitter_misc":{"Tempo di lettura stimato":"1 minuto"},"schema":{"@context":"https:\/\/schema.org","@graph":[{"@type":"WebPage","@id":"https:\/\/schweizversand.ch\/it\/produkt\/hudora-slam-it-basketball-set-3-teilig\/","url":"https:\/\/schweizversand.ch\/it\/produkt\/hudora-slam-it-basketball-set-3-teilig\/","name":"Hudora Slam it Basketball Set, 3-teilig","isPartOf":{"@id":"https:\/\/schweizversand.ch\/it\/#website"},"primaryImageOfPage":{"@id":"https:\/\/schweizversand.ch\/it\/produkt\/hudora-slam-it-basketball-set-3-teilig\/#primaryimage"},"image":{"@id":"https:\/\/schweizversand.ch\/it\/produkt\/hudora-slam-it-basketball-set-3-teilig\/#primaryimage"},"thumbnailUrl":"https:\/\/schweizversand.ch\/wp-content\/uploads\/2026\/02\/5471467509.jpg","datePublished":"2026-04-18T13:31:02+00:00","dateModified":"2026-04-20T00:06:10+00:00","description":"Bereiten Sie sich auf spannende Basketballspiele vor mit dem \"HUDORA Slam It\" Basketball Set, einem kompletten Set, das ideal f\u00fcr Spieler aller Altersstufen ist","breadcrumb":{"@id":"https:\/\/schweizversand.ch\/it\/produkt\/hudora-slam-it-basketball-set-3-teilig\/#breadcrumb"},"inLanguage":"it-IT","potentialAction":[{"@type":"ReadAction","target":["https:\/\/schweizversand.ch\/it\/produkt\/hudora-slam-it-basketball-set-3-teilig\/"]}]},{"@type":"ImageObject","inLanguage":"it-IT","@id":"https:\/\/schweizversand.ch\/it\/produkt\/hudora-slam-it-basketball-set-3-teilig\/#primaryimage","url":"https:\/\/schweizversand.ch\/wp-content\/uploads\/2026\/02\/5471467509.jpg","contentUrl":"https:\/\/schweizversand.ch\/wp-content\/uploads\/2026\/02\/5471467509.jpg","width":1018,"height":1024},{"@type":"BreadcrumbList","@id":"https:\/\/schweizversand.ch\/it\/produkt\/hudora-slam-it-basketball-set-3-teilig\/#breadcrumb","itemListElement":[{"@type":"ListItem","position":1,"name":"Startseite","item":"https:\/\/schweizversand.ch\/it\/home\/"},{"@type":"ListItem","position":2,"name":"Shop","item":"https:\/\/schweizversand.ch\/it\/shop\/"},{"@type":"ListItem","position":3,"name":"Basketball","item":"https:\/\/schweizversand.ch\/it\/produkt-kategorie\/basketball-2\/"},{"@type":"ListItem","position":4,"name":"Set da basket Hudora Slam it, 3 pezzi"}]},{"@type":"WebSite","@id":"https:\/\/schweizversand.ch\/it\/#website","url":"https:\/\/schweizversand.ch\/it\/","name":"Schweizer Shop f\u00fcr Sport, Spiel und Freizeit","description":"Gratisversand ab 50.- (netto), ab eigenem schweizer Lager, Lieferung innert 48h","publisher":{"@id":"https:\/\/schweizversand.ch\/it\/#organization"},"alternateName":"Schweizversand.ch","potentialAction":[{"@type":"SearchAction","target":{"@type":"EntryPoint","urlTemplate":"https:\/\/schweizversand.ch\/it\/?s={search_term_string}"},"query-input":{"@type":"PropertyValueSpecification","valueRequired":true,"valueName":"search_term_string"}}],"inLanguage":"it-IT"},{"@type":"Organization","@id":"https:\/\/schweizversand.ch\/it\/#organization","name":"Schweizversand.ch","url":"https:\/\/schweizversand.ch\/it\/","logo":{"@type":"ImageObject","inLanguage":"it-IT","@id":"https:\/\/schweizversand.ch\/it\/#\/schema\/logo\/image\/","url":"https:\/\/schweizversand.ch\/wp-content\/uploads\/2026\/03\/Logo_Rund_Final-1.png","contentUrl":"https:\/\/schweizversand.ch\/wp-content\/uploads\/2026\/03\/Logo_Rund_Final-1.png","width":404,"height":404,"caption":"Schweizversand.ch"},"image":{"@id":"https:\/\/schweizversand.ch\/it\/#\/schema\/logo\/image\/"},"sameAs":["https:\/\/www.facebook.com\/Schweizversand","https:\/\/www.instagram.com\/schweizversand.ch\/"]}]}},"jetpack_sharing_enabled":true,"_links":{"self":[{"href":"https:\/\/schweizversand.ch\/it\/wp-json\/wp\/v2\/product\/267735","targetHints":{"allow":["GET"]}}],"collection":[{"href":"https:\/\/schweizversand.ch\/it\/wp-json\/wp\/v2\/product"}],"about":[{"href":"https:\/\/schweizversand.ch\/it\/wp-json\/wp\/v2\/types\/product"}],"replies":[{"embeddable":true,"href":"https:\/\/schweizversand.ch\/it\/wp-json\/wp\/v2\/comments?post=267735"}],"wp:featuredmedia":[{"embeddable":true,"href":"https:\/\/schweizversand.ch\/it\/wp-json\/wp\/v2\/media\/165633"}],"wp:attachment":[{"href":"https:\/\/schweizversand.ch\/it\/wp-json\/wp\/v2\/media?parent=267735"}],"wp:term":[{"taxonomy":"product_brand","embeddable":true,"href":"https:\/\/schweizversand.ch\/it\/wp-json\/wp\/v2\/product_brand?post=267735"},{"taxonomy":"product_cat","embeddable":true,"href":"https:\/\/schweizversand.ch\/it\/wp-json\/wp\/v2\/product_cat?post=267735"},{"taxonomy":"product_tag","embeddable":true,"href":"https:\/\/schweizversand.ch\/it\/wp-json\/wp\/v2\/product_tag?post=267735"}],"curies":[{"name":"wp","href":"https:\/\/api.w.org\/{rel}","templated":true}]}}