{"id":268062,"date":"2026-04-23T15:31:24","date_gmt":"2026-04-23T13:31:24","guid":{"rendered":"https:\/\/schweizversand.ch\/produkt\/hudora-fussballtor-expert-180\/"},"modified":"2026-05-01T15:36:17","modified_gmt":"2026-05-01T13:36:17","slug":"hudora-fussballtor-expert-180","status":"publish","type":"product","link":"https:\/\/schweizversand.ch\/it\/produkt\/hudora-fussballtor-expert-180\/","title":{"rendered":"Esperto di porte da calcio Hudora 180"},"content":{"rendered":"<p>Che porta! La robusta porta da calcio Expert di HUDORA trasforma qualsiasi giardino in un campo da calcio a misura di bambino. Grazie ai pali da 75 mm di diametro e ai collegamenti a vite, l&#8217;Expert \u00e8 particolarmente robusta. La rete in poliestere a trama fitta, resistente alle intemperie, resiste anche ai tiri pi\u00f9 potenti dei giovani attaccanti. Questa porta da calcio di alta qualit\u00e0 \u00e8 ideale per il tempo libero e l&#8217;allenamento, con una posizione stabile grazie ai picchetti inclusi e resistenza alle intemperie grazie al telaio in tubo d&#8217;acciaio verniciato a polvere.<\/p>\n<p>L&#8217;allenamento pu\u00f2 iniziare in un attimo:<\/p>\n<p>I robusti collegamenti a vite dei pali contrassegnati rendono il montaggio un gioco da ragazzi. Anche il fissaggio della rete \u00e8 un gioco da ragazzi grazie al profilo in metallo ondulato sul retro. Questa porta \u00e8 costruita per durare e far\u00e0 battere forte il cuore di tutti i piccoli appassionati di calcio!<\/p>\n<p>La porta da calcio misura 180 cm.<\/p>\n<p>Caratteristiche:<\/p>\n<p>Per: Adulti, adolescenti, bambini<\/p>\n<p>Area di utilizzo: Esterno<\/p>\n<p>Caratteristiche: Facile montaggio della rete grazie al profilo metallico ondulato, inclusi picchetti, fissaggio a vite dei pali contrassegnati, rete in poliestere resistente alle intemperie<\/p>\n<p>Per: Adulti, adolescenti, bambini<br \/>\n&#8230; <br \/>Materiale: telaio in tubo d&#8217;acciaio verniciato a polvere<\/p>\n","protected":false},"excerpt":{"rendered":"<p>Hudora Fussballtor Expert 180 bietet maximale Stabilit\u00e4t, wetterfesten Stahlrahmen und schnellen Aufbau \u2013 ideal f\u00fcr pr\u00e4zises Training und ambitionierte Freizeitspieler im Garten.<\/p>\n","protected":false},"featured_media":165450,"comment_status":"open","ping_status":"closed","template":"","meta":[],"product_brand":[],"product_cat":[39189],"product_tag":[],"class_list":{"0":"post-268062","1":"product","2":"type-product","3":"status-publish","4":"has-post-thumbnail","6":"product_cat-fussball","7":"product_shipping_class-global_methods","9":"first","10":"instock","11":"taxable","12":"shipping-taxable","13":"purchasable","14":"product-type-simple"},"yoast_head":"<!-- This site is optimized with the Yoast SEO plugin v27.5 - https:\/\/yoast.com\/product\/yoast-seo-wordpress\/ -->\n<title>Hudora Fussballtor Expert 180<\/title>\n<meta name=\"description\" content=\"Was f\u00fcr ein Toooor! Das stabile Fu\u00dfballtor Expert von HUDORA verwandelt jeden Garten in einen kindgerechten Fu\u00dfballplatz. Durch den 75 mm dicken Pfostendurchmes\" \/>\n<meta name=\"robots\" content=\"index, follow, max-snippet:-1, max-image-preview:large, max-video-preview:-1\" \/>\n<link rel=\"canonical\" href=\"https:\/\/schweizversand.ch\/it\/produkt\/hudora-fussballtor-expert-180\/\" \/>\n<meta property=\"og:locale\" content=\"it_IT\" \/>\n<meta property=\"og:type\" content=\"article\" \/>\n<meta property=\"og:title\" content=\"Hudora Fussballtor Expert 180\" \/>\n<meta property=\"og:description\" content=\"Was f\u00fcr ein Toooor! Das stabile Fu\u00dfballtor Expert von HUDORA verwandelt jeden Garten in einen kindgerechten Fu\u00dfballplatz. Durch den 75 mm dicken Pfostendurchmes\" \/>\n<meta property=\"og:url\" content=\"https:\/\/schweizversand.ch\/it\/produkt\/hudora-fussballtor-expert-180\/\" \/>\n<meta property=\"og:site_name\" content=\"Schweizer Shop f\u00fcr Sport, Spiel und Freizeit\" \/>\n<meta property=\"article:publisher\" content=\"https:\/\/www.facebook.com\/Schweizversand\" \/>\n<meta property=\"article:modified_time\" content=\"2026-05-01T13:36:17+00:00\" \/>\n<meta property=\"og:image\" content=\"https:\/\/schweizversand.ch\/wp-content\/uploads\/2026\/02\/5471525175.jpg\" \/>\n\t<meta property=\"og:image:width\" content=\"1024\" \/>\n\t<meta property=\"og:image:height\" content=\"744\" \/>\n\t<meta property=\"og:image:type\" content=\"image\/jpeg\" \/>\n<meta name=\"twitter:card\" content=\"summary_large_image\" \/>\n<meta name=\"twitter:label1\" content=\"Tempo di lettura stimato\" \/>\n\t<meta name=\"twitter:data1\" content=\"1 minuto\" \/>\n<script type=\"application\/ld+json\" class=\"yoast-schema-graph\">{\"@context\":\"https:\\\/\\\/schema.org\",\"@graph\":[{\"@type\":\"WebPage\",\"@id\":\"https:\\\/\\\/schweizversand.ch\\\/it\\\/produkt\\\/hudora-fussballtor-expert-180\\\/\",\"url\":\"https:\\\/\\\/schweizversand.ch\\\/it\\\/produkt\\\/hudora-fussballtor-expert-180\\\/\",\"name\":\"Hudora Fussballtor Expert 180\",\"isPartOf\":{\"@id\":\"https:\\\/\\\/schweizversand.ch\\\/it\\\/#website\"},\"primaryImageOfPage\":{\"@id\":\"https:\\\/\\\/schweizversand.ch\\\/it\\\/produkt\\\/hudora-fussballtor-expert-180\\\/#primaryimage\"},\"image\":{\"@id\":\"https:\\\/\\\/schweizversand.ch\\\/it\\\/produkt\\\/hudora-fussballtor-expert-180\\\/#primaryimage\"},\"thumbnailUrl\":\"https:\\\/\\\/schweizversand.ch\\\/wp-content\\\/uploads\\\/2026\\\/02\\\/5471525175.jpg\",\"datePublished\":\"2026-04-23T13:31:24+00:00\",\"dateModified\":\"2026-05-01T13:36:17+00:00\",\"description\":\"Was f\u00fcr ein Toooor! Das stabile Fu\u00dfballtor Expert von HUDORA verwandelt jeden Garten in einen kindgerechten Fu\u00dfballplatz. Durch den 75 mm dicken Pfostendurchmes\",\"breadcrumb\":{\"@id\":\"https:\\\/\\\/schweizversand.ch\\\/it\\\/produkt\\\/hudora-fussballtor-expert-180\\\/#breadcrumb\"},\"inLanguage\":\"it-IT\",\"potentialAction\":[{\"@type\":\"ReadAction\",\"target\":[\"https:\\\/\\\/schweizversand.ch\\\/it\\\/produkt\\\/hudora-fussballtor-expert-180\\\/\"]}]},{\"@type\":\"ImageObject\",\"inLanguage\":\"it-IT\",\"@id\":\"https:\\\/\\\/schweizversand.ch\\\/it\\\/produkt\\\/hudora-fussballtor-expert-180\\\/#primaryimage\",\"url\":\"https:\\\/\\\/schweizversand.ch\\\/wp-content\\\/uploads\\\/2026\\\/02\\\/5471525175.jpg\",\"contentUrl\":\"https:\\\/\\\/schweizversand.ch\\\/wp-content\\\/uploads\\\/2026\\\/02\\\/5471525175.jpg\",\"width\":1024,\"height\":744},{\"@type\":\"BreadcrumbList\",\"@id\":\"https:\\\/\\\/schweizversand.ch\\\/it\\\/produkt\\\/hudora-fussballtor-expert-180\\\/#breadcrumb\",\"itemListElement\":[{\"@type\":\"ListItem\",\"position\":1,\"name\":\"Startseite\",\"item\":\"https:\\\/\\\/schweizversand.ch\\\/it\\\/home\\\/\"},{\"@type\":\"ListItem\",\"position\":2,\"name\":\"Shop\",\"item\":\"https:\\\/\\\/schweizversand.ch\\\/it\\\/shop\\\/\"},{\"@type\":\"ListItem\",\"position\":3,\"name\":\"Sport\",\"item\":\"https:\\\/\\\/schweizversand.ch\\\/it\\\/produkt-kategorie\\\/sport-it\\\/\"},{\"@type\":\"ListItem\",\"position\":4,\"name\":\"sport con la palla e freccette\",\"item\":\"https:\\\/\\\/schweizversand.ch\\\/it\\\/produkt-kategorie\\\/sport-it\\\/sport-con-la-palla-e-freccette\\\/\"},{\"@type\":\"ListItem\",\"position\":5,\"name\":\"Fussball\",\"item\":\"https:\\\/\\\/schweizversand.ch\\\/it\\\/produkt-kategorie\\\/sport-it\\\/sport-con-la-palla-e-freccette\\\/fussball\\\/\"},{\"@type\":\"ListItem\",\"position\":6,\"name\":\"Esperto di porte da calcio Hudora 180\"}]},{\"@type\":\"WebSite\",\"@id\":\"https:\\\/\\\/schweizversand.ch\\\/it\\\/#website\",\"url\":\"https:\\\/\\\/schweizversand.ch\\\/it\\\/\",\"name\":\"Schweizer Shop f\u00fcr Sport, Spiel und Freizeit\",\"description\":\"Gratisversand ab 50.- (netto), ab eigenem schweizer Lager, Lieferung innert 48h\",\"publisher\":{\"@id\":\"https:\\\/\\\/schweizversand.ch\\\/it\\\/#organization\"},\"alternateName\":\"Schweizversand.ch\",\"potentialAction\":[{\"@type\":\"SearchAction\",\"target\":{\"@type\":\"EntryPoint\",\"urlTemplate\":\"https:\\\/\\\/schweizversand.ch\\\/it\\\/?s={search_term_string}\"},\"query-input\":{\"@type\":\"PropertyValueSpecification\",\"valueRequired\":true,\"valueName\":\"search_term_string\"}}],\"inLanguage\":\"it-IT\"},{\"@type\":\"Organization\",\"@id\":\"https:\\\/\\\/schweizversand.ch\\\/it\\\/#organization\",\"name\":\"Schweizversand.ch\",\"url\":\"https:\\\/\\\/schweizversand.ch\\\/it\\\/\",\"logo\":{\"@type\":\"ImageObject\",\"inLanguage\":\"it-IT\",\"@id\":\"https:\\\/\\\/schweizversand.ch\\\/it\\\/#\\\/schema\\\/logo\\\/image\\\/\",\"url\":\"https:\\\/\\\/schweizversand.ch\\\/wp-content\\\/uploads\\\/2026\\\/03\\\/Logo_Rund_Final-1.png\",\"contentUrl\":\"https:\\\/\\\/schweizversand.ch\\\/wp-content\\\/uploads\\\/2026\\\/03\\\/Logo_Rund_Final-1.png\",\"width\":404,\"height\":404,\"caption\":\"Schweizversand.ch\"},\"image\":{\"@id\":\"https:\\\/\\\/schweizversand.ch\\\/it\\\/#\\\/schema\\\/logo\\\/image\\\/\"},\"sameAs\":[\"https:\\\/\\\/www.facebook.com\\\/Schweizversand\",\"https:\\\/\\\/www.instagram.com\\\/schweizversand.ch\\\/\"]}]}<\/script>\n<!-- \/ Yoast SEO plugin. -->","yoast_head_json":{"title":"Hudora Fussballtor Expert 180","description":"Was f\u00fcr ein Toooor! Das stabile Fu\u00dfballtor Expert von HUDORA verwandelt jeden Garten in einen kindgerechten Fu\u00dfballplatz. Durch den 75 mm dicken Pfostendurchmes","robots":{"index":"index","follow":"follow","max-snippet":"max-snippet:-1","max-image-preview":"max-image-preview:large","max-video-preview":"max-video-preview:-1"},"canonical":"https:\/\/schweizversand.ch\/it\/produkt\/hudora-fussballtor-expert-180\/","og_locale":"it_IT","og_type":"article","og_title":"Hudora Fussballtor Expert 180","og_description":"Was f\u00fcr ein Toooor! Das stabile Fu\u00dfballtor Expert von HUDORA verwandelt jeden Garten in einen kindgerechten Fu\u00dfballplatz. Durch den 75 mm dicken Pfostendurchmes","og_url":"https:\/\/schweizversand.ch\/it\/produkt\/hudora-fussballtor-expert-180\/","og_site_name":"Schweizer Shop f\u00fcr Sport, Spiel und Freizeit","article_publisher":"https:\/\/www.facebook.com\/Schweizversand","article_modified_time":"2026-05-01T13:36:17+00:00","og_image":[{"width":1024,"height":744,"url":"https:\/\/schweizversand.ch\/wp-content\/uploads\/2026\/02\/5471525175.jpg","type":"image\/jpeg"}],"twitter_card":"summary_large_image","twitter_misc":{"Tempo di lettura stimato":"1 minuto"},"schema":{"@context":"https:\/\/schema.org","@graph":[{"@type":"WebPage","@id":"https:\/\/schweizversand.ch\/it\/produkt\/hudora-fussballtor-expert-180\/","url":"https:\/\/schweizversand.ch\/it\/produkt\/hudora-fussballtor-expert-180\/","name":"Hudora Fussballtor Expert 180","isPartOf":{"@id":"https:\/\/schweizversand.ch\/it\/#website"},"primaryImageOfPage":{"@id":"https:\/\/schweizversand.ch\/it\/produkt\/hudora-fussballtor-expert-180\/#primaryimage"},"image":{"@id":"https:\/\/schweizversand.ch\/it\/produkt\/hudora-fussballtor-expert-180\/#primaryimage"},"thumbnailUrl":"https:\/\/schweizversand.ch\/wp-content\/uploads\/2026\/02\/5471525175.jpg","datePublished":"2026-04-23T13:31:24+00:00","dateModified":"2026-05-01T13:36:17+00:00","description":"Was f\u00fcr ein Toooor! Das stabile Fu\u00dfballtor Expert von HUDORA verwandelt jeden Garten in einen kindgerechten Fu\u00dfballplatz. Durch den 75 mm dicken Pfostendurchmes","breadcrumb":{"@id":"https:\/\/schweizversand.ch\/it\/produkt\/hudora-fussballtor-expert-180\/#breadcrumb"},"inLanguage":"it-IT","potentialAction":[{"@type":"ReadAction","target":["https:\/\/schweizversand.ch\/it\/produkt\/hudora-fussballtor-expert-180\/"]}]},{"@type":"ImageObject","inLanguage":"it-IT","@id":"https:\/\/schweizversand.ch\/it\/produkt\/hudora-fussballtor-expert-180\/#primaryimage","url":"https:\/\/schweizversand.ch\/wp-content\/uploads\/2026\/02\/5471525175.jpg","contentUrl":"https:\/\/schweizversand.ch\/wp-content\/uploads\/2026\/02\/5471525175.jpg","width":1024,"height":744},{"@type":"BreadcrumbList","@id":"https:\/\/schweizversand.ch\/it\/produkt\/hudora-fussballtor-expert-180\/#breadcrumb","itemListElement":[{"@type":"ListItem","position":1,"name":"Startseite","item":"https:\/\/schweizversand.ch\/it\/home\/"},{"@type":"ListItem","position":2,"name":"Shop","item":"https:\/\/schweizversand.ch\/it\/shop\/"},{"@type":"ListItem","position":3,"name":"Sport","item":"https:\/\/schweizversand.ch\/it\/produkt-kategorie\/sport-it\/"},{"@type":"ListItem","position":4,"name":"sport con la palla e freccette","item":"https:\/\/schweizversand.ch\/it\/produkt-kategorie\/sport-it\/sport-con-la-palla-e-freccette\/"},{"@type":"ListItem","position":5,"name":"Fussball","item":"https:\/\/schweizversand.ch\/it\/produkt-kategorie\/sport-it\/sport-con-la-palla-e-freccette\/fussball\/"},{"@type":"ListItem","position":6,"name":"Esperto di porte da calcio Hudora 180"}]},{"@type":"WebSite","@id":"https:\/\/schweizversand.ch\/it\/#website","url":"https:\/\/schweizversand.ch\/it\/","name":"Schweizer Shop f\u00fcr Sport, Spiel und Freizeit","description":"Gratisversand ab 50.- (netto), ab eigenem schweizer Lager, Lieferung innert 48h","publisher":{"@id":"https:\/\/schweizversand.ch\/it\/#organization"},"alternateName":"Schweizversand.ch","potentialAction":[{"@type":"SearchAction","target":{"@type":"EntryPoint","urlTemplate":"https:\/\/schweizversand.ch\/it\/?s={search_term_string}"},"query-input":{"@type":"PropertyValueSpecification","valueRequired":true,"valueName":"search_term_string"}}],"inLanguage":"it-IT"},{"@type":"Organization","@id":"https:\/\/schweizversand.ch\/it\/#organization","name":"Schweizversand.ch","url":"https:\/\/schweizversand.ch\/it\/","logo":{"@type":"ImageObject","inLanguage":"it-IT","@id":"https:\/\/schweizversand.ch\/it\/#\/schema\/logo\/image\/","url":"https:\/\/schweizversand.ch\/wp-content\/uploads\/2026\/03\/Logo_Rund_Final-1.png","contentUrl":"https:\/\/schweizversand.ch\/wp-content\/uploads\/2026\/03\/Logo_Rund_Final-1.png","width":404,"height":404,"caption":"Schweizversand.ch"},"image":{"@id":"https:\/\/schweizversand.ch\/it\/#\/schema\/logo\/image\/"},"sameAs":["https:\/\/www.facebook.com\/Schweizversand","https:\/\/www.instagram.com\/schweizversand.ch\/"]}]}},"jetpack_sharing_enabled":true,"_links":{"self":[{"href":"https:\/\/schweizversand.ch\/it\/wp-json\/wp\/v2\/product\/268062","targetHints":{"allow":["GET"]}}],"collection":[{"href":"https:\/\/schweizversand.ch\/it\/wp-json\/wp\/v2\/product"}],"about":[{"href":"https:\/\/schweizversand.ch\/it\/wp-json\/wp\/v2\/types\/product"}],"replies":[{"embeddable":true,"href":"https:\/\/schweizversand.ch\/it\/wp-json\/wp\/v2\/comments?post=268062"}],"wp:featuredmedia":[{"embeddable":true,"href":"https:\/\/schweizversand.ch\/it\/wp-json\/wp\/v2\/media\/165450"}],"wp:attachment":[{"href":"https:\/\/schweizversand.ch\/it\/wp-json\/wp\/v2\/media?parent=268062"}],"wp:term":[{"taxonomy":"product_brand","embeddable":true,"href":"https:\/\/schweizversand.ch\/it\/wp-json\/wp\/v2\/product_brand?post=268062"},{"taxonomy":"product_cat","embeddable":true,"href":"https:\/\/schweizversand.ch\/it\/wp-json\/wp\/v2\/product_cat?post=268062"},{"taxonomy":"product_tag","embeddable":true,"href":"https:\/\/schweizversand.ch\/it\/wp-json\/wp\/v2\/product_tag?post=268062"}],"curies":[{"name":"wp","href":"https:\/\/api.w.org\/{rel}","templated":true}]}}