{"id":268879,"date":"2026-05-01T02:00:28","date_gmt":"2026-05-01T00:00:28","guid":{"rendered":"https:\/\/schweizversand.ch\/produkt\/eurostick-start-your-engines-95-106-links\/"},"modified":"2026-05-02T02:05:06","modified_gmt":"2026-05-02T00:05:06","slug":"eurostick-start-your-engines-95-106-links","status":"publish","type":"product","link":"https:\/\/schweizversand.ch\/it\/produkt\/eurostick-start-your-engines-95-106-links\/","title":{"rendered":"Eurostick Start Your Engines 95\/106 a sinistra"},"content":{"rendered":"<h1><strong>Bastone da floorball Eurostick Premium &#8220;Start Your Engines&#8221;<\/strong><\/h1>\n<div>Il bastone da floorball Eurostick Premium &#8220;Start Your Engines&#8221; \u00e8 il bastone ideale per i giocatori che apprezzano precisione, potenza e leggerezza. Questo bastone da floorball di alta qualit\u00e0 colpisce per la sua struttura robusta e il perfetto equilibrio, per portare il tuo gioco a un livello superiore.<\/p>\n<\/div>\n<div><strong>Design e dimensioni<\/strong><br \/>Questo bastone ha una lunghezza totale di 106 cm e una lunghezza del manico di 95 cm, il che lo rende la scelta ottimale per molti tipi di giocatori. Con un diametro del manico di 26 mm, il bastone da floorball da 106 cm \u00e8 comodo da tenere in mano e consente un&#8217;eccellente maneggevolezza nelle situazioni di gioco frenetiche.<\/p>\n<\/div>\n<div><strong>Materiale e prestazioni<\/strong><br \/>Il manico del bastone da floorball Eurostick \u00e8 realizzato in robusto <strong>polipropilene (bastone PP)<\/strong>, che ne garantisce la durata. La lama, realizzata in resistente PEHD, \u00e8 la lama &#8220;Master&#8221; inclusa, progettata per la massima potenza di tiro e un controllo preciso della palla. Con soli 288 g, questa mazza da floorball da 95 cm \u00e8 eccezionalmente leggera e favorisce reazioni fulminee. Vantaggi in sintesi: &#8211; Lunghezza totale: 106 cm (lunghezza mazza 95 cm) &#8211; Materiale del manico: PP robusto (polipropilene) &#8211; Lama: Master (PEHD) per la massima potenza di tiro &#8211; Peso: Estremamente leggera 288 g &#8211; Diametro: 26 mm per un controllo ottimale. Per chi \u00e8 adatta questa mazza? Che tu sia un principiante o un giocatore amatoriale ambizioso, l&#8217;Eurostick Premium \u00e8 il tuo compagno perfetto per l&#8217;allenamento e le partite. Offre la qualit\u00e0, la precisione e la potenza necessarie per dominare il tuo gioco. Nota: una mazza &#8220;per mancini&#8221; significa che la mazza \u00e8 posizionata sul lato sinistro del corpo.<\/p>\n<\/div>\n<div>Scopri subito questa mazza da floorball Eurostick di alta qualit\u00e0 e sperimenta la differenza sul campo. Acquista subito la tua mazza da floorball e libera tutto il tuo potenziale!<\/p>\n<\/div>\n<div>\n<\/div>\n","protected":false},"excerpt":{"rendered":"<p>Eurostick Start Your Engines 95\/106 links bietet Pr\u00e4zision, Power und geringes Gewicht in einem robusten Unihockeyschl\u00e4ger f\u00fcr dein bestes Floorball-Spiel.<\/p>\n","protected":false},"featured_media":268898,"comment_status":"open","ping_status":"closed","template":"","meta":[],"product_brand":[],"product_cat":[39261],"product_tag":[],"class_list":{"0":"post-268879","1":"product","2":"type-product","3":"status-publish","4":"has-post-thumbnail","6":"product_cat-unihockey","7":"product_shipping_class-global_methods","9":"first","10":"instock","11":"taxable","12":"shipping-taxable","13":"purchasable","14":"product-type-simple"},"yoast_head":"<!-- This site is optimized with the Yoast SEO plugin v27.5 - https:\/\/yoast.com\/product\/yoast-seo-wordpress\/ -->\n<title>Eurostick Start Your Engines 95\/106 links<\/title>\n<meta name=\"description\" content=\"Eurostick Premium Unihockeyschl\u00e4ger &quot;Start Your Engines&quot; Der Eurostick Premium Unihockeyschl\u00e4ger &quot;Start Your Engines&quot; ist der ideale Floorball Schl\u00e4ger f\u00fcr Spie\" \/>\n<meta name=\"robots\" content=\"index, follow, max-snippet:-1, max-image-preview:large, max-video-preview:-1\" \/>\n<link rel=\"canonical\" href=\"https:\/\/schweizversand.ch\/it\/produkt\/eurostick-start-your-engines-95-106-links\/\" \/>\n<meta property=\"og:locale\" content=\"it_IT\" \/>\n<meta property=\"og:type\" content=\"article\" \/>\n<meta property=\"og:title\" content=\"Eurostick Start Your Engines 95\/106 links\" \/>\n<meta property=\"og:description\" content=\"Eurostick Premium Unihockeyschl\u00e4ger &quot;Start Your Engines&quot; Der Eurostick Premium Unihockeyschl\u00e4ger &quot;Start Your Engines&quot; ist der ideale Floorball Schl\u00e4ger f\u00fcr Spie\" \/>\n<meta property=\"og:url\" content=\"https:\/\/schweizversand.ch\/it\/produkt\/eurostick-start-your-engines-95-106-links\/\" \/>\n<meta property=\"og:site_name\" content=\"Schweizer Shop f\u00fcr Sport, Spiel und Freizeit\" \/>\n<meta property=\"article:publisher\" content=\"https:\/\/www.facebook.com\/Schweizversand\" \/>\n<meta property=\"article:modified_time\" content=\"2026-05-02T00:05:06+00:00\" \/>\n<meta property=\"og:image\" content=\"https:\/\/schweizversand.ch\/wp-content\/uploads\/2026\/05\/5471891148.jpg\" \/>\n\t<meta property=\"og:image:width\" content=\"287\" \/>\n\t<meta property=\"og:image:height\" content=\"1024\" \/>\n\t<meta property=\"og:image:type\" content=\"image\/jpeg\" \/>\n<meta name=\"twitter:card\" content=\"summary_large_image\" \/>\n<meta name=\"twitter:label1\" content=\"Tempo di lettura stimato\" \/>\n\t<meta name=\"twitter:data1\" content=\"1 minuto\" \/>\n<script type=\"application\/ld+json\" class=\"yoast-schema-graph\">{\"@context\":\"https:\\\/\\\/schema.org\",\"@graph\":[{\"@type\":\"WebPage\",\"@id\":\"https:\\\/\\\/schweizversand.ch\\\/it\\\/produkt\\\/eurostick-start-your-engines-95-106-links\\\/\",\"url\":\"https:\\\/\\\/schweizversand.ch\\\/it\\\/produkt\\\/eurostick-start-your-engines-95-106-links\\\/\",\"name\":\"Eurostick Start Your Engines 95\\\/106 links\",\"isPartOf\":{\"@id\":\"https:\\\/\\\/schweizversand.ch\\\/it\\\/#website\"},\"primaryImageOfPage\":{\"@id\":\"https:\\\/\\\/schweizversand.ch\\\/it\\\/produkt\\\/eurostick-start-your-engines-95-106-links\\\/#primaryimage\"},\"image\":{\"@id\":\"https:\\\/\\\/schweizversand.ch\\\/it\\\/produkt\\\/eurostick-start-your-engines-95-106-links\\\/#primaryimage\"},\"thumbnailUrl\":\"https:\\\/\\\/schweizversand.ch\\\/wp-content\\\/uploads\\\/2026\\\/05\\\/5471891148.jpg\",\"datePublished\":\"2026-05-01T00:00:28+00:00\",\"dateModified\":\"2026-05-02T00:05:06+00:00\",\"description\":\"Eurostick Premium Unihockeyschl\u00e4ger \\\"Start Your Engines\\\" Der Eurostick Premium Unihockeyschl\u00e4ger \\\"Start Your Engines\\\" ist der ideale Floorball Schl\u00e4ger f\u00fcr Spie\",\"breadcrumb\":{\"@id\":\"https:\\\/\\\/schweizversand.ch\\\/it\\\/produkt\\\/eurostick-start-your-engines-95-106-links\\\/#breadcrumb\"},\"inLanguage\":\"it-IT\",\"potentialAction\":[{\"@type\":\"ReadAction\",\"target\":[\"https:\\\/\\\/schweizversand.ch\\\/it\\\/produkt\\\/eurostick-start-your-engines-95-106-links\\\/\"]}]},{\"@type\":\"ImageObject\",\"inLanguage\":\"it-IT\",\"@id\":\"https:\\\/\\\/schweizversand.ch\\\/it\\\/produkt\\\/eurostick-start-your-engines-95-106-links\\\/#primaryimage\",\"url\":\"https:\\\/\\\/schweizversand.ch\\\/wp-content\\\/uploads\\\/2026\\\/05\\\/5471891148.jpg\",\"contentUrl\":\"https:\\\/\\\/schweizversand.ch\\\/wp-content\\\/uploads\\\/2026\\\/05\\\/5471891148.jpg\",\"width\":287,\"height\":1024},{\"@type\":\"BreadcrumbList\",\"@id\":\"https:\\\/\\\/schweizversand.ch\\\/it\\\/produkt\\\/eurostick-start-your-engines-95-106-links\\\/#breadcrumb\",\"itemListElement\":[{\"@type\":\"ListItem\",\"position\":1,\"name\":\"Startseite\",\"item\":\"https:\\\/\\\/schweizversand.ch\\\/it\\\/home\\\/\"},{\"@type\":\"ListItem\",\"position\":2,\"name\":\"Shop\",\"item\":\"https:\\\/\\\/schweizversand.ch\\\/it\\\/shop\\\/\"},{\"@type\":\"ListItem\",\"position\":3,\"name\":\"Sport\",\"item\":\"https:\\\/\\\/schweizversand.ch\\\/it\\\/produkt-kategorie\\\/sport-it\\\/\"},{\"@type\":\"ListItem\",\"position\":4,\"name\":\"sport con la palla e freccette\",\"item\":\"https:\\\/\\\/schweizversand.ch\\\/it\\\/produkt-kategorie\\\/sport-it\\\/sport-con-la-palla-e-freccette\\\/\"},{\"@type\":\"ListItem\",\"position\":5,\"name\":\"Unihockey\",\"item\":\"https:\\\/\\\/schweizversand.ch\\\/it\\\/produkt-kategorie\\\/unihockey\\\/\"},{\"@type\":\"ListItem\",\"position\":6,\"name\":\"Eurostick Start Your Engines 95\\\/106 a sinistra\"}]},{\"@type\":\"WebSite\",\"@id\":\"https:\\\/\\\/schweizversand.ch\\\/it\\\/#website\",\"url\":\"https:\\\/\\\/schweizversand.ch\\\/it\\\/\",\"name\":\"Schweizer Shop f\u00fcr Sport, Spiel und Freizeit\",\"description\":\"Gratisversand ab 50.- (netto), ab eigenem schweizer Lager, Lieferung innert 48h\",\"publisher\":{\"@id\":\"https:\\\/\\\/schweizversand.ch\\\/it\\\/#organization\"},\"alternateName\":\"Schweizversand.ch\",\"potentialAction\":[{\"@type\":\"SearchAction\",\"target\":{\"@type\":\"EntryPoint\",\"urlTemplate\":\"https:\\\/\\\/schweizversand.ch\\\/it\\\/?s={search_term_string}\"},\"query-input\":{\"@type\":\"PropertyValueSpecification\",\"valueRequired\":true,\"valueName\":\"search_term_string\"}}],\"inLanguage\":\"it-IT\"},{\"@type\":\"Organization\",\"@id\":\"https:\\\/\\\/schweizversand.ch\\\/it\\\/#organization\",\"name\":\"Schweizversand.ch\",\"url\":\"https:\\\/\\\/schweizversand.ch\\\/it\\\/\",\"logo\":{\"@type\":\"ImageObject\",\"inLanguage\":\"it-IT\",\"@id\":\"https:\\\/\\\/schweizversand.ch\\\/it\\\/#\\\/schema\\\/logo\\\/image\\\/\",\"url\":\"https:\\\/\\\/schweizversand.ch\\\/wp-content\\\/uploads\\\/2026\\\/03\\\/Logo_Rund_Final-1.png\",\"contentUrl\":\"https:\\\/\\\/schweizversand.ch\\\/wp-content\\\/uploads\\\/2026\\\/03\\\/Logo_Rund_Final-1.png\",\"width\":404,\"height\":404,\"caption\":\"Schweizversand.ch\"},\"image\":{\"@id\":\"https:\\\/\\\/schweizversand.ch\\\/it\\\/#\\\/schema\\\/logo\\\/image\\\/\"},\"sameAs\":[\"https:\\\/\\\/www.facebook.com\\\/Schweizversand\",\"https:\\\/\\\/www.instagram.com\\\/schweizversand.ch\\\/\"]}]}<\/script>\n<!-- \/ Yoast SEO plugin. -->","yoast_head_json":{"title":"Eurostick Start Your Engines 95\/106 links","description":"Eurostick Premium Unihockeyschl\u00e4ger \"Start Your Engines\" Der Eurostick Premium Unihockeyschl\u00e4ger \"Start Your Engines\" ist der ideale Floorball Schl\u00e4ger f\u00fcr Spie","robots":{"index":"index","follow":"follow","max-snippet":"max-snippet:-1","max-image-preview":"max-image-preview:large","max-video-preview":"max-video-preview:-1"},"canonical":"https:\/\/schweizversand.ch\/it\/produkt\/eurostick-start-your-engines-95-106-links\/","og_locale":"it_IT","og_type":"article","og_title":"Eurostick Start Your Engines 95\/106 links","og_description":"Eurostick Premium Unihockeyschl\u00e4ger \"Start Your Engines\" Der Eurostick Premium Unihockeyschl\u00e4ger \"Start Your Engines\" ist der ideale Floorball Schl\u00e4ger f\u00fcr Spie","og_url":"https:\/\/schweizversand.ch\/it\/produkt\/eurostick-start-your-engines-95-106-links\/","og_site_name":"Schweizer Shop f\u00fcr Sport, Spiel und Freizeit","article_publisher":"https:\/\/www.facebook.com\/Schweizversand","article_modified_time":"2026-05-02T00:05:06+00:00","og_image":[{"width":287,"height":1024,"url":"https:\/\/schweizversand.ch\/wp-content\/uploads\/2026\/05\/5471891148.jpg","type":"image\/jpeg"}],"twitter_card":"summary_large_image","twitter_misc":{"Tempo di lettura stimato":"1 minuto"},"schema":{"@context":"https:\/\/schema.org","@graph":[{"@type":"WebPage","@id":"https:\/\/schweizversand.ch\/it\/produkt\/eurostick-start-your-engines-95-106-links\/","url":"https:\/\/schweizversand.ch\/it\/produkt\/eurostick-start-your-engines-95-106-links\/","name":"Eurostick Start Your Engines 95\/106 links","isPartOf":{"@id":"https:\/\/schweizversand.ch\/it\/#website"},"primaryImageOfPage":{"@id":"https:\/\/schweizversand.ch\/it\/produkt\/eurostick-start-your-engines-95-106-links\/#primaryimage"},"image":{"@id":"https:\/\/schweizversand.ch\/it\/produkt\/eurostick-start-your-engines-95-106-links\/#primaryimage"},"thumbnailUrl":"https:\/\/schweizversand.ch\/wp-content\/uploads\/2026\/05\/5471891148.jpg","datePublished":"2026-05-01T00:00:28+00:00","dateModified":"2026-05-02T00:05:06+00:00","description":"Eurostick Premium Unihockeyschl\u00e4ger \"Start Your Engines\" Der Eurostick Premium Unihockeyschl\u00e4ger \"Start Your Engines\" ist der ideale Floorball Schl\u00e4ger f\u00fcr Spie","breadcrumb":{"@id":"https:\/\/schweizversand.ch\/it\/produkt\/eurostick-start-your-engines-95-106-links\/#breadcrumb"},"inLanguage":"it-IT","potentialAction":[{"@type":"ReadAction","target":["https:\/\/schweizversand.ch\/it\/produkt\/eurostick-start-your-engines-95-106-links\/"]}]},{"@type":"ImageObject","inLanguage":"it-IT","@id":"https:\/\/schweizversand.ch\/it\/produkt\/eurostick-start-your-engines-95-106-links\/#primaryimage","url":"https:\/\/schweizversand.ch\/wp-content\/uploads\/2026\/05\/5471891148.jpg","contentUrl":"https:\/\/schweizversand.ch\/wp-content\/uploads\/2026\/05\/5471891148.jpg","width":287,"height":1024},{"@type":"BreadcrumbList","@id":"https:\/\/schweizversand.ch\/it\/produkt\/eurostick-start-your-engines-95-106-links\/#breadcrumb","itemListElement":[{"@type":"ListItem","position":1,"name":"Startseite","item":"https:\/\/schweizversand.ch\/it\/home\/"},{"@type":"ListItem","position":2,"name":"Shop","item":"https:\/\/schweizversand.ch\/it\/shop\/"},{"@type":"ListItem","position":3,"name":"Sport","item":"https:\/\/schweizversand.ch\/it\/produkt-kategorie\/sport-it\/"},{"@type":"ListItem","position":4,"name":"sport con la palla e freccette","item":"https:\/\/schweizversand.ch\/it\/produkt-kategorie\/sport-it\/sport-con-la-palla-e-freccette\/"},{"@type":"ListItem","position":5,"name":"Unihockey","item":"https:\/\/schweizversand.ch\/it\/produkt-kategorie\/unihockey\/"},{"@type":"ListItem","position":6,"name":"Eurostick Start Your Engines 95\/106 a sinistra"}]},{"@type":"WebSite","@id":"https:\/\/schweizversand.ch\/it\/#website","url":"https:\/\/schweizversand.ch\/it\/","name":"Schweizer Shop f\u00fcr Sport, Spiel und Freizeit","description":"Gratisversand ab 50.- (netto), ab eigenem schweizer Lager, Lieferung innert 48h","publisher":{"@id":"https:\/\/schweizversand.ch\/it\/#organization"},"alternateName":"Schweizversand.ch","potentialAction":[{"@type":"SearchAction","target":{"@type":"EntryPoint","urlTemplate":"https:\/\/schweizversand.ch\/it\/?s={search_term_string}"},"query-input":{"@type":"PropertyValueSpecification","valueRequired":true,"valueName":"search_term_string"}}],"inLanguage":"it-IT"},{"@type":"Organization","@id":"https:\/\/schweizversand.ch\/it\/#organization","name":"Schweizversand.ch","url":"https:\/\/schweizversand.ch\/it\/","logo":{"@type":"ImageObject","inLanguage":"it-IT","@id":"https:\/\/schweizversand.ch\/it\/#\/schema\/logo\/image\/","url":"https:\/\/schweizversand.ch\/wp-content\/uploads\/2026\/03\/Logo_Rund_Final-1.png","contentUrl":"https:\/\/schweizversand.ch\/wp-content\/uploads\/2026\/03\/Logo_Rund_Final-1.png","width":404,"height":404,"caption":"Schweizversand.ch"},"image":{"@id":"https:\/\/schweizversand.ch\/it\/#\/schema\/logo\/image\/"},"sameAs":["https:\/\/www.facebook.com\/Schweizversand","https:\/\/www.instagram.com\/schweizversand.ch\/"]}]}},"jetpack_sharing_enabled":true,"_links":{"self":[{"href":"https:\/\/schweizversand.ch\/it\/wp-json\/wp\/v2\/product\/268879","targetHints":{"allow":["GET"]}}],"collection":[{"href":"https:\/\/schweizversand.ch\/it\/wp-json\/wp\/v2\/product"}],"about":[{"href":"https:\/\/schweizversand.ch\/it\/wp-json\/wp\/v2\/types\/product"}],"replies":[{"embeddable":true,"href":"https:\/\/schweizversand.ch\/it\/wp-json\/wp\/v2\/comments?post=268879"}],"wp:featuredmedia":[{"embeddable":true,"href":"https:\/\/schweizversand.ch\/it\/wp-json\/wp\/v2\/media\/268898"}],"wp:attachment":[{"href":"https:\/\/schweizversand.ch\/it\/wp-json\/wp\/v2\/media?parent=268879"}],"wp:term":[{"taxonomy":"product_brand","embeddable":true,"href":"https:\/\/schweizversand.ch\/it\/wp-json\/wp\/v2\/product_brand?post=268879"},{"taxonomy":"product_cat","embeddable":true,"href":"https:\/\/schweizversand.ch\/it\/wp-json\/wp\/v2\/product_cat?post=268879"},{"taxonomy":"product_tag","embeddable":true,"href":"https:\/\/schweizversand.ch\/it\/wp-json\/wp\/v2\/product_tag?post=268879"}],"curies":[{"name":"wp","href":"https:\/\/api.w.org\/{rel}","templated":true}]}}