{"id":268880,"date":"2026-05-01T02:00:29","date_gmt":"2026-05-01T00:00:29","guid":{"rendered":"https:\/\/schweizversand.ch\/produkt\/eurostick-start-your-engines-80-91-links\/"},"modified":"2026-05-02T02:05:06","modified_gmt":"2026-05-02T00:05:06","slug":"eurostick-start-your-engines-80-91-links","status":"publish","type":"product","link":"https:\/\/schweizversand.ch\/it\/produkt\/eurostick-start-your-engines-80-91-links\/","title":{"rendered":"Eurostick Avvia i tuoi motori 80\/91 rimasti"},"content":{"rendered":"<h1><strong>Bastone da floorball Eurostick Premium &#8220;Start Your Engines&#8221;<\/strong><\/h1>\n<div>Entra nel mondo del floorball con il bastone da floorball Eurostick Premium. Questo bastone \u00e8 stato sviluppato appositamente per offrirti un perfetto equilibrio tra velocit\u00e0, precisione e controllo ed \u00e8 il complemento ideale per la tua attrezzatura da floorball.<\/p>\n<\/div>\n<div><strong>Prestazioni e design convincenti<\/strong><br \/>L&#8217;Eurostick Premium \u00e8 la chiave per un gioco dinamico. Grazie ai materiali di alta qualit\u00e0 e alla costruzione ben studiata, sperimenterai un controllo di palla ottimale che convincer\u00e0 sia i principianti che i giocatori amatoriali ambiziosi. Domina il campo da gioco con questo potente bastone da floorball. Dettagli tecnici e materiali: Il bastone da floorball da 80 cm \u00e8 realizzato in robusto PP (polipropilene), che garantisce durata e leggerezza. La lama &#8220;Master&#8221;, realizzata in resistente PEHD, garantisce la massima potenza di tiro e un controllo preciso della palla.<\/p>\n<\/div>\n<div><strong>Panoramica delle caratteristiche del prodotto<\/strong><br \/>&#8211; Lunghezza totale: 91 cm<br \/>&#8211; Lunghezza del bastone: 80 cm (perfetta per diverse et\u00e0 e altezze)<br \/>&#8211; Peso: solo 246 g (consente reazioni fulminee)<br \/>&#8211; Diametro del manico: 26 mm (per una maneggevolezza confortevole)<br \/>&#8211; Materiale del manico: PP robusto (polipropilene)<br \/>&#8211; Tipo di lama: Master (per potenza e precisione)<br \/>&#8211; Stile di gioco: mancino (il bastone si trova sul lato sinistro del corpo)<\/p>\n<\/div>\n<div><strong>Il tuo vantaggio con Eurostick Unihockey<\/strong><br \/>Questo bastone <strong>Eurostick Unihockey<\/strong> ti offre la <strong>qualit\u00e0, precisione e potenza<\/strong> necessarie per il tuo gioco. \u00c8 leggero, robusto e offre eccellenti caratteristiche di tiro grazie alla lama &#8220;Master&#8221;. Acquista subito la nuova <strong>mazza da floorball<\/strong> e porta i tuoi allenamenti e le tue partite a un livello superiore!<\/p>\n<\/div>\n<div><\/div>\n","protected":false},"excerpt":{"rendered":"<p>Eurostick Start Your Engines 80\/91 links bietet perfekte Balance aus Geschwindigkeit, Pr\u00e4zision und Kontrolle. Ideal f\u00fcr Einsteiger und ambitionierte Unihockeyspieler.<\/p>\n","protected":false},"featured_media":160207,"comment_status":"open","ping_status":"closed","template":"","meta":[],"product_brand":[],"product_cat":[39261],"product_tag":[],"class_list":{"0":"post-268880","1":"product","2":"type-product","3":"status-publish","4":"has-post-thumbnail","6":"product_cat-unihockey","7":"product_shipping_class-global_methods","9":"first","10":"instock","11":"taxable","12":"shipping-taxable","13":"purchasable","14":"product-type-simple"},"yoast_head":"<!-- This site is optimized with the Yoast SEO plugin v27.5 - https:\/\/yoast.com\/product\/yoast-seo-wordpress\/ -->\n<title>Eurostick Start Your Engines 80\/91 links<\/title>\n<meta name=\"description\" content=\"Eurostick Premium Unihockeyschl\u00e4ger &quot;Start Your Engines&quot; Steigen Sie ein in die Welt des Floorball Sports mit dem Eurostick Premium Unihockeyschl\u00e4ger . Dieser S\" \/>\n<meta name=\"robots\" content=\"index, follow, max-snippet:-1, max-image-preview:large, max-video-preview:-1\" \/>\n<link rel=\"canonical\" href=\"https:\/\/schweizversand.ch\/it\/produkt\/eurostick-start-your-engines-80-91-links\/\" \/>\n<meta property=\"og:locale\" content=\"it_IT\" \/>\n<meta property=\"og:type\" content=\"article\" \/>\n<meta property=\"og:title\" content=\"Eurostick Start Your Engines 80\/91 links\" \/>\n<meta property=\"og:description\" content=\"Eurostick Premium Unihockeyschl\u00e4ger &quot;Start Your Engines&quot; Steigen Sie ein in die Welt des Floorball Sports mit dem Eurostick Premium Unihockeyschl\u00e4ger . Dieser S\" \/>\n<meta property=\"og:url\" content=\"https:\/\/schweizversand.ch\/it\/produkt\/eurostick-start-your-engines-80-91-links\/\" \/>\n<meta property=\"og:site_name\" content=\"Schweizer Shop f\u00fcr Sport, Spiel und Freizeit\" \/>\n<meta property=\"article:publisher\" content=\"https:\/\/www.facebook.com\/Schweizversand\" \/>\n<meta property=\"article:modified_time\" content=\"2026-05-02T00:05:06+00:00\" \/>\n<meta property=\"og:image\" content=\"https:\/\/schweizversand.ch\/wp-content\/uploads\/2026\/02\/5471887942.jpg\" \/>\n\t<meta property=\"og:image:width\" content=\"282\" \/>\n\t<meta property=\"og:image:height\" content=\"1024\" \/>\n\t<meta property=\"og:image:type\" content=\"image\/jpeg\" \/>\n<meta name=\"twitter:card\" content=\"summary_large_image\" \/>\n<meta name=\"twitter:label1\" content=\"Tempo di lettura stimato\" \/>\n\t<meta name=\"twitter:data1\" content=\"1 minuto\" \/>\n<script type=\"application\/ld+json\" class=\"yoast-schema-graph\">{\"@context\":\"https:\\\/\\\/schema.org\",\"@graph\":[{\"@type\":\"WebPage\",\"@id\":\"https:\\\/\\\/schweizversand.ch\\\/it\\\/produkt\\\/eurostick-start-your-engines-80-91-links\\\/\",\"url\":\"https:\\\/\\\/schweizversand.ch\\\/it\\\/produkt\\\/eurostick-start-your-engines-80-91-links\\\/\",\"name\":\"Eurostick Start Your Engines 80\\\/91 links\",\"isPartOf\":{\"@id\":\"https:\\\/\\\/schweizversand.ch\\\/it\\\/#website\"},\"primaryImageOfPage\":{\"@id\":\"https:\\\/\\\/schweizversand.ch\\\/it\\\/produkt\\\/eurostick-start-your-engines-80-91-links\\\/#primaryimage\"},\"image\":{\"@id\":\"https:\\\/\\\/schweizversand.ch\\\/it\\\/produkt\\\/eurostick-start-your-engines-80-91-links\\\/#primaryimage\"},\"thumbnailUrl\":\"https:\\\/\\\/schweizversand.ch\\\/wp-content\\\/uploads\\\/2026\\\/02\\\/5471887942.jpg\",\"datePublished\":\"2026-05-01T00:00:29+00:00\",\"dateModified\":\"2026-05-02T00:05:06+00:00\",\"description\":\"Eurostick Premium Unihockeyschl\u00e4ger \\\"Start Your Engines\\\" Steigen Sie ein in die Welt des Floorball Sports mit dem Eurostick Premium Unihockeyschl\u00e4ger . Dieser S\",\"breadcrumb\":{\"@id\":\"https:\\\/\\\/schweizversand.ch\\\/it\\\/produkt\\\/eurostick-start-your-engines-80-91-links\\\/#breadcrumb\"},\"inLanguage\":\"it-IT\",\"potentialAction\":[{\"@type\":\"ReadAction\",\"target\":[\"https:\\\/\\\/schweizversand.ch\\\/it\\\/produkt\\\/eurostick-start-your-engines-80-91-links\\\/\"]}]},{\"@type\":\"ImageObject\",\"inLanguage\":\"it-IT\",\"@id\":\"https:\\\/\\\/schweizversand.ch\\\/it\\\/produkt\\\/eurostick-start-your-engines-80-91-links\\\/#primaryimage\",\"url\":\"https:\\\/\\\/schweizversand.ch\\\/wp-content\\\/uploads\\\/2026\\\/02\\\/5471887942.jpg\",\"contentUrl\":\"https:\\\/\\\/schweizversand.ch\\\/wp-content\\\/uploads\\\/2026\\\/02\\\/5471887942.jpg\",\"width\":282,\"height\":1024},{\"@type\":\"BreadcrumbList\",\"@id\":\"https:\\\/\\\/schweizversand.ch\\\/it\\\/produkt\\\/eurostick-start-your-engines-80-91-links\\\/#breadcrumb\",\"itemListElement\":[{\"@type\":\"ListItem\",\"position\":1,\"name\":\"Startseite\",\"item\":\"https:\\\/\\\/schweizversand.ch\\\/it\\\/home\\\/\"},{\"@type\":\"ListItem\",\"position\":2,\"name\":\"Shop\",\"item\":\"https:\\\/\\\/schweizversand.ch\\\/it\\\/shop\\\/\"},{\"@type\":\"ListItem\",\"position\":3,\"name\":\"Sport\",\"item\":\"https:\\\/\\\/schweizversand.ch\\\/it\\\/produkt-kategorie\\\/sport-it\\\/\"},{\"@type\":\"ListItem\",\"position\":4,\"name\":\"sport con la palla e freccette\",\"item\":\"https:\\\/\\\/schweizversand.ch\\\/it\\\/produkt-kategorie\\\/sport-it\\\/sport-con-la-palla-e-freccette\\\/\"},{\"@type\":\"ListItem\",\"position\":5,\"name\":\"Unihockey\",\"item\":\"https:\\\/\\\/schweizversand.ch\\\/it\\\/produkt-kategorie\\\/unihockey\\\/\"},{\"@type\":\"ListItem\",\"position\":6,\"name\":\"Eurostick Avvia i tuoi motori 80\\\/91 rimasti\"}]},{\"@type\":\"WebSite\",\"@id\":\"https:\\\/\\\/schweizversand.ch\\\/it\\\/#website\",\"url\":\"https:\\\/\\\/schweizversand.ch\\\/it\\\/\",\"name\":\"Schweizer Shop f\u00fcr Sport, Spiel und Freizeit\",\"description\":\"Gratisversand ab 50.- (netto), ab eigenem schweizer Lager, Lieferung innert 48h\",\"publisher\":{\"@id\":\"https:\\\/\\\/schweizversand.ch\\\/it\\\/#organization\"},\"alternateName\":\"Schweizversand.ch\",\"potentialAction\":[{\"@type\":\"SearchAction\",\"target\":{\"@type\":\"EntryPoint\",\"urlTemplate\":\"https:\\\/\\\/schweizversand.ch\\\/it\\\/?s={search_term_string}\"},\"query-input\":{\"@type\":\"PropertyValueSpecification\",\"valueRequired\":true,\"valueName\":\"search_term_string\"}}],\"inLanguage\":\"it-IT\"},{\"@type\":\"Organization\",\"@id\":\"https:\\\/\\\/schweizversand.ch\\\/it\\\/#organization\",\"name\":\"Schweizversand.ch\",\"url\":\"https:\\\/\\\/schweizversand.ch\\\/it\\\/\",\"logo\":{\"@type\":\"ImageObject\",\"inLanguage\":\"it-IT\",\"@id\":\"https:\\\/\\\/schweizversand.ch\\\/it\\\/#\\\/schema\\\/logo\\\/image\\\/\",\"url\":\"https:\\\/\\\/schweizversand.ch\\\/wp-content\\\/uploads\\\/2026\\\/03\\\/Logo_Rund_Final-1.png\",\"contentUrl\":\"https:\\\/\\\/schweizversand.ch\\\/wp-content\\\/uploads\\\/2026\\\/03\\\/Logo_Rund_Final-1.png\",\"width\":404,\"height\":404,\"caption\":\"Schweizversand.ch\"},\"image\":{\"@id\":\"https:\\\/\\\/schweizversand.ch\\\/it\\\/#\\\/schema\\\/logo\\\/image\\\/\"},\"sameAs\":[\"https:\\\/\\\/www.facebook.com\\\/Schweizversand\",\"https:\\\/\\\/www.instagram.com\\\/schweizversand.ch\\\/\"]}]}<\/script>\n<!-- \/ Yoast SEO plugin. -->","yoast_head_json":{"title":"Eurostick Start Your Engines 80\/91 links","description":"Eurostick Premium Unihockeyschl\u00e4ger \"Start Your Engines\" Steigen Sie ein in die Welt des Floorball Sports mit dem Eurostick Premium Unihockeyschl\u00e4ger . Dieser S","robots":{"index":"index","follow":"follow","max-snippet":"max-snippet:-1","max-image-preview":"max-image-preview:large","max-video-preview":"max-video-preview:-1"},"canonical":"https:\/\/schweizversand.ch\/it\/produkt\/eurostick-start-your-engines-80-91-links\/","og_locale":"it_IT","og_type":"article","og_title":"Eurostick Start Your Engines 80\/91 links","og_description":"Eurostick Premium Unihockeyschl\u00e4ger \"Start Your Engines\" Steigen Sie ein in die Welt des Floorball Sports mit dem Eurostick Premium Unihockeyschl\u00e4ger . Dieser S","og_url":"https:\/\/schweizversand.ch\/it\/produkt\/eurostick-start-your-engines-80-91-links\/","og_site_name":"Schweizer Shop f\u00fcr Sport, Spiel und Freizeit","article_publisher":"https:\/\/www.facebook.com\/Schweizversand","article_modified_time":"2026-05-02T00:05:06+00:00","og_image":[{"width":282,"height":1024,"url":"https:\/\/schweizversand.ch\/wp-content\/uploads\/2026\/02\/5471887942.jpg","type":"image\/jpeg"}],"twitter_card":"summary_large_image","twitter_misc":{"Tempo di lettura stimato":"1 minuto"},"schema":{"@context":"https:\/\/schema.org","@graph":[{"@type":"WebPage","@id":"https:\/\/schweizversand.ch\/it\/produkt\/eurostick-start-your-engines-80-91-links\/","url":"https:\/\/schweizversand.ch\/it\/produkt\/eurostick-start-your-engines-80-91-links\/","name":"Eurostick Start Your Engines 80\/91 links","isPartOf":{"@id":"https:\/\/schweizversand.ch\/it\/#website"},"primaryImageOfPage":{"@id":"https:\/\/schweizversand.ch\/it\/produkt\/eurostick-start-your-engines-80-91-links\/#primaryimage"},"image":{"@id":"https:\/\/schweizversand.ch\/it\/produkt\/eurostick-start-your-engines-80-91-links\/#primaryimage"},"thumbnailUrl":"https:\/\/schweizversand.ch\/wp-content\/uploads\/2026\/02\/5471887942.jpg","datePublished":"2026-05-01T00:00:29+00:00","dateModified":"2026-05-02T00:05:06+00:00","description":"Eurostick Premium Unihockeyschl\u00e4ger \"Start Your Engines\" Steigen Sie ein in die Welt des Floorball Sports mit dem Eurostick Premium Unihockeyschl\u00e4ger . Dieser S","breadcrumb":{"@id":"https:\/\/schweizversand.ch\/it\/produkt\/eurostick-start-your-engines-80-91-links\/#breadcrumb"},"inLanguage":"it-IT","potentialAction":[{"@type":"ReadAction","target":["https:\/\/schweizversand.ch\/it\/produkt\/eurostick-start-your-engines-80-91-links\/"]}]},{"@type":"ImageObject","inLanguage":"it-IT","@id":"https:\/\/schweizversand.ch\/it\/produkt\/eurostick-start-your-engines-80-91-links\/#primaryimage","url":"https:\/\/schweizversand.ch\/wp-content\/uploads\/2026\/02\/5471887942.jpg","contentUrl":"https:\/\/schweizversand.ch\/wp-content\/uploads\/2026\/02\/5471887942.jpg","width":282,"height":1024},{"@type":"BreadcrumbList","@id":"https:\/\/schweizversand.ch\/it\/produkt\/eurostick-start-your-engines-80-91-links\/#breadcrumb","itemListElement":[{"@type":"ListItem","position":1,"name":"Startseite","item":"https:\/\/schweizversand.ch\/it\/home\/"},{"@type":"ListItem","position":2,"name":"Shop","item":"https:\/\/schweizversand.ch\/it\/shop\/"},{"@type":"ListItem","position":3,"name":"Sport","item":"https:\/\/schweizversand.ch\/it\/produkt-kategorie\/sport-it\/"},{"@type":"ListItem","position":4,"name":"sport con la palla e freccette","item":"https:\/\/schweizversand.ch\/it\/produkt-kategorie\/sport-it\/sport-con-la-palla-e-freccette\/"},{"@type":"ListItem","position":5,"name":"Unihockey","item":"https:\/\/schweizversand.ch\/it\/produkt-kategorie\/unihockey\/"},{"@type":"ListItem","position":6,"name":"Eurostick Avvia i tuoi motori 80\/91 rimasti"}]},{"@type":"WebSite","@id":"https:\/\/schweizversand.ch\/it\/#website","url":"https:\/\/schweizversand.ch\/it\/","name":"Schweizer Shop f\u00fcr Sport, Spiel und Freizeit","description":"Gratisversand ab 50.- (netto), ab eigenem schweizer Lager, Lieferung innert 48h","publisher":{"@id":"https:\/\/schweizversand.ch\/it\/#organization"},"alternateName":"Schweizversand.ch","potentialAction":[{"@type":"SearchAction","target":{"@type":"EntryPoint","urlTemplate":"https:\/\/schweizversand.ch\/it\/?s={search_term_string}"},"query-input":{"@type":"PropertyValueSpecification","valueRequired":true,"valueName":"search_term_string"}}],"inLanguage":"it-IT"},{"@type":"Organization","@id":"https:\/\/schweizversand.ch\/it\/#organization","name":"Schweizversand.ch","url":"https:\/\/schweizversand.ch\/it\/","logo":{"@type":"ImageObject","inLanguage":"it-IT","@id":"https:\/\/schweizversand.ch\/it\/#\/schema\/logo\/image\/","url":"https:\/\/schweizversand.ch\/wp-content\/uploads\/2026\/03\/Logo_Rund_Final-1.png","contentUrl":"https:\/\/schweizversand.ch\/wp-content\/uploads\/2026\/03\/Logo_Rund_Final-1.png","width":404,"height":404,"caption":"Schweizversand.ch"},"image":{"@id":"https:\/\/schweizversand.ch\/it\/#\/schema\/logo\/image\/"},"sameAs":["https:\/\/www.facebook.com\/Schweizversand","https:\/\/www.instagram.com\/schweizversand.ch\/"]}]}},"jetpack_sharing_enabled":true,"_links":{"self":[{"href":"https:\/\/schweizversand.ch\/it\/wp-json\/wp\/v2\/product\/268880","targetHints":{"allow":["GET"]}}],"collection":[{"href":"https:\/\/schweizversand.ch\/it\/wp-json\/wp\/v2\/product"}],"about":[{"href":"https:\/\/schweizversand.ch\/it\/wp-json\/wp\/v2\/types\/product"}],"replies":[{"embeddable":true,"href":"https:\/\/schweizversand.ch\/it\/wp-json\/wp\/v2\/comments?post=268880"}],"wp:featuredmedia":[{"embeddable":true,"href":"https:\/\/schweizversand.ch\/it\/wp-json\/wp\/v2\/media\/160207"}],"wp:attachment":[{"href":"https:\/\/schweizversand.ch\/it\/wp-json\/wp\/v2\/media?parent=268880"}],"wp:term":[{"taxonomy":"product_brand","embeddable":true,"href":"https:\/\/schweizversand.ch\/it\/wp-json\/wp\/v2\/product_brand?post=268880"},{"taxonomy":"product_cat","embeddable":true,"href":"https:\/\/schweizversand.ch\/it\/wp-json\/wp\/v2\/product_cat?post=268880"},{"taxonomy":"product_tag","embeddable":true,"href":"https:\/\/schweizversand.ch\/it\/wp-json\/wp\/v2\/product_tag?post=268880"}],"curies":[{"name":"wp","href":"https:\/\/api.w.org\/{rel}","templated":true}]}}