{"id":268886,"date":"2026-05-01T02:00:30","date_gmt":"2026-05-01T00:00:30","guid":{"rendered":"https:\/\/schweizversand.ch\/produkt\/eurostick-apache-80-91-links-3\/"},"modified":"2026-05-02T02:05:07","modified_gmt":"2026-05-02T00:05:07","slug":"eurostick-apache-80-91-links-3","status":"publish","type":"product","link":"https:\/\/schweizversand.ch\/it\/produkt\/eurostick-apache-80-91-links-3\/","title":{"rendered":"Collegamenti Eurostick Apache 80\/91"},"content":{"rendered":"<h1><strong>Mazza da floorball Junior 80 cm &#8211; Ideale per principianti e scuole<\/strong><\/h1>\n<div>Questa <strong>mazza da floorball per bambini<\/strong> di alta qualit\u00e0 \u00e8 stata sviluppata appositamente per iniziare a giocare a floorball. Offre il perfetto equilibrio tra controllo e durata ed \u00e8 l&#8217;attrezzatura da floorball ideale per i giovani giocatori e le lezioni scolastiche.<\/p>\n<\/div>\n<div><strong>Perfetta per iniziare<\/strong><br \/>La mazza \u00e8 progettata per facilitare l&#8217;apprendimento delle tecniche di base da parte dei principianti. Con questa <strong>mazza da floorball per principianti<\/strong>, imparerai rapidamente a palleggiare, controllarla con precisione, prenderla in sicurezza e tirare con potenza. \u00c8 la <strong>mazza da floorball ideale per le scuole<\/strong> perch\u00e9 \u00e8 robusta e maneggevole.<\/p>\n<\/div>\n<div><strong>Caratteristiche principali del prodotto<\/strong><br \/>L&#8217;asta \u00e8 realizzata in resistente materiale PP, mentre la lama \u00e8 in PEHD, garantendo una lunga durata. Il suo peso leggero di soli 222 g garantisce maneggevolezza e reazioni rapide in campo.<\/p>\n<\/div>\n<div><strong>Dettagli tecnici e dimensioni<\/strong><br \/>&#8211; Lunghezza asta: 80 cm (ideale per la gamma di <strong>bastoni da floorball da 80 cm<\/strong>)<br \/>&#8211; Lunghezza totale: 91 cm<br \/>&#8211; Diametro asta: 26 mm<br \/>&#8211; Peso: 222 g<br \/>&#8211; Materiale asta: PP<br \/>&#8211; Materiale lama: PEHD<\/p>\n<\/div>\n<div><strong>Orientamento: sinistra<\/strong><br \/>Questo bastone \u00e8 progettato come un bastone da floorball per mancini. Ci\u00f2 significa che il bastone \u00e8 posizionato sul lato sinistro del corpo durante il gioco, che \u00e8 la posizione naturale per i giocatori mancini.<\/p>\n<\/div>\n<div>Assicurati subito questo affidabile bastone da floorball e getta le basi per la carriera di successo di tuo figlio nel floorball. Inizia oggi stesso con la giusta attrezzatura da floorball!<\/p>\n","protected":false},"excerpt":{"rendered":"<p>Eurostick Apache 80\/91 Links bietet jungen Anf\u00e4ngern perfekte Kontrolle und Haltbarkeit. Ideal f\u00fcr Schule und Training \u2013 der robuste Unihockeyschl\u00e4ger f\u00fcr den optimalen Einstieg.<\/p>\n","protected":false},"featured_media":268901,"comment_status":"open","ping_status":"closed","template":"","meta":[],"product_brand":[],"product_cat":[39261],"product_tag":[],"class_list":{"0":"post-268886","1":"product","2":"type-product","3":"status-publish","4":"has-post-thumbnail","6":"product_cat-unihockey","7":"product_shipping_class-global_methods","9":"first","10":"instock","11":"taxable","12":"shipping-taxable","13":"purchasable","14":"product-type-simple"},"yoast_head":"<!-- This site is optimized with the Yoast SEO plugin v27.5 - https:\/\/yoast.com\/product\/yoast-seo-wordpress\/ -->\n<title>Eurostick Apache 80\/91 Links<\/title>\n<meta name=\"description\" content=\"Unihockeyschl\u00e4ger Junior 80 cm \u2013 Ideal f\u00fcr Anf\u00e4nger und Schule Dieser hochwertige Unihockeyschl\u00e4ger Kinder wurde speziell f\u00fcr den Einstieg in den Floorballsport\" \/>\n<meta name=\"robots\" content=\"index, follow, max-snippet:-1, max-image-preview:large, max-video-preview:-1\" \/>\n<link rel=\"canonical\" href=\"https:\/\/schweizversand.ch\/it\/produkt\/eurostick-apache-80-91-links-3\/\" \/>\n<meta property=\"og:locale\" content=\"it_IT\" \/>\n<meta property=\"og:type\" content=\"article\" \/>\n<meta property=\"og:title\" content=\"Eurostick Apache 80\/91 Links\" \/>\n<meta property=\"og:description\" content=\"Unihockeyschl\u00e4ger Junior 80 cm \u2013 Ideal f\u00fcr Anf\u00e4nger und Schule Dieser hochwertige Unihockeyschl\u00e4ger Kinder wurde speziell f\u00fcr den Einstieg in den Floorballsport\" \/>\n<meta property=\"og:url\" content=\"https:\/\/schweizversand.ch\/it\/produkt\/eurostick-apache-80-91-links-3\/\" \/>\n<meta property=\"og:site_name\" content=\"Schweizer Shop f\u00fcr Sport, Spiel und Freizeit\" \/>\n<meta property=\"article:publisher\" content=\"https:\/\/www.facebook.com\/Schweizversand\" \/>\n<meta property=\"article:modified_time\" content=\"2026-05-02T00:05:07+00:00\" \/>\n<meta property=\"og:image\" content=\"https:\/\/schweizversand.ch\/wp-content\/uploads\/2026\/05\/5471532625.jpg\" \/>\n\t<meta property=\"og:image:width\" content=\"512\" \/>\n\t<meta property=\"og:image:height\" content=\"1024\" \/>\n\t<meta property=\"og:image:type\" content=\"image\/jpeg\" \/>\n<meta name=\"twitter:card\" content=\"summary_large_image\" \/>\n<meta name=\"twitter:label1\" content=\"Tempo di lettura stimato\" \/>\n\t<meta name=\"twitter:data1\" content=\"1 minuto\" \/>\n<script type=\"application\/ld+json\" class=\"yoast-schema-graph\">{\"@context\":\"https:\\\/\\\/schema.org\",\"@graph\":[{\"@type\":\"WebPage\",\"@id\":\"https:\\\/\\\/schweizversand.ch\\\/it\\\/produkt\\\/eurostick-apache-80-91-links-3\\\/\",\"url\":\"https:\\\/\\\/schweizversand.ch\\\/it\\\/produkt\\\/eurostick-apache-80-91-links-3\\\/\",\"name\":\"Eurostick Apache 80\\\/91 Links\",\"isPartOf\":{\"@id\":\"https:\\\/\\\/schweizversand.ch\\\/it\\\/#website\"},\"primaryImageOfPage\":{\"@id\":\"https:\\\/\\\/schweizversand.ch\\\/it\\\/produkt\\\/eurostick-apache-80-91-links-3\\\/#primaryimage\"},\"image\":{\"@id\":\"https:\\\/\\\/schweizversand.ch\\\/it\\\/produkt\\\/eurostick-apache-80-91-links-3\\\/#primaryimage\"},\"thumbnailUrl\":\"https:\\\/\\\/schweizversand.ch\\\/wp-content\\\/uploads\\\/2026\\\/05\\\/5471532625.jpg\",\"datePublished\":\"2026-05-01T00:00:30+00:00\",\"dateModified\":\"2026-05-02T00:05:07+00:00\",\"description\":\"Unihockeyschl\u00e4ger Junior 80 cm \u2013 Ideal f\u00fcr Anf\u00e4nger und Schule Dieser hochwertige Unihockeyschl\u00e4ger Kinder wurde speziell f\u00fcr den Einstieg in den Floorballsport\",\"breadcrumb\":{\"@id\":\"https:\\\/\\\/schweizversand.ch\\\/it\\\/produkt\\\/eurostick-apache-80-91-links-3\\\/#breadcrumb\"},\"inLanguage\":\"it-IT\",\"potentialAction\":[{\"@type\":\"ReadAction\",\"target\":[\"https:\\\/\\\/schweizversand.ch\\\/it\\\/produkt\\\/eurostick-apache-80-91-links-3\\\/\"]}]},{\"@type\":\"ImageObject\",\"inLanguage\":\"it-IT\",\"@id\":\"https:\\\/\\\/schweizversand.ch\\\/it\\\/produkt\\\/eurostick-apache-80-91-links-3\\\/#primaryimage\",\"url\":\"https:\\\/\\\/schweizversand.ch\\\/wp-content\\\/uploads\\\/2026\\\/05\\\/5471532625.jpg\",\"contentUrl\":\"https:\\\/\\\/schweizversand.ch\\\/wp-content\\\/uploads\\\/2026\\\/05\\\/5471532625.jpg\",\"width\":512,\"height\":1024},{\"@type\":\"BreadcrumbList\",\"@id\":\"https:\\\/\\\/schweizversand.ch\\\/it\\\/produkt\\\/eurostick-apache-80-91-links-3\\\/#breadcrumb\",\"itemListElement\":[{\"@type\":\"ListItem\",\"position\":1,\"name\":\"Startseite\",\"item\":\"https:\\\/\\\/schweizversand.ch\\\/it\\\/home\\\/\"},{\"@type\":\"ListItem\",\"position\":2,\"name\":\"Shop\",\"item\":\"https:\\\/\\\/schweizversand.ch\\\/it\\\/shop\\\/\"},{\"@type\":\"ListItem\",\"position\":3,\"name\":\"Unihockey\",\"item\":\"https:\\\/\\\/schweizversand.ch\\\/it\\\/produkt-kategorie\\\/unihockey\\\/\"},{\"@type\":\"ListItem\",\"position\":4,\"name\":\"Collegamenti Eurostick Apache 80\\\/91\"}]},{\"@type\":\"WebSite\",\"@id\":\"https:\\\/\\\/schweizversand.ch\\\/it\\\/#website\",\"url\":\"https:\\\/\\\/schweizversand.ch\\\/it\\\/\",\"name\":\"Schweizer Shop f\u00fcr Sport, Spiel und Freizeit\",\"description\":\"Gratisversand ab 50.- (netto), ab eigenem schweizer Lager, Lieferung innert 48h\",\"publisher\":{\"@id\":\"https:\\\/\\\/schweizversand.ch\\\/it\\\/#organization\"},\"alternateName\":\"Schweizversand.ch\",\"potentialAction\":[{\"@type\":\"SearchAction\",\"target\":{\"@type\":\"EntryPoint\",\"urlTemplate\":\"https:\\\/\\\/schweizversand.ch\\\/it\\\/?s={search_term_string}\"},\"query-input\":{\"@type\":\"PropertyValueSpecification\",\"valueRequired\":true,\"valueName\":\"search_term_string\"}}],\"inLanguage\":\"it-IT\"},{\"@type\":\"Organization\",\"@id\":\"https:\\\/\\\/schweizversand.ch\\\/it\\\/#organization\",\"name\":\"Schweizversand.ch\",\"url\":\"https:\\\/\\\/schweizversand.ch\\\/it\\\/\",\"logo\":{\"@type\":\"ImageObject\",\"inLanguage\":\"it-IT\",\"@id\":\"https:\\\/\\\/schweizversand.ch\\\/it\\\/#\\\/schema\\\/logo\\\/image\\\/\",\"url\":\"https:\\\/\\\/schweizversand.ch\\\/wp-content\\\/uploads\\\/2026\\\/03\\\/Logo_Rund_Final-1.png\",\"contentUrl\":\"https:\\\/\\\/schweizversand.ch\\\/wp-content\\\/uploads\\\/2026\\\/03\\\/Logo_Rund_Final-1.png\",\"width\":404,\"height\":404,\"caption\":\"Schweizversand.ch\"},\"image\":{\"@id\":\"https:\\\/\\\/schweizversand.ch\\\/it\\\/#\\\/schema\\\/logo\\\/image\\\/\"},\"sameAs\":[\"https:\\\/\\\/www.facebook.com\\\/Schweizversand\",\"https:\\\/\\\/www.instagram.com\\\/schweizversand.ch\\\/\"]}]}<\/script>\n<!-- \/ Yoast SEO plugin. -->","yoast_head_json":{"title":"Eurostick Apache 80\/91 Links","description":"Unihockeyschl\u00e4ger Junior 80 cm \u2013 Ideal f\u00fcr Anf\u00e4nger und Schule Dieser hochwertige Unihockeyschl\u00e4ger Kinder wurde speziell f\u00fcr den Einstieg in den Floorballsport","robots":{"index":"index","follow":"follow","max-snippet":"max-snippet:-1","max-image-preview":"max-image-preview:large","max-video-preview":"max-video-preview:-1"},"canonical":"https:\/\/schweizversand.ch\/it\/produkt\/eurostick-apache-80-91-links-3\/","og_locale":"it_IT","og_type":"article","og_title":"Eurostick Apache 80\/91 Links","og_description":"Unihockeyschl\u00e4ger Junior 80 cm \u2013 Ideal f\u00fcr Anf\u00e4nger und Schule Dieser hochwertige Unihockeyschl\u00e4ger Kinder wurde speziell f\u00fcr den Einstieg in den Floorballsport","og_url":"https:\/\/schweizversand.ch\/it\/produkt\/eurostick-apache-80-91-links-3\/","og_site_name":"Schweizer Shop f\u00fcr Sport, Spiel und Freizeit","article_publisher":"https:\/\/www.facebook.com\/Schweizversand","article_modified_time":"2026-05-02T00:05:07+00:00","og_image":[{"width":512,"height":1024,"url":"https:\/\/schweizversand.ch\/wp-content\/uploads\/2026\/05\/5471532625.jpg","type":"image\/jpeg"}],"twitter_card":"summary_large_image","twitter_misc":{"Tempo di lettura stimato":"1 minuto"},"schema":{"@context":"https:\/\/schema.org","@graph":[{"@type":"WebPage","@id":"https:\/\/schweizversand.ch\/it\/produkt\/eurostick-apache-80-91-links-3\/","url":"https:\/\/schweizversand.ch\/it\/produkt\/eurostick-apache-80-91-links-3\/","name":"Eurostick Apache 80\/91 Links","isPartOf":{"@id":"https:\/\/schweizversand.ch\/it\/#website"},"primaryImageOfPage":{"@id":"https:\/\/schweizversand.ch\/it\/produkt\/eurostick-apache-80-91-links-3\/#primaryimage"},"image":{"@id":"https:\/\/schweizversand.ch\/it\/produkt\/eurostick-apache-80-91-links-3\/#primaryimage"},"thumbnailUrl":"https:\/\/schweizversand.ch\/wp-content\/uploads\/2026\/05\/5471532625.jpg","datePublished":"2026-05-01T00:00:30+00:00","dateModified":"2026-05-02T00:05:07+00:00","description":"Unihockeyschl\u00e4ger Junior 80 cm \u2013 Ideal f\u00fcr Anf\u00e4nger und Schule Dieser hochwertige Unihockeyschl\u00e4ger Kinder wurde speziell f\u00fcr den Einstieg in den Floorballsport","breadcrumb":{"@id":"https:\/\/schweizversand.ch\/it\/produkt\/eurostick-apache-80-91-links-3\/#breadcrumb"},"inLanguage":"it-IT","potentialAction":[{"@type":"ReadAction","target":["https:\/\/schweizversand.ch\/it\/produkt\/eurostick-apache-80-91-links-3\/"]}]},{"@type":"ImageObject","inLanguage":"it-IT","@id":"https:\/\/schweizversand.ch\/it\/produkt\/eurostick-apache-80-91-links-3\/#primaryimage","url":"https:\/\/schweizversand.ch\/wp-content\/uploads\/2026\/05\/5471532625.jpg","contentUrl":"https:\/\/schweizversand.ch\/wp-content\/uploads\/2026\/05\/5471532625.jpg","width":512,"height":1024},{"@type":"BreadcrumbList","@id":"https:\/\/schweizversand.ch\/it\/produkt\/eurostick-apache-80-91-links-3\/#breadcrumb","itemListElement":[{"@type":"ListItem","position":1,"name":"Startseite","item":"https:\/\/schweizversand.ch\/it\/home\/"},{"@type":"ListItem","position":2,"name":"Shop","item":"https:\/\/schweizversand.ch\/it\/shop\/"},{"@type":"ListItem","position":3,"name":"Unihockey","item":"https:\/\/schweizversand.ch\/it\/produkt-kategorie\/unihockey\/"},{"@type":"ListItem","position":4,"name":"Collegamenti Eurostick Apache 80\/91"}]},{"@type":"WebSite","@id":"https:\/\/schweizversand.ch\/it\/#website","url":"https:\/\/schweizversand.ch\/it\/","name":"Schweizer Shop f\u00fcr Sport, Spiel und Freizeit","description":"Gratisversand ab 50.- (netto), ab eigenem schweizer Lager, Lieferung innert 48h","publisher":{"@id":"https:\/\/schweizversand.ch\/it\/#organization"},"alternateName":"Schweizversand.ch","potentialAction":[{"@type":"SearchAction","target":{"@type":"EntryPoint","urlTemplate":"https:\/\/schweizversand.ch\/it\/?s={search_term_string}"},"query-input":{"@type":"PropertyValueSpecification","valueRequired":true,"valueName":"search_term_string"}}],"inLanguage":"it-IT"},{"@type":"Organization","@id":"https:\/\/schweizversand.ch\/it\/#organization","name":"Schweizversand.ch","url":"https:\/\/schweizversand.ch\/it\/","logo":{"@type":"ImageObject","inLanguage":"it-IT","@id":"https:\/\/schweizversand.ch\/it\/#\/schema\/logo\/image\/","url":"https:\/\/schweizversand.ch\/wp-content\/uploads\/2026\/03\/Logo_Rund_Final-1.png","contentUrl":"https:\/\/schweizversand.ch\/wp-content\/uploads\/2026\/03\/Logo_Rund_Final-1.png","width":404,"height":404,"caption":"Schweizversand.ch"},"image":{"@id":"https:\/\/schweizversand.ch\/it\/#\/schema\/logo\/image\/"},"sameAs":["https:\/\/www.facebook.com\/Schweizversand","https:\/\/www.instagram.com\/schweizversand.ch\/"]}]}},"jetpack_sharing_enabled":true,"_links":{"self":[{"href":"https:\/\/schweizversand.ch\/it\/wp-json\/wp\/v2\/product\/268886","targetHints":{"allow":["GET"]}}],"collection":[{"href":"https:\/\/schweizversand.ch\/it\/wp-json\/wp\/v2\/product"}],"about":[{"href":"https:\/\/schweizversand.ch\/it\/wp-json\/wp\/v2\/types\/product"}],"replies":[{"embeddable":true,"href":"https:\/\/schweizversand.ch\/it\/wp-json\/wp\/v2\/comments?post=268886"}],"wp:featuredmedia":[{"embeddable":true,"href":"https:\/\/schweizversand.ch\/it\/wp-json\/wp\/v2\/media\/268901"}],"wp:attachment":[{"href":"https:\/\/schweizversand.ch\/it\/wp-json\/wp\/v2\/media?parent=268886"}],"wp:term":[{"taxonomy":"product_brand","embeddable":true,"href":"https:\/\/schweizversand.ch\/it\/wp-json\/wp\/v2\/product_brand?post=268886"},{"taxonomy":"product_cat","embeddable":true,"href":"https:\/\/schweizversand.ch\/it\/wp-json\/wp\/v2\/product_cat?post=268886"},{"taxonomy":"product_tag","embeddable":true,"href":"https:\/\/schweizversand.ch\/it\/wp-json\/wp\/v2\/product_tag?post=268886"}],"curies":[{"name":"wp","href":"https:\/\/api.w.org\/{rel}","templated":true}]}}