{"id":268887,"date":"2026-05-01T02:00:30","date_gmt":"2026-05-01T00:00:30","guid":{"rendered":"https:\/\/schweizversand.ch\/produkt\/eurostick-moooove-95-106-links\/"},"modified":"2026-05-02T02:05:07","modified_gmt":"2026-05-02T00:05:07","slug":"eurostick-moooove-95-106-links","status":"publish","type":"product","link":"https:\/\/schweizversand.ch\/it\/produkt\/eurostick-moooove-95-106-links\/","title":{"rendered":"Eurostick Moooove 95\/106"},"content":{"rendered":"<h1><strong>Mazza da floorball per bambini 95 cm &#8211; Ideale per principianti e scuole<\/strong><\/h1>\n<div>Questa <strong>mazza da floorball per bambini<\/strong> \u00e8 la scelta perfetta per i giovani atleti che desiderano scoprire questo sport dinamico. \u00c8 stata appositamente progettata per facilitare l&#8217;approccio dei principianti e per insegnare in modo ottimale le basi del gioco.<\/p>\n<\/div>\n<div><strong>Perfetta per la scuola e il tempo libero<\/strong><br \/>La mazza da floorball \u00e8 ideale per l&#8217;uso negli sport scolastici o per i bambini che si avvicinano per la prima volta a questo sport popolare. Soddisfa tutti i requisiti per allenare efficacemente il palleggio, il controllo e il tiro. Il controllo della palla \u00e8 semplice con questa <strong>mazza da floorball per principianti<\/strong>.<\/p>\n<\/div>\n<div><strong>Design e maneggevolezza<\/strong><br \/>L&#8217;asta \u00e8 progettata su misura per le esigenze dei giovani giocatori per garantire equilibrio e maneggevolezza ottimali. Il peso leggero di soli 288 g garantisce ai bambini di completare sessioni di allenamento anche pi\u00f9 lunghe senza affaticarsi. Un&#8217;attrezzatura solida per il floorball inizia con la mazza giusta.<\/p>\n<\/div>\n<div><strong>Dettagli tecnici e materiali<\/strong><br \/>&#8211; Lunghezza asta: 95 cm<br \/>&#8211; Lunghezza totale: 106 cm<br \/>&#8211; Diametro asta: 26 mm<br \/>&#8211; Peso: 288 g<br \/>&#8211; Materiale asta: PP (polipropilene)<br \/>&#8211; Materiale lama: PEHD (polietilene ad alta densit\u00e0)<\/p>\n<\/div>\n<div><strong>Scelta del lato di gioco<\/strong><br \/>Quando si sceglie, prestare attenzione al corretto orientamento: Sinistra significa che la mazza da floorball da 95 cm si trova sul lato sinistro del corpo quando il giocatore la impugna. Questo \u00e8 fondamentale per la tecnica corretta quando si gioca a floorball con un bambino. Assicuratevi subito questa mazza da floorball scolastica di alta qualit\u00e0 e offrite a vostro figlio un inizio di successo nel mondo del floorball. Sinistra = il bastone si trova sul lato sinistro del corpo.<\/p>\n","protected":false},"excerpt":{"rendered":"<p>Eurostick Moooove 95\/106: Der ideale Unihockeyschl\u00e4ger f\u00fcr Kinder. Perfekt f\u00fcr Anf\u00e4nger, Schule und Freizeit \u2013 optimale Ballkontrolle und einfache Handhabung garantiert.<\/p>\n","protected":false},"featured_media":268907,"comment_status":"open","ping_status":"closed","template":"","meta":[],"product_brand":[],"product_cat":[39261],"product_tag":[],"class_list":{"0":"post-268887","1":"product","2":"type-product","3":"status-publish","4":"has-post-thumbnail","6":"product_cat-unihockey","7":"product_shipping_class-global_methods","9":"first","10":"instock","11":"taxable","12":"shipping-taxable","13":"purchasable","14":"product-type-simple"},"yoast_head":"<!-- This site is optimized with the Yoast SEO plugin v27.5 - https:\/\/yoast.com\/product\/yoast-seo-wordpress\/ -->\n<title>Eurostick Moooove 95\/106<\/title>\n<meta name=\"description\" content=\"Unihockeyschl\u00e4ger Kinder 95 cm \u2013 Ideal f\u00fcr Anf\u00e4nger und Schulen Dieser Kinder Floorballschl\u00e4ger ist die perfekte Wahl f\u00fcr junge Sportler, die den dynamischen Un\" \/>\n<meta name=\"robots\" content=\"index, follow, max-snippet:-1, max-image-preview:large, max-video-preview:-1\" \/>\n<link rel=\"canonical\" href=\"https:\/\/schweizversand.ch\/it\/produkt\/eurostick-moooove-95-106-links\/\" \/>\n<meta property=\"og:locale\" content=\"it_IT\" \/>\n<meta property=\"og:type\" content=\"article\" \/>\n<meta property=\"og:title\" content=\"Eurostick Moooove 95\/106\" \/>\n<meta property=\"og:description\" content=\"Unihockeyschl\u00e4ger Kinder 95 cm \u2013 Ideal f\u00fcr Anf\u00e4nger und Schulen Dieser Kinder Floorballschl\u00e4ger ist die perfekte Wahl f\u00fcr junge Sportler, die den dynamischen Un\" \/>\n<meta property=\"og:url\" content=\"https:\/\/schweizversand.ch\/it\/produkt\/eurostick-moooove-95-106-links\/\" \/>\n<meta property=\"og:site_name\" content=\"Schweizer Shop f\u00fcr Sport, Spiel und Freizeit\" \/>\n<meta property=\"article:publisher\" content=\"https:\/\/www.facebook.com\/Schweizversand\" \/>\n<meta property=\"article:modified_time\" content=\"2026-05-02T00:05:07+00:00\" \/>\n<meta property=\"og:image\" content=\"https:\/\/schweizversand.ch\/wp-content\/uploads\/2026\/05\/5471544384.jpg\" \/>\n\t<meta property=\"og:image:width\" content=\"512\" \/>\n\t<meta property=\"og:image:height\" content=\"1024\" \/>\n\t<meta property=\"og:image:type\" content=\"image\/jpeg\" \/>\n<meta name=\"twitter:card\" content=\"summary_large_image\" \/>\n<meta name=\"twitter:label1\" content=\"Tempo di lettura stimato\" \/>\n\t<meta name=\"twitter:data1\" content=\"1 minuto\" \/>\n<script type=\"application\/ld+json\" class=\"yoast-schema-graph\">{\"@context\":\"https:\\\/\\\/schema.org\",\"@graph\":[{\"@type\":\"WebPage\",\"@id\":\"https:\\\/\\\/schweizversand.ch\\\/it\\\/produkt\\\/eurostick-moooove-95-106-links\\\/\",\"url\":\"https:\\\/\\\/schweizversand.ch\\\/it\\\/produkt\\\/eurostick-moooove-95-106-links\\\/\",\"name\":\"Eurostick Moooove 95\\\/106\",\"isPartOf\":{\"@id\":\"https:\\\/\\\/schweizversand.ch\\\/it\\\/#website\"},\"primaryImageOfPage\":{\"@id\":\"https:\\\/\\\/schweizversand.ch\\\/it\\\/produkt\\\/eurostick-moooove-95-106-links\\\/#primaryimage\"},\"image\":{\"@id\":\"https:\\\/\\\/schweizversand.ch\\\/it\\\/produkt\\\/eurostick-moooove-95-106-links\\\/#primaryimage\"},\"thumbnailUrl\":\"https:\\\/\\\/schweizversand.ch\\\/wp-content\\\/uploads\\\/2026\\\/05\\\/5471544384.jpg\",\"datePublished\":\"2026-05-01T00:00:30+00:00\",\"dateModified\":\"2026-05-02T00:05:07+00:00\",\"description\":\"Unihockeyschl\u00e4ger Kinder 95 cm \u2013 Ideal f\u00fcr Anf\u00e4nger und Schulen Dieser Kinder Floorballschl\u00e4ger ist die perfekte Wahl f\u00fcr junge Sportler, die den dynamischen Un\",\"breadcrumb\":{\"@id\":\"https:\\\/\\\/schweizversand.ch\\\/it\\\/produkt\\\/eurostick-moooove-95-106-links\\\/#breadcrumb\"},\"inLanguage\":\"it-IT\",\"potentialAction\":[{\"@type\":\"ReadAction\",\"target\":[\"https:\\\/\\\/schweizversand.ch\\\/it\\\/produkt\\\/eurostick-moooove-95-106-links\\\/\"]}]},{\"@type\":\"ImageObject\",\"inLanguage\":\"it-IT\",\"@id\":\"https:\\\/\\\/schweizversand.ch\\\/it\\\/produkt\\\/eurostick-moooove-95-106-links\\\/#primaryimage\",\"url\":\"https:\\\/\\\/schweizversand.ch\\\/wp-content\\\/uploads\\\/2026\\\/05\\\/5471544384.jpg\",\"contentUrl\":\"https:\\\/\\\/schweizversand.ch\\\/wp-content\\\/uploads\\\/2026\\\/05\\\/5471544384.jpg\",\"width\":512,\"height\":1024},{\"@type\":\"BreadcrumbList\",\"@id\":\"https:\\\/\\\/schweizversand.ch\\\/it\\\/produkt\\\/eurostick-moooove-95-106-links\\\/#breadcrumb\",\"itemListElement\":[{\"@type\":\"ListItem\",\"position\":1,\"name\":\"Startseite\",\"item\":\"https:\\\/\\\/schweizversand.ch\\\/it\\\/home\\\/\"},{\"@type\":\"ListItem\",\"position\":2,\"name\":\"Shop\",\"item\":\"https:\\\/\\\/schweizversand.ch\\\/it\\\/shop\\\/\"},{\"@type\":\"ListItem\",\"position\":3,\"name\":\"Unihockey\",\"item\":\"https:\\\/\\\/schweizversand.ch\\\/it\\\/produkt-kategorie\\\/unihockey\\\/\"},{\"@type\":\"ListItem\",\"position\":4,\"name\":\"Eurostick Moooove 95\\\/106\"}]},{\"@type\":\"WebSite\",\"@id\":\"https:\\\/\\\/schweizversand.ch\\\/it\\\/#website\",\"url\":\"https:\\\/\\\/schweizversand.ch\\\/it\\\/\",\"name\":\"Schweizer Shop f\u00fcr Sport, Spiel und Freizeit\",\"description\":\"Gratisversand ab 50.- (netto), ab eigenem schweizer Lager, Lieferung innert 48h\",\"publisher\":{\"@id\":\"https:\\\/\\\/schweizversand.ch\\\/it\\\/#organization\"},\"alternateName\":\"Schweizversand.ch\",\"potentialAction\":[{\"@type\":\"SearchAction\",\"target\":{\"@type\":\"EntryPoint\",\"urlTemplate\":\"https:\\\/\\\/schweizversand.ch\\\/it\\\/?s={search_term_string}\"},\"query-input\":{\"@type\":\"PropertyValueSpecification\",\"valueRequired\":true,\"valueName\":\"search_term_string\"}}],\"inLanguage\":\"it-IT\"},{\"@type\":\"Organization\",\"@id\":\"https:\\\/\\\/schweizversand.ch\\\/it\\\/#organization\",\"name\":\"Schweizversand.ch\",\"url\":\"https:\\\/\\\/schweizversand.ch\\\/it\\\/\",\"logo\":{\"@type\":\"ImageObject\",\"inLanguage\":\"it-IT\",\"@id\":\"https:\\\/\\\/schweizversand.ch\\\/it\\\/#\\\/schema\\\/logo\\\/image\\\/\",\"url\":\"https:\\\/\\\/schweizversand.ch\\\/wp-content\\\/uploads\\\/2026\\\/03\\\/Logo_Rund_Final-1.png\",\"contentUrl\":\"https:\\\/\\\/schweizversand.ch\\\/wp-content\\\/uploads\\\/2026\\\/03\\\/Logo_Rund_Final-1.png\",\"width\":404,\"height\":404,\"caption\":\"Schweizversand.ch\"},\"image\":{\"@id\":\"https:\\\/\\\/schweizversand.ch\\\/it\\\/#\\\/schema\\\/logo\\\/image\\\/\"},\"sameAs\":[\"https:\\\/\\\/www.facebook.com\\\/Schweizversand\",\"https:\\\/\\\/www.instagram.com\\\/schweizversand.ch\\\/\"]}]}<\/script>\n<!-- \/ Yoast SEO plugin. -->","yoast_head_json":{"title":"Eurostick Moooove 95\/106","description":"Unihockeyschl\u00e4ger Kinder 95 cm \u2013 Ideal f\u00fcr Anf\u00e4nger und Schulen Dieser Kinder Floorballschl\u00e4ger ist die perfekte Wahl f\u00fcr junge Sportler, die den dynamischen Un","robots":{"index":"index","follow":"follow","max-snippet":"max-snippet:-1","max-image-preview":"max-image-preview:large","max-video-preview":"max-video-preview:-1"},"canonical":"https:\/\/schweizversand.ch\/it\/produkt\/eurostick-moooove-95-106-links\/","og_locale":"it_IT","og_type":"article","og_title":"Eurostick Moooove 95\/106","og_description":"Unihockeyschl\u00e4ger Kinder 95 cm \u2013 Ideal f\u00fcr Anf\u00e4nger und Schulen Dieser Kinder Floorballschl\u00e4ger ist die perfekte Wahl f\u00fcr junge Sportler, die den dynamischen Un","og_url":"https:\/\/schweizversand.ch\/it\/produkt\/eurostick-moooove-95-106-links\/","og_site_name":"Schweizer Shop f\u00fcr Sport, Spiel und Freizeit","article_publisher":"https:\/\/www.facebook.com\/Schweizversand","article_modified_time":"2026-05-02T00:05:07+00:00","og_image":[{"width":512,"height":1024,"url":"https:\/\/schweizversand.ch\/wp-content\/uploads\/2026\/05\/5471544384.jpg","type":"image\/jpeg"}],"twitter_card":"summary_large_image","twitter_misc":{"Tempo di lettura stimato":"1 minuto"},"schema":{"@context":"https:\/\/schema.org","@graph":[{"@type":"WebPage","@id":"https:\/\/schweizversand.ch\/it\/produkt\/eurostick-moooove-95-106-links\/","url":"https:\/\/schweizversand.ch\/it\/produkt\/eurostick-moooove-95-106-links\/","name":"Eurostick Moooove 95\/106","isPartOf":{"@id":"https:\/\/schweizversand.ch\/it\/#website"},"primaryImageOfPage":{"@id":"https:\/\/schweizversand.ch\/it\/produkt\/eurostick-moooove-95-106-links\/#primaryimage"},"image":{"@id":"https:\/\/schweizversand.ch\/it\/produkt\/eurostick-moooove-95-106-links\/#primaryimage"},"thumbnailUrl":"https:\/\/schweizversand.ch\/wp-content\/uploads\/2026\/05\/5471544384.jpg","datePublished":"2026-05-01T00:00:30+00:00","dateModified":"2026-05-02T00:05:07+00:00","description":"Unihockeyschl\u00e4ger Kinder 95 cm \u2013 Ideal f\u00fcr Anf\u00e4nger und Schulen Dieser Kinder Floorballschl\u00e4ger ist die perfekte Wahl f\u00fcr junge Sportler, die den dynamischen Un","breadcrumb":{"@id":"https:\/\/schweizversand.ch\/it\/produkt\/eurostick-moooove-95-106-links\/#breadcrumb"},"inLanguage":"it-IT","potentialAction":[{"@type":"ReadAction","target":["https:\/\/schweizversand.ch\/it\/produkt\/eurostick-moooove-95-106-links\/"]}]},{"@type":"ImageObject","inLanguage":"it-IT","@id":"https:\/\/schweizversand.ch\/it\/produkt\/eurostick-moooove-95-106-links\/#primaryimage","url":"https:\/\/schweizversand.ch\/wp-content\/uploads\/2026\/05\/5471544384.jpg","contentUrl":"https:\/\/schweizversand.ch\/wp-content\/uploads\/2026\/05\/5471544384.jpg","width":512,"height":1024},{"@type":"BreadcrumbList","@id":"https:\/\/schweizversand.ch\/it\/produkt\/eurostick-moooove-95-106-links\/#breadcrumb","itemListElement":[{"@type":"ListItem","position":1,"name":"Startseite","item":"https:\/\/schweizversand.ch\/it\/home\/"},{"@type":"ListItem","position":2,"name":"Shop","item":"https:\/\/schweizversand.ch\/it\/shop\/"},{"@type":"ListItem","position":3,"name":"Unihockey","item":"https:\/\/schweizversand.ch\/it\/produkt-kategorie\/unihockey\/"},{"@type":"ListItem","position":4,"name":"Eurostick Moooove 95\/106"}]},{"@type":"WebSite","@id":"https:\/\/schweizversand.ch\/it\/#website","url":"https:\/\/schweizversand.ch\/it\/","name":"Schweizer Shop f\u00fcr Sport, Spiel und Freizeit","description":"Gratisversand ab 50.- (netto), ab eigenem schweizer Lager, Lieferung innert 48h","publisher":{"@id":"https:\/\/schweizversand.ch\/it\/#organization"},"alternateName":"Schweizversand.ch","potentialAction":[{"@type":"SearchAction","target":{"@type":"EntryPoint","urlTemplate":"https:\/\/schweizversand.ch\/it\/?s={search_term_string}"},"query-input":{"@type":"PropertyValueSpecification","valueRequired":true,"valueName":"search_term_string"}}],"inLanguage":"it-IT"},{"@type":"Organization","@id":"https:\/\/schweizversand.ch\/it\/#organization","name":"Schweizversand.ch","url":"https:\/\/schweizversand.ch\/it\/","logo":{"@type":"ImageObject","inLanguage":"it-IT","@id":"https:\/\/schweizversand.ch\/it\/#\/schema\/logo\/image\/","url":"https:\/\/schweizversand.ch\/wp-content\/uploads\/2026\/03\/Logo_Rund_Final-1.png","contentUrl":"https:\/\/schweizversand.ch\/wp-content\/uploads\/2026\/03\/Logo_Rund_Final-1.png","width":404,"height":404,"caption":"Schweizversand.ch"},"image":{"@id":"https:\/\/schweizversand.ch\/it\/#\/schema\/logo\/image\/"},"sameAs":["https:\/\/www.facebook.com\/Schweizversand","https:\/\/www.instagram.com\/schweizversand.ch\/"]}]}},"jetpack_sharing_enabled":true,"_links":{"self":[{"href":"https:\/\/schweizversand.ch\/it\/wp-json\/wp\/v2\/product\/268887","targetHints":{"allow":["GET"]}}],"collection":[{"href":"https:\/\/schweizversand.ch\/it\/wp-json\/wp\/v2\/product"}],"about":[{"href":"https:\/\/schweizversand.ch\/it\/wp-json\/wp\/v2\/types\/product"}],"replies":[{"embeddable":true,"href":"https:\/\/schweizversand.ch\/it\/wp-json\/wp\/v2\/comments?post=268887"}],"wp:featuredmedia":[{"embeddable":true,"href":"https:\/\/schweizversand.ch\/it\/wp-json\/wp\/v2\/media\/268907"}],"wp:attachment":[{"href":"https:\/\/schweizversand.ch\/it\/wp-json\/wp\/v2\/media?parent=268887"}],"wp:term":[{"taxonomy":"product_brand","embeddable":true,"href":"https:\/\/schweizversand.ch\/it\/wp-json\/wp\/v2\/product_brand?post=268887"},{"taxonomy":"product_cat","embeddable":true,"href":"https:\/\/schweizversand.ch\/it\/wp-json\/wp\/v2\/product_cat?post=268887"},{"taxonomy":"product_tag","embeddable":true,"href":"https:\/\/schweizversand.ch\/it\/wp-json\/wp\/v2\/product_tag?post=268887"}],"curies":[{"name":"wp","href":"https:\/\/api.w.org\/{rel}","templated":true}]}}