{"id":268889,"date":"2026-05-01T02:00:30","date_gmt":"2026-05-01T00:00:30","guid":{"rendered":"https:\/\/schweizversand.ch\/produkt\/eurostick-medigoal-set\/"},"modified":"2026-05-02T02:05:07","modified_gmt":"2026-05-02T00:05:07","slug":"eurostick-medigoal-set","status":"publish","type":"product","link":"https:\/\/schweizversand.ch\/it\/produkt\/eurostick-medigoal-set\/","title":{"rendered":"Set medio Eurostick"},"content":{"rendered":"<h1><strong>Mini set da hockey: il massimo divertimento per bambini<\/strong><\/h1>\n<div>Cerchi un&#8217;attivit\u00e0 entusiasmante da fare al chiuso o all&#8217;aperto? Questo <strong>mini set da hockey<\/strong> offre tutto il necessario per un divertimento immediato. \u00c8 il <strong>set da hockey per bambini<\/strong> perfetto per promuovere in modo giocoso abilit\u00e0 e lavoro di squadra.<\/p>\n<\/div>\n<div><strong>Contenuto della confezione completo<\/strong><br \/>Ideale per i principianti, questo set include tutti i componenti necessari per iniziare a giocare immediatamente. Viene fornito in una comoda confezione in una busta di plastica PP, cos\u00ec puoi portare il <strong>set da hockey<\/strong> ovunque.<\/p>\n<\/div>\n<div><strong>Set da hockey di alta qualit\u00e0<\/strong><br \/>La robusta porta \u00e8 il fulcro di ogni partita e pu\u00f2 resistere anche alle partite pi\u00f9 intense. Il <strong>Mini Ice Hockey Set<\/strong> \u00e8 progettato per un montaggio rapido e semplice.<\/p>\n<\/div>\n<div><strong>Dettagli della porta<\/strong><br \/>&#8211; Dimensioni: 60 x 90 x 40 cm<br \/>&#8211; Materiale: Porta rossa verniciata a polvere con bottoni automatici<br \/>&#8211; Diametro del tubo: 2,5 cm<br \/>&#8211; Rete: Rete in poliestere nera (maglia 4&#215;4 cm)<br \/>&#8211; Accessori: 4 inserti in acciaio e cordino di fissaggio<br \/>&#8211; Peso: 1,8 kg<\/p>\n<\/div>\n<div><strong>Set di mazze da hockey ad alte prestazioni<\/strong><br \/>Le mazze incluse sono leggere e progettate appositamente per le mani dei bambini, per garantire un controllo ottimale. Il <strong>giocattolo da hockey<\/strong> \u00e8 realizzato con materiali resistenti per garantire una lunga durata.<\/p>\n<\/div>\n<div><strong>Dettagli del bastone (2 pezzi)<\/strong><br \/>&#8211; Lunghezza totale: 96 cm<br \/>&#8211; Lunghezza dell&#8217;asta: 85 cm<br \/>&#8211; Peso per bastone: 220 g<br \/>&#8211; Materiale del bastone: PP<br \/>&#8211; Materiale della lama: PEHD<\/p>\n<p><\/div>\n<div><strong>Palle sicure e resistenti<\/strong><br \/>Sono incluse due palline, progettate appositamente per il <strong>Mini Hockey Set<\/strong>. Sono prive di ftalati e offrono eccellenti caratteristiche di volo.<\/p>\n<\/div>\n<div><strong>Dettagli sulle palline (2 pezzi)<\/strong><br \/>&#8211; Materiale: polietilene, termoplastico (privo di ftalati)<br \/>&#8211; Diametro: 7,5 cm<br \/>&#8211; Peso per pallina: 26 g<\/p>\n<\/div>\n<div>Acquista oggi stesso questo <strong>set completo da mini hockey<\/strong> e vivi un divertimento indimenticabile con la famiglia e gli amici.<\/p>\n<\/div>\n<div><\/div>\n","protected":false},"excerpt":{"rendered":"<p>Eurostick Medigoal Set bietet Mini Hockey-Spa\u00df f\u00fcr drinnen und drau\u00dfen. Robust, komplett und mobil \u2013 perfekt f\u00fcr spielerisches Training von Geschicklichkeit und Teamgeist bei Kindern.<\/p>\n","protected":false},"featured_media":268919,"comment_status":"open","ping_status":"closed","template":"","meta":[],"product_brand":[],"product_cat":[39261],"product_tag":[],"class_list":{"0":"post-268889","1":"product","2":"type-product","3":"status-publish","4":"has-post-thumbnail","6":"product_cat-unihockey","7":"product_shipping_class-global_methods","9":"first","10":"instock","11":"taxable","12":"shipping-taxable","13":"purchasable","14":"product-type-simple"},"yoast_head":"<!-- This site is optimized with the Yoast SEO plugin v27.5 - https:\/\/yoast.com\/product\/yoast-seo-wordpress\/ -->\n<title>Eurostick Medigoal Set<\/title>\n<meta name=\"description\" content=\"Mini Hockey Set \u2013 Das ultimative Spielvergn\u00fcgen f\u00fcr Kinder Suchen Sie nach einer spannenden Aktivit\u00e4t f\u00fcr drinnen oder draussen? Dieses Mini Hockey Set bietet a\" \/>\n<meta name=\"robots\" content=\"index, follow, max-snippet:-1, max-image-preview:large, max-video-preview:-1\" \/>\n<link rel=\"canonical\" href=\"https:\/\/schweizversand.ch\/it\/produkt\/eurostick-medigoal-set\/\" \/>\n<meta property=\"og:locale\" content=\"it_IT\" \/>\n<meta property=\"og:type\" content=\"article\" \/>\n<meta property=\"og:title\" content=\"Eurostick Medigoal Set\" \/>\n<meta property=\"og:description\" content=\"Mini Hockey Set \u2013 Das ultimative Spielvergn\u00fcgen f\u00fcr Kinder Suchen Sie nach einer spannenden Aktivit\u00e4t f\u00fcr drinnen oder draussen? Dieses Mini Hockey Set bietet a\" \/>\n<meta property=\"og:url\" content=\"https:\/\/schweizversand.ch\/it\/produkt\/eurostick-medigoal-set\/\" \/>\n<meta property=\"og:site_name\" content=\"Schweizer Shop f\u00fcr Sport, Spiel und Freizeit\" \/>\n<meta property=\"article:publisher\" content=\"https:\/\/www.facebook.com\/Schweizversand\" \/>\n<meta property=\"article:modified_time\" content=\"2026-05-02T00:05:07+00:00\" \/>\n<meta property=\"og:image\" content=\"https:\/\/schweizversand.ch\/wp-content\/uploads\/2026\/05\/5471481117.jpg\" \/>\n\t<meta property=\"og:image:width\" content=\"791\" \/>\n\t<meta property=\"og:image:height\" content=\"1024\" \/>\n\t<meta property=\"og:image:type\" content=\"image\/jpeg\" \/>\n<meta name=\"twitter:card\" content=\"summary_large_image\" \/>\n<meta name=\"twitter:label1\" content=\"Tempo di lettura stimato\" \/>\n\t<meta name=\"twitter:data1\" content=\"1 minuto\" \/>\n<script type=\"application\/ld+json\" class=\"yoast-schema-graph\">{\"@context\":\"https:\\\/\\\/schema.org\",\"@graph\":[{\"@type\":\"WebPage\",\"@id\":\"https:\\\/\\\/schweizversand.ch\\\/it\\\/produkt\\\/eurostick-medigoal-set\\\/\",\"url\":\"https:\\\/\\\/schweizversand.ch\\\/it\\\/produkt\\\/eurostick-medigoal-set\\\/\",\"name\":\"Eurostick Medigoal Set\",\"isPartOf\":{\"@id\":\"https:\\\/\\\/schweizversand.ch\\\/it\\\/#website\"},\"primaryImageOfPage\":{\"@id\":\"https:\\\/\\\/schweizversand.ch\\\/it\\\/produkt\\\/eurostick-medigoal-set\\\/#primaryimage\"},\"image\":{\"@id\":\"https:\\\/\\\/schweizversand.ch\\\/it\\\/produkt\\\/eurostick-medigoal-set\\\/#primaryimage\"},\"thumbnailUrl\":\"https:\\\/\\\/schweizversand.ch\\\/wp-content\\\/uploads\\\/2026\\\/05\\\/5471481117.jpg\",\"datePublished\":\"2026-05-01T00:00:30+00:00\",\"dateModified\":\"2026-05-02T00:05:07+00:00\",\"description\":\"Mini Hockey Set \u2013 Das ultimative Spielvergn\u00fcgen f\u00fcr Kinder Suchen Sie nach einer spannenden Aktivit\u00e4t f\u00fcr drinnen oder draussen? Dieses Mini Hockey Set bietet a\",\"breadcrumb\":{\"@id\":\"https:\\\/\\\/schweizversand.ch\\\/it\\\/produkt\\\/eurostick-medigoal-set\\\/#breadcrumb\"},\"inLanguage\":\"it-IT\",\"potentialAction\":[{\"@type\":\"ReadAction\",\"target\":[\"https:\\\/\\\/schweizversand.ch\\\/it\\\/produkt\\\/eurostick-medigoal-set\\\/\"]}]},{\"@type\":\"ImageObject\",\"inLanguage\":\"it-IT\",\"@id\":\"https:\\\/\\\/schweizversand.ch\\\/it\\\/produkt\\\/eurostick-medigoal-set\\\/#primaryimage\",\"url\":\"https:\\\/\\\/schweizversand.ch\\\/wp-content\\\/uploads\\\/2026\\\/05\\\/5471481117.jpg\",\"contentUrl\":\"https:\\\/\\\/schweizversand.ch\\\/wp-content\\\/uploads\\\/2026\\\/05\\\/5471481117.jpg\",\"width\":791,\"height\":1024},{\"@type\":\"BreadcrumbList\",\"@id\":\"https:\\\/\\\/schweizversand.ch\\\/it\\\/produkt\\\/eurostick-medigoal-set\\\/#breadcrumb\",\"itemListElement\":[{\"@type\":\"ListItem\",\"position\":1,\"name\":\"Startseite\",\"item\":\"https:\\\/\\\/schweizversand.ch\\\/it\\\/home\\\/\"},{\"@type\":\"ListItem\",\"position\":2,\"name\":\"Shop\",\"item\":\"https:\\\/\\\/schweizversand.ch\\\/it\\\/shop\\\/\"},{\"@type\":\"ListItem\",\"position\":3,\"name\":\"Sport\",\"item\":\"https:\\\/\\\/schweizversand.ch\\\/it\\\/produkt-kategorie\\\/sport-it\\\/\"},{\"@type\":\"ListItem\",\"position\":4,\"name\":\"sport con la palla e freccette\",\"item\":\"https:\\\/\\\/schweizversand.ch\\\/it\\\/produkt-kategorie\\\/sport-it\\\/sport-con-la-palla-e-freccette\\\/\"},{\"@type\":\"ListItem\",\"position\":5,\"name\":\"Unihockey\",\"item\":\"https:\\\/\\\/schweizversand.ch\\\/it\\\/produkt-kategorie\\\/unihockey\\\/\"},{\"@type\":\"ListItem\",\"position\":6,\"name\":\"Set medio Eurostick\"}]},{\"@type\":\"WebSite\",\"@id\":\"https:\\\/\\\/schweizversand.ch\\\/it\\\/#website\",\"url\":\"https:\\\/\\\/schweizversand.ch\\\/it\\\/\",\"name\":\"Schweizer Shop f\u00fcr Sport, Spiel und Freizeit\",\"description\":\"Gratisversand ab 50.- (netto), ab eigenem schweizer Lager, Lieferung innert 48h\",\"publisher\":{\"@id\":\"https:\\\/\\\/schweizversand.ch\\\/it\\\/#organization\"},\"alternateName\":\"Schweizversand.ch\",\"potentialAction\":[{\"@type\":\"SearchAction\",\"target\":{\"@type\":\"EntryPoint\",\"urlTemplate\":\"https:\\\/\\\/schweizversand.ch\\\/it\\\/?s={search_term_string}\"},\"query-input\":{\"@type\":\"PropertyValueSpecification\",\"valueRequired\":true,\"valueName\":\"search_term_string\"}}],\"inLanguage\":\"it-IT\"},{\"@type\":\"Organization\",\"@id\":\"https:\\\/\\\/schweizversand.ch\\\/it\\\/#organization\",\"name\":\"Schweizversand.ch\",\"url\":\"https:\\\/\\\/schweizversand.ch\\\/it\\\/\",\"logo\":{\"@type\":\"ImageObject\",\"inLanguage\":\"it-IT\",\"@id\":\"https:\\\/\\\/schweizversand.ch\\\/it\\\/#\\\/schema\\\/logo\\\/image\\\/\",\"url\":\"https:\\\/\\\/schweizversand.ch\\\/wp-content\\\/uploads\\\/2026\\\/03\\\/Logo_Rund_Final-1.png\",\"contentUrl\":\"https:\\\/\\\/schweizversand.ch\\\/wp-content\\\/uploads\\\/2026\\\/03\\\/Logo_Rund_Final-1.png\",\"width\":404,\"height\":404,\"caption\":\"Schweizversand.ch\"},\"image\":{\"@id\":\"https:\\\/\\\/schweizversand.ch\\\/it\\\/#\\\/schema\\\/logo\\\/image\\\/\"},\"sameAs\":[\"https:\\\/\\\/www.facebook.com\\\/Schweizversand\",\"https:\\\/\\\/www.instagram.com\\\/schweizversand.ch\\\/\"]}]}<\/script>\n<!-- \/ Yoast SEO plugin. -->","yoast_head_json":{"title":"Eurostick Medigoal Set","description":"Mini Hockey Set \u2013 Das ultimative Spielvergn\u00fcgen f\u00fcr Kinder Suchen Sie nach einer spannenden Aktivit\u00e4t f\u00fcr drinnen oder draussen? Dieses Mini Hockey Set bietet a","robots":{"index":"index","follow":"follow","max-snippet":"max-snippet:-1","max-image-preview":"max-image-preview:large","max-video-preview":"max-video-preview:-1"},"canonical":"https:\/\/schweizversand.ch\/it\/produkt\/eurostick-medigoal-set\/","og_locale":"it_IT","og_type":"article","og_title":"Eurostick Medigoal Set","og_description":"Mini Hockey Set \u2013 Das ultimative Spielvergn\u00fcgen f\u00fcr Kinder Suchen Sie nach einer spannenden Aktivit\u00e4t f\u00fcr drinnen oder draussen? Dieses Mini Hockey Set bietet a","og_url":"https:\/\/schweizversand.ch\/it\/produkt\/eurostick-medigoal-set\/","og_site_name":"Schweizer Shop f\u00fcr Sport, Spiel und Freizeit","article_publisher":"https:\/\/www.facebook.com\/Schweizversand","article_modified_time":"2026-05-02T00:05:07+00:00","og_image":[{"width":791,"height":1024,"url":"https:\/\/schweizversand.ch\/wp-content\/uploads\/2026\/05\/5471481117.jpg","type":"image\/jpeg"}],"twitter_card":"summary_large_image","twitter_misc":{"Tempo di lettura stimato":"1 minuto"},"schema":{"@context":"https:\/\/schema.org","@graph":[{"@type":"WebPage","@id":"https:\/\/schweizversand.ch\/it\/produkt\/eurostick-medigoal-set\/","url":"https:\/\/schweizversand.ch\/it\/produkt\/eurostick-medigoal-set\/","name":"Eurostick Medigoal Set","isPartOf":{"@id":"https:\/\/schweizversand.ch\/it\/#website"},"primaryImageOfPage":{"@id":"https:\/\/schweizversand.ch\/it\/produkt\/eurostick-medigoal-set\/#primaryimage"},"image":{"@id":"https:\/\/schweizversand.ch\/it\/produkt\/eurostick-medigoal-set\/#primaryimage"},"thumbnailUrl":"https:\/\/schweizversand.ch\/wp-content\/uploads\/2026\/05\/5471481117.jpg","datePublished":"2026-05-01T00:00:30+00:00","dateModified":"2026-05-02T00:05:07+00:00","description":"Mini Hockey Set \u2013 Das ultimative Spielvergn\u00fcgen f\u00fcr Kinder Suchen Sie nach einer spannenden Aktivit\u00e4t f\u00fcr drinnen oder draussen? Dieses Mini Hockey Set bietet a","breadcrumb":{"@id":"https:\/\/schweizversand.ch\/it\/produkt\/eurostick-medigoal-set\/#breadcrumb"},"inLanguage":"it-IT","potentialAction":[{"@type":"ReadAction","target":["https:\/\/schweizversand.ch\/it\/produkt\/eurostick-medigoal-set\/"]}]},{"@type":"ImageObject","inLanguage":"it-IT","@id":"https:\/\/schweizversand.ch\/it\/produkt\/eurostick-medigoal-set\/#primaryimage","url":"https:\/\/schweizversand.ch\/wp-content\/uploads\/2026\/05\/5471481117.jpg","contentUrl":"https:\/\/schweizversand.ch\/wp-content\/uploads\/2026\/05\/5471481117.jpg","width":791,"height":1024},{"@type":"BreadcrumbList","@id":"https:\/\/schweizversand.ch\/it\/produkt\/eurostick-medigoal-set\/#breadcrumb","itemListElement":[{"@type":"ListItem","position":1,"name":"Startseite","item":"https:\/\/schweizversand.ch\/it\/home\/"},{"@type":"ListItem","position":2,"name":"Shop","item":"https:\/\/schweizversand.ch\/it\/shop\/"},{"@type":"ListItem","position":3,"name":"Sport","item":"https:\/\/schweizversand.ch\/it\/produkt-kategorie\/sport-it\/"},{"@type":"ListItem","position":4,"name":"sport con la palla e freccette","item":"https:\/\/schweizversand.ch\/it\/produkt-kategorie\/sport-it\/sport-con-la-palla-e-freccette\/"},{"@type":"ListItem","position":5,"name":"Unihockey","item":"https:\/\/schweizversand.ch\/it\/produkt-kategorie\/unihockey\/"},{"@type":"ListItem","position":6,"name":"Set medio Eurostick"}]},{"@type":"WebSite","@id":"https:\/\/schweizversand.ch\/it\/#website","url":"https:\/\/schweizversand.ch\/it\/","name":"Schweizer Shop f\u00fcr Sport, Spiel und Freizeit","description":"Gratisversand ab 50.- (netto), ab eigenem schweizer Lager, Lieferung innert 48h","publisher":{"@id":"https:\/\/schweizversand.ch\/it\/#organization"},"alternateName":"Schweizversand.ch","potentialAction":[{"@type":"SearchAction","target":{"@type":"EntryPoint","urlTemplate":"https:\/\/schweizversand.ch\/it\/?s={search_term_string}"},"query-input":{"@type":"PropertyValueSpecification","valueRequired":true,"valueName":"search_term_string"}}],"inLanguage":"it-IT"},{"@type":"Organization","@id":"https:\/\/schweizversand.ch\/it\/#organization","name":"Schweizversand.ch","url":"https:\/\/schweizversand.ch\/it\/","logo":{"@type":"ImageObject","inLanguage":"it-IT","@id":"https:\/\/schweizversand.ch\/it\/#\/schema\/logo\/image\/","url":"https:\/\/schweizversand.ch\/wp-content\/uploads\/2026\/03\/Logo_Rund_Final-1.png","contentUrl":"https:\/\/schweizversand.ch\/wp-content\/uploads\/2026\/03\/Logo_Rund_Final-1.png","width":404,"height":404,"caption":"Schweizversand.ch"},"image":{"@id":"https:\/\/schweizversand.ch\/it\/#\/schema\/logo\/image\/"},"sameAs":["https:\/\/www.facebook.com\/Schweizversand","https:\/\/www.instagram.com\/schweizversand.ch\/"]}]}},"jetpack_sharing_enabled":true,"_links":{"self":[{"href":"https:\/\/schweizversand.ch\/it\/wp-json\/wp\/v2\/product\/268889","targetHints":{"allow":["GET"]}}],"collection":[{"href":"https:\/\/schweizversand.ch\/it\/wp-json\/wp\/v2\/product"}],"about":[{"href":"https:\/\/schweizversand.ch\/it\/wp-json\/wp\/v2\/types\/product"}],"replies":[{"embeddable":true,"href":"https:\/\/schweizversand.ch\/it\/wp-json\/wp\/v2\/comments?post=268889"}],"wp:featuredmedia":[{"embeddable":true,"href":"https:\/\/schweizversand.ch\/it\/wp-json\/wp\/v2\/media\/268919"}],"wp:attachment":[{"href":"https:\/\/schweizversand.ch\/it\/wp-json\/wp\/v2\/media?parent=268889"}],"wp:term":[{"taxonomy":"product_brand","embeddable":true,"href":"https:\/\/schweizversand.ch\/it\/wp-json\/wp\/v2\/product_brand?post=268889"},{"taxonomy":"product_cat","embeddable":true,"href":"https:\/\/schweizversand.ch\/it\/wp-json\/wp\/v2\/product_cat?post=268889"},{"taxonomy":"product_tag","embeddable":true,"href":"https:\/\/schweizversand.ch\/it\/wp-json\/wp\/v2\/product_tag?post=268889"}],"curies":[{"name":"wp","href":"https:\/\/api.w.org\/{rel}","templated":true}]}}